{"id":35,"date":"2022-01-23T21:51:39","date_gmt":"2022-01-23T21:51:39","guid":{"rendered":"https:\/\/edublog.educastur.es\/enrelatados\/?page_id=35"},"modified":"2022-04-24T19:58:05","modified_gmt":"2022-04-24T19:58:05","slug":"ganadores","status":"publish","type":"page","link":"https:\/\/edublog.educastur.es\/enrelatados\/ganadores\/","title":{"rendered":"Ganadores y finalistas"},"content":{"rendered":"<p>Estos han sido los comienzos de cada relato semanal, as\u00ed como los seleccionados. En total, se han escrito m\u00e1s de 260 microrrelatos a lo largo del segundo trimestre.<\/p>\n<table style=\"border-collapse: collapse;width: 100%;height: 312px\">\n<tbody>\n<tr style=\"height: 24px\">\n<td style=\"width: 13.5318%;text-align: center;height: 24px\"><strong>Semana<\/strong><\/td>\n<td style=\"width: 39.6481%;text-align: center;height: 24px\"><strong>Inicio<\/strong><\/td>\n<td style=\"width: 46.6848%;text-align: center;height: 24px\"><strong>Ganador<\/strong><\/td>\n<\/tr>\n<tr style=\"height: 24px\">\n<td style=\"width: 13.5318%;text-align: center;height: 24px\">1<\/td>\n<td style=\"width: 39.6481%;text-align: center;height: 24px\">Era mi primer d\u00eda<\/td>\n<td style=\"width: 46.6848%;text-align: center;height: 24px\"><em>Lo bueno dentro de lo malo porque tu coraz\u00f3n es un delito<\/em>, Daniel G. T.<\/td>\n<\/tr>\n<tr style=\"height: 24px\">\n<td style=\"width: 13.5318%;text-align: center;height: 24px\">2<\/td>\n<td style=\"width: 39.6481%;text-align: center;height: 24px\">S\u00e9 que esa bala hiri\u00f3 su coraz\u00f3n<\/td>\n<td style=\"width: 46.6848%;text-align: center;height: 24px\"><em>Equipado pa&#8217; la guerra,\u00a0<\/em>Felipe G. L.<\/td>\n<\/tr>\n<tr style=\"height: 24px\">\n<td style=\"width: 13.5318%;text-align: center;height: 24px\">3<\/td>\n<td style=\"width: 39.6481%;text-align: center;height: 24px\">Vamos a morir todos<\/td>\n<td style=\"width: 46.6848%;text-align: center;height: 24px\"><em>La broma COVID<\/em>, Adri\u00e1n V. G.<\/td>\n<\/tr>\n<tr style=\"height: 24px\">\n<td style=\"width: 13.5318%;text-align: center;height: 24px\">4<\/td>\n<td style=\"width: 39.6481%;text-align: center;height: 24px\">Todo era una broma<\/td>\n<td style=\"width: 46.6848%;text-align: center;height: 24px\"><em>La peor senda<\/em>, \u00c1lex M. G.<\/td>\n<\/tr>\n<tr style=\"height: 24px\">\n<td style=\"width: 13.5318%;text-align: center;height: 24px\">5<\/td>\n<td style=\"width: 39.6481%;text-align: center;height: 24px\">Eran mis amigos<\/td>\n<td style=\"width: 46.6848%;text-align: center;height: 24px\"><em>Mercadona,\u00a0<\/em>Elena M. G.<\/td>\n<\/tr>\n<tr style=\"height: 24px\">\n<td style=\"width: 13.5318%;text-align: center;height: 24px\">6<\/td>\n<td style=\"width: 39.6481%;text-align: center;height: 24px\">Era mentira<\/td>\n<td style=\"width: 46.6848%;text-align: center;height: 24px\"><em>Envidia,<\/em> Carlota P. G.<\/td>\n<\/tr>\n<tr style=\"height: 24px\">\n<td style=\"width: 13.5318%;text-align: center;height: 24px\">7<\/td>\n<td style=\"width: 39.6481%;text-align: center;height: 24px\">Me han programado as\u00ed<\/td>\n<td style=\"width: 46.6848%;text-align: center;height: 24px\"><em>RPQ33, <\/em>Ainhoa C. M.<\/td>\n<\/tr>\n<tr style=\"height: 24px\">\n<td style=\"width: 13.5318%;text-align: center;height: 24px\">8<\/td>\n<td style=\"width: 39.6481%;text-align: center;height: 24px\">Bueno, por ahora<\/td>\n<td style=\"width: 46.6848%;text-align: center;height: 24px\"><em>La sala de interrogatorios<\/em>, Luc\u00eda M. D.<\/td>\n<\/tr>\n<tr style=\"height: 24px\">\n<td style=\"width: 13.5318%;text-align: center;height: 24px\">9<\/td>\n<td style=\"width: 39.6481%;text-align: center;height: 24px\">\u00bfC\u00f3mo lo supo?<\/td>\n<td style=\"width: 46.6848%;text-align: center;height: 24px\"><em>La venganza,<\/em> Abel F. S.<\/td>\n<\/tr>\n<tr style=\"height: 24px\">\n<td style=\"width: 13.5318%;text-align: center;height: 24px\">10<\/td>\n<td style=\"width: 39.6481%;text-align: center;height: 24px\">Nunca sabr\u00e9 lo que pas\u00f3<\/td>\n<td style=\"width: 46.6848%;text-align: center;height: 24px\"><em>La magia no existe, \u00bfverdad?<\/em>, Aar\u00f3n A. M.<\/td>\n<\/tr>\n<tr style=\"height: 24px\">\n<td style=\"width: 13.5318%;text-align: center;height: 24px\">11<\/td>\n<td style=\"width: 39.6481%;text-align: center;height: 24px\">\u00bfNo es as\u00ed?<\/td>\n<td style=\"width: 46.6848%;text-align: center;height: 24px\"><em>Prejuicios,\u00a0<\/em>Carla A. A.<\/td>\n<\/tr>\n<tr style=\"height: 24px\">\n<td style=\"width: 13.5318%;text-align: center;height: 24px\">12<\/td>\n<td style=\"width: 39.6481%;text-align: center;height: 24px\">\u00a1Gran actuaci\u00f3n!<\/td>\n<td style=\"width: 46.6848%;text-align: center;height: 24px\"><em>La obra,\u00a0<\/em>Lara R. G.<\/td>\n<\/tr>\n<\/tbody>\n<\/table>\n<p>\u00bfQuieres saber qu\u00e9 textos se han le\u00eddo cada semana?<\/p>\n<p style=\"text-align: center\"><a href=\"https:\/\/educastur-my.sharepoint.com\/:p:\/g\/personal\/franciscora_educastur_org\/Ef7fOGaClmBKmQ2nho32OawB8Y4b0568fccfwPLiy1mc1A?e=VB9MyT\">Ver finalistas semanales<\/a><\/p>\n","protected":false},"excerpt":{"rendered":"<p>Estos han sido los comienzos de cada relato semanal, as\u00ed como los seleccionados. En total, se han escrito m\u00e1s de 260 microrrelatos a lo largo del segundo trimestre. Semana Inicio Ganador 1 Era mi primer d\u00eda Lo bueno dentro de lo malo porque tu coraz\u00f3n es un delito, Daniel G. T. 2 S\u00e9 que esa&hellip; <a href=\"https:\/\/edublog.educastur.es\/enrelatados\/ganadores\/\" class=\"more-link\">Seguir leyendo <span class=\"screen-reader-text\">Ganadores y finalistas<\/span><\/a><\/p>\n","protected":false},"author":1332,"featured_media":0,"parent":0,"menu_order":0,"comment_status":"closed","ping_status":"closed","template":"","meta":{"footnotes":""},"class_list":["post-35","page","type-page","status-publish","hentry","without-featured-image"],"_links":{"self":[{"href":"https:\/\/edublog.educastur.es\/enrelatados\/wp-json\/wp\/v2\/pages\/35","targetHints":{"allow":["GET"]}}],"collection":[{"href":"https:\/\/edublog.educastur.es\/enrelatados\/wp-json\/wp\/v2\/pages"}],"about":[{"href":"https:\/\/edublog.educastur.es\/enrelatados\/wp-json\/wp\/v2\/types\/page"}],"author":[{"embeddable":true,"href":"https:\/\/edublog.educastur.es\/enrelatados\/wp-json\/wp\/v2\/users\/1332"}],"replies":[{"embeddable":true,"href":"https:\/\/edublog.educastur.es\/enrelatados\/wp-json\/wp\/v2\/comments?post=35"}],"version-history":[{"count":30,"href":"https:\/\/edublog.educastur.es\/enrelatados\/wp-json\/wp\/v2\/pages\/35\/revisions"}],"predecessor-version":[{"id":169,"href":"https:\/\/edublog.educastur.es\/enrelatados\/wp-json\/wp\/v2\/pages\/35\/revisions\/169"}],"wp:attachment":[{"href":"https:\/\/edublog.educastur.es\/enrelatados\/wp-json\/wp\/v2\/media?parent=35"}],"curies":[{"name":"wp","href":"https:\/\/api.w.org\/{rel}","templated":true}]}}