{"id":12,"date":"2022-08-28T22:11:05","date_gmt":"2022-08-28T22:11:05","guid":{"rendered":"https:\/\/edublog.educastur.es\/entornosanpedro2223\/?page_id=12"},"modified":"2023-01-24T22:01:37","modified_gmt":"2023-01-24T22:01:37","slug":"proa22-23","status":"publish","type":"page","link":"https:\/\/edublog.educastur.es\/entornosanpedro2223\/proa22-23\/","title":{"rendered":"PROA+22-23"},"content":{"rendered":"<p><a href=\"http:\/\/edublog.educastur.es\/entornosanpedro2223\/files\/2023\/01\/Captura-de-pantalla-2023-01-24-a-las-22.56.52.png\"><img loading=\"lazy\" decoding=\"async\" class=\"aligncenter size-full wp-image-212\" src=\"http:\/\/edublog.educastur.es\/entornosanpedro2223\/files\/2023\/01\/Captura-de-pantalla-2023-01-24-a-las-22.56.52.png\" alt=\"\" width=\"1222\" height=\"766\" srcset=\"https:\/\/edublog.educastur.es\/entornosanpedro2223\/files\/2023\/01\/Captura-de-pantalla-2023-01-24-a-las-22.56.52.png 1222w, https:\/\/edublog.educastur.es\/entornosanpedro2223\/files\/2023\/01\/Captura-de-pantalla-2023-01-24-a-las-22.56.52-300x188.png 300w, https:\/\/edublog.educastur.es\/entornosanpedro2223\/files\/2023\/01\/Captura-de-pantalla-2023-01-24-a-las-22.56.52-1024x642.png 1024w, https:\/\/edublog.educastur.es\/entornosanpedro2223\/files\/2023\/01\/Captura-de-pantalla-2023-01-24-a-las-22.56.52-768x481.png 768w, https:\/\/edublog.educastur.es\/entornosanpedro2223\/files\/2023\/01\/Captura-de-pantalla-2023-01-24-a-las-22.56.52-676x424.png 676w\" sizes=\"auto, (max-width: 1222px) 100vw, 1222px\" \/><\/a><\/p>\n<p><span style=\"color: #ff00ff\">A 230\u00a0Actividades de refuerzo para la mejora y \u00e9xito educativo para alumnado y familias\u00a0<\/span><\/p>\n<p>AGENTES EXTERNOS:<br \/>\nAccem, apoyo escolar al alumnado en horario de tarde<br \/>\nAlfabetizaci\u00f3n a familias en horario de ma\u00f1ana<\/p>\n<p>Com\u00e8tencias b\u00e1sicas a familias<\/p>\n<p>PROFESORADO DEL CENTRO<br \/>\nTrabajo en ABP ( desarrollo de los ABP descritos en el blog), estrategias que facilita el acceso al aprendizaje competencial de TODO el alumnado.<\/p>\n<p>Trabajo en equipos cooperativos, facilitaci\u00f3n de acceso al alumnado con mayor dificultad.<\/p>\n<p><span style=\"color: #ff00ff\">A 407 Steam y Tic<\/span><\/p>\n<p>Seguimos impulsando la rob\u00f3tica en el aula, la programaci\u00f3n y el desarrollo del pensamiento computacional.<\/p>\n<p>Celebraci\u00f3n de la Code week<\/p>\n<p>#ERW2022<\/p>\n<p>AGENTES EXTERNOS<\/p>\n<p>Universidad de Oviedo<\/p>\n<p><span style=\"color: #ff00ff\">A 103 Familias a la escuela<\/span><\/p>\n<p><span style=\"color: #ff00ff\">A 260 Docencia compartida<\/span><\/p>\n<p><span style=\"color: #ff00ff\">A230 Refuerzo educativo extraescolar<\/span><\/p>\n<p><span style=\"color: #ff00ff\">E 551 Plan de Formaci\u00f3n<\/span><\/p>\n","protected":false},"excerpt":{"rendered":"<p>A 230\u00a0Actividades de refuerzo para la mejora y \u00e9xito educativo para alumnado y familias\u00a0 AGENTES EXTERNOS: Accem, apoyo escolar al alumnado en horario de tarde Alfabetizaci\u00f3n a familias en horario de ma\u00f1ana Com\u00e8tencias b\u00e1sicas a familias PROFESORADO DEL CENTRO Trabajo en ABP ( desarrollo de los ABP descritos en el blog), estrategias que facilita el [&hellip;]<\/p>\n","protected":false},"author":102,"featured_media":0,"parent":0,"menu_order":0,"comment_status":"closed","ping_status":"closed","template":"","meta":{"footnotes":""},"class_list":["post-12","page","type-page","status-publish","hentry","post-preview"],"_links":{"self":[{"href":"https:\/\/edublog.educastur.es\/entornosanpedro2223\/wp-json\/wp\/v2\/pages\/12","targetHints":{"allow":["GET"]}}],"collection":[{"href":"https:\/\/edublog.educastur.es\/entornosanpedro2223\/wp-json\/wp\/v2\/pages"}],"about":[{"href":"https:\/\/edublog.educastur.es\/entornosanpedro2223\/wp-json\/wp\/v2\/types\/page"}],"author":[{"embeddable":true,"href":"https:\/\/edublog.educastur.es\/entornosanpedro2223\/wp-json\/wp\/v2\/users\/102"}],"replies":[{"embeddable":true,"href":"https:\/\/edublog.educastur.es\/entornosanpedro2223\/wp-json\/wp\/v2\/comments?post=12"}],"version-history":[{"count":5,"href":"https:\/\/edublog.educastur.es\/entornosanpedro2223\/wp-json\/wp\/v2\/pages\/12\/revisions"}],"predecessor-version":[{"id":214,"href":"https:\/\/edublog.educastur.es\/entornosanpedro2223\/wp-json\/wp\/v2\/pages\/12\/revisions\/214"}],"wp:attachment":[{"href":"https:\/\/edublog.educastur.es\/entornosanpedro2223\/wp-json\/wp\/v2\/media?parent=12"}],"curies":[{"name":"wp","href":"https:\/\/api.w.org\/{rel}","templated":true}]}}