{"id":166,"date":"2022-11-27T19:39:20","date_gmt":"2022-11-27T19:39:20","guid":{"rendered":"https:\/\/edublog.educastur.es\/entornosanpedro2223\/?page_id=166"},"modified":"2022-11-27T19:39:45","modified_gmt":"2022-11-27T19:39:45","slug":"amaguestu-2022","status":"publish","type":"page","link":"https:\/\/edublog.educastur.es\/entornosanpedro2223\/amaguestu-2022\/","title":{"rendered":"Amag\u00dcestu 2022"},"content":{"rendered":"<p>Tras dos a\u00f1os de no poder celebrar nuestro tradicional Amag\u00fcestu, este a\u00f1os hemos podidos volver a disfrutarlo todos juntos\u00a1\u00a1\u00a1 aunque el tiempo. no nos acompa\u00f1\u00f3 y tuvimos que hacerlo en el sal\u00f3n de actos, la alegr\u00eda no pod\u00eda ser mayor.<\/p>\n<p>Los ni\u00f1os y ni\u00f1as prepararon una serie de exposiciones para sus compa\u00f1eros en torno a la casta\u00f1a y sus tradiciones gastron\u00f3micas,culturales y folkl\u00f3ricas.<\/p>\n<p>Los profes de E.F prepararon con el alumnado una exhibici\u00f3n de juegos tradicionales: carrera de cucharas, baile popular, carrera de panoyas, zancos peque\u00f1os y grandes, tiro de cuerda, que hicieron las delicias de grandes y peque\u00f1os, participando y\u00a0 animando, disfrutaron de todas las actividades previas a la degustaci\u00f3n de las casta\u00f1as y el zumo de manzana.<\/p>\n<p>Esperemos que el pr\u00f3ximo a\u00f1o podamos disfrutar de esta actividad en el patio.<br \/>\n\n<!-- iframe plugin v.6.0 wordpress.org\/plugins\/iframe\/ -->\n<iframe loading=\"lazy\" width=\"90%\" height=\"450\" src=\"https:\/\/www.youtube.com\/embed\/LE5sGAotRFo\" scrolling=\"yes\" class=\"iframe-class\" frameborder=\"0\"><\/iframe>\n <\/p>\n<p>&nbsp;<\/p>\n<p>&nbsp;<\/p>\n","protected":false},"excerpt":{"rendered":"<p>Tras dos a\u00f1os de no poder celebrar nuestro tradicional Amag\u00fcestu, este a\u00f1os hemos podidos volver a disfrutarlo todos juntos\u00a1\u00a1\u00a1 aunque el tiempo. no nos acompa\u00f1\u00f3 y tuvimos que hacerlo en el sal\u00f3n de actos, la alegr\u00eda no pod\u00eda ser mayor. Los ni\u00f1os y ni\u00f1as prepararon una serie de exposiciones para sus compa\u00f1eros en torno a [&hellip;]<\/p>\n","protected":false},"author":102,"featured_media":0,"parent":0,"menu_order":0,"comment_status":"closed","ping_status":"closed","template":"","meta":{"footnotes":""},"class_list":["post-166","page","type-page","status-publish","hentry","post-preview"],"_links":{"self":[{"href":"https:\/\/edublog.educastur.es\/entornosanpedro2223\/wp-json\/wp\/v2\/pages\/166","targetHints":{"allow":["GET"]}}],"collection":[{"href":"https:\/\/edublog.educastur.es\/entornosanpedro2223\/wp-json\/wp\/v2\/pages"}],"about":[{"href":"https:\/\/edublog.educastur.es\/entornosanpedro2223\/wp-json\/wp\/v2\/types\/page"}],"author":[{"embeddable":true,"href":"https:\/\/edublog.educastur.es\/entornosanpedro2223\/wp-json\/wp\/v2\/users\/102"}],"replies":[{"embeddable":true,"href":"https:\/\/edublog.educastur.es\/entornosanpedro2223\/wp-json\/wp\/v2\/comments?post=166"}],"version-history":[{"count":2,"href":"https:\/\/edublog.educastur.es\/entornosanpedro2223\/wp-json\/wp\/v2\/pages\/166\/revisions"}],"predecessor-version":[{"id":168,"href":"https:\/\/edublog.educastur.es\/entornosanpedro2223\/wp-json\/wp\/v2\/pages\/166\/revisions\/168"}],"wp:attachment":[{"href":"https:\/\/edublog.educastur.es\/entornosanpedro2223\/wp-json\/wp\/v2\/media?parent=166"}],"curies":[{"name":"wp","href":"https:\/\/api.w.org\/{rel}","templated":true}]}}