{"id":11,"date":"2021-01-25T18:18:18","date_gmt":"2021-01-25T18:18:18","guid":{"rendered":"https:\/\/edublog.educastur.es\/eoeblog\/?page_id=11"},"modified":"2022-10-26T10:54:26","modified_gmt":"2022-10-26T10:54:26","slug":"acerca-de","status":"publish","type":"page","link":"https:\/\/edublog.educastur.es\/eoeblog\/acerca-de\/","title":{"rendered":"EOE SIERO-INFIESTO"},"content":{"rendered":"<p>El\u00a0<strong>Equipo de Orientaci\u00f3n Educativa de Siero-Infiesto<\/strong>\u00a0lo formamos personal docente de las especialidades de\u00a0<strong>Orientaci\u00f3n Educativa y Servicios a la Comunidad.<\/strong><\/p>\n<p>Atendemos directamente\u00a021 centros escolares\u00a0de Educaci\u00f3n Infantil y Primaria ubicados a lo largo\u00a0de los\u00a0Concejos de\u00a0<strong>Siero, Nore\u00f1a,\u00a0Pilo\u00f1a y la\u00a0Mancomunidad de la Sidra.\u00a0<\/strong>De\u00a0lunes a jueves\u00a0trabajamos en estos\u00a0centros educativos y<strong>\u00a0los\u00a0viernes\u00a0<\/strong>puedes localizarnos en nuestra\u00a0sede, situada en el antiguo centro de estudios de Lugones, en la<strong>\u00a0Calle Leopoldo Alas Clar\u00edn, n\u00ba1.<\/strong><\/p>\n<p>Apostamos por una metodolog\u00eda\u00a0trabajo basada en la\u00a0<strong>colaboraci\u00f3n<\/strong>,\u00a0<strong>tejiendo redes<\/strong>\u00a0con otros centros educativos (IES, Escuelas Infantiles 0-3, colegios concertados) y otro tipo de recursos sociocomunitarios (Servicios sociales y sanitarios, asociaciones, ONGs\u2026) que curso a curso cooperan estrechamente con la escuela.<\/p>\n<p>Este blog\u00a0nace en el\u00a0curso 2020-2021\u00a0con el prop\u00f3sito de servir de ayuda a a<strong>\u00a0equipos directivos, profesorado, alumnado y familias<\/strong>; de los centros escolares situados en nuestro sector. Pretende ser un\u00a0\u00abrecurso vivo\u00bb con informaci\u00f3n actualizada que sea\u00a0de utlidad no s\u00f3lo durante la crisis derivada del\u00a0COVID-19\u00a0que estamos viviendo, sino tambi\u00e9n en el d\u00eda a d\u00eda de nuestro trabajo en los centros educativos de la zona.<\/p>\n<p>Contacta con nosotros llamando al <strong>985267748<\/strong> o a trav\u00e9s de correo el\u00e9ctronico<strong>\u00a0eosiero@educastur.org<\/strong><\/p>\n<p>&nbsp;<\/p>\n","protected":false},"excerpt":{"rendered":"<p>El\u00a0Equipo de Orientaci\u00f3n Educativa de Siero-Infiesto\u00a0lo formamos personal docente de las especialidades de\u00a0Orientaci\u00f3n Educativa y Servicios a la Comunidad. Atendemos directamente\u00a021 centros escolares\u00a0de Educaci\u00f3n Infantil y Primaria ubicados a lo largo\u00a0de los\u00a0Concejos de\u00a0Siero, Nore\u00f1a,\u00a0Pilo\u00f1a y la\u00a0Mancomunidad de la Sidra.\u00a0De\u00a0lunes a jueves\u00a0trabajamos en estos\u00a0centros educativos y\u00a0los\u00a0viernes\u00a0puedes localizarnos en nuestra\u00a0sede, situada en el antiguo centro de estudios [&hellip;]<\/p>\n","protected":false},"author":824,"featured_media":0,"parent":0,"menu_order":0,"comment_status":"closed","ping_status":"closed","template":"","meta":{"footnotes":""},"class_list":["post-11","page","type-page","status-publish","hentry"],"_links":{"self":[{"href":"https:\/\/edublog.educastur.es\/eoeblog\/wp-json\/wp\/v2\/pages\/11","targetHints":{"allow":["GET"]}}],"collection":[{"href":"https:\/\/edublog.educastur.es\/eoeblog\/wp-json\/wp\/v2\/pages"}],"about":[{"href":"https:\/\/edublog.educastur.es\/eoeblog\/wp-json\/wp\/v2\/types\/page"}],"author":[{"embeddable":true,"href":"https:\/\/edublog.educastur.es\/eoeblog\/wp-json\/wp\/v2\/users\/824"}],"replies":[{"embeddable":true,"href":"https:\/\/edublog.educastur.es\/eoeblog\/wp-json\/wp\/v2\/comments?post=11"}],"version-history":[{"count":6,"href":"https:\/\/edublog.educastur.es\/eoeblog\/wp-json\/wp\/v2\/pages\/11\/revisions"}],"predecessor-version":[{"id":14,"href":"https:\/\/edublog.educastur.es\/eoeblog\/wp-json\/wp\/v2\/pages\/11\/revisions\/14"}],"wp:attachment":[{"href":"https:\/\/edublog.educastur.es\/eoeblog\/wp-json\/wp\/v2\/media?parent=11"}],"curies":[{"name":"wp","href":"https:\/\/api.w.org\/{rel}","templated":true}]}}