{"id":88,"date":"2022-10-26T11:11:13","date_gmt":"2022-10-26T11:11:13","guid":{"rendered":"https:\/\/edublog.educastur.es\/eoeblog\/?page_id=88"},"modified":"2022-10-26T11:12:47","modified_gmt":"2022-10-26T11:12:47","slug":"centros-educativos-del-sector","status":"publish","type":"page","link":"https:\/\/edublog.educastur.es\/eoeblog\/centros-educativos-del-sector\/","title":{"rendered":"CENTROS EDUCATIVOS DEL SECTOR"},"content":{"rendered":"<p>El personal del Equipo de Orientaci\u00f3n Educativa de Siero-Infiesto <strong>atiende directamente a los siguientes centros educativos<\/strong>\u00a0en su sector:<\/p>\n<p><strong><em>PINCHA SOBRE EL NOMBRE DEL CENTRO EDUCATIVO PARA ACCEDER A LOS DATOS DE CONTACTO<\/em><\/strong><\/p>\n<ul>\n<li><a href=\"https:\/\/www.educastur.es\/directorio-de-centros?p_p_id=directoriocentros_WAR_educasturconsultasportlet&amp;p_p_lifecycle=0&amp;p_p_state=normal&amp;p_p_mode=view&amp;p_p_col_id=column-1&amp;p_p_col_pos=1&amp;p_p_col_count=3&amp;_directoriocentros_WAR_educasturconsultasportlet_mvcPath=%2Fhtml%2Fdirectoriocentros%2Fdatoscentro.jsp&amp;_directoriocentros_WAR_educasturconsultasportlet_centro_id=33022165\">Colegio P\u00fablico Santa B\u00e1rbara.<\/a><\/li>\n<li><a href=\"https:\/\/www.educastur.es\/directorio-de-centros?p_p_id=directoriocentros_WAR_educasturconsultasportlet&amp;p_p_lifecycle=0&amp;p_p_state=normal&amp;p_p_mode=view&amp;p_p_col_id=column-1&amp;p_p_col_pos=1&amp;p_p_col_count=3&amp;_directoriocentros_WAR_educasturconsultasportlet_mvcPath=%2Fhtml%2Fdirectoriocentros%2Fdatoscentro.jsp&amp;_directoriocentros_WAR_educasturconsultasportlet_centro_id=33021513\">Colegio P\u00fablico El Carbayu.<\/a><\/li>\n<li><a href=\"https:\/\/www.educastur.es\/directorio-de-centros?p_p_id=directoriocentros_WAR_educasturconsultasportlet&amp;p_p_lifecycle=0&amp;p_p_state=normal&amp;p_p_mode=view&amp;p_p_col_id=column-1&amp;p_p_col_pos=1&amp;p_p_col_count=3&amp;_directoriocentros_WAR_educasturconsultasportlet_mvcPath=%2Fhtml%2Fdirectoriocentros%2Fdatoscentro.jsp&amp;_directoriocentros_WAR_educasturconsultasportlet_centro_id=33017212\">Colegio P\u00fablico La Er\u00eda.<\/a><\/li>\n<li><a href=\"https:\/\/www.educastur.es\/directorio-de-centros?p_p_id=directoriocentros_WAR_educasturconsultasportlet&amp;p_p_lifecycle=0&amp;p_p_state=normal&amp;p_p_mode=view&amp;p_p_col_id=column-1&amp;p_p_col_pos=1&amp;p_p_col_count=3&amp;_directoriocentros_WAR_educasturconsultasportlet_mvcPath=%2Fhtml%2Fdirectoriocentros%2Fdatoscentro.jsp&amp;_directoriocentros_WAR_educasturconsultasportlet_centro_id=33024277\">Colegio P\u00fablico La Fresneda.<\/a><\/li>\n<li><a href=\"https:\/\/www.educastur.es\/directorio-de-centros?p_p_id=directoriocentros_WAR_educasturconsultasportlet&amp;p_p_lifecycle=0&amp;p_p_state=normal&amp;p_p_mode=view&amp;p_p_col_id=column-1&amp;p_p_col_pos=1&amp;p_p_col_count=3&amp;_directoriocentros_WAR_educasturconsultasportlet_mvcPath=%2Fhtml%2Fdirectoriocentros%2Fdatoscentro.jsp&amp;_directoriocentros_WAR_educasturconsultasportlet_centro_id=33023480\">Colegio Rural Agrupado de Viella.<\/a><\/li>\n<li><a href=\"https:\/\/www.educastur.es\/directorio-de-centros?p_p_id=directoriocentros_WAR_educasturconsultasportlet&amp;p_p_lifecycle=0&amp;p_p_state=normal&amp;p_p_mode=view&amp;p_p_col_id=column-1&amp;p_p_col_pos=1&amp;p_p_col_count=3&amp;_directoriocentros_WAR_educasturconsultasportlet_mvcPath=%2Fhtml%2Fdirectoriocentros%2Fdatoscentro.jsp&amp;_directoriocentros_WAR_educasturconsultasportlet_centro_id=33017091\">Colegio de Granda.<\/a><\/li>\n<li><a href=\"https:\/\/www.educastur.es\/directorio-de-centros?p_p_id=directoriocentros_WAR_educasturconsultasportlet&amp;p_p_lifecycle=0&amp;p_p_state=normal&amp;p_p_mode=view&amp;p_p_col_id=column-1&amp;p_p_col_pos=1&amp;p_p_col_count=3&amp;_directoriocentros_WAR_educasturconsultasportlet_mvcPath=%2Fhtml%2Fdirectoriocentros%2Fdatoscentro.jsp&amp;_directoriocentros_WAR_educasturconsultasportlet_centro_id=33016918\">Colegio P\u00fablico Los Campones.<\/a><\/li>\n<li><a href=\"https:\/\/www.educastur.es\/directorio-de-centros?p_p_id=directoriocentros_WAR_educasturconsultasportlet&amp;p_p_lifecycle=0&amp;p_p_state=normal&amp;p_p_mode=view&amp;p_p_col_id=column-1&amp;p_p_col_pos=1&amp;p_p_col_count=3&amp;_directoriocentros_WAR_educasturconsultasportlet_mvcPath=%2Fhtml%2Fdirectoriocentros%2Fdatoscentro.jsp&amp;_directoriocentros_WAR_educasturconsultasportlet_centro_id=33011878\">Colegio P\u00fablico Condado de Nore\u00f1a.<\/a><\/li>\n<li><a href=\"https:\/\/www.educastur.es\/directorio-de-centros?p_p_id=directoriocentros_WAR_educasturconsultasportlet&amp;p_p_lifecycle=0&amp;p_p_state=normal&amp;p_p_mode=view&amp;p_p_col_id=column-1&amp;p_p_col_pos=1&amp;p_p_col_count=3&amp;_directoriocentros_WAR_educasturconsultasportlet_mvcPath=%2Fhtml%2Fdirectoriocentros%2Fdatoscentro.jsp&amp;_directoriocentros_WAR_educasturconsultasportlet_centro_id=33016839\">Colegio P\u00fablico El Cotayo.<\/a><\/li>\n<li><a href=\"https:\/\/www.educastur.es\/directorio-de-centros?p_p_id=directoriocentros_WAR_educasturconsultasportlet&amp;p_p_lifecycle=0&amp;p_p_state=normal&amp;p_p_mode=view&amp;p_p_col_id=column-1&amp;p_p_col_pos=1&amp;p_p_col_count=3&amp;_directoriocentros_WAR_educasturconsultasportlet_mvcPath=%2Fhtml%2Fdirectoriocentros%2Fdatoscentro.jsp&amp;_directoriocentros_WAR_educasturconsultasportlet_centro_id=33017388\">Colegio P\u00fablico Carbay\u00edn Bajo.<\/a><\/li>\n<li><a href=\"https:\/\/www.educastur.es\/directorio-de-centros?p_p_id=directoriocentros_WAR_educasturconsultasportlet&amp;p_p_lifecycle=0&amp;p_p_state=normal&amp;p_p_mode=view&amp;p_p_col_id=column-1&amp;p_p_col_pos=1&amp;p_p_col_count=3&amp;_directoriocentros_WAR_educasturconsultasportlet_mvcPath=%2Fhtml%2Fdirectoriocentros%2Fdatoscentro.jsp&amp;_directoriocentros_WAR_educasturconsultasportlet_centro_id=33020776\">Escuela de Educaci\u00f3n Infantil Pe\u00f1a Careses.<\/a><\/li>\n<li><a href=\"https:\/\/www.educastur.es\/directorio-de-centros?p_p_id=directoriocentros_WAR_educasturconsultasportlet&amp;p_p_lifecycle=0&amp;p_p_state=normal&amp;p_p_mode=view&amp;p_p_col_id=column-1&amp;p_p_col_pos=1&amp;p_p_col_count=3&amp;_directoriocentros_WAR_educasturconsultasportlet_mvcPath=%2Fhtml%2Fdirectoriocentros%2Fdatoscentro.jsp&amp;_directoriocentros_WAR_educasturconsultasportlet_centro_id=33020703\">Colegio P\u00fablico Hermanos Arregui.<\/a><\/li>\n<li><a href=\"https:\/\/www.educastur.es\/directorio-de-centros?p_p_id=directoriocentros_WAR_educasturconsultasportlet&amp;p_p_lifecycle=0&amp;p_p_state=normal&amp;p_p_mode=view&amp;p_p_col_id=column-1&amp;p_p_col_pos=1&amp;p_p_col_count=3&amp;_directoriocentros_WAR_educasturconsultasportlet_mvcPath=%2Fhtml%2Fdirectoriocentros%2Fdatoscentro.jsp&amp;_directoriocentros_WAR_educasturconsultasportlet_centro_id=33017297\">Colegio P\u00fablico Celestino Montoto Su\u00e1rez.<\/a><\/li>\n<li><a href=\"https:\/\/www.educastur.es\/directorio-de-centros?p_p_id=directoriocentros_WAR_educasturconsultasportlet&amp;p_p_lifecycle=0&amp;p_p_state=normal&amp;p_p_mode=view&amp;p_p_col_id=column-1&amp;p_p_col_pos=1&amp;p_p_col_count=3&amp;_directoriocentros_WAR_educasturconsultasportlet_mvcPath=%2Fhtml%2Fdirectoriocentros%2Fdatoscentro.jsp&amp;_directoriocentros_WAR_educasturconsultasportlet_centro_id=33017182\">Colegio P\u00fablico Xentiquina.<\/a><\/li>\n<li><a href=\"https:\/\/www.educastur.es\/directorio-de-centros?p_p_id=directoriocentros_WAR_educasturconsultasportlet&amp;p_p_lifecycle=0&amp;p_p_state=normal&amp;p_p_mode=view&amp;p_p_col_id=column-1&amp;p_p_col_pos=1&amp;p_p_col_count=3&amp;_directoriocentros_WAR_educasturconsultasportlet_mvcPath=%2Fhtml%2Fdirectoriocentros%2Fdatoscentro.jsp&amp;_directoriocentros_WAR_educasturconsultasportlet_centro_id=33016724\">Colegio P\u00fablico Salvador Vega Berros.<\/a><\/li>\n<li><a href=\"https:\/\/www.educastur.es\/directorio-de-centros?p_p_id=directoriocentros_WAR_educasturconsultasportlet&amp;p_p_lifecycle=0&amp;p_p_state=normal&amp;p_p_mode=view&amp;p_p_col_id=column-1&amp;p_p_col_pos=1&amp;p_p_col_count=3&amp;_directoriocentros_WAR_educasturconsultasportlet_mvcPath=%2Fhtml%2Fdirectoriocentros%2Fdatoscentro.jsp&amp;_directoriocentros_WAR_educasturconsultasportlet_centro_id=33011477\">Colegio P\u00fablico San Bartolom\u00e9.<\/a><\/li>\n<li><a href=\"https:\/\/www.educastur.es\/directorio-de-centros?p_p_id=directoriocentros_WAR_educasturconsultasportlet&amp;p_p_lifecycle=0&amp;p_p_state=normal&amp;p_p_mode=view&amp;p_p_col_id=column-1&amp;p_p_col_pos=1&amp;p_p_col_count=3&amp;_directoriocentros_WAR_educasturconsultasportlet_mvcPath=%2Fhtml%2Fdirectoriocentros%2Fdatoscentro.jsp&amp;_directoriocentros_WAR_educasturconsultasportlet_centro_id=33020296\">Colegio Martimporra.<\/a><\/li>\n<li><a href=\"https:\/\/www.educastur.es\/directorio-de-centros?p_p_id=directoriocentros_WAR_educasturconsultasportlet&amp;p_p_lifecycle=0&amp;p_p_state=normal&amp;p_p_mode=view&amp;p_p_col_id=column-1&amp;p_p_col_pos=1&amp;p_p_col_count=3&amp;_directoriocentros_WAR_educasturconsultasportlet_mvcPath=%2Fhtml%2Fdirectoriocentros%2Fdatoscentro.jsp&amp;_directoriocentros_WAR_educasturconsultasportlet_centro_id=33023431\">Colegio Rural Agrupado La Coro\u00f1a.<\/a><\/li>\n<li><a href=\"https:\/\/www.educastur.es\/directorio-de-centros?p_p_id=directoriocentros_WAR_educasturconsultasportlet&amp;p_p_lifecycle=0&amp;p_p_state=normal&amp;p_p_mode=view&amp;p_p_col_id=column-1&amp;p_p_col_pos=1&amp;p_p_col_count=3&amp;_directoriocentros_WAR_educasturconsultasportlet_mvcPath=%2Fhtml%2Fdirectoriocentros%2Fdatoscentro.jsp&amp;_directoriocentros_WAR_educasturconsultasportlet_centro_id=33014090\">Colegio P\u00fablio L\u00b4Ablanu.<\/a><\/li>\n<li><a href=\"https:\/\/www.educastur.es\/directorio-de-centros?p_p_id=directoriocentros_WAR_educasturconsultasportlet&amp;p_p_lifecycle=0&amp;p_p_state=normal&amp;p_p_mode=view&amp;p_p_col_id=column-1&amp;p_p_col_pos=1&amp;p_p_col_count=3&amp;_directoriocentros_WAR_educasturconsultasportlet_mvcPath=%2Fhtml%2Fdirectoriocentros%2Fdatoscentro.jsp&amp;_directoriocentros_WAR_educasturconsultasportlet_centro_id=33014442\">Colegio P\u00fablico Julio Rodr\u00edguez Villanueva.<\/a><\/li>\n<li><a href=\"https:\/\/www.educastur.es\/directorio-de-centros?p_p_id=directoriocentros_WAR_educasturconsultasportlet&amp;p_p_lifecycle=0&amp;p_p_state=normal&amp;p_p_mode=view&amp;p_p_col_id=column-1&amp;p_p_col_pos=1&amp;p_p_col_count=3&amp;_directoriocentros_WAR_educasturconsultasportlet_mvcPath=%2Fhtml%2Fdirectoriocentros%2Fdatoscentro.jsp&amp;_directoriocentros_WAR_educasturconsultasportlet_centro_id=33014302\">Colegio P\u00fablico el Plagan\u00f3n.<\/a><\/li>\n<\/ul>\n<p>Colabora para procedimientos puntuales, como la nueva escolarizaci\u00f3n de alumnado con NEAE, con los\u00a0<strong>centros concertados de la zona<\/strong>:<\/p>\n<ul>\n<li><a href=\"https:\/\/www.educastur.es\/directorio-de-centros?p_p_id=directoriocentros_WAR_educasturconsultasportlet&amp;p_p_lifecycle=0&amp;p_p_state=normal&amp;p_p_mode=view&amp;p_p_col_id=column-1&amp;p_p_col_pos=1&amp;p_p_col_count=3&amp;_directoriocentros_WAR_educasturconsultasportlet_mvcPath=%2Fhtml%2Fdirectoriocentros%2Fdatoscentro.jsp&amp;_directoriocentros_WAR_educasturconsultasportlet_centro_id=33017078\">Colegio Amor Miserocordioso.<\/a><\/li>\n<li><a href=\"https:\/\/www.educastur.es\/directorio-de-centros?p_p_id=directoriocentros_WAR_educasturconsultasportlet&amp;p_p_lifecycle=0&amp;p_p_state=normal&amp;p_p_mode=view&amp;p_p_col_id=column-1&amp;p_p_col_pos=1&amp;p_p_col_count=3&amp;_directoriocentros_WAR_educasturconsultasportlet_mvcPath=%2Fhtml%2Fdirectoriocentros%2Fdatoscentro.jsp&amp;_directoriocentros_WAR_educasturconsultasportlet_centro_id=33027837\">Colegio Pe\u00f1amayor.<\/a><\/li>\n<li><a href=\"https:\/\/www.educastur.es\/directorio-de-centros?p_p_id=directoriocentros_WAR_educasturconsultasportlet&amp;p_p_lifecycle=0&amp;p_p_state=normal&amp;p_p_mode=view&amp;p_p_col_id=column-1&amp;p_p_col_pos=1&amp;p_p_col_count=3&amp;_directoriocentros_WAR_educasturconsultasportlet_mvcPath=%2Fhtml%2Fdirectoriocentros%2Fdatoscentro.jsp&amp;_directoriocentros_WAR_educasturconsultasportlet_centro_id=33011878\">Colegio Nuestra Se\u00f1ora de Covadonga.<\/a><\/li>\n<\/ul>\n<p>Y realiza coordinaciones con los<strong>\u00a0Institutos de Ense\u00f1anza Secundaria de referencia:<\/strong><\/p>\n<ul>\n<li><a href=\"https:\/\/www.educastur.es\/directorio-de-centros?p_p_id=directoriocentros_WAR_educasturconsultasportlet&amp;p_p_lifecycle=0&amp;p_p_state=normal&amp;p_p_mode=view&amp;p_p_col_id=column-1&amp;p_p_col_pos=1&amp;p_p_col_count=3&amp;_directoriocentros_WAR_educasturconsultasportlet_mvcPath=%2Fhtml%2Fdirectoriocentros%2Fdatoscentro.jsp&amp;_directoriocentros_WAR_educasturconsultasportlet_centro_id=33017248\">IES Astures.<\/a><\/li>\n<li>IES La Freseneda (pr\u00f3xima apertura. Curso 2021-2022).<\/li>\n<li><a href=\"https:\/\/www.educastur.es\/directorio-de-centros?p_p_id=directoriocentros_WAR_educasturconsultasportlet&amp;p_p_lifecycle=0&amp;p_p_state=normal&amp;p_p_mode=view&amp;p_p_col_id=column-1&amp;p_p_col_pos=1&amp;p_p_col_count=3&amp;_directoriocentros_WAR_educasturconsultasportlet_mvcPath=%2Fhtml%2Fdirectoriocentros%2Fdatoscentro.jsp&amp;_directoriocentros_WAR_educasturconsultasportlet_centro_id=33020272\">IES Escultor Juan de Villanueva.<\/a><\/li>\n<li><a href=\"https:\/\/www.educastur.es\/directorio-de-centros?p_p_id=directoriocentros_WAR_educasturconsultasportlet&amp;p_p_lifecycle=0&amp;p_p_state=normal&amp;p_p_mode=view&amp;p_p_col_id=column-1&amp;p_p_col_pos=1&amp;p_p_col_count=3&amp;_directoriocentros_WAR_educasturconsultasportlet_mvcPath=%2Fhtml%2Fdirectoriocentros%2Fdatoscentro.jsp&amp;_directoriocentros_WAR_educasturconsultasportlet_centro_id=33017315\">IES R\u00edo Nora.<\/a><\/li>\n<li><a href=\"https:\/\/www.educastur.es\/directorio-de-centros?p_p_id=directoriocentros_WAR_educasturconsultasportlet&amp;p_p_lifecycle=0&amp;p_p_state=normal&amp;p_p_mode=view&amp;p_p_col_id=column-1&amp;p_p_col_pos=1&amp;p_p_col_count=3&amp;_directoriocentros_WAR_educasturconsultasportlet_mvcPath=%2Fhtml%2Fdirectoriocentros%2Fdatoscentro.jsp&amp;_directoriocentros_WAR_educasturconsultasportlet_centro_id=33023911\">IES Nore\u00f1a.<\/a><\/li>\n<li><a href=\"https:\/\/www.educastur.es\/directorio-de-centros?p_p_id=directoriocentros_WAR_educasturconsultasportlet&amp;p_p_lifecycle=0&amp;p_p_state=normal&amp;p_p_mode=view&amp;p_p_col_id=column-1&amp;p_p_col_pos=1&amp;p_p_col_count=3&amp;_directoriocentros_WAR_educasturconsultasportlet_mvcPath=%2Fhtml%2Fdirectoriocentros%2Fdatoscentro.jsp&amp;_directoriocentros_WAR_educasturconsultasportlet_centro_id=33027527\">IES Pe\u00f1amayor.<\/a><\/li>\n<li><a href=\"https:\/\/www.educastur.es\/directorio-de-centros?p_p_id=directoriocentros_WAR_educasturconsultasportlet&amp;p_p_lifecycle=0&amp;p_p_state=normal&amp;p_p_mode=view&amp;p_p_col_id=column-1&amp;p_p_col_pos=1&amp;p_p_col_count=3&amp;_directoriocentros_WAR_educasturconsultasportlet_mvcPath=%2Fhtml%2Fdirectoriocentros%2Fdatoscentro.jsp&amp;_directoriocentros_WAR_educasturconsultasportlet_centro_id=33024061\">IES Infiesto.<\/a><\/li>\n<\/ul>\n","protected":false},"excerpt":{"rendered":"<p>El personal del Equipo de Orientaci\u00f3n Educativa de Siero-Infiesto atiende directamente a los siguientes centros educativos\u00a0en su sector: PINCHA SOBRE EL NOMBRE DEL CENTRO EDUCATIVO PARA ACCEDER A LOS DATOS DE CONTACTO Colegio P\u00fablico Santa B\u00e1rbara. Colegio P\u00fablico El Carbayu. Colegio P\u00fablico La Er\u00eda. Colegio P\u00fablico La Fresneda. Colegio Rural Agrupado de Viella. Colegio de [&hellip;]<\/p>\n","protected":false},"author":824,"featured_media":0,"parent":0,"menu_order":0,"comment_status":"closed","ping_status":"closed","template":"","meta":{"footnotes":""},"class_list":["post-88","page","type-page","status-publish","hentry"],"_links":{"self":[{"href":"https:\/\/edublog.educastur.es\/eoeblog\/wp-json\/wp\/v2\/pages\/88","targetHints":{"allow":["GET"]}}],"collection":[{"href":"https:\/\/edublog.educastur.es\/eoeblog\/wp-json\/wp\/v2\/pages"}],"about":[{"href":"https:\/\/edublog.educastur.es\/eoeblog\/wp-json\/wp\/v2\/types\/page"}],"author":[{"embeddable":true,"href":"https:\/\/edublog.educastur.es\/eoeblog\/wp-json\/wp\/v2\/users\/824"}],"replies":[{"embeddable":true,"href":"https:\/\/edublog.educastur.es\/eoeblog\/wp-json\/wp\/v2\/comments?post=88"}],"version-history":[{"count":2,"href":"https:\/\/edublog.educastur.es\/eoeblog\/wp-json\/wp\/v2\/pages\/88\/revisions"}],"predecessor-version":[{"id":91,"href":"https:\/\/edublog.educastur.es\/eoeblog\/wp-json\/wp\/v2\/pages\/88\/revisions\/91"}],"wp:attachment":[{"href":"https:\/\/edublog.educastur.es\/eoeblog\/wp-json\/wp\/v2\/media?parent=88"}],"curies":[{"name":"wp","href":"https:\/\/api.w.org\/{rel}","templated":true}]}}