{"id":36,"date":"2021-01-30T15:05:57","date_gmt":"2021-01-30T13:05:57","guid":{"rendered":"https:\/\/edublog.educastur.es\/eoesieroinfiesto\/?page_id=36"},"modified":"2021-04-29T20:18:54","modified_gmt":"2021-04-29T18:18:54","slug":"acerca-de","status":"publish","type":"page","link":"https:\/\/edublog.educastur.es\/eoesieroinfiesto\/acerca-de\/","title":{"rendered":"E.O.E. SIERO-INFIESTO"},"content":{"rendered":"<p><span class=\"JsGRdQ\"><img loading=\"lazy\" decoding=\"async\" class=\"aligncenter size-full wp-image-10\" src=\"http:\/\/edublog.educastur.es\/eoesieroinfiesto\/files\/2021\/01\/cropped-sede-buena-1.png\" alt=\"Sede del EOE\" width=\"900\" height=\"466\" srcset=\"https:\/\/edublog.educastur.es\/eoesieroinfiesto\/files\/2021\/01\/cropped-sede-buena-1.png 900w, https:\/\/edublog.educastur.es\/eoesieroinfiesto\/files\/2021\/01\/cropped-sede-buena-1-300x155.png 300w, https:\/\/edublog.educastur.es\/eoesieroinfiesto\/files\/2021\/01\/cropped-sede-buena-1-768x398.png 768w, https:\/\/edublog.educastur.es\/eoesieroinfiesto\/files\/2021\/01\/cropped-sede-buena-1-116x60.png 116w\" sizes=\"auto, (max-width: 900px) 100vw, 900px\" \/><\/span><\/p>\n<p><span class=\"JsGRdQ\">El <\/span><span class=\"JsGRdQ\"><span style=\"color: #008080\"><strong>Equipo de Orientaci\u00f3n Educativa de Siero-Infiesto<\/strong><\/span> lo formamos personal docente de las especialidades de <span style=\"color: #008080\"><strong>Orientaci\u00f3n Educativa y Servicios a la Comunidad.<\/strong><\/span><\/span><\/p>\n<p><span class=\"JsGRdQ\">Atendemos directamente<\/span> <span class=\"JsGRdQ\">21 centros escolares<\/span><span class=\"JsGRdQ\"> de Educaci\u00f3n Infantil y Primaria ubicados a lo largo<\/span> <span class=\"JsGRdQ\">de los <\/span><span class=\"JsGRdQ\">Concejos de<span style=\"color: #008080\"> <strong>Siero, Nore\u00f1a, <\/strong><\/span><\/span><span style=\"color: #008080\"><strong><span class=\"JsGRdQ\">Pilo\u00f1a y la<\/span> <span class=\"JsGRdQ\">Mancomunidad de la Sidra<\/span><span class=\"JsGRdQ\">. <\/span><\/strong><\/span><span class=\"JsGRdQ\">De <\/span><span class=\"JsGRdQ\">lunes a jueves<\/span><span class=\"JsGRdQ\"> trabajamos en estos<\/span><span class=\"JsGRdQ\"> centros educativos y<strong><span style=\"color: #008080\"> l<\/span><\/strong><\/span><strong><span style=\"color: #008080\"><span class=\"JsGRdQ\">os <\/span><span class=\"JsGRdQ\">viernes <\/span><\/span><\/strong><span class=\"JsGRdQ\">puedes localizarnos en nuestra <\/span><span class=\"JsGRdQ\">sede, situada en el antiguo centro de estudios de Lugones, en la<span style=\"color: #008080\"><strong> Calle Leopoldo Alas Clar\u00edn, n\u00ba1.<\/strong> <\/span><\/span><\/p>\n<p class=\"_04xlpA direction-ltr align-justify para-style-body\"><span class=\"JsGRdQ\">Apostamos por una metodolog\u00eda<\/span><span class=\"JsGRdQ\"> trabajo basada en la <span style=\"color: #008080\"><strong>colaboraci\u00f3n<\/strong>, <strong>tejiendo redes<\/strong><\/span><\/span> <span class=\"JsGRdQ\">con otros centros educativos (IES, Escuelas Infantiles 0-3, colegios concertados) y otro tipo de recu<\/span><span class=\"JsGRdQ\">rsos sociocomunitarios (Servicios sociales y sanitarios, asociaciones, ONGs&#8230;) que curso a curso cooperan estrechamente con la escuela.<br \/>\n<\/span><\/p>\n<p>Este blog <span class=\"JsGRdQ\">nace en el <\/span><span class=\"JsGRdQ\">curso 2020-2021<\/span> <span class=\"JsGRdQ\">con el prop\u00f3sito de servir de ayuda a a<span style=\"color: #008080\"><strong> equipos directivos, profesorado, alumnado y familias<\/strong><\/span>; de los centros escolares situados en nuestro sector. Pretende ser un <\/span><span class=\"JsGRdQ\">\u00abrecurso vivo\u00bb con informaci\u00f3n actualizada que sea<\/span><span class=\"JsGRdQ\"> de utlidad no s\u00f3lo durante la crisis derivada del <\/span><span class=\"JsGRdQ\">COVID-19<\/span> <span class=\"JsGRdQ\">que estamos viviendo, sino tambi\u00e9n en el d\u00eda a d\u00eda de nuestro trabajo en los centros educativos de la zona.<\/span><\/p>\n<p class=\"_04xlpA direction-ltr align-center para-style-body\"><span class=\"JsGRdQ\">Contacta con nostros llamando al <span style=\"color: #008080\"><strong>985267748<\/strong><\/span><\/span> <span class=\"JsGRdQ\">o a trav\u00e9s de correo el\u00e9ctronico<\/span><span style=\"color: #008080\"><strong><span class=\"JsGRdQ\"> eosiero@educastur.org<\/span><\/strong><\/span><\/p>\n","protected":false},"excerpt":{"rendered":"<p>El Equipo de Orientaci\u00f3n Educativa de Siero-Infiesto lo formamos personal docente de las especialidades de Orientaci\u00f3n Educativa y Servicios a la Comunidad. Atendemos directamente 21 centros escolares de Educaci\u00f3n Infantil y Primaria ubicados a lo largo de los Concejos de Siero, Nore\u00f1a, Pilo\u00f1a y la Mancomunidad de la Sidra. De lunes a jueves trabajamos en [&hellip;]<\/p>\n","protected":false},"author":834,"featured_media":0,"parent":0,"menu_order":0,"comment_status":"closed","ping_status":"closed","template":"","meta":{"footnotes":""},"class_list":["post-36","page","type-page","status-publish","hentry"],"_links":{"self":[{"href":"https:\/\/edublog.educastur.es\/eoesieroinfiesto\/wp-json\/wp\/v2\/pages\/36","targetHints":{"allow":["GET"]}}],"collection":[{"href":"https:\/\/edublog.educastur.es\/eoesieroinfiesto\/wp-json\/wp\/v2\/pages"}],"about":[{"href":"https:\/\/edublog.educastur.es\/eoesieroinfiesto\/wp-json\/wp\/v2\/types\/page"}],"author":[{"embeddable":true,"href":"https:\/\/edublog.educastur.es\/eoesieroinfiesto\/wp-json\/wp\/v2\/users\/834"}],"replies":[{"embeddable":true,"href":"https:\/\/edublog.educastur.es\/eoesieroinfiesto\/wp-json\/wp\/v2\/comments?post=36"}],"version-history":[{"count":9,"href":"https:\/\/edublog.educastur.es\/eoesieroinfiesto\/wp-json\/wp\/v2\/pages\/36\/revisions"}],"predecessor-version":[{"id":84,"href":"https:\/\/edublog.educastur.es\/eoesieroinfiesto\/wp-json\/wp\/v2\/pages\/36\/revisions\/84"}],"wp:attachment":[{"href":"https:\/\/edublog.educastur.es\/eoesieroinfiesto\/wp-json\/wp\/v2\/media?parent=36"}],"curies":[{"name":"wp","href":"https:\/\/api.w.org\/{rel}","templated":true}]}}