{"id":57,"date":"2021-01-31T11:36:15","date_gmt":"2021-01-31T09:36:15","guid":{"rendered":"https:\/\/edublog.educastur.es\/eoesieroinfiesto\/?page_id=57"},"modified":"2021-05-05T23:55:41","modified_gmt":"2021-05-05T21:55:41","slug":"centros-educativos","status":"publish","type":"page","link":"https:\/\/edublog.educastur.es\/eoesieroinfiesto\/centros-educativos\/","title":{"rendered":"CENTROS EDUCATIVOS DEL SECTOR"},"content":{"rendered":"<p><img loading=\"lazy\" decoding=\"async\" class=\"aligncenter size-full wp-image-75\" src=\"http:\/\/edublog.educastur.es\/eoesieroinfiesto\/files\/2021\/02\/Mapa-de-centros.png\" alt=\"Centros del s\u00e9ctor\" width=\"1146\" height=\"371\" srcset=\"https:\/\/edublog.educastur.es\/eoesieroinfiesto\/files\/2021\/02\/Mapa-de-centros.png 1146w, https:\/\/edublog.educastur.es\/eoesieroinfiesto\/files\/2021\/02\/Mapa-de-centros-300x97.png 300w, https:\/\/edublog.educastur.es\/eoesieroinfiesto\/files\/2021\/02\/Mapa-de-centros-1024x332.png 1024w, https:\/\/edublog.educastur.es\/eoesieroinfiesto\/files\/2021\/02\/Mapa-de-centros-768x249.png 768w, https:\/\/edublog.educastur.es\/eoesieroinfiesto\/files\/2021\/02\/Mapa-de-centros-1000x324.png 1000w, https:\/\/edublog.educastur.es\/eoesieroinfiesto\/files\/2021\/02\/Mapa-de-centros-800x259.png 800w\" sizes=\"auto, (max-width: 1146px) 100vw, 1146px\" \/><\/p>\n<p>El personal del Equipo de Orientaci\u00f3n Educativa de Siero-Infieste <span style=\"color: #008080\"><strong>atiende dir\u00e9ctamente a los siguientes centros educativos<\/strong> <\/span>en su sector:<\/p>\n<ul style=\"list-style-type: square\">\n<li class=\"_04xlpA direction-ltr align-justify para-style-body\"><a href=\"https:\/\/www.educastur.es\/directorio-de-centros?p_p_id=directoriocentros_WAR_educasturconsultasportlet&amp;p_p_lifecycle=0&amp;p_p_state=normal&amp;p_p_mode=view&amp;p_p_col_id=column-1&amp;p_p_col_pos=1&amp;p_p_col_count=3&amp;_directoriocentros_WAR_educasturconsultasportlet_mvcPath=%2Fhtml%2Fdirectoriocentros%2Fdatoscentro.jsp&amp;_directoriocentros_WAR_educasturconsultasportlet_centro_id=33022165\"><span class=\"JsGRdQ\">Colegio P\u00fablico Santa B\u00e1rbara.<\/span><\/a><\/li>\n<li class=\"_04xlpA direction-ltr align-justify para-style-body\"><a href=\"https:\/\/www.educastur.es\/directorio-de-centros?p_p_id=directoriocentros_WAR_educasturconsultasportlet&amp;p_p_lifecycle=0&amp;p_p_state=normal&amp;p_p_mode=view&amp;p_p_col_id=column-1&amp;p_p_col_pos=1&amp;p_p_col_count=3&amp;_directoriocentros_WAR_educasturconsultasportlet_mvcPath=%2Fhtml%2Fdirectoriocentros%2Fdatoscentro.jsp&amp;_directoriocentros_WAR_educasturconsultasportlet_centro_id=33021513\"><span class=\"JsGRdQ\">Colegio P\u00fablico El Carbayu.<\/span><\/a><\/li>\n<li class=\"_04xlpA direction-ltr align-justify para-style-body\"><a href=\"https:\/\/www.educastur.es\/directorio-de-centros?p_p_id=directoriocentros_WAR_educasturconsultasportlet&amp;p_p_lifecycle=0&amp;p_p_state=normal&amp;p_p_mode=view&amp;p_p_col_id=column-1&amp;p_p_col_pos=1&amp;p_p_col_count=3&amp;_directoriocentros_WAR_educasturconsultasportlet_mvcPath=%2Fhtml%2Fdirectoriocentros%2Fdatoscentro.jsp&amp;_directoriocentros_WAR_educasturconsultasportlet_centro_id=33017212\"><span class=\"JsGRdQ\">Colegio P\u00fablico La Er\u00eda.<\/span><\/a><\/li>\n<li class=\"_04xlpA direction-ltr align-justify para-style-body\"><a href=\"https:\/\/www.educastur.es\/directorio-de-centros?p_p_id=directoriocentros_WAR_educasturconsultasportlet&amp;p_p_lifecycle=0&amp;p_p_state=normal&amp;p_p_mode=view&amp;p_p_col_id=column-1&amp;p_p_col_pos=1&amp;p_p_col_count=3&amp;_directoriocentros_WAR_educasturconsultasportlet_mvcPath=%2Fhtml%2Fdirectoriocentros%2Fdatoscentro.jsp&amp;_directoriocentros_WAR_educasturconsultasportlet_centro_id=33024277\"><span class=\"JsGRdQ\">Colegio P\u00fablico La Fresneda.<\/span><\/a><\/li>\n<li class=\"_04xlpA direction-ltr align-justify para-style-body\"><a href=\"https:\/\/www.educastur.es\/directorio-de-centros?p_p_id=directoriocentros_WAR_educasturconsultasportlet&amp;p_p_lifecycle=0&amp;p_p_state=normal&amp;p_p_mode=view&amp;p_p_col_id=column-1&amp;p_p_col_pos=1&amp;p_p_col_count=3&amp;_directoriocentros_WAR_educasturconsultasportlet_mvcPath=%2Fhtml%2Fdirectoriocentros%2Fdatoscentro.jsp&amp;_directoriocentros_WAR_educasturconsultasportlet_centro_id=33023480\"><span class=\"JsGRdQ\">Colegio Rural Agrupado de Viella.<\/span><\/a><\/li>\n<li class=\"_04xlpA direction-ltr align-justify para-style-body\"><a href=\"https:\/\/www.educastur.es\/directorio-de-centros?p_p_id=directoriocentros_WAR_educasturconsultasportlet&amp;p_p_lifecycle=0&amp;p_p_state=normal&amp;p_p_mode=view&amp;p_p_col_id=column-1&amp;p_p_col_pos=1&amp;p_p_col_count=3&amp;_directoriocentros_WAR_educasturconsultasportlet_mvcPath=%2Fhtml%2Fdirectoriocentros%2Fdatoscentro.jsp&amp;_directoriocentros_WAR_educasturconsultasportlet_centro_id=33017091\"><span class=\"JsGRdQ\">Colegio de Granda.<\/span><\/a><\/li>\n<li class=\"_04xlpA direction-ltr align-justify para-style-body\"><a href=\"https:\/\/www.educastur.es\/directorio-de-centros?p_p_id=directoriocentros_WAR_educasturconsultasportlet&amp;p_p_lifecycle=0&amp;p_p_state=normal&amp;p_p_mode=view&amp;p_p_col_id=column-1&amp;p_p_col_pos=1&amp;p_p_col_count=3&amp;_directoriocentros_WAR_educasturconsultasportlet_mvcPath=%2Fhtml%2Fdirectoriocentros%2Fdatoscentro.jsp&amp;_directoriocentros_WAR_educasturconsultasportlet_centro_id=33016918\"><span class=\"JsGRdQ\">Colegio P\u00fablico Los Campones.<\/span><\/a><\/li>\n<li><a href=\"https:\/\/www.educastur.es\/directorio-de-centros?p_p_id=directoriocentros_WAR_educasturconsultasportlet&amp;p_p_lifecycle=0&amp;p_p_state=normal&amp;p_p_mode=view&amp;p_p_col_id=column-1&amp;p_p_col_pos=1&amp;p_p_col_count=3&amp;_directoriocentros_WAR_educasturconsultasportlet_mvcPath=%2Fhtml%2Fdirectoriocentros%2Fdatoscentro.jsp&amp;_directoriocentros_WAR_educasturconsultasportlet_centro_id=33011878\">Colegio P\u00fablico Condado de Nore\u00f1a.<\/a><\/li>\n<li class=\"_04xlpA direction-ltr align-justify para-style-body\"><a href=\"https:\/\/www.educastur.es\/directorio-de-centros?p_p_id=directoriocentros_WAR_educasturconsultasportlet&amp;p_p_lifecycle=0&amp;p_p_state=normal&amp;p_p_mode=view&amp;p_p_col_id=column-1&amp;p_p_col_pos=1&amp;p_p_col_count=3&amp;_directoriocentros_WAR_educasturconsultasportlet_mvcPath=%2Fhtml%2Fdirectoriocentros%2Fdatoscentro.jsp&amp;_directoriocentros_WAR_educasturconsultasportlet_centro_id=33016839\"><span class=\"JsGRdQ\">Colegio P\u00fablico El Cotayo.<\/span><\/a><\/li>\n<li class=\"_04xlpA direction-ltr align-justify para-style-body\"><a href=\"https:\/\/www.educastur.es\/directorio-de-centros?p_p_id=directoriocentros_WAR_educasturconsultasportlet&amp;p_p_lifecycle=0&amp;p_p_state=normal&amp;p_p_mode=view&amp;p_p_col_id=column-1&amp;p_p_col_pos=1&amp;p_p_col_count=3&amp;_directoriocentros_WAR_educasturconsultasportlet_mvcPath=%2Fhtml%2Fdirectoriocentros%2Fdatoscentro.jsp&amp;_directoriocentros_WAR_educasturconsultasportlet_centro_id=33017388\"><span class=\"JsGRdQ\">Colegio P\u00fablico Carbay\u00edn Bajo.<\/span><\/a><\/li>\n<li class=\"_04xlpA direction-ltr align-justify para-style-body\"><a href=\"https:\/\/www.educastur.es\/directorio-de-centros?p_p_id=directoriocentros_WAR_educasturconsultasportlet&amp;p_p_lifecycle=0&amp;p_p_state=normal&amp;p_p_mode=view&amp;p_p_col_id=column-1&amp;p_p_col_pos=1&amp;p_p_col_count=3&amp;_directoriocentros_WAR_educasturconsultasportlet_mvcPath=%2Fhtml%2Fdirectoriocentros%2Fdatoscentro.jsp&amp;_directoriocentros_WAR_educasturconsultasportlet_centro_id=33020776\"><span class=\"JsGRdQ\">Escuela de Educaci\u00f3n Infantil Pe\u00f1a Careses.<\/span><\/a><\/li>\n<li class=\"_04xlpA direction-ltr align-justify para-style-body\"><a href=\"https:\/\/www.educastur.es\/directorio-de-centros?p_p_id=directoriocentros_WAR_educasturconsultasportlet&amp;p_p_lifecycle=0&amp;p_p_state=normal&amp;p_p_mode=view&amp;p_p_col_id=column-1&amp;p_p_col_pos=1&amp;p_p_col_count=3&amp;_directoriocentros_WAR_educasturconsultasportlet_mvcPath=%2Fhtml%2Fdirectoriocentros%2Fdatoscentro.jsp&amp;_directoriocentros_WAR_educasturconsultasportlet_centro_id=33020703\"><span class=\"JsGRdQ\">Colegio P\u00fablico Hermanos Arregui.<\/span><\/a><\/li>\n<li class=\"_04xlpA direction-ltr align-justify para-style-body\"><a href=\"https:\/\/www.educastur.es\/directorio-de-centros?p_p_id=directoriocentros_WAR_educasturconsultasportlet&amp;p_p_lifecycle=0&amp;p_p_state=normal&amp;p_p_mode=view&amp;p_p_col_id=column-1&amp;p_p_col_pos=1&amp;p_p_col_count=3&amp;_directoriocentros_WAR_educasturconsultasportlet_mvcPath=%2Fhtml%2Fdirectoriocentros%2Fdatoscentro.jsp&amp;_directoriocentros_WAR_educasturconsultasportlet_centro_id=33017297\"><span class=\"JsGRdQ\">Colegio P\u00fablico Celestino Montoto Su\u00e1rez.<\/span><\/a><\/li>\n<li><a href=\"https:\/\/www.educastur.es\/directorio-de-centros?p_p_id=directoriocentros_WAR_educasturconsultasportlet&amp;p_p_lifecycle=0&amp;p_p_state=normal&amp;p_p_mode=view&amp;p_p_col_id=column-1&amp;p_p_col_pos=1&amp;p_p_col_count=3&amp;_directoriocentros_WAR_educasturconsultasportlet_mvcPath=%2Fhtml%2Fdirectoriocentros%2Fdatoscentro.jsp&amp;_directoriocentros_WAR_educasturconsultasportlet_centro_id=33017182\">Colegio P\u00fablico Xentiquina.<\/a><\/li>\n<li><a href=\"https:\/\/www.educastur.es\/directorio-de-centros?p_p_id=directoriocentros_WAR_educasturconsultasportlet&amp;p_p_lifecycle=0&amp;p_p_state=normal&amp;p_p_mode=view&amp;p_p_col_id=column-1&amp;p_p_col_pos=1&amp;p_p_col_count=3&amp;_directoriocentros_WAR_educasturconsultasportlet_mvcPath=%2Fhtml%2Fdirectoriocentros%2Fdatoscentro.jsp&amp;_directoriocentros_WAR_educasturconsultasportlet_centro_id=33016724\">Colegio P\u00fablico Salvador Vega Berros.<\/a><\/li>\n<li><a href=\"https:\/\/www.educastur.es\/directorio-de-centros?p_p_id=directoriocentros_WAR_educasturconsultasportlet&amp;p_p_lifecycle=0&amp;p_p_state=normal&amp;p_p_mode=view&amp;p_p_col_id=column-1&amp;p_p_col_pos=1&amp;p_p_col_count=3&amp;_directoriocentros_WAR_educasturconsultasportlet_mvcPath=%2Fhtml%2Fdirectoriocentros%2Fdatoscentro.jsp&amp;_directoriocentros_WAR_educasturconsultasportlet_centro_id=33011477\">Colegio P\u00fablico San Bartolom\u00e9.<\/a><\/li>\n<li><a href=\"https:\/\/www.educastur.es\/directorio-de-centros?p_p_id=directoriocentros_WAR_educasturconsultasportlet&amp;p_p_lifecycle=0&amp;p_p_state=normal&amp;p_p_mode=view&amp;p_p_col_id=column-1&amp;p_p_col_pos=1&amp;p_p_col_count=3&amp;_directoriocentros_WAR_educasturconsultasportlet_mvcPath=%2Fhtml%2Fdirectoriocentros%2Fdatoscentro.jsp&amp;_directoriocentros_WAR_educasturconsultasportlet_centro_id=33020296\">Colegio Martimporra.<\/a><\/li>\n<li><a href=\"https:\/\/www.educastur.es\/directorio-de-centros?p_p_id=directoriocentros_WAR_educasturconsultasportlet&amp;p_p_lifecycle=0&amp;p_p_state=normal&amp;p_p_mode=view&amp;p_p_col_id=column-1&amp;p_p_col_pos=1&amp;p_p_col_count=3&amp;_directoriocentros_WAR_educasturconsultasportlet_mvcPath=%2Fhtml%2Fdirectoriocentros%2Fdatoscentro.jsp&amp;_directoriocentros_WAR_educasturconsultasportlet_centro_id=33023431\">Colegio Rural Agrupado La Coro\u00f1a.<\/a><\/li>\n<li><a href=\"https:\/\/www.educastur.es\/directorio-de-centros?p_p_id=directoriocentros_WAR_educasturconsultasportlet&amp;p_p_lifecycle=0&amp;p_p_state=normal&amp;p_p_mode=view&amp;p_p_col_id=column-1&amp;p_p_col_pos=1&amp;p_p_col_count=3&amp;_directoriocentros_WAR_educasturconsultasportlet_mvcPath=%2Fhtml%2Fdirectoriocentros%2Fdatoscentro.jsp&amp;_directoriocentros_WAR_educasturconsultasportlet_centro_id=33014090\">Colegio P\u00fablio L\u00b4Ablanu.<\/a><\/li>\n<li><a href=\"https:\/\/www.educastur.es\/directorio-de-centros?p_p_id=directoriocentros_WAR_educasturconsultasportlet&amp;p_p_lifecycle=0&amp;p_p_state=normal&amp;p_p_mode=view&amp;p_p_col_id=column-1&amp;p_p_col_pos=1&amp;p_p_col_count=3&amp;_directoriocentros_WAR_educasturconsultasportlet_mvcPath=%2Fhtml%2Fdirectoriocentros%2Fdatoscentro.jsp&amp;_directoriocentros_WAR_educasturconsultasportlet_centro_id=33014442\">Colegio P\u00fablico Julio Rodr\u00edguez Villanueva.<\/a><\/li>\n<li><a href=\"https:\/\/www.educastur.es\/directorio-de-centros?p_p_id=directoriocentros_WAR_educasturconsultasportlet&amp;p_p_lifecycle=0&amp;p_p_state=normal&amp;p_p_mode=view&amp;p_p_col_id=column-1&amp;p_p_col_pos=1&amp;p_p_col_count=3&amp;_directoriocentros_WAR_educasturconsultasportlet_mvcPath=%2Fhtml%2Fdirectoriocentros%2Fdatoscentro.jsp&amp;_directoriocentros_WAR_educasturconsultasportlet_centro_id=33014302\">Colegio P\u00fablico el Plagan\u00f3n.<\/a><\/li>\n<\/ul>\n<p>Colabora para procedimientos puntuales, como la nueva escolarizaci\u00f3n de alumnado con NEAE, con los <span style=\"color: #008080\"><strong>centros concertados de la zona<\/strong><\/span>:<\/p>\n<ul style=\"list-style-type: square\">\n<li><a href=\"https:\/\/www.educastur.es\/directorio-de-centros?p_p_id=directoriocentros_WAR_educasturconsultasportlet&amp;p_p_lifecycle=0&amp;p_p_state=normal&amp;p_p_mode=view&amp;p_p_col_id=column-1&amp;p_p_col_pos=1&amp;p_p_col_count=3&amp;_directoriocentros_WAR_educasturconsultasportlet_mvcPath=%2Fhtml%2Fdirectoriocentros%2Fdatoscentro.jsp&amp;_directoriocentros_WAR_educasturconsultasportlet_centro_id=33017078\">Colegio Amor Miserocordioso.<\/a><\/li>\n<li><a href=\"https:\/\/www.educastur.es\/directorio-de-centros?p_p_id=directoriocentros_WAR_educasturconsultasportlet&amp;p_p_lifecycle=0&amp;p_p_state=normal&amp;p_p_mode=view&amp;p_p_col_id=column-1&amp;p_p_col_pos=1&amp;p_p_col_count=3&amp;_directoriocentros_WAR_educasturconsultasportlet_mvcPath=%2Fhtml%2Fdirectoriocentros%2Fdatoscentro.jsp&amp;_directoriocentros_WAR_educasturconsultasportlet_centro_id=33027837\">Colegio Pe\u00f1amayor.<\/a><\/li>\n<li><a href=\"https:\/\/www.educastur.es\/directorio-de-centros?p_p_id=directoriocentros_WAR_educasturconsultasportlet&amp;p_p_lifecycle=0&amp;p_p_state=normal&amp;p_p_mode=view&amp;p_p_col_id=column-1&amp;p_p_col_pos=1&amp;p_p_col_count=3&amp;_directoriocentros_WAR_educasturconsultasportlet_mvcPath=%2Fhtml%2Fdirectoriocentros%2Fdatoscentro.jsp&amp;_directoriocentros_WAR_educasturconsultasportlet_centro_id=33011878\">Colegio Nuestra Se\u00f1ora de Covadonga.<\/a><\/li>\n<\/ul>\n<p>Y realiza coordinaciones con los<span style=\"color: #008080\"><strong> Institutos de Ense\u00f1anza Secundaria de referencia:<\/strong> <\/span><\/p>\n<ul>\n<li><a href=\"https:\/\/www.educastur.es\/directorio-de-centros?p_p_id=directoriocentros_WAR_educasturconsultasportlet&amp;p_p_lifecycle=0&amp;p_p_state=normal&amp;p_p_mode=view&amp;p_p_col_id=column-1&amp;p_p_col_pos=1&amp;p_p_col_count=3&amp;_directoriocentros_WAR_educasturconsultasportlet_mvcPath=%2Fhtml%2Fdirectoriocentros%2Fdatoscentro.jsp&amp;_directoriocentros_WAR_educasturconsultasportlet_centro_id=33017248\">IES Astures.<\/a><\/li>\n<li>IES La Freseneda (pr\u00f3xima apertura. Curso 2021-2022).<\/li>\n<li><a href=\"https:\/\/www.educastur.es\/directorio-de-centros?p_p_id=directoriocentros_WAR_educasturconsultasportlet&amp;p_p_lifecycle=0&amp;p_p_state=normal&amp;p_p_mode=view&amp;p_p_col_id=column-1&amp;p_p_col_pos=1&amp;p_p_col_count=3&amp;_directoriocentros_WAR_educasturconsultasportlet_mvcPath=%2Fhtml%2Fdirectoriocentros%2Fdatoscentro.jsp&amp;_directoriocentros_WAR_educasturconsultasportlet_centro_id=33020272\">IES Escultor Juan de Villanueva.<\/a><\/li>\n<li><a href=\"https:\/\/www.educastur.es\/directorio-de-centros?p_p_id=directoriocentros_WAR_educasturconsultasportlet&amp;p_p_lifecycle=0&amp;p_p_state=normal&amp;p_p_mode=view&amp;p_p_col_id=column-1&amp;p_p_col_pos=1&amp;p_p_col_count=3&amp;_directoriocentros_WAR_educasturconsultasportlet_mvcPath=%2Fhtml%2Fdirectoriocentros%2Fdatoscentro.jsp&amp;_directoriocentros_WAR_educasturconsultasportlet_centro_id=33017315\">IES R\u00edo Nora.<\/a><\/li>\n<li><a href=\"https:\/\/www.educastur.es\/directorio-de-centros?p_p_id=directoriocentros_WAR_educasturconsultasportlet&amp;p_p_lifecycle=0&amp;p_p_state=normal&amp;p_p_mode=view&amp;p_p_col_id=column-1&amp;p_p_col_pos=1&amp;p_p_col_count=3&amp;_directoriocentros_WAR_educasturconsultasportlet_mvcPath=%2Fhtml%2Fdirectoriocentros%2Fdatoscentro.jsp&amp;_directoriocentros_WAR_educasturconsultasportlet_centro_id=33023911\">IES Nore\u00f1a.<\/a><\/li>\n<li><a href=\"https:\/\/www.educastur.es\/directorio-de-centros?p_p_id=directoriocentros_WAR_educasturconsultasportlet&amp;p_p_lifecycle=0&amp;p_p_state=normal&amp;p_p_mode=view&amp;p_p_col_id=column-1&amp;p_p_col_pos=1&amp;p_p_col_count=3&amp;_directoriocentros_WAR_educasturconsultasportlet_mvcPath=%2Fhtml%2Fdirectoriocentros%2Fdatoscentro.jsp&amp;_directoriocentros_WAR_educasturconsultasportlet_centro_id=33027527\">IES Pe\u00f1amayor.<\/a><\/li>\n<li><a href=\"https:\/\/www.educastur.es\/directorio-de-centros?p_p_id=directoriocentros_WAR_educasturconsultasportlet&amp;p_p_lifecycle=0&amp;p_p_state=normal&amp;p_p_mode=view&amp;p_p_col_id=column-1&amp;p_p_col_pos=1&amp;p_p_col_count=3&amp;_directoriocentros_WAR_educasturconsultasportlet_mvcPath=%2Fhtml%2Fdirectoriocentros%2Fdatoscentro.jsp&amp;_directoriocentros_WAR_educasturconsultasportlet_centro_id=33024061\">IES Infiesto.<\/a><\/li>\n<\/ul>\n<p style=\"text-align: center\"><em><span style=\"color: #008080\"><strong>PINCHA SOBRE EL NOMBRE DEL CENTRO EDUCATIVO PARA ACCEDER A LOS DATOS DE CONTACTO<\/strong><\/span><\/em><\/p>\n","protected":false},"excerpt":{"rendered":"<p>El personal del Equipo de Orientaci\u00f3n Educativa de Siero-Infieste atiende dir\u00e9ctamente a los siguientes centros educativos en su sector: Colegio P\u00fablico Santa B\u00e1rbara. Colegio P\u00fablico El Carbayu. Colegio P\u00fablico La Er\u00eda. Colegio P\u00fablico La Fresneda. Colegio Rural Agrupado de Viella. Colegio de Granda. Colegio P\u00fablico Los Campones. Colegio P\u00fablico Condado de Nore\u00f1a. Colegio P\u00fablico El [&hellip;]<\/p>\n","protected":false},"author":834,"featured_media":0,"parent":0,"menu_order":0,"comment_status":"closed","ping_status":"closed","template":"","meta":{"footnotes":""},"class_list":["post-57","page","type-page","status-publish","hentry"],"_links":{"self":[{"href":"https:\/\/edublog.educastur.es\/eoesieroinfiesto\/wp-json\/wp\/v2\/pages\/57","targetHints":{"allow":["GET"]}}],"collection":[{"href":"https:\/\/edublog.educastur.es\/eoesieroinfiesto\/wp-json\/wp\/v2\/pages"}],"about":[{"href":"https:\/\/edublog.educastur.es\/eoesieroinfiesto\/wp-json\/wp\/v2\/types\/page"}],"author":[{"embeddable":true,"href":"https:\/\/edublog.educastur.es\/eoesieroinfiesto\/wp-json\/wp\/v2\/users\/834"}],"replies":[{"embeddable":true,"href":"https:\/\/edublog.educastur.es\/eoesieroinfiesto\/wp-json\/wp\/v2\/comments?post=57"}],"version-history":[{"count":6,"href":"https:\/\/edublog.educastur.es\/eoesieroinfiesto\/wp-json\/wp\/v2\/pages\/57\/revisions"}],"predecessor-version":[{"id":88,"href":"https:\/\/edublog.educastur.es\/eoesieroinfiesto\/wp-json\/wp\/v2\/pages\/57\/revisions\/88"}],"wp:attachment":[{"href":"https:\/\/edublog.educastur.es\/eoesieroinfiesto\/wp-json\/wp\/v2\/media?parent=57"}],"curies":[{"name":"wp","href":"https:\/\/api.w.org\/{rel}","templated":true}]}}