{"id":2,"date":"2024-02-03T15:53:26","date_gmt":"2024-02-03T14:53:26","guid":{"rendered":"https:\/\/edublog.educastur.es\/erasmuscepanalon\/?page_id=2"},"modified":"2024-11-20T13:37:55","modified_gmt":"2024-11-20T12:37:55","slug":"quienessomos","status":"publish","type":"page","link":"https:\/\/edublog.educastur.es\/erasmuscepanalon\/quienessomos\/","title":{"rendered":"\u00bfQui\u00e9nes somos?"},"content":{"rendered":"\r\n<p>El Centro de Educaci\u00f3n de Personas Adultas del Nal\u00f3n es un centro educativo dependiente de la Consejer\u00eda de Educaci\u00f3n de Asturias situado en la cuenca del Nal\u00f3n, en Asturias, Espa\u00f1a.<\/p>\r\n<p>Tenemos aulas en Campo de Caso, Pola de Laviana, Sotrondio, La Felguera y Ria\u00f1o.\u00a0<\/p>\r\n<p>Nuestro objetivo, como el resto de los CEPAS de Asturias, no es otro que ofrecer formaci\u00f3n a personas mayores de 18 a\u00f1os que necesitan mejorar su formaci\u00f3n para poder acceder a otras formaciones (Educaci\u00f3n Secundaria, CFGM, CFGS, acceso a la universidad),\u00a0 mejorar sus opciones en el mercado laboral o mejorar y reformar su formaci\u00f3n a nivel personal. Tambi\u00e9n ofrecemos clases de espa\u00f1ol para personas inmigrantes. Finalmente en colaboraci\u00f3n con la plataforma Aula Mentor ofrecemos una alta variedad de cursos en formaci\u00f3n abierta y libre online, promovido por el Ministerio de Educaci\u00f3n y Formaci\u00f3n Profesional de Espa\u00f1a<\/p>\r\n<p>Queremos ahora formar parte de la familia de ERASMUS+ para ofrecerle a nuestro alumnado un horizonte a\u00fan m\u00e1s amplio. Pretendemos que sean conocedores de otras lenguas, culturas y formas de alcanzar objetivos formativos y sociales.<\/p>\r\n<p>&nbsp;<\/p>\r\n","protected":false},"excerpt":{"rendered":"<p>El Centro de Educaci\u00f3n de Personas Adultas del Nal\u00f3n es un centro educativo dependiente de la Consejer\u00eda de Educaci\u00f3n de Asturias situado en la cuenca del Nal\u00f3n, en Asturias, Espa\u00f1a. Tenemos aulas en Campo de Caso, Pola de Laviana, Sotrondio, La Felguera y Ria\u00f1o.\u00a0 Nuestro objetivo, como el resto de los CEPAS de Asturias, no [&hellip;]<\/p>\n","protected":false},"author":3336,"featured_media":0,"parent":0,"menu_order":0,"comment_status":"closed","ping_status":"open","template":"","meta":{"footnotes":""},"class_list":["post-2","page","type-page","status-publish","hentry","post-preview"],"_links":{"self":[{"href":"https:\/\/edublog.educastur.es\/erasmuscepanalon\/wp-json\/wp\/v2\/pages\/2","targetHints":{"allow":["GET"]}}],"collection":[{"href":"https:\/\/edublog.educastur.es\/erasmuscepanalon\/wp-json\/wp\/v2\/pages"}],"about":[{"href":"https:\/\/edublog.educastur.es\/erasmuscepanalon\/wp-json\/wp\/v2\/types\/page"}],"author":[{"embeddable":true,"href":"https:\/\/edublog.educastur.es\/erasmuscepanalon\/wp-json\/wp\/v2\/users\/3336"}],"replies":[{"embeddable":true,"href":"https:\/\/edublog.educastur.es\/erasmuscepanalon\/wp-json\/wp\/v2\/comments?post=2"}],"version-history":[{"count":7,"href":"https:\/\/edublog.educastur.es\/erasmuscepanalon\/wp-json\/wp\/v2\/pages\/2\/revisions"}],"predecessor-version":[{"id":103,"href":"https:\/\/edublog.educastur.es\/erasmuscepanalon\/wp-json\/wp\/v2\/pages\/2\/revisions\/103"}],"wp:attachment":[{"href":"https:\/\/edublog.educastur.es\/erasmuscepanalon\/wp-json\/wp\/v2\/media?parent=2"}],"curies":[{"name":"wp","href":"https:\/\/api.w.org\/{rel}","templated":true}]}}