{"id":144,"date":"2021-09-29T19:30:17","date_gmt":"2021-09-29T19:30:17","guid":{"rendered":"https:\/\/edublog.educastur.es\/erianos\/?page_id=144"},"modified":"2025-02-25T09:46:16","modified_gmt":"2025-02-25T09:46:16","slug":"ciencias-sociales","status":"publish","type":"page","link":"https:\/\/edublog.educastur.es\/erianos\/pagina-de-enlaces\/ciencias-sociales\/","title":{"rendered":"CIENCIAS SOCIALES"},"content":{"rendered":"<h2 class=\"title\">Enlaces. Ciencias Sociales<\/h2>\n<ul>\n<li><strong><span style=\"color: #0000ff\"><a style=\"color: #0000ff\" href=\"http:\/\/www.aemet.es\/es\/portada\" target=\"_blank\" rel=\"noopener noreferrer\">AEMET<\/a><\/span><\/strong><\/li>\n<li><strong><span style=\"color: #0000ff\"><a style=\"color: #0000ff\" href=\"http:\/\/www.esa.int\/esaKIDSes\/index.html\" target=\"_blank\" rel=\"noopener noreferrer\">Agencia Espacial Europea<\/a><\/span><\/strong><\/li>\n<li><strong><span style=\"color: #0000ff\"><a style=\"color: #0000ff\" href=\"http:\/\/www.congreso.es\/consti\/constitucion\/indice\/index.htm\" target=\"_blank\" rel=\"noopener noreferrer\">Constituci\u00f3n espa\u00f1ola de 1978<\/a><\/span><\/strong><\/li>\n<li><strong><span style=\"color: #0000ff\"><a style=\"color: #0000ff\" href=\"https:\/\/www.coordenadas-gps.com\/mapa\/pais\/ES\" target=\"_blank\" rel=\"noopener noreferrer\">Coordenadas geogr\u00e1ficas<\/a><\/span><\/strong><\/li>\n<li><strong><span style=\"color: #0000ff\"><a style=\"color: #0000ff\" href=\"http:\/\/www.mundivideo.com\/coordenadas.htm\" target=\"_blank\" rel=\"noopener noreferrer\">Coordenadas geogr\u00e1ficas I<\/a><\/span><\/strong><\/li>\n<li><strong><span style=\"color: #0000ff\"><a style=\"color: #0000ff\" href=\"http:\/\/naturalezadeasturias.es\/espacios\/accede\/protegidos\/\" target=\"_blank\" rel=\"noopener noreferrer\">Espacios naturales protegidos en Asturias<\/a><\/span><\/strong><\/li>\n<li><strong><span style=\"color: #0000ff\"><a style=\"color: #0000ff\" href=\"http:\/\/www.jms7.com\/evolucion\/crono004.htm\" target=\"_blank\" rel=\"noopener noreferrer\">Evoluci\u00f3n del hombre<\/a><\/span><\/strong><\/li>\n<li><strong><span style=\"color: #0000ff\"><a style=\"color: #0000ff\" href=\"http:\/\/www.meteobuenavista.es\/\" target=\"_blank\" rel=\"noopener noreferrer\">Factores atmosf\u00e9ricos Oviedo<\/a><\/span><\/strong><\/li>\n<li><strong><span style=\"color: #0000ff\"><a style=\"color: #0000ff\" href=\"http:\/\/www.tiki-toki.com\/timeline\/entry\/413028\/Historia-de-la-Humanidad\" target=\"_blank\" rel=\"noopener noreferrer\">Historia de la humanidad<\/a><\/span><\/strong><\/li>\n<li><strong><span style=\"color: #0000ff\"><a style=\"color: #0000ff\" href=\"http:\/\/www.ibge.gov.br\/paisesat\/main.php\" target=\"_blank\" rel=\"noopener noreferrer\">IBGE. PAISES@<\/a><\/span><\/strong><\/li>\n<li><strong><span style=\"color: #0000ff\"><a style=\"color: #0000ff\" href=\"http:\/\/www.educa.jcyl.es\/educacyl\/cm\/gallery\/Recursos%20Infinity\/aplicaciones\/maquina_tiempo\/popup.htm\" target=\"_blank\" rel=\"noopener noreferrer\">La m\u00e1quina del tiempo<\/a><\/span><\/strong><\/li>\n<li><strong><span style=\"color: #0000ff\"><a style=\"color: #0000ff\" href=\"https:\/\/www.geamap.com\/es\/espana#zoom=9&amp;lat=43.331&amp;lon=-5.481&amp;layer=4&amp;overlays=FFFFFFFFFFFFFFFFFFFFFFF\" target=\"_blank\" rel=\"noopener noreferrer\">Mapa topogr\u00e1fico de Espa\u00f1a<\/a><\/span><\/strong><\/li>\n<li><strong><span style=\"color: #0000ff\"><a style=\"color: #0000ff\" href=\"http:\/\/mapasinteractivos.didactalia.net\/comunidad\/mapasflashinteractivos\/recurso\/provincias-de-espaa-puzzle-facil-enrique-alonso\/bb65b746-4c8b-4602-81a5-740d34b68cad\" target=\"_blank\" rel=\"noopener noreferrer\">Mapas interactivos<\/a><\/span><\/strong><\/li>\n<li><strong><span style=\"color: #0000ff\"><a style=\"color: #0000ff\" href=\"http:\/\/www.museoarqueologicodeasturias.com\/sec\/tiempos-prehist%C3%B3ricos\">Museo Arqueol\u00f3gico de Asturias<\/a><\/span><\/strong><\/li>\n<li><strong><span style=\"color: #0000ff\"><a style=\"color: #0000ff\" href=\"https:\/\/spaceplace.nasa.gov\/menu\/space\/sp\/\" target=\"_blank\" rel=\"noopener noreferrer\">NASA- Ciencia<\/a><\/span><\/strong><\/li>\n<li><strong><span style=\"color: #0000ff\"><a style=\"color: #0000ff\" href=\"http:\/\/www.educaplay.com\/es\/recursoseducativos\/567792\/planisferio.htm\" target=\"_blank\" rel=\"noopener noreferrer\">Planisferio interactivo<\/a><\/span><\/strong><\/li>\n<li><strong><span style=\"color: #0000ff\"><a style=\"color: #0000ff\" href=\"https:\/\/educaixa.org\/microsites\/Romanorum_vita\/La%20ciudad%20romana\/index.html\" target=\"_blank\" rel=\"noopener\">Romanorum vita<\/a><\/span><\/strong><\/li>\n<li><strong><span style=\"color: #0000ff\"><a style=\"color: #0000ff\" href=\"http:\/\/es.wikiloc.com\/wikiloc\/home.do\" target=\"_blank\" rel=\"noopener noreferrer\">Rutas y perfiles<\/a><\/span><\/strong><\/li>\n<li><strong><span style=\"color: #0000ff\"><a style=\"color: #0000ff\" href=\"https:\/\/europa.eu\/european-union\/about-eu_es\" target=\"_blank\" rel=\"noopener noreferrer\">Uni\u00f3n Europea<\/a><\/span><\/strong><\/li>\n<li><strong><a href=\"https:\/\/learning-corner.learning.europa.eu\/play-games\/lets-explore-europe_es\" target=\"_blank\" rel=\"noopener\">Vamos a explorar Europa<\/a><\/strong><\/li>\n<li><strong><a href=\"https:\/\/datos.bancomundial.org\/\" target=\"_blank\" rel=\"noopener\">Datos del mundo<\/a><\/strong><\/li>\n<\/ul>\n<p>&nbsp;<\/p>\n","protected":false},"excerpt":{"rendered":"<p>Enlaces. Ciencias Sociales AEMET Agencia Espacial Europea Constituci\u00f3n espa\u00f1ola de 1978 Coordenadas geogr\u00e1ficas Coordenadas geogr\u00e1ficas I Espacios naturales protegidos en Asturias Evoluci\u00f3n del hombre Factores atmosf\u00e9ricos Oviedo Historia de la humanidad IBGE. PAISES@ La m\u00e1quina del tiempo Mapa topogr\u00e1fico de Espa\u00f1a Mapas interactivos Museo Arqueol\u00f3gico de Asturias NASA- Ciencia Planisferio interactivo Romanorum vita Rutas y [&hellip;]<\/p>\n","protected":false},"author":483,"featured_media":158,"parent":61,"menu_order":2,"comment_status":"closed","ping_status":"closed","template":"","meta":{"footnotes":""},"class_list":["post-144","page","type-page","status-publish","has-post-thumbnail","hentry"],"_links":{"self":[{"href":"https:\/\/edublog.educastur.es\/erianos\/wp-json\/wp\/v2\/pages\/144","targetHints":{"allow":["GET"]}}],"collection":[{"href":"https:\/\/edublog.educastur.es\/erianos\/wp-json\/wp\/v2\/pages"}],"about":[{"href":"https:\/\/edublog.educastur.es\/erianos\/wp-json\/wp\/v2\/types\/page"}],"author":[{"embeddable":true,"href":"https:\/\/edublog.educastur.es\/erianos\/wp-json\/wp\/v2\/users\/483"}],"replies":[{"embeddable":true,"href":"https:\/\/edublog.educastur.es\/erianos\/wp-json\/wp\/v2\/comments?post=144"}],"version-history":[{"count":9,"href":"https:\/\/edublog.educastur.es\/erianos\/wp-json\/wp\/v2\/pages\/144\/revisions"}],"predecessor-version":[{"id":389,"href":"https:\/\/edublog.educastur.es\/erianos\/wp-json\/wp\/v2\/pages\/144\/revisions\/389"}],"up":[{"embeddable":true,"href":"https:\/\/edublog.educastur.es\/erianos\/wp-json\/wp\/v2\/pages\/61"}],"wp:featuredmedia":[{"embeddable":true,"href":"https:\/\/edublog.educastur.es\/erianos\/wp-json\/wp\/v2\/media\/158"}],"wp:attachment":[{"href":"https:\/\/edublog.educastur.es\/erianos\/wp-json\/wp\/v2\/media?parent=144"}],"curies":[{"name":"wp","href":"https:\/\/api.w.org\/{rel}","templated":true}]}}