{"id":161,"date":"2021-09-29T19:50:03","date_gmt":"2021-09-29T19:50:03","guid":{"rendered":"https:\/\/edublog.educastur.es\/erianos\/?page_id=161"},"modified":"2022-05-15T14:28:19","modified_gmt":"2022-05-15T14:28:19","slug":"lengua","status":"publish","type":"page","link":"https:\/\/edublog.educastur.es\/erianos\/pagina-de-enlaces\/lengua\/","title":{"rendered":"LENGUA"},"content":{"rendered":"<h2 class=\"title\">Enlaces. Lengua<\/h2>\n<ul>\n<li><strong><span style=\"color: #0000ff\"><a style=\"color: #0000ff\" href=\"http:\/\/www.rae.es\/\" target=\"_blank\" rel=\"noopener noreferrer\">REAL ACADEMIA ESPA\u00d1OLA<\/a><\/span><\/strong><\/li>\n<li><strong><span style=\"color: #0000ff\"><a style=\"color: #0000ff\" href=\"https:\/\/www.wordreference.com\/sinonimos\/\" target=\"_blank\" rel=\"noopener\">Diccionario de sin\u00f3nimos y ant\u00f3nimos.<\/a><\/span><\/strong><\/li>\n<li><strong><span style=\"color: #0000ff\"><a style=\"color: #0000ff\" href=\"http:\/\/antologiapoeticamultimedia.blogspot.com.es\/p\/music.html\" target=\"_blank\" rel=\"noopener noreferrer\">Antolog\u00eda poetica multimedia<\/a><\/span><\/strong><\/li>\n<li><strong><span style=\"color: #0000ff\"><a style=\"color: #0000ff\" href=\"https:\/\/listas.20minutos.es\/lista\/21-poemas-con-letra-y-musica-369434\/http:\/\/\" target=\"_blank\" rel=\"noopener noreferrer\">Poemas con m\u00fasica<\/a><\/span><\/strong><\/li>\n<li><strong><span style=\"color: #0000ff\"><a style=\"color: #0000ff\" href=\"http:\/\/www.aprenderespanol.org\/gramatica\/acentuacion-diptongos-hiatos.html\" target=\"_blank\" rel=\"noopener noreferrer\">Diptongos e hiatos<\/a><\/span><\/strong><\/li>\n<li><strong><span style=\"color: #0000ff\"><a style=\"color: #0000ff\" href=\"http:\/\/reglasdeortografia.com\/ortoindice.html\" target=\"_blank\" rel=\"noopener noreferrer\">Ejercicios de ortograf\u00eda<\/a><\/span><\/strong><\/li>\n<li><strong><span style=\"color: #0000ff\"><a style=\"color: #0000ff\" href=\"https:\/\/drive.google.com\/open?id=10jb9BqjZkUsNggAl6DdiDPGS3E16JhJn\" target=\"_blank\" rel=\"noopener noreferrer\">El lazarillo de Tormes<\/a><\/span><\/strong><\/li>\n<li><strong><span style=\"color: #0000ff\"><a style=\"color: #0000ff\" href=\"http:\/\/www.ceiploreto.es\/sugerencias\/juntadeandalucia\/fondolector\/\" target=\"_blank\" rel=\"noopener noreferrer\">FONDO LECTOR<\/a><\/span><\/strong><\/li>\n<li><strong><span style=\"color: #0000ff\"><a style=\"color: #0000ff\" href=\"http:\/\/www.vedoque.com\/juegos\/ortografia-vedoque.swf?idioma=es\" target=\"_blank\" rel=\"noopener noreferrer\">Juego de ortograf\u00eda<\/a><\/span><\/strong><\/li>\n<li><strong><span style=\"color: #0000ff\"><a style=\"color: #0000ff\" href=\"http:\/\/roble.pntic.mec.es\/arum0010\/temas\/ortografia.htm\" target=\"_blank\" rel=\"noopener noreferrer\">Juegos de ortograf\u00eda variados<\/a><\/span><\/strong><\/li>\n<li><strong><span style=\"color: #0000ff\"><a style=\"color: #0000ff\" href=\"http:\/\/www.elhuevodechocolate.com\/poesias.htm\" target=\"_blank\" rel=\"noopener noreferrer\">Poes\u00edas. El huevo de chocolate.<\/a><\/span><\/strong><\/li>\n<li><strong><span style=\"color: #0000ff\"><a style=\"color: #0000ff\" href=\"http:\/\/kiosko.net\/\" target=\"_blank\" rel=\"noopener noreferrer\">Prensa<\/a><\/span><\/strong><\/li>\n<li><strong><span style=\"color: #0000ff\"><a style=\"color: #0000ff\" href=\"http:\/\/www.rinconcastellano.com\/biblio\/edadmedia\/\" target=\"_blank\" rel=\"noopener noreferrer\">Rinc\u00f3n literario. Romancero<\/a><\/span><\/strong><\/li>\n<li><strong><span style=\"color: #0000ff\"><a style=\"color: #0000ff\" href=\"http:\/\/www.opentrad.com\" target=\"_blank\" rel=\"noopener noreferrer\">Traductor<\/a><\/span><\/strong><\/li>\n<li><strong><span style=\"color: #0000ff\"><a style=\"color: #0000ff\" href=\"http:\/\/www.conjugacion.es\/\" target=\"_blank\" rel=\"noopener noreferrer\">Conjugar un verbo<\/a><\/span><\/strong><\/li>\n<li><strong><span style=\"color: #0000ff\"><a style=\"color: #0000ff\" href=\"http:\/\/www.verbolog.com\/conjuga.htm\" target=\"_blank\" rel=\"noopener noreferrer\">Verbos conjugados<\/a><\/span><\/strong><\/li>\n<li><strong><span style=\"color: #0000ff\"><a style=\"color: #0000ff\" href=\"https:\/\/tulengua.es\/silabas\/\" target=\"_blank\" rel=\"noopener\">Separador de s\u00edlabas.<\/a><\/span><\/strong><\/li>\n<li><strong><span style=\"color: #0000ff\"><a style=\"color: #0000ff\" href=\"https:\/\/www.separarensilabas.com\/index.php\" target=\"_blank\" rel=\"noopener\">Separador y contador de s\u00edlabas.<\/a><\/span><\/strong><\/li>\n<li><a href=\"https:\/\/sintaxis.org\/analizador\/\" target=\"_blank\" rel=\"noopener\">Analizador sint\u00e1ctico.<\/a><\/li>\n<\/ul>\n","protected":false},"excerpt":{"rendered":"<p>Enlaces. Lengua REAL ACADEMIA ESPA\u00d1OLA Diccionario de sin\u00f3nimos y ant\u00f3nimos. Antolog\u00eda poetica multimedia Poemas con m\u00fasica Diptongos e hiatos Ejercicios de ortograf\u00eda El lazarillo de Tormes FONDO LECTOR Juego de ortograf\u00eda Juegos de ortograf\u00eda variados Poes\u00edas. El huevo de chocolate. Prensa Rinc\u00f3n literario. Romancero Traductor Conjugar un verbo Verbos conjugados Separador de s\u00edlabas. Separador y [&hellip;]<\/p>\n","protected":false},"author":483,"featured_media":165,"parent":61,"menu_order":0,"comment_status":"closed","ping_status":"closed","template":"","meta":{"footnotes":""},"class_list":["post-161","page","type-page","status-publish","has-post-thumbnail","hentry"],"_links":{"self":[{"href":"https:\/\/edublog.educastur.es\/erianos\/wp-json\/wp\/v2\/pages\/161","targetHints":{"allow":["GET"]}}],"collection":[{"href":"https:\/\/edublog.educastur.es\/erianos\/wp-json\/wp\/v2\/pages"}],"about":[{"href":"https:\/\/edublog.educastur.es\/erianos\/wp-json\/wp\/v2\/types\/page"}],"author":[{"embeddable":true,"href":"https:\/\/edublog.educastur.es\/erianos\/wp-json\/wp\/v2\/users\/483"}],"replies":[{"embeddable":true,"href":"https:\/\/edublog.educastur.es\/erianos\/wp-json\/wp\/v2\/comments?post=161"}],"version-history":[{"count":9,"href":"https:\/\/edublog.educastur.es\/erianos\/wp-json\/wp\/v2\/pages\/161\/revisions"}],"predecessor-version":[{"id":258,"href":"https:\/\/edublog.educastur.es\/erianos\/wp-json\/wp\/v2\/pages\/161\/revisions\/258"}],"up":[{"embeddable":true,"href":"https:\/\/edublog.educastur.es\/erianos\/wp-json\/wp\/v2\/pages\/61"}],"wp:featuredmedia":[{"embeddable":true,"href":"https:\/\/edublog.educastur.es\/erianos\/wp-json\/wp\/v2\/media\/165"}],"wp:attachment":[{"href":"https:\/\/edublog.educastur.es\/erianos\/wp-json\/wp\/v2\/media?parent=161"}],"curies":[{"name":"wp","href":"https:\/\/api.w.org\/{rel}","templated":true}]}}