{"id":163,"date":"2021-09-29T19:52:44","date_gmt":"2021-09-29T19:52:44","guid":{"rendered":"https:\/\/edublog.educastur.es\/erianos\/?page_id=163"},"modified":"2024-01-21T19:50:25","modified_gmt":"2024-01-21T19:50:25","slug":"matematicas","status":"publish","type":"page","link":"https:\/\/edublog.educastur.es\/erianos\/pagina-de-enlaces\/matematicas\/","title":{"rendered":"MATEM\u00c1TICAS"},"content":{"rendered":"<h2 class=\"title\">Enlaces. Matem\u00e1ticas<\/h2>\n<ul>\n<li><strong><span style=\"color: #0000ff\"><a style=\"color: #0000ff\" href=\"https:\/\/www.vedoque.com\/juegos\/granja-matematicas.html\" target=\"_blank\" rel=\"noopener\">C\u00e1lculo mental- La granja<\/a><\/span><\/strong><\/li>\n<li><strong><span style=\"color: #0000ff\"><a style=\"color: #0000ff\" href=\"https:\/\/www.arcademics.com\/games\/grand-prix\" target=\"_blank\" rel=\"noopener\">C\u00e1lculo mental- Grand Prix<\/a><\/span><\/strong><\/li>\n<li><strong><span style=\"color: #0000ff\"><a style=\"color: #0000ff\" href=\"https:\/\/www.geogebra.org\/m\/X5vTCHSr\" target=\"_blank\" rel=\"noopener noreferrer\">\u00c1baco japon\u00e9s<\/a><\/span><\/strong><\/li>\n<li><strong><span style=\"color: #0000ff\"><a style=\"color: #0000ff\" href=\"http:\/\/web2.0calc.es\/\" target=\"_blank\" rel=\"noopener noreferrer\">Calculadora<\/a><\/span><\/strong><\/li>\n<li><strong><span style=\"color: #0000ff\"><a style=\"color: #0000ff\" href=\"https:\/\/www.geogebra.org\/m\/tjrxuhmN\" target=\"_blank\" rel=\"noopener\">Cuerpos geom\u00e9tricos (Geogebra)<\/a><\/span><\/strong><\/li>\n<li><strong><span style=\"color: #0000ff\"><a style=\"color: #0000ff\" href=\"http:\/\/laboratoriodematematicas.es\/\" target=\"_blank\" rel=\"noopener\">Laboratorio de matem\u00e1ticas<\/a><\/span><\/strong><\/li>\n<li><a href=\"http:\/\/www.eltanquematematico.es\/\" target=\"_blank\" rel=\"noopener\"><strong>El Tanque de Matem\u00e1tico<\/strong><\/a><\/li>\n<li><a href=\"https:\/\/phet.colorado.edu\/sims\/html\/fractions-intro\/latest\/fractions-intro_es_PE.html\" target=\"_blank\" rel=\"noopener\">Fracciones<\/a><\/li>\n<li><a href=\"https:\/\/phet.colorado.edu\/sims\/html\/fractions-equality\/latest\/fractions-equality_es_PE.html\" target=\"_blank\" rel=\"noopener\">Fracciones equivalentes<\/a><\/li>\n<li><strong><span style=\"color: #0000ff\"><a style=\"color: #0000ff\" href=\"http:\/\/www.iesmurgi.org\/fyq\/pdf\/manualsoroban.pdf\" target=\"_blank\" rel=\"noopener\">Manual \u00e1baco japon\u00e9s<\/a><\/span><\/strong><\/li>\n<li><strong><span style=\"color: #0000ff\"><a style=\"color: #0000ff\" href=\"https:\/\/www.mundoprimaria.com\/juegos-educativos\/juegos-matematicas\" target=\"_blank\" rel=\"noopener\">Mundoprimaria<\/a><\/span><\/strong><\/li>\n<li><strong><span style=\"color: #0000ff\"><a style=\"color: #0000ff\" href=\"https:\/\/www.winmates.net\/ejer\/calcu0.php\" target=\"_blank\" rel=\"noopener\">Winmates<\/a><\/span><\/strong><\/li>\n<li><strong><span style=\"color: #0000ff\"><a style=\"color: #0000ff\" href=\"http:\/\/www3.gobiernodecanarias.org\/medusa\/eltanquematematico\/todo_mate\/actividades5\/tema1_5_p.html\" target=\"_blank\" rel=\"noopener noreferrer\">N\u00fameros romanos<\/a><\/span><\/strong><\/li>\n<li><strong><span style=\"color: #0000ff\"><a style=\"color: #0000ff\" href=\"http:\/\/www.sudoku-online.org\/\" target=\"_blank\" rel=\"noopener noreferrer\">SUDOKUS<\/a><\/span><\/strong><\/li>\n<li><strong><span style=\"color: #0000ff\"><a style=\"color: #0000ff\" href=\"https:\/\/xuliob.wixsite.com\/cursooviedo\/iniciacion\" target=\"_blank\" rel=\"noopener\">Pensamiento computacional<\/a><\/span><\/strong><\/li>\n<li><strong><a href=\"https:\/\/scratch.mit.edu\/\" target=\"_blank\" rel=\"noopener\">Scratch<\/a><\/strong><\/li>\n<li><strong><a href=\"https:\/\/procomun.intef.es\/search-results?variables%5Bparams%5D%5Bquery%5D=&amp;variables%5Bparams%5D%5Bpage%5D=0&amp;variables%5Bparams%5D%5Bf%5D%5B0%5D=knowledgeArea%3AMatem%C3%A1ticas&amp;variables%5Bparams%5D%5Bf%5D%5B1%5D=learningContext%3A10%20-%2011%20a%C3%B1os%20\/%20Quinto%20curso&amp;variables%5Bparams%5D%5Btype%5D=ODE&amp;variables%5Bparams%5D%5Bsort%5D=&amp;variables%5Bparams%5D%5Buid%5D=0\" target=\"_blank\" rel=\"noopener\">Procom\u00fan-Proyecto Gauss<\/a><\/strong><\/li>\n<li><strong><a href=\"http:\/\/descargas.pntic.mec.es\/cedec\/mat3\/contenidos\/u12\/M3_U12_contenidos\/index.html\" target=\"_blank\" rel=\"noopener\">Tareas de\u00a0 probabilidad<\/a><\/strong><\/li>\n<li><a href=\"https:\/\/www.geogebra.org\/m\/wrhhdm5u\" target=\"_blank\" rel=\"noopener\">Geometr\u00eda para Primaria- Geogebra<\/a><\/li>\n<\/ul>\n","protected":false},"excerpt":{"rendered":"<p>Enlaces. Matem\u00e1ticas C\u00e1lculo mental- La granja C\u00e1lculo mental- Grand Prix \u00c1baco japon\u00e9s Calculadora Cuerpos geom\u00e9tricos (Geogebra) Laboratorio de matem\u00e1ticas El Tanque de Matem\u00e1tico Fracciones Fracciones equivalentes Manual \u00e1baco japon\u00e9s Mundoprimaria Winmates N\u00fameros romanos SUDOKUS Pensamiento computacional Scratch Procom\u00fan-Proyecto Gauss Tareas de\u00a0 probabilidad Geometr\u00eda para Primaria- Geogebra<\/p>\n","protected":false},"author":483,"featured_media":174,"parent":61,"menu_order":0,"comment_status":"closed","ping_status":"closed","template":"","meta":{"footnotes":""},"class_list":["post-163","page","type-page","status-publish","has-post-thumbnail","hentry"],"_links":{"self":[{"href":"https:\/\/edublog.educastur.es\/erianos\/wp-json\/wp\/v2\/pages\/163","targetHints":{"allow":["GET"]}}],"collection":[{"href":"https:\/\/edublog.educastur.es\/erianos\/wp-json\/wp\/v2\/pages"}],"about":[{"href":"https:\/\/edublog.educastur.es\/erianos\/wp-json\/wp\/v2\/types\/page"}],"author":[{"embeddable":true,"href":"https:\/\/edublog.educastur.es\/erianos\/wp-json\/wp\/v2\/users\/483"}],"replies":[{"embeddable":true,"href":"https:\/\/edublog.educastur.es\/erianos\/wp-json\/wp\/v2\/comments?post=163"}],"version-history":[{"count":14,"href":"https:\/\/edublog.educastur.es\/erianos\/wp-json\/wp\/v2\/pages\/163\/revisions"}],"predecessor-version":[{"id":353,"href":"https:\/\/edublog.educastur.es\/erianos\/wp-json\/wp\/v2\/pages\/163\/revisions\/353"}],"up":[{"embeddable":true,"href":"https:\/\/edublog.educastur.es\/erianos\/wp-json\/wp\/v2\/pages\/61"}],"wp:featuredmedia":[{"embeddable":true,"href":"https:\/\/edublog.educastur.es\/erianos\/wp-json\/wp\/v2\/media\/174"}],"wp:attachment":[{"href":"https:\/\/edublog.educastur.es\/erianos\/wp-json\/wp\/v2\/media?parent=163"}],"curies":[{"name":"wp","href":"https:\/\/api.w.org\/{rel}","templated":true}]}}