{"id":184,"date":"2021-09-29T20:42:43","date_gmt":"2021-09-29T20:42:43","guid":{"rendered":"https:\/\/edublog.educastur.es\/erianos\/?page_id=184"},"modified":"2024-04-15T20:16:39","modified_gmt":"2024-04-15T20:16:39","slug":"cultura-asturiana","status":"publish","type":"page","link":"https:\/\/edublog.educastur.es\/erianos\/pagina-de-enlaces\/cultura-asturiana\/","title":{"rendered":"CULTURA ASTURIANA"},"content":{"rendered":"<h2 class=\"title\">Enlaces. Cultura Asturiana<\/h2>\n<ul>\n<li><strong><a href=\"https:\/\/makebeliefscomix.com\/Comix\/\" target=\"_blank\" rel=\"noopener\">P\u00e1gina para crear comics<\/a><\/strong><\/li>\n<li><strong><span style=\"color: #0000ff\"><a style=\"color: #0000ff\" href=\"https:\/\/sway.office.com\/HM1OCl8DubJmePHf?ref=Link\" target=\"_blank\" rel=\"noopener noreferrer\">COMICS-Textos de trasmisi\u00f3n oral.<\/a><\/span><\/strong><\/li>\n<li><strong><span style=\"color: #0000ff\"><a style=\"color: #0000ff\" href=\"https:\/\/www.asturias.es\/Asturias\/descargas\/imagen_institucional\/estatuto.pdf\" target=\"_blank\" rel=\"noopener noreferrer\">Estatuto de Autonom\u00eda del Principado de Asturias<\/a><\/span><\/strong><\/li>\n<li><strong><span style=\"color: #0000ff\"><a style=\"color: #0000ff\" title=\"Edad Moderna y Contemporanea\" href=\"http:\/\/asturies.com\/belenos\/memoriacelta\/castellano\/Hestoria23.htm\" target=\"_blank\" rel=\"noopener noreferrer\">Historia de Asturias II<\/a><\/span><\/strong><\/li>\n<li><strong><span style=\"color: #0000ff\"><a style=\"color: #0000ff\" href=\"http:\/\/www.asturias.es\/portal\/site\/webasturias\/menuitem.4b280f8214549ead3e2d6f77f2300030\/?vgnextoid=82b98b2db5f4e010VgnVCM100000b0030a0aRCRD&amp;i18n.http.lang=es\" target=\"_blank\" rel=\"noopener noreferrer\">Historia de Asturias III<\/a><\/span><\/strong><\/li>\n<li><strong><span style=\"color: #0000ff\"><a style=\"color: #0000ff\" href=\"https:\/\/tonoreguera.wordpress.com\/europa\/espana\/asturias\/\" target=\"_blank\" rel=\"noopener noreferrer\">Instrumentos musicales tradicionales<\/a><\/span><\/strong><\/li>\n<li><strong><span style=\"color: #0000ff\"><a style=\"color: #0000ff\" href=\"http:\/\/www.jgpa.es\/\" target=\"_blank\" rel=\"noopener noreferrer\">Junta General del Principado de Asturias<\/a><\/span><\/strong><\/li>\n<li><a href=\"https:\/\/www.museodegrandas.es\/\" target=\"_blank\" rel=\"noopener\"><strong><span style=\"color: #0000ff\">Museo etnogr\u00e1fico de Grandas de Salime<\/span><\/strong><\/a><\/li>\n<li><strong><span style=\"color: #0000ff\"><a style=\"color: #0000ff\" href=\"https:\/\/sway.office.com\/ef8NCa7SFhJ3p4di?ref=Link&amp;loc=play\" target=\"_blank\" rel=\"noopener noreferrer\">Museo etnogr\u00e1fico virtual de La Er\u00eda<\/a><\/span><\/strong><\/li>\n<li><strong><span style=\"color: #0000ff\"><a style=\"color: #0000ff\" href=\"http:\/\/mas.lne.es\/toponimia\/index.php?palabra=Oviedo&amp;buscar=Buscar\" target=\"_blank\" rel=\"noopener noreferrer\">Toponimia asturiana<\/a><\/span><\/strong><\/li>\n<li><strong><span style=\"color: #0000ff\"><a style=\"color: #0000ff\" href=\"http:\/\/www.minasdeasturias.es\/\" target=\"_blank\" rel=\"noopener\">Minas de Asturias<\/a><\/span><\/strong><\/li>\n<\/ul>\n","protected":false},"excerpt":{"rendered":"<p>Enlaces. Cultura Asturiana P\u00e1gina para crear comics COMICS-Textos de trasmisi\u00f3n oral. Estatuto de Autonom\u00eda del Principado de Asturias Historia de Asturias II Historia de Asturias III Instrumentos musicales tradicionales Junta General del Principado de Asturias Museo etnogr\u00e1fico de Grandas de Salime Museo etnogr\u00e1fico virtual de La Er\u00eda Toponimia asturiana Minas de Asturias<\/p>\n","protected":false},"author":483,"featured_media":188,"parent":61,"menu_order":0,"comment_status":"closed","ping_status":"closed","template":"","meta":{"footnotes":""},"class_list":["post-184","page","type-page","status-publish","has-post-thumbnail","hentry"],"_links":{"self":[{"href":"https:\/\/edublog.educastur.es\/erianos\/wp-json\/wp\/v2\/pages\/184","targetHints":{"allow":["GET"]}}],"collection":[{"href":"https:\/\/edublog.educastur.es\/erianos\/wp-json\/wp\/v2\/pages"}],"about":[{"href":"https:\/\/edublog.educastur.es\/erianos\/wp-json\/wp\/v2\/types\/page"}],"author":[{"embeddable":true,"href":"https:\/\/edublog.educastur.es\/erianos\/wp-json\/wp\/v2\/users\/483"}],"replies":[{"embeddable":true,"href":"https:\/\/edublog.educastur.es\/erianos\/wp-json\/wp\/v2\/comments?post=184"}],"version-history":[{"count":6,"href":"https:\/\/edublog.educastur.es\/erianos\/wp-json\/wp\/v2\/pages\/184\/revisions"}],"predecessor-version":[{"id":378,"href":"https:\/\/edublog.educastur.es\/erianos\/wp-json\/wp\/v2\/pages\/184\/revisions\/378"}],"up":[{"embeddable":true,"href":"https:\/\/edublog.educastur.es\/erianos\/wp-json\/wp\/v2\/pages\/61"}],"wp:featuredmedia":[{"embeddable":true,"href":"https:\/\/edublog.educastur.es\/erianos\/wp-json\/wp\/v2\/media\/188"}],"wp:attachment":[{"href":"https:\/\/edublog.educastur.es\/erianos\/wp-json\/wp\/v2\/media?parent=184"}],"curies":[{"name":"wp","href":"https:\/\/api.w.org\/{rel}","templated":true}]}}