{"id":61,"date":"2020-10-04T14:35:18","date_gmt":"2020-10-04T14:35:18","guid":{"rendered":"https:\/\/edublog.educastur.es\/erianos\/?page_id=61"},"modified":"2021-09-29T19:39:59","modified_gmt":"2021-09-29T19:39:59","slug":"pagina-de-enlaces","status":"publish","type":"page","link":"https:\/\/edublog.educastur.es\/erianos\/pagina-de-enlaces\/","title":{"rendered":"ENLACES EDUCATIVOS"},"content":{"rendered":"<div id=\"links\" class=\"widget widget_links\">\n<h2><\/h2>\n<h2 class=\"title\">Enlaces. Ciencias Naturales<\/h2>\n<ul>\n<li><a href=\"https:\/\/www.bioenciclopedia.com\/la-celula\/\" target=\"_blank\" rel=\"noopener noreferrer\">La c\u00e9lula<\/a><\/li>\n<li>El microscopio<\/li>\n<li><a href=\"https:\/\/mmegias.webs.uvigo.es\/7-micro-virtual\/html5\/inicio-html5-todas.html\" target=\"_blank\" rel=\"noopener\">Muestras de tejidos celulares<\/a><\/li>\n<li><a href=\"http:\/\/agrega.juntadeandalucia.es\/visualizar\/es\/es-an_2016012714_9125937\/false\" target=\"_blank\" rel=\"noopener noreferrer\">Cuerpo humano<\/a><\/li>\n<li><a href=\"https:\/\/www.youtube.com\/watch?v=f6rJ83TRm_g\" target=\"_blank\" rel=\"noopener noreferrer\">Aparato excretor<\/a><\/li>\n<li><a href=\"https:\/\/www.youtube.com\/watch?v=CEmcS_FPu2k\" target=\"_blank\" rel=\"noopener noreferrer\">Aparato respiratorio<\/a><\/li>\n<li><a href=\"https:\/\/www.youtube.com\/watch?v=fXMG0DAu9U0\" target=\"_blank\" rel=\"noopener noreferrer\">Aparato circulatorio<\/a><\/li>\n<li><a href=\"https:\/\/www.youtube.com\/watch?v=ypfzZLJmLWo\">Erase una vez&#8230; la sangre<\/a><\/li>\n<li><a href=\"https:\/\/www.youtube.com\/watch?v=_qZSAjJOuSg\" target=\"_blank\" rel=\"noopener noreferrer\">Aparato digestivo<\/a><\/li>\n<li><a href=\"https:\/\/www.youtube.com\/watch?v=_jbw0FxnaQE\">Digesti\u00f3n<\/a><\/li>\n<li>Los sentidos<\/li>\n<li><a href=\"http:\/\/es.slideshare.net\/crecerenelcolegio\/6-cm01-la-reproduccin-en-los-seres-vivos\" target=\"_blank\" rel=\"noopener noreferrer\">La reproducci\u00f3n en los seres vivos.<\/a><\/li>\n<li><a href=\"https:\/\/cienciasnaturales.didactalia.net\/\" target=\"_blank\" rel=\"noopener noreferrer\">Juego del cuerpo humano<\/a><\/li>\n<li><a href=\"http:\/\/recursostic.educacion.es\/secundaria\/edad\/1esobiologia\/1quincena9\/1quincena9_contenidos_2a.htm\" target=\"_blank\" rel=\"noopener noreferrer\">Clasificaci\u00f3n de los seres vivos<\/a><\/li>\n<li><a href=\"http:\/\/www.youtube.com\/watch?v=B6bs6Z5wTVM\" target=\"_blank\" rel=\"noopener noreferrer\">El viaje de la mariposa Monarca<\/a><\/li>\n<li><a href=\"https:\/\/ambientech.org\/ambientech\/spa\/animation\/las-sustancias-puras-y-las-mezclas\" target=\"_blank\" rel=\"noopener\">Sustancias puras y mezclas.<\/a><\/li>\n<li><a href=\"http:\/\/www.areatecnologia.com\/TUTORIALES\/ELECTRICIDAD.htm\" target=\"_blank\" rel=\"noopener noreferrer\">Electricidad<\/a><\/li>\n<li>Experiencia sobre masa, volumen y densidad de la materia<\/li>\n<li><a href=\"https:\/\/botanico.gijon.es\/\" target=\"_blank\" rel=\"noopener noreferrer\">Jard\u00edn bot\u00e1nico de Gij\u00f3n<\/a><\/li>\n<li>Las Plantas<\/li>\n<li><a href=\"http:\/\/pendientedemigracion.ucm.es\/info\/diciex\/programas\/las-rocas\/tiposderocas\/principal1.html\" target=\"_blank\" rel=\"noopener noreferrer\">Las rocas<\/a><\/li>\n<li>M\u00e1quinas<\/li>\n<li><a href=\"http:\/\/www.gmalicante.org\/MUNDO\/MINEMUNDO.htm\" target=\"_blank\" rel=\"noopener noreferrer\">Minerales<\/a><\/li>\n<li><a href=\"https:\/\/www.youtube.com\/watch?v=6-udN4cZ6HU\" target=\"_blank\" rel=\"noopener noreferrer\">Motor de combusti\u00f3n interna<\/a><\/li>\n<li><a href=\"https:\/\/sites.google.com\/site\/palacorre\/\" target=\"_blank\" rel=\"noopener noreferrer\">Palacorre<\/a><\/li>\n<li><a href=\"https:\/\/scratch.mit.edu\/\" target=\"_blank\" rel=\"noopener noreferrer\">Rob\u00f3tica. Scratch<\/a><\/li>\n<li><a href=\"http:\/\/www.batiburrillo.net\/webquest-la-reproduccion-en-el-ser-humano\/\" target=\"_blank\" rel=\"noopener noreferrer\">Webquest &#8211; La reproducci\u00f3n humana<\/a><\/li>\n<li><a href=\"http:\/\/procomun.educalab.es\/es\/ode\/view\/1416349674596\" target=\"_blank\" rel=\"noopener noreferrer\">Webquest sobre electricidad<\/a><\/li>\n<li><a href=\"https:\/\/www.mozaweb.com\/es\/lexikon.php?cmd=getlist&amp;let=3D&amp;sid=BIO\">Reproductor en 3D<\/a><\/li>\n<\/ul>\n<div id=\"links\" class=\"widget widget_links\">\n<h2 class=\"title\">Enlaces. Ciencias Sociales<\/h2>\n<ul>\n<li><a href=\"http:\/\/www.aemet.es\/es\/portada\" target=\"_blank\" rel=\"noopener noreferrer\">AEMET<\/a><\/li>\n<li><a href=\"http:\/\/www.esa.int\/esaKIDSes\/index.html\" target=\"_blank\" rel=\"noopener noreferrer\">Agencia Espacial Europea<\/a><\/li>\n<li><a href=\"http:\/\/www.congreso.es\/consti\/constitucion\/indice\/index.htm\" target=\"_blank\" rel=\"noopener noreferrer\">Constituci\u00f3n espa\u00f1ola de 1978<\/a><\/li>\n<li><a href=\"https:\/\/www.coordenadas-gps.com\/mapa\/pais\/ES\" target=\"_blank\" rel=\"noopener noreferrer\">Coordenadas geogr\u00e1ficas<\/a><\/li>\n<li><a href=\"http:\/\/www.mundivideo.com\/coordenadas.htm\" target=\"_blank\" rel=\"noopener noreferrer\">Coordenadas geogr\u00e1ficas I<\/a><\/li>\n<li><a href=\"http:\/\/naturalezadeasturias.es\/espacios\/accede\/protegidos\/\" target=\"_blank\" rel=\"noopener noreferrer\">Espacios naturales protegidos en Asturias<\/a><\/li>\n<li><a href=\"http:\/\/www.jms7.com\/evolucion\/crono004.htm\" target=\"_blank\" rel=\"noopener noreferrer\">Evoluci\u00f3n del hombre<\/a><\/li>\n<li><a href=\"https:\/\/www.meteoclimatic.net\/perfil\/ESAST3300000033006A\" target=\"_blank\" rel=\"noopener noreferrer\">Factores atmosf\u00e9ricos Oviedo<\/a><\/li>\n<li><a href=\"http:\/\/www.tiki-toki.com\/timeline\/entry\/413028\/Historia-de-la-Humanidad\" target=\"_blank\" rel=\"noopener noreferrer\">Historia de la humanidad<\/a><\/li>\n<li><a href=\"http:\/\/www.ibge.gov.br\/paisesat\/main.php\" target=\"_blank\" rel=\"noopener noreferrer\">IBGE. PAISES@<\/a><\/li>\n<li><a href=\"http:\/\/www.educa.jcyl.es\/educacyl\/cm\/gallery\/Recursos%20Infinity\/aplicaciones\/maquina_tiempo\/popup.htm\" target=\"_blank\" rel=\"noopener noreferrer\">La m\u00e1quina del tiempo<\/a><\/li>\n<li><a href=\"http:\/\/mapadebolsillo.com\/visor-topografico-de-espana\/\" target=\"_blank\" rel=\"noopener noreferrer\">Mapa topogr\u00e1fico de Espa\u00f1a<\/a><\/li>\n<li><a href=\"http:\/\/mapasinteractivos.didactalia.net\/comunidad\/mapasflashinteractivos\/recurso\/provincias-de-espaa-puzzle-facil-enrique-alonso\/bb65b746-4c8b-4602-81a5-740d34b68cad\" target=\"_blank\" rel=\"noopener noreferrer\">Mapas interactivos<\/a><\/li>\n<li><a href=\"http:\/\/www.museoarqueologicodeasturias.com\/sec\/tiempos-prehist%C3%B3ricos\">Museo Arqueol\u00f3gico de Asturias<\/a><\/li>\n<li><a href=\"https:\/\/spaceplace.nasa.gov\/menu\/space\/sp\/\" target=\"_blank\" rel=\"noopener noreferrer\">NASA- Ciencia<\/a><\/li>\n<li><a href=\"http:\/\/www.educaplay.com\/es\/recursoseducativos\/567792\/planisferio.htm\" target=\"_blank\" rel=\"noopener noreferrer\">Planisferio interactivo<\/a><\/li>\n<li><a href=\"https:\/\/educaixa.org\/microsites\/Romanorum_vita\/La%20ciudad%20romana\/index.html\" target=\"_blank\" rel=\"noopener\">Romanorum vita<\/a><\/li>\n<li><a href=\"http:\/\/es.wikiloc.com\/wikiloc\/home.do\" target=\"_blank\" rel=\"noopener noreferrer\">Rutas y perfiles<\/a><\/li>\n<li><a href=\"https:\/\/europa.eu\/european-union\/about-eu_es\" target=\"_blank\" rel=\"noopener noreferrer\">Uni\u00f3n Europea<\/a><\/li>\n<\/ul>\n<div id=\"links\" class=\"widget widget_links\">\n<h2 class=\"title\">Enlaces. Lengua<\/h2>\n<ul>\n<li><a href=\"http:\/\/antologiapoeticamultimedia.blogspot.com.es\/p\/music.html\" target=\"_blank\" rel=\"noopener noreferrer\">Antolog\u00eda poetica multimedia<\/a><\/li>\n<li><a href=\"http:\/\/www.conjugacion.es\/\" target=\"_blank\" rel=\"noopener noreferrer\">Conjugar un verbo<\/a><\/li>\n<li><a href=\"http:\/\/www.sinonimos.org\/\" target=\"_blank\" rel=\"noopener noreferrer\">Diccionario de sin\u00f3nimos<\/a><\/li>\n<li><a href=\"http:\/\/www.aprenderespanol.org\/gramatica\/acentuacion-diptongos-hiatos.html\" target=\"_blank\" rel=\"noopener noreferrer\">Diptongos e hiatos<\/a><\/li>\n<li><a href=\"http:\/\/reglasdeortografia.com\/ortoindice.html\" target=\"_blank\" rel=\"noopener noreferrer\">Ejercicios de ortograf\u00eda<\/a><\/li>\n<li><a href=\"https:\/\/drive.google.com\/open?id=10jb9BqjZkUsNggAl6DdiDPGS3E16JhJn\" target=\"_blank\" rel=\"noopener noreferrer\">El lazarillo de Tormes<\/a><\/li>\n<li><a href=\"http:\/\/www.ceiploreto.es\/sugerencias\/juntadeandalucia\/fondolector\/\" target=\"_blank\" rel=\"noopener noreferrer\">FONDO LECTOR<\/a><\/li>\n<li><a href=\"http:\/\/www.vedoque.com\/juegos\/ortografia-vedoque.swf?idioma=es\" target=\"_blank\" rel=\"noopener noreferrer\">Juego de ortograf\u00eda<\/a><\/li>\n<li><a href=\"http:\/\/roble.pntic.mec.es\/arum0010\/temas\/ortografia.htm\" target=\"_blank\" rel=\"noopener noreferrer\">Juegos de ortograf\u00eda variados<\/a><\/li>\n<li><a href=\"https:\/\/listas.20minutos.es\/lista\/21-poemas-con-letra-y-musica-369434\/http:\/\/\" target=\"_blank\" rel=\"noopener noreferrer\">Poemas con m\u00fasica<\/a><\/li>\n<li><a href=\"http:\/\/www.elhuevodechocolate.com\/poesias.htm\" target=\"_blank\" rel=\"noopener noreferrer\">Poes\u00edas. El huevo de chocolate.<\/a><\/li>\n<li><a href=\"http:\/\/kiosko.net\/\" target=\"_blank\" rel=\"noopener noreferrer\">Prensa<\/a><\/li>\n<li><a href=\"http:\/\/www.rae.es\/\" target=\"_blank\" rel=\"noopener noreferrer\">REAL ACADEMIA ESPA\u00d1OLA<\/a><\/li>\n<li><a href=\"http:\/\/www.rinconcastellano.com\/biblio\/edadmedia\/\" target=\"_blank\" rel=\"noopener noreferrer\">Rinc\u00f3n literario. Romancero<\/a><\/li>\n<li><a href=\"http:\/\/www.opentrad.com\" target=\"_blank\" rel=\"noopener noreferrer\">Traductor<\/a><\/li>\n<li><a href=\"http:\/\/www.verbolog.com\/conjuga.htm\" target=\"_blank\" rel=\"noopener noreferrer\">Verbos conjugados<\/a><\/li>\n<\/ul>\n<div id=\"links\" class=\"widget widget_links\">\n<h2 class=\"title\">Enlaces. Matem\u00e1ticas<\/h2>\n<ul>\n<li><a href=\"https:\/\/www.vedoque.com\/juegos\/granja-matematicas.html\" target=\"_blank\" rel=\"noopener\">C\u00e1lculo mental- La granja<\/a><\/li>\n<li><a href=\"https:\/\/www.arcademics.com\/games\/grand-prix\" target=\"_blank\" rel=\"noopener\">C\u00e1lculo mental- Grand Prix<\/a><\/li>\n<li><a href=\"https:\/\/www.geogebra.org\/m\/X5vTCHSr\" target=\"_blank\" rel=\"noopener noreferrer\">\u00c1baco japon\u00e9s<\/a><\/li>\n<li><a href=\"http:\/\/web2.0calc.es\/\" target=\"_blank\" rel=\"noopener noreferrer\">Calculadora<\/a><\/li>\n<li><a href=\"http:\/\/docentes.educacion.navarra.es\/msadaall\/geogebra\/\" target=\"_blank\" rel=\"noopener\">Construcciones geom\u00e9tricas (Geogebra)<\/a><\/li>\n<li><a href=\"http:\/\/sauce.pntic.mec.es\/ebac0003\/\" target=\"_blank\" rel=\"noopener\">Laboratorio de matem\u00e1ticas<\/a><\/li>\n<li><a href=\"http:\/\/www.iesmurgi.org\/fyq\/pdf\/manualsoroban.pdf\" target=\"_blank\" rel=\"noopener\">Manual \u00e1baco japon\u00e9s<\/a><\/li>\n<li><a href=\"https:\/\/www.mundoprimaria.com\/juegos-educativos\/juegos-matematicas\" target=\"_blank\" rel=\"noopener\">Mundoprimaria<\/a><\/li>\n<li><a href=\"https:\/\/www.winmates.net\/ejer\/calcu0.php\" target=\"_blank\" rel=\"noopener\">Winmates<\/a><\/li>\n<li><a href=\"http:\/\/www3.gobiernodecanarias.org\/medusa\/eltanquematematico\/todo_mate\/actividades5\/tema1_5_p.html\" target=\"_blank\" rel=\"noopener noreferrer\">N\u00fameros romanos<\/a><\/li>\n<li><a href=\"http:\/\/www.sudoku-online.org\/\" target=\"_blank\" rel=\"noopener noreferrer\">SUDOKUS<\/a><\/li>\n<li><a href=\"https:\/\/xuliob.wixsite.com\/cursooviedo\/iniciacion\" target=\"_blank\" rel=\"noopener\">Pensamiento computacional<\/a><\/li>\n<\/ul>\n<div id=\"links\" class=\"widget widget_links\">\n<h2 class=\"title\">Enlaces. Ingl\u00e9s<\/h2>\n<ul>\n<li><a href=\"https:\/\/www.eslgamesplus.com\/present-tenses\/\" target=\"_blank\" rel=\"noopener noreferrer\">ESL GAMES+<\/a><\/li>\n<li><a href=\"http:\/\/learnenglishkids.britishcouncil.org\/en\/search\/apachesolr_search\/CHRISTMAS\" target=\"_blank\" rel=\"noopener noreferrer\">LearnEnglish Kids<\/a><\/li>\n<li><a href=\"http:\/\/www.grammar.cl\/Games.htm\" target=\"_blank\" rel=\"noopener noreferrer\">Let\u00b4s play !!!!<\/a><\/li>\n<\/ul>\n<div id=\"links\" class=\"widget widget_links\">\n<h2 class=\"title\">Enlaces. Pl\u00e1stica<\/h2>\n<ul>\n<li><a href=\"http:\/\/editor.chapea.com\/buttonmaker_desktop\/index.php\" target=\"_blank\" rel=\"noopener noreferrer\">Dise\u00f1o de chapas<\/a><\/li>\n<li><a href=\"https:\/\/sway.office.com\/Hb36wuG9Foof9FiA?ref=Link\" target=\"_blank\" rel=\"noopener noreferrer\">Esculturas<\/a><\/li>\n<li><a href=\"http:\/\/www.aulaclic.es\/fotografia-photoshop\/a_1_3_1.htm\" target=\"_blank\" rel=\"noopener noreferrer\">Historia de la fotograf\u00eda<\/a><\/li>\n<li><a href=\"http:\/\/www.coloreso.es\/color.swf\" target=\"_blank\" rel=\"noopener noreferrer\">Los colores<\/a><\/li>\n<li><a href=\"https:\/\/drive.google.com\/file\/d\/0B-lrBb_qHl3fZGhoMFpvblZYU3c\/view?usp=sharing\" target=\"_blank\" rel=\"noopener noreferrer\">Manual c\u00e1mara fotogr\u00e1fica<\/a><\/li>\n<li><a href=\"http:\/\/www.museobbaa.com\/\" target=\"_blank\" rel=\"noopener noreferrer\">Museo de Bellas Artes de Asturias<\/a><\/li>\n<li><a href=\"https:\/\/educastur-my.sharepoint.com\/:w:\/g\/personal\/eduardoss_educastur_org\/EWdWfyPTebNJj19L_cU3CycB73nZYFaducTl1ADXq3jdIQ?e=MfpFF1\" target=\"_blank\" rel=\"noopener noreferrer\">Plantilla de chapas<\/a><\/li>\n<li><a href=\"https:\/\/www.youtube.com\/watch?v=PImm83Uor9Q&amp;feature=player_detailpage#t=40\" target=\"_blank\" rel=\"noopener noreferrer\">Psicolog\u00eda del color<\/a><\/li>\n<li><a href=\"http:\/\/www.uv.es\/asamar4\/exelearning\/14_composicin_cromtica_colores_clidos_y_fros_entrantes_y_salientes.html\" target=\"_blank\" rel=\"noopener noreferrer\">Simbolog\u00eda del color<\/a><\/li>\n<li><a href=\"http:\/\/www.canonoutsideofauto.ca\/play\/\" target=\"_blank\" rel=\"noopener noreferrer\">Simulador fotogr\u00e1fico<\/a><\/li>\n<\/ul>\n<div id=\"links\" class=\"widget widget_links\">\n<h2 class=\"title\">Enlaces. Cultura Asturiana<\/h2>\n<ul>\n<li><a href=\"https:\/\/sway.office.com\/HM1OCl8DubJmePHf?ref=Link\" target=\"_blank\" rel=\"noopener noreferrer\">COMICS-Textos de trasmisi\u00f3n oral.<\/a><\/li>\n<li><a href=\"http:\/\/www.congreso.es\/consti\/estatutos\/ind_estatutos.jsp?com=65\" target=\"_blank\" rel=\"noopener noreferrer\">Estatuto de Autonom\u00eda del Principado de Asturias<\/a><\/li>\n<li><a title=\"Edad Moderna y Contemporanea\" href=\"http:\/\/asturies.com\/belenos\/memoriacelta\/castellano\/Hestoria23.htm\" target=\"_blank\" rel=\"noopener noreferrer\">Historia de Asturias II<\/a><\/li>\n<li><a href=\"http:\/\/www.asturias.es\/portal\/site\/webasturias\/menuitem.4b280f8214549ead3e2d6f77f2300030\/?vgnextoid=82b98b2db5f4e010VgnVCM100000b0030a0aRCRD&amp;i18n.http.lang=es\" target=\"_blank\" rel=\"noopener noreferrer\">Historia de Asturias III<\/a><\/li>\n<li><a href=\"https:\/\/tonoreguera.wordpress.com\/europa\/espana\/asturias\/\" target=\"_blank\" rel=\"noopener noreferrer\">Instrumentos musicales tradicionales<\/a><\/li>\n<li><a href=\"http:\/\/www.jgpa.es\/\" target=\"_blank\" rel=\"noopener noreferrer\">Junta General del Principado de Asturias<\/a><\/li>\n<li><a href=\"http:\/\/www.museodegrandas.com\/\" target=\"_blank\" rel=\"noopener noreferrer\">Museo etnogr\u00e1fico de Grandas de Salime<\/a><\/li>\n<li><a href=\"https:\/\/sway.office.com\/ef8NCa7SFhJ3p4di?ref=Link&amp;loc=play\" target=\"_blank\" rel=\"noopener noreferrer\">Museo etnogr\u00e1fico virtual de La Er\u00eda<\/a><\/li>\n<li><a href=\"http:\/\/mas.lne.es\/toponimia\/index.php?palabra=Oviedo&amp;buscar=Buscar\" target=\"_blank\" rel=\"noopener noreferrer\">Toponimia asturiana<\/a><\/li>\n<\/ul>\n<\/div>\n<div id=\"links\" class=\"widget widget_links\">\n<h2 class=\"title\">Valores<\/h2>\n<ul>\n<li><a href=\"http:\/\/www.un.org\/es\/documents\/udhr\/\" target=\"_blank\" rel=\"noopener noreferrer\">Declaraci\u00f3n Universal de los Derechos Humanos<\/a><\/li>\n<li><a href=\"http:\/\/web.educastur.princast.es\/cpr\/nalon_caudal\/legispagweb\/legislacion\/derechos.pdf\" target=\"_blank\" rel=\"noopener noreferrer\">Derechos y deberes del alumnado<\/a><\/li>\n<\/ul>\n<p>&nbsp;<\/p>\n<\/div>\n<\/div>\n<\/div>\n<\/div>\n<\/div>\n<\/div>\n<\/div>\n","protected":false},"excerpt":{"rendered":"<p>Enlaces. Ciencias Naturales La c\u00e9lula El microscopio Muestras de tejidos celulares Cuerpo humano Aparato excretor Aparato respiratorio Aparato circulatorio Erase una vez&#8230; la sangre Aparato digestivo Digesti\u00f3n Los sentidos La reproducci\u00f3n en los seres vivos. Juego del cuerpo humano Clasificaci\u00f3n de los seres vivos El viaje de la mariposa Monarca Sustancias puras y mezclas. Electricidad [&hellip;]<\/p>\n","protected":false},"author":483,"featured_media":156,"parent":0,"menu_order":0,"comment_status":"closed","ping_status":"open","template":"","meta":{"footnotes":""},"class_list":["post-61","page","type-page","status-publish","has-post-thumbnail","hentry"],"_links":{"self":[{"href":"https:\/\/edublog.educastur.es\/erianos\/wp-json\/wp\/v2\/pages\/61","targetHints":{"allow":["GET"]}}],"collection":[{"href":"https:\/\/edublog.educastur.es\/erianos\/wp-json\/wp\/v2\/pages"}],"about":[{"href":"https:\/\/edublog.educastur.es\/erianos\/wp-json\/wp\/v2\/types\/page"}],"author":[{"embeddable":true,"href":"https:\/\/edublog.educastur.es\/erianos\/wp-json\/wp\/v2\/users\/483"}],"replies":[{"embeddable":true,"href":"https:\/\/edublog.educastur.es\/erianos\/wp-json\/wp\/v2\/comments?post=61"}],"version-history":[{"count":38,"href":"https:\/\/edublog.educastur.es\/erianos\/wp-json\/wp\/v2\/pages\/61\/revisions"}],"predecessor-version":[{"id":136,"href":"https:\/\/edublog.educastur.es\/erianos\/wp-json\/wp\/v2\/pages\/61\/revisions\/136"}],"wp:featuredmedia":[{"embeddable":true,"href":"https:\/\/edublog.educastur.es\/erianos\/wp-json\/wp\/v2\/media\/156"}],"wp:attachment":[{"href":"https:\/\/edublog.educastur.es\/erianos\/wp-json\/wp\/v2\/media?parent=61"}],"curies":[{"name":"wp","href":"https:\/\/api.w.org\/{rel}","templated":true}]}}