{"id":89,"date":"2020-10-04T22:11:32","date_gmt":"2020-10-04T22:11:32","guid":{"rendered":"https:\/\/edublog.educastur.es\/erianos\/?page_id=89"},"modified":"2023-11-20T07:57:51","modified_gmt":"2023-11-20T07:57:51","slug":"enlaces-institucionales","status":"publish","type":"page","link":"https:\/\/edublog.educastur.es\/erianos\/enlaces-institucionales\/","title":{"rendered":"ENLACES INSTITUCIONALES"},"content":{"rendered":"<p><a href=\"https:\/\/alojaweb.educastur.es\/web\/cplaeriaoviedo\">CEIP LA ER\u00cdA . OVIEDO<\/a><\/p>\n<p><a href=\"https:\/\/www.educastur.es\/\">EDUCASTUR<\/a><\/p>\n<p><a href=\"https:\/\/ampacperia.blogspot.com\/\">AMPA DEL CEIP LA ER\u00cdA<\/a><\/p>\n<p><a href=\"https:\/\/edublog.educastur.es\/radioeria\/\" target=\"_blank\" rel=\"noopener\">RADIOER\u00cdA<\/a><\/p>\n","protected":false},"excerpt":{"rendered":"<p>CEIP LA ER\u00cdA . OVIEDO EDUCASTUR AMPA DEL CEIP LA ER\u00cdA RADIOER\u00cdA<\/p>\n","protected":false},"author":483,"featured_media":0,"parent":0,"menu_order":1,"comment_status":"closed","ping_status":"closed","template":"","meta":{"footnotes":""},"class_list":["post-89","page","type-page","status-publish","hentry"],"_links":{"self":[{"href":"https:\/\/edublog.educastur.es\/erianos\/wp-json\/wp\/v2\/pages\/89","targetHints":{"allow":["GET"]}}],"collection":[{"href":"https:\/\/edublog.educastur.es\/erianos\/wp-json\/wp\/v2\/pages"}],"about":[{"href":"https:\/\/edublog.educastur.es\/erianos\/wp-json\/wp\/v2\/types\/page"}],"author":[{"embeddable":true,"href":"https:\/\/edublog.educastur.es\/erianos\/wp-json\/wp\/v2\/users\/483"}],"replies":[{"embeddable":true,"href":"https:\/\/edublog.educastur.es\/erianos\/wp-json\/wp\/v2\/comments?post=89"}],"version-history":[{"count":2,"href":"https:\/\/edublog.educastur.es\/erianos\/wp-json\/wp\/v2\/pages\/89\/revisions"}],"predecessor-version":[{"id":330,"href":"https:\/\/edublog.educastur.es\/erianos\/wp-json\/wp\/v2\/pages\/89\/revisions\/330"}],"wp:attachment":[{"href":"https:\/\/edublog.educastur.es\/erianos\/wp-json\/wp\/v2\/media?parent=89"}],"curies":[{"name":"wp","href":"https:\/\/api.w.org\/{rel}","templated":true}]}}