{"id":103,"date":"2020-06-30T12:02:37","date_gmt":"2020-06-30T12:02:37","guid":{"rendered":"https:\/\/edublog.educastur.es\/espaolparatodosytodas\/?page_id=103"},"modified":"2021-01-31T17:33:42","modified_gmt":"2021-01-31T17:33:42","slug":"juegos-para-aprender-espanol","status":"publish","type":"page","link":"https:\/\/edublog.educastur.es\/espaolparatodosytodas\/juegos-para-aprender-espanol\/","title":{"rendered":"Juegos para aprender espa\u00f1ol"},"content":{"rendered":"<p style=\"text-align: justify\">Jugar es una manera f\u00e1cil y entretenida de aprender un idioma. El m\u00f3vil se ha convertido en una herramienta esencial y para aprender espa\u00f1ol podemos emplear varios directorios de juegos seg\u00fan el sistema operativo.<\/p>\n<p style=\"text-align: justify\">Si tienes un Android la plataforma ser\u00e1 Google Play. Estos son los iconos.<\/p>\n<p><img loading=\"lazy\" decoding=\"async\" class=\"alignnone wp-image-411 size-medium\" src=\"http:\/\/edublog.educastur.es\/espaolparatodosytodas\/files\/2021\/01\/android-300x162.jpeg\" alt=\"\" width=\"300\" height=\"162\" srcset=\"https:\/\/edublog.educastur.es\/espaolparatodosytodas\/files\/2021\/01\/android-300x162.jpeg 300w, https:\/\/edublog.educastur.es\/espaolparatodosytodas\/files\/2021\/01\/android.jpeg 305w\" sizes=\"auto, (max-width: 300px) 100vw, 300px\" \/><\/p>\n<p>En el caso de que tengas un iphone o un ipad la plataforma ser\u00e1 App Store.<\/p>\n<p><img loading=\"lazy\" decoding=\"async\" class=\"alignnone wp-image-412 size-medium\" src=\"http:\/\/edublog.educastur.es\/espaolparatodosytodas\/files\/2021\/01\/ppstore-300x200.jpg\" alt=\"\" width=\"300\" height=\"200\" srcset=\"https:\/\/edublog.educastur.es\/espaolparatodosytodas\/files\/2021\/01\/ppstore-300x200.jpg 300w, https:\/\/edublog.educastur.es\/espaolparatodosytodas\/files\/2021\/01\/ppstore.jpg 450w\" sizes=\"auto, (max-width: 300px) 100vw, 300px\" \/><\/p>\n<p style=\"text-align: justify\">Para complementar la gram\u00e1tica, el vocabulario, la expresi\u00f3n oral y la expresi\u00f3n escrita os recomendamos algunos juegos. Tened en cuenta que no todos se encuentran en las dos plataformas y que algunos tienen compras integradas. Esperamos que explor\u00e9is y jugu\u00e9is.<\/p>\n<p style=\"text-align: justify\"><b>1.- Cuadernos Rubio<\/b>.<\/p>\n<p style=\"text-align: justify\"><a href=\"http:\/\/www.icuadernos.com\/\">http:\/\/www.icuadernos.com\/<\/a><\/p>\n<p style=\"text-align: justify\">Es una herramienta que nos puede ser \u00fatil para iniciarlos en la escritura de may\u00fasculas, min\u00fasculas y en el reconocimiento de las letras. Adem\u00e1s se pueden trabajar aspectos matem\u00e1ticos: sumas, restas, multiplicaciones, divisiones&#8230; Tambi\u00e9n podemos colorear.<\/p>\n<p style=\"text-align: justify\"><b>2.- Juegos de tablas de multiplicar<\/b>.<\/p>\n<p style=\"text-align: justify\"><a href=\"https:\/\/www.tablasdemultiplicar.com\/juegos\/\">https:\/\/www.tablasdemultiplicar.com\/juegos\/<\/a><\/p>\n<p style=\"text-align: justify\">En esta p\u00e1gina tenemos muchas posibilidades de jugar sumando, restando y multiplicando. Podemos elegir y adaptar el juego a nuestro conocimiento. \u00a1Atr\u00e9vete a explorar!<\/p>\n<p style=\"text-align: justify\"><b>3.-Smartick. Matem\u00e1ticas para ni\u00f1os<\/b>.<\/p>\n<p style=\"text-align: justify\"><a href=\"https:\/\/www.smartick.es\/\">https:\/\/www.smartick.es\/<\/a><\/p>\n<p style=\"text-align: justify\">Se trata de aprender matem\u00e1ticas de forma aut\u00f3noma, divertida y entretenida.<\/p>\n<p style=\"text-align: justify\"><b>4.- Aprende a leer &#8211; Silabario<\/b>.<\/p>\n<p style=\"text-align: justify\">Aplicaci\u00f3n gratuita. Emplea la fon\u00e9tica para ense\u00f1ar a leer al mismo tiempo que uno se divierte y se entretiene. A trav\u00e9s de niveles progresivos y estructurados, describe sonidos, las s\u00edlabas y los encaja.<\/p>\n<p><img loading=\"lazy\" decoding=\"async\" class=\"alignnone wp-image-413 size-medium\" src=\"http:\/\/edublog.educastur.es\/espaolparatodosytodas\/files\/2021\/01\/edu-300x300.png\" alt=\"\" width=\"300\" height=\"300\" srcset=\"https:\/\/edublog.educastur.es\/espaolparatodosytodas\/files\/2021\/01\/edu-300x300.png 300w, https:\/\/edublog.educastur.es\/espaolparatodosytodas\/files\/2021\/01\/edu-150x150.png 150w, https:\/\/edublog.educastur.es\/espaolparatodosytodas\/files\/2021\/01\/edu-88x88.png 88w, https:\/\/edublog.educastur.es\/espaolparatodosytodas\/files\/2021\/01\/edu.png 512w\" sizes=\"auto, (max-width: 300px) 100vw, 300px\" \/><\/p>\n<p style=\"text-align: justify\"><b>5.-\u00a0 M\u00e9todo Montessori.<\/b><\/p>\n<p style=\"text-align: justify\"><a href=\"https:\/\/montessori.edokiacademy.com\/es\/\">https:\/\/montessori.edokiacademy.com\/es\/<\/a><\/p>\n<p style=\"text-align: justify\">Es una aplicaci\u00f3n muy completa para leer, escribir, contar y programar.<\/p>\n<p style=\"text-align: justify\"><b>6.- Aprender a leer 1 con Grin<\/b>. Es un m\u00e9todo para aprender a leer de forma eficaz y divertida. En la primera parte se trabajan s\u00edlabas directas con sus primeras palabras y frases. Tiene varios niveles de dificultad. Hay compras integradas como en la mayor\u00eda de los juegos.<\/p>\n<p><img loading=\"lazy\" decoding=\"async\" class=\"alignnone wp-image-414 size-medium\" src=\"http:\/\/edublog.educastur.es\/espaolparatodosytodas\/files\/2021\/01\/grin-300x300.png\" alt=\"\" width=\"300\" height=\"300\" srcset=\"https:\/\/edublog.educastur.es\/espaolparatodosytodas\/files\/2021\/01\/grin-300x300.png 300w, https:\/\/edublog.educastur.es\/espaolparatodosytodas\/files\/2021\/01\/grin-150x150.png 150w, https:\/\/edublog.educastur.es\/espaolparatodosytodas\/files\/2021\/01\/grin-88x88.png 88w, https:\/\/edublog.educastur.es\/espaolparatodosytodas\/files\/2021\/01\/grin.png 512w\" sizes=\"auto, (max-width: 300px) 100vw, 300px\" \/><\/p>\n<p style=\"text-align: justify\"><b>7.- Apalabrados.\u00a0<\/b><\/p>\n<p style=\"text-align: justify\"><a href=\"https:\/\/www.apalabrados.com\/\">https:\/\/www.apalabrados.com\/<\/a><\/p>\n<p style=\"text-align: justify\">Es un juego de palabras sin l\u00edmites. Hay que combinar las letras del atril con las del tablero y es necesario, para sumar puntos, utilizar las casillas especiales. Se puede jugar contra amigos o contra oponentes aleatorios.<\/p>\n<p><img loading=\"lazy\" decoding=\"async\" class=\"alignnone size-full wp-image-415\" src=\"http:\/\/edublog.educastur.es\/espaolparatodosytodas\/files\/2021\/01\/apan\u0303.jpg\" alt=\"\" width=\"450\" height=\"312\" srcset=\"https:\/\/edublog.educastur.es\/espaolparatodosytodas\/files\/2021\/01\/apan\u0303.jpg 450w, https:\/\/edublog.educastur.es\/espaolparatodosytodas\/files\/2021\/01\/apan\u0303-300x208.jpg 300w\" sizes=\"auto, (max-width: 450px) 100vw, 450px\" \/><\/p>\n<p style=\"text-align: justify\"><b>8.- Pilas de palabras.<\/b><\/p>\n<p style=\"text-align: justify\">Es un juego gratuito para buscar palabras. Es creativo y nuevo con paisajes bonitos. Sirve para entrenar nuestro vocabulario.<\/p>\n<p><img loading=\"lazy\" decoding=\"async\" class=\"alignnone wp-image-416 size-medium\" src=\"http:\/\/edublog.educastur.es\/espaolparatodosytodas\/files\/2021\/01\/pilas-300x300.png\" alt=\"\" width=\"300\" height=\"300\" srcset=\"https:\/\/edublog.educastur.es\/espaolparatodosytodas\/files\/2021\/01\/pilas-300x300.png 300w, https:\/\/edublog.educastur.es\/espaolparatodosytodas\/files\/2021\/01\/pilas-150x150.png 150w, https:\/\/edublog.educastur.es\/espaolparatodosytodas\/files\/2021\/01\/pilas-88x88.png 88w, https:\/\/edublog.educastur.es\/espaolparatodosytodas\/files\/2021\/01\/pilas.png 512w\" sizes=\"auto, (max-width: 300px) 100vw, 300px\" \/><\/p>\n<p style=\"text-align: justify\"><b>9.- Scratch Jr.\u00a0<\/b><\/p>\n<p style=\"text-align: justify\"><a href=\"https:\/\/www.scratchjr.org\/\">https:\/\/www.scratchjr.org\/<\/a><\/p>\n<p style=\"text-align: justify\">Es un juego que permite crear historias y juegos de forma interactiva, encajando bloques de programaci\u00f3n gr\u00e1fica con los que se har\u00e1n personajes que se pueden mover, saltar, bailar o cantar.<\/p>\n<p><img loading=\"lazy\" decoding=\"async\" class=\"alignnone size-full wp-image-417\" src=\"http:\/\/edublog.educastur.es\/espaolparatodosytodas\/files\/2021\/01\/schart.png\" alt=\"\" width=\"284\" height=\"177\" \/><\/p>\n<p style=\"text-align: justify\"><b>10.- Preguntados<\/b>.<\/p>\n<p style=\"text-align: justify\"><a href=\"https:\/\/www.preguntados.com\/\">https:\/\/www.preguntados.com\/<\/a><\/p>\n<p style=\"text-align: justify\">Es un juego de trivial en el que la ruleta, Willy, har\u00e1 preguntas de seis categor\u00edas diferentes.<\/p>\n<p><img loading=\"lazy\" decoding=\"async\" class=\"alignnone size-full wp-image-418\" src=\"http:\/\/edublog.educastur.es\/espaolparatodosytodas\/files\/2021\/01\/preguntados.jpg\" alt=\"\" width=\"635\" height=\"324\" srcset=\"https:\/\/edublog.educastur.es\/espaolparatodosytodas\/files\/2021\/01\/preguntados.jpg 635w, https:\/\/edublog.educastur.es\/espaolparatodosytodas\/files\/2021\/01\/preguntados-300x153.jpg 300w\" sizes=\"auto, (max-width: 635px) 100vw, 635px\" \/><\/p>\n","protected":false},"excerpt":{"rendered":"<p>Jugar es una manera f\u00e1cil y entretenida de aprender un idioma. El m\u00f3vil se ha convertido en una herramienta esencial y para aprender espa\u00f1ol podemos emplear varios directorios de juegos seg\u00fan el sistema operativo. Si tienes un Android la plataforma ser\u00e1 Google Play. Estos son los iconos. En el caso de que tengas un iphone [&hellip;]<\/p>\n","protected":false},"author":36,"featured_media":0,"parent":0,"menu_order":0,"comment_status":"closed","ping_status":"closed","template":"","meta":{"footnotes":""},"class_list":["post-103","page","type-page","status-publish","hentry"],"_links":{"self":[{"href":"https:\/\/edublog.educastur.es\/espaolparatodosytodas\/wp-json\/wp\/v2\/pages\/103","targetHints":{"allow":["GET"]}}],"collection":[{"href":"https:\/\/edublog.educastur.es\/espaolparatodosytodas\/wp-json\/wp\/v2\/pages"}],"about":[{"href":"https:\/\/edublog.educastur.es\/espaolparatodosytodas\/wp-json\/wp\/v2\/types\/page"}],"author":[{"embeddable":true,"href":"https:\/\/edublog.educastur.es\/espaolparatodosytodas\/wp-json\/wp\/v2\/users\/36"}],"replies":[{"embeddable":true,"href":"https:\/\/edublog.educastur.es\/espaolparatodosytodas\/wp-json\/wp\/v2\/comments?post=103"}],"version-history":[{"count":3,"href":"https:\/\/edublog.educastur.es\/espaolparatodosytodas\/wp-json\/wp\/v2\/pages\/103\/revisions"}],"predecessor-version":[{"id":419,"href":"https:\/\/edublog.educastur.es\/espaolparatodosytodas\/wp-json\/wp\/v2\/pages\/103\/revisions\/419"}],"wp:attachment":[{"href":"https:\/\/edublog.educastur.es\/espaolparatodosytodas\/wp-json\/wp\/v2\/media?parent=103"}],"curies":[{"name":"wp","href":"https:\/\/api.w.org\/{rel}","templated":true}]}}