{"id":118,"date":"2020-06-30T19:00:11","date_gmt":"2020-06-30T19:00:11","guid":{"rendered":"https:\/\/edublog.educastur.es\/espaolparatodosytodas\/?page_id=118"},"modified":"2021-01-30T16:04:03","modified_gmt":"2021-01-30T16:04:03","slug":"escribir-un-microrrelato","status":"publish","type":"page","link":"https:\/\/edublog.educastur.es\/espaolparatodosytodas\/escribir-un-microrrelato\/","title":{"rendered":"Escribir un microrrelato"},"content":{"rendered":"<p style=\"text-align: justify\"><i><b>Cuando despert\u00f3, el dinosaurio todav\u00eda estaba all\u00ed<\/b><\/i>.\u00a0Este es uno de los microrrelatos m\u00e1s famosos de la literatura en lengua espa\u00f1ola, su autor es Augusto Monterroso y su t\u00edtulo es\u00a0<i>El dinosaurio<\/i>.<\/p>\n<p><img loading=\"lazy\" decoding=\"async\" class=\"alignnone size-full wp-image-357\" src=\"http:\/\/edublog.educastur.es\/espaolparatodosytodas\/files\/2021\/01\/rex.jpeg\" alt=\"\" width=\"300\" height=\"168\" \/><\/p>\n<p style=\"text-align: justify\">Un microrrelato es un relato o historia muy breve. Algunos autores lo limitan a unas 500 palabras, en el caso anterior vemos que se pueden emplear menos de diez. Por lo tanto, se trata de contar mucho en muy pocas palabras, de ah\u00ed que la s\u00edntesis sea fundamental.<\/p>\n<p style=\"text-align: justify\">Parece una tarea dif\u00edcil, pero si reflexionamos y tenemos en cuenta las publicaciones que realizamos en redes sociales, por ejemplo, vemos que muchas de ellas nos limitan el uso de las palabras, por ejemplo Twitter nos permite utilizar 140-180 caracteres, observamos que no es tan dif\u00edcil.<\/p>\n<p style=\"text-align: justify\"><b>An\u00edmate a escribir un microrrelato.<\/b><\/p>\n<p style=\"text-align: justify\">A continuaci\u00f3n os damos algunos consejos que podemos tener en cuenta a la hora de escribirlo:<\/p>\n<p style=\"text-align: justify\">&#8211; Piensa bien la historia que quieres contar.<\/p>\n<p style=\"text-align: justify\">&#8211; C\u00f3mo la quieres contar.<\/p>\n<p style=\"text-align: justify\">&#8211; No le des un final cerrado, busca algo inesperado, o incluso puedes pensar en un final abierto e interpretable.<\/p>\n<p style=\"text-align: justify\">&#8211; Elige un buen t\u00edtulo es fundamental.<\/p>\n<p style=\"text-align: justify\">&#8211; Intenta ser claro y conciso.<\/p>\n<p><img loading=\"lazy\" decoding=\"async\" class=\"aligncenter wp-image-359 size-large\" src=\"http:\/\/edublog.educastur.es\/espaolparatodosytodas\/files\/2021\/01\/escribir-1-1024x683.jpg\" alt=\"\" width=\"629\" height=\"420\" srcset=\"https:\/\/edublog.educastur.es\/espaolparatodosytodas\/files\/2021\/01\/escribir-1-1024x683.jpg 1024w, https:\/\/edublog.educastur.es\/espaolparatodosytodas\/files\/2021\/01\/escribir-1-300x200.jpg 300w, https:\/\/edublog.educastur.es\/espaolparatodosytodas\/files\/2021\/01\/escribir-1-768x512.jpg 768w, https:\/\/edublog.educastur.es\/espaolparatodosytodas\/files\/2021\/01\/escribir-1-1536x1024.jpg 1536w, https:\/\/edublog.educastur.es\/espaolparatodosytodas\/files\/2021\/01\/escribir-1-2048x1365.jpg 2048w, https:\/\/edublog.educastur.es\/espaolparatodosytodas\/files\/2021\/01\/escribir-1-900x600.jpg 900w, https:\/\/edublog.educastur.es\/espaolparatodosytodas\/files\/2021\/01\/escribir-1-1280x853.jpg 1280w\" sizes=\"auto, (max-width: 629px) 100vw, 629px\" \/><\/p>\n<p style=\"text-align: justify\"><i><b>MICRORRELATOS\u00a0<\/b><\/i><\/p>\n<p style=\"text-align: justify\"><b><i>Calidad y Cantidad<\/i>\u00a0de Alejandro Jodorowsky<\/b><\/p>\n<p style=\"text-align: justify\">No se enamor\u00f3 de ella, sino de su sombra. La iba a visitar al alba, cuando su amada era m\u00e1s larga<\/p>\n<p style=\"text-align: justify\"><b><i>Un sue\u00f1o<\/i>\u00a0de Jorge Luis Borges<\/b><\/p>\n<p style=\"text-align: justify\">En un desierto lugar de Ir\u00e1n hay una no muy alta torre de piedra, sin puerta ni ventana. En la \u00fanica habitaci\u00f3n (cuyo piso es de tierra y que tiene la forma de c\u00edrculo) hay una mesa de maderas y un banco. En esa celda circular, un hombre que se parece a mi escribe en caracteres que no comprendo un largo poema sobre un hombre que en otra celda circular escribe un poema sobre un hombre que en otra celda circular\u2026El proceso no tiene fin y nadie podr\u00e1 leer lo que los prisioneros escriben.<\/p>\n<p style=\"text-align: justify\"><i><b>Amor 77<\/b><\/i><b>\u00a0de Julio Cort\u00e1zar<\/b><\/p>\n<p style=\"text-align: justify\">Y despu\u00e9s de hacer todo lo que hacen se levantan, se ba\u00f1an, se entalcan, se perfuman, se visten, y as\u00ed progresivamente van volviendo a ser lo que no son.<\/p>\n<p style=\"text-align: justify\"><b><i>La carta\u00a0<\/i>de Luis Mateo D\u00edez<\/b><\/p>\n<p style=\"text-align: justify\">Todas las ma\u00f1anas llego a la oficina, me siento, enciendo la l\u00e1mpara, abro el portafolios y, antes de comenzar la tarea diaria, escribo una l\u00ednea en la larga carta donde, desde hace catorce a\u00f1os, explico minuciosamente las razones de mi suicidio.<\/p>\n<p><b><i>Toque de queda<\/i>\u00a0de Omar Lara<\/b><\/p>\n<p>\u2014Qu\u00e9date, le dije.<\/p>\n<p>Y la toqu\u00e9.<\/p>\n<p style=\"text-align: justify\"><b><i>Fantasma\u00a0<\/i>de Patricia Esteban Erl\u00e9s<\/b><\/p>\n<p style=\"text-align: justify\">El hombre que am\u00e9 se ha convertido en fantasma. Me gusta ponerle mucho suavizante, plancharlo al vapor y usarlo como s\u00e1bana bajera las noches que tengo una cita prometedora.<\/p>\n<p style=\"text-align: justify\"><b>Carta del enamorado, de Juan Jos\u00e9 Mill\u00e1s<\/b><\/p>\n<p style=\"text-align: justify\">Hay novelas que aun sin ser largas no logran comenzar de verdad hasta la p\u00e1gina 50 o la 60. A algunas vidas les sucede lo mismo. Por eso no me he matado antes, se\u00f1or juez.<\/p>\n<p style=\"text-align: justify\"><b>La manzana, de Ana Mar\u00eda Shua<\/b><\/p>\n<p style=\"text-align: justify\">La flecha disparada por la ballesta precisa de Guillermo Tell parte en dos la manzana que est\u00e1 a punto de caer sobre la cabeza de Newton. Eva toma una mitad y le ofrece la otra a su consorte para regocijo de la serpiente. Es as\u00ed como nunca llega a formularse la ley de gravedad.<\/p>\n<p><img loading=\"lazy\" decoding=\"async\" class=\"alignnone size-full wp-image-360\" src=\"http:\/\/edublog.educastur.es\/espaolparatodosytodas\/files\/2021\/01\/images.jpeg\" alt=\"\" width=\"321\" height=\"157\" srcset=\"https:\/\/edublog.educastur.es\/espaolparatodosytodas\/files\/2021\/01\/images.jpeg 321w, https:\/\/edublog.educastur.es\/espaolparatodosytodas\/files\/2021\/01\/images-300x147.jpeg 300w\" sizes=\"auto, (max-width: 321px) 100vw, 321px\" \/><\/p>\n","protected":false},"excerpt":{"rendered":"<p>Cuando despert\u00f3, el dinosaurio todav\u00eda estaba all\u00ed.\u00a0Este es uno de los microrrelatos m\u00e1s famosos de la literatura en lengua espa\u00f1ola, su autor es Augusto Monterroso y su t\u00edtulo es\u00a0El dinosaurio. Un microrrelato es un relato o historia muy breve. Algunos autores lo limitan a unas 500 palabras, en el caso anterior vemos que se pueden [&hellip;]<\/p>\n","protected":false},"author":36,"featured_media":0,"parent":0,"menu_order":0,"comment_status":"closed","ping_status":"closed","template":"","meta":{"footnotes":""},"class_list":["post-118","page","type-page","status-publish","hentry"],"_links":{"self":[{"href":"https:\/\/edublog.educastur.es\/espaolparatodosytodas\/wp-json\/wp\/v2\/pages\/118","targetHints":{"allow":["GET"]}}],"collection":[{"href":"https:\/\/edublog.educastur.es\/espaolparatodosytodas\/wp-json\/wp\/v2\/pages"}],"about":[{"href":"https:\/\/edublog.educastur.es\/espaolparatodosytodas\/wp-json\/wp\/v2\/types\/page"}],"author":[{"embeddable":true,"href":"https:\/\/edublog.educastur.es\/espaolparatodosytodas\/wp-json\/wp\/v2\/users\/36"}],"replies":[{"embeddable":true,"href":"https:\/\/edublog.educastur.es\/espaolparatodosytodas\/wp-json\/wp\/v2\/comments?post=118"}],"version-history":[{"count":3,"href":"https:\/\/edublog.educastur.es\/espaolparatodosytodas\/wp-json\/wp\/v2\/pages\/118\/revisions"}],"predecessor-version":[{"id":361,"href":"https:\/\/edublog.educastur.es\/espaolparatodosytodas\/wp-json\/wp\/v2\/pages\/118\/revisions\/361"}],"wp:attachment":[{"href":"https:\/\/edublog.educastur.es\/espaolparatodosytodas\/wp-json\/wp\/v2\/media?parent=118"}],"curies":[{"name":"wp","href":"https:\/\/api.w.org\/{rel}","templated":true}]}}