{"id":128,"date":"2020-06-30T19:09:43","date_gmt":"2020-06-30T19:09:43","guid":{"rendered":"https:\/\/edublog.educastur.es\/espaolparatodosytodas\/?page_id=128"},"modified":"2020-06-30T19:09:43","modified_gmt":"2020-06-30T19:09:43","slug":"mas-juegos-para-aprender-espanol","status":"publish","type":"page","link":"https:\/\/edublog.educastur.es\/espaolparatodosytodas\/mas-juegos-para-aprender-espanol\/","title":{"rendered":"M\u00e1s juegos para aprender espa\u00f1ol"},"content":{"rendered":"<p style=\"text-align: justify\">Os proponemos en esta p\u00e1gina m\u00e1s juegos para aprender espa\u00f1ol, ya que hemos visto el \u00e9xito que ha tenido la anterior. Recordar que jugar es una manera f\u00e1cil y entretenida de aprender un idioma, as\u00ed que os incluimos varios niveles de dificultad, iremos de los m\u00e1s f\u00e1ciles y sencillos a los m\u00e1s complejos. El m\u00f3vil se ha convertido en una herramienta esencial y para aprender espa\u00f1ol podemos emplear varios directorios de juegos seg\u00fan el sistema operativo.\u00a0Si tienes un Android la plataforma ser\u00e1 Google Play. Estos son los iconos.<\/p>\n<p><a title=\"android.png\" href=\"http:\/\/blog.educastur.es\/aulainmersion2020\/files\/2020\/04\/android.png\"><img decoding=\"async\" src=\"http:\/\/blog.educastur.es\/aulainmersion2020\/files\/2020\/04\/android.thumbnail.png\" alt=\"android.png\" \/><\/a><a title=\"google.jpeg\" href=\"http:\/\/blog.educastur.es\/aulainmersion2020\/files\/2020\/04\/google.jpeg\"><img decoding=\"async\" src=\"http:\/\/blog.educastur.es\/aulainmersion2020\/files\/2020\/04\/google.thumbnail.jpeg\" alt=\"google.jpeg\" \/><\/a><\/p>\n<p>En el caso de que tengas un iphone o un ipad la plataforma ser\u00e1 App Store.<\/p>\n<p><a title=\"appstore.png\" href=\"http:\/\/blog.educastur.es\/aulainmersion2020\/files\/2020\/04\/appstore.png\"><img decoding=\"async\" src=\"http:\/\/blog.educastur.es\/aulainmersion2020\/files\/2020\/04\/appstore.thumbnail.png\" alt=\"appstore.png\" \/><\/a><\/p>\n<p><b>1.- Prescolar Montessori<\/b>. Aplicaci\u00f3n para aprender a leer, escribir y contar. (App Store \/ Google play)<\/p>\n<p><a title=\"preescolar-montessori.png\" href=\"http:\/\/blog.educastur.es\/aulainmersion2020\/2020\/05\/07\/mas-juegos-para-aprender-espanol\/242\/\" rel=\"attachment wp-att-242\"><img decoding=\"async\" src=\"http:\/\/blog.educastur.es\/aulainmersion2020\/files\/2020\/05\/preescolar-montessori.png\" alt=\"preescolar-montessori.png\" \/><\/a><\/p>\n<p style=\"text-align: justify\"><b>2.- Bini ABC Juegos para ni\u00f1os<\/b>. El abecedario en cajas es un entretenido juego did\u00e1ctico eficaz para aprender a leer. (App Store)<\/p>\n<p><a title=\"abc.jpeg\" href=\"http:\/\/blog.educastur.es\/aulainmersion2020\/2020\/05\/07\/mas-juegos-para-aprender-espanol\/243\/\" rel=\"attachment wp-att-243\"><img decoding=\"async\" src=\"http:\/\/blog.educastur.es\/aulainmersion2020\/files\/2020\/05\/abc.jpeg\" alt=\"abc.jpeg\" \/><\/a><\/p>\n<p style=\"text-align: justify\"><b>3.- Sopa de letras Havos<\/b>. Aplicaci\u00f3n para buscar palabras, cuenta con m\u00faltiples opciones que se adaptan a tu experiencia. (App Store \/ Google play)<\/p>\n<p><a title=\"havos.jpeg\" href=\"http:\/\/blog.educastur.es\/aulainmersion2020\/2020\/05\/07\/mas-juegos-para-aprender-espanol\/244\/\" rel=\"attachment wp-att-244\"><img decoding=\"async\" src=\"http:\/\/blog.educastur.es\/aulainmersion2020\/files\/2020\/05\/havos.jpeg\" alt=\"havos.jpeg\" \/><\/a><\/p>\n<p style=\"text-align: justify\"><b>4.- Fun Spanish, Aprender espa\u00f1ol<\/b>. Actividades de aprendizaje durante un periodo de 30 d\u00edas. (App Store \/ Google play)<\/p>\n<p><a title=\"fun-spani.jpeg\" href=\"http:\/\/blog.educastur.es\/aulainmersion2020\/2020\/05\/07\/mas-juegos-para-aprender-espanol\/246\/\" rel=\"attachment wp-att-246\"><img decoding=\"async\" src=\"http:\/\/blog.educastur.es\/aulainmersion2020\/files\/2020\/05\/fun-spani.jpeg\" alt=\"fun-spani.jpeg\" \/><\/a><\/p>\n<p style=\"text-align: justify\"><b>5.- Palabra perfecta<\/b>. Gram\u00e1tica en espa\u00f1ol. Aplicaci\u00f3n interesante para aprender gram\u00e1tica y ortograf\u00eda en espa\u00f1ol. (App Store \/ Google play)<\/p>\n<p><a title=\"palabra.png\" href=\"http:\/\/blog.educastur.es\/aulainmersion2020\/2020\/05\/07\/mas-juegos-para-aprender-espanol\/247\/\" rel=\"attachment wp-att-247\"><img decoding=\"async\" src=\"http:\/\/blog.educastur.es\/aulainmersion2020\/files\/2020\/05\/palabra.png\" alt=\"palabra.png\" \/><\/a><\/p>\n<p style=\"text-align: justify\"><b>6.- Pili Pop Espa\u00f1ol.\u00a0<\/b>Es una aplicaci\u00f3n ganadora del premio Parents\u00b4Choice Awards. Es un juego innovador que motiva a aprender y practicar espa\u00f1ol. Sirve para reconocer y pronunciar las palabras de manera divertida. (App Store \/ Google play)<\/p>\n<p><a title=\"pili.jpeg\" href=\"http:\/\/blog.educastur.es\/aulainmersion2020\/2020\/05\/07\/mas-juegos-para-aprender-espanol\/248\/\" rel=\"attachment wp-att-248\"><img decoding=\"async\" src=\"http:\/\/blog.educastur.es\/aulainmersion2020\/files\/2020\/05\/pili.jpeg\" alt=\"pili.jpeg\" \/><\/a><\/p>\n<p style=\"text-align: justify\"><b>7.- Aprender espa\u00f1ol Frase Master<\/b>. Es un juego sencillo y pr\u00e1ctico que consiste en ordenar de forma correcta las palabras, puedes elegir varios niveles: principiante, profesional, experto&#8230; (App Store \/ Google Play).<\/p>\n<p><a title=\"frase.jpeg\" href=\"http:\/\/blog.educastur.es\/aulainmersion2020\/2020\/05\/07\/mas-juegos-para-aprender-espanol\/249\/\" rel=\"attachment wp-att-249\"><img decoding=\"async\" src=\"http:\/\/blog.educastur.es\/aulainmersion2020\/files\/2020\/05\/frase.jpeg\" alt=\"frase.jpeg\" \/><\/a><\/p>\n<p style=\"text-align: justify\"><b>8.- Learn and Play. Aprende jugando.\u00a0<\/b>Espa\u00f1ol. Es un tutorial que te permite aprender de forma efectiva la correcta pronunciaci\u00f3n y la ortograf\u00eda con apoyo audiovisual. (App Store)<\/p>\n<p><a title=\"espanol.png\" href=\"http:\/\/blog.educastur.es\/aulainmersion2020\/2020\/05\/07\/mas-juegos-para-aprender-espanol\/252\/\" rel=\"attachment wp-att-252\"><img decoding=\"async\" src=\"http:\/\/blog.educastur.es\/aulainmersion2020\/files\/2020\/05\/espanol.png\" alt=\"espanol.png\" \/><\/a><\/p>\n<p style=\"text-align: justify\"><b>9.- Karaoke: Canta las Canciones<\/b>.\u00a0Yokee es la aplicaci\u00f3n n.\u00ba 1 para iPhone, la cual permite que tus amigos y t\u00fa cant\u00e9is como en un karaoke con YouTube GRATIS. Puedes cantar, grabar y compartir. (App Store)<\/p>\n<p><a title=\"canta.jpeg\" href=\"http:\/\/blog.educastur.es\/aulainmersion2020\/2020\/05\/07\/mas-juegos-para-aprender-espanol\/250\/\" rel=\"attachment wp-att-250\"><img decoding=\"async\" src=\"http:\/\/blog.educastur.es\/aulainmersion2020\/files\/2020\/05\/canta.jpeg\" alt=\"canta.jpeg\" \/><\/a><\/p>\n<p style=\"text-align: justify\"><b>10.- 6000 Palabras, Aprender palabras espa\u00f1ol<\/b>.\u00a0FunEasyLearn es la forma m\u00e1s f\u00e1cil y divertida de aprender el idioma Espa\u00f1ol. (App Store)<\/p>\n<p><a title=\"6000.png\" href=\"http:\/\/blog.educastur.es\/aulainmersion2020\/2020\/05\/07\/mas-juegos-para-aprender-espanol\/245\/\" rel=\"attachment wp-att-245\"><img decoding=\"async\" src=\"http:\/\/blog.educastur.es\/aulainmersion2020\/files\/2020\/05\/6000.png\" alt=\"6000.png\" \/><\/a><\/p>\n","protected":false},"excerpt":{"rendered":"<p>Os proponemos en esta p\u00e1gina m\u00e1s juegos para aprender espa\u00f1ol, ya que hemos visto el \u00e9xito que ha tenido la anterior. Recordar que jugar es una manera f\u00e1cil y entretenida de aprender un idioma, as\u00ed que os incluimos varios niveles de dificultad, iremos de los m\u00e1s f\u00e1ciles y sencillos a los m\u00e1s complejos. El m\u00f3vil [&hellip;]<\/p>\n","protected":false},"author":36,"featured_media":0,"parent":0,"menu_order":0,"comment_status":"closed","ping_status":"closed","template":"","meta":{"footnotes":""},"class_list":["post-128","page","type-page","status-publish","hentry"],"_links":{"self":[{"href":"https:\/\/edublog.educastur.es\/espaolparatodosytodas\/wp-json\/wp\/v2\/pages\/128","targetHints":{"allow":["GET"]}}],"collection":[{"href":"https:\/\/edublog.educastur.es\/espaolparatodosytodas\/wp-json\/wp\/v2\/pages"}],"about":[{"href":"https:\/\/edublog.educastur.es\/espaolparatodosytodas\/wp-json\/wp\/v2\/types\/page"}],"author":[{"embeddable":true,"href":"https:\/\/edublog.educastur.es\/espaolparatodosytodas\/wp-json\/wp\/v2\/users\/36"}],"replies":[{"embeddable":true,"href":"https:\/\/edublog.educastur.es\/espaolparatodosytodas\/wp-json\/wp\/v2\/comments?post=128"}],"version-history":[{"count":1,"href":"https:\/\/edublog.educastur.es\/espaolparatodosytodas\/wp-json\/wp\/v2\/pages\/128\/revisions"}],"predecessor-version":[{"id":129,"href":"https:\/\/edublog.educastur.es\/espaolparatodosytodas\/wp-json\/wp\/v2\/pages\/128\/revisions\/129"}],"wp:attachment":[{"href":"https:\/\/edublog.educastur.es\/espaolparatodosytodas\/wp-json\/wp\/v2\/media?parent=128"}],"curies":[{"name":"wp","href":"https:\/\/api.w.org\/{rel}","templated":true}]}}