{"id":134,"date":"2020-06-30T19:14:17","date_gmt":"2020-06-30T19:14:17","guid":{"rendered":"https:\/\/edublog.educastur.es\/espaolparatodosytodas\/?page_id=134"},"modified":"2021-01-30T15:59:13","modified_gmt":"2021-01-30T15:59:13","slug":"escuchar-cuentos-audiolibros","status":"publish","type":"page","link":"https:\/\/edublog.educastur.es\/espaolparatodosytodas\/escuchar-cuentos-audiolibros\/","title":{"rendered":"Escuchar cuentos (Audiolibros)"},"content":{"rendered":"<p style=\"text-align: justify\">Los audio-cuentos son una forma muy interesante y pedag\u00f3gica de aprender la fon\u00e9tica de una idioma. Adem\u00e1s nos ayuda a comprender una historia, a imaginarla, a sentirla de una manera distinta.<\/p>\n<p style=\"text-align: justify\">\u00bfPor qu\u00e9 nos parece interesante y necesario que se escuchen cuentos?<\/p>\n<ul>\n<li style=\"text-align: justify\">Introduce al lector en un mundo fant\u00e1stico, ideado o imaginado a medida que se va escuchando la lectura.<\/li>\n<li style=\"text-align: justify\">Genera un modelo para la lectura comprensiva e interpretativa aprendiendo vocabulario y expresiones.<\/li>\n<li style=\"text-align: justify\">Desarrolla el pensamiento cr\u00edtico.<\/li>\n<li style=\"text-align: justify\">Se descubren los g\u00e9neros literarios y sus diferencias.<\/li>\n<li style=\"text-align: justify\">Proporciona un modelo de lectura adecuado para la expresi\u00f3n y comprensi\u00f3n oral.<\/li>\n<li style=\"text-align: justify\">Se entiende la esencia y la evoluci\u00f3n de una historia desarrollando la atenci\u00f3n y la escucha.<\/li>\n<\/ul>\n<p><img loading=\"lazy\" decoding=\"async\" class=\"alignnone size-full wp-image-350\" src=\"http:\/\/edublog.educastur.es\/espaolparatodosytodas\/files\/2021\/01\/cuentos.jpg\" alt=\"\" width=\"700\" height=\"450\" srcset=\"https:\/\/edublog.educastur.es\/espaolparatodosytodas\/files\/2021\/01\/cuentos.jpg 700w, https:\/\/edublog.educastur.es\/espaolparatodosytodas\/files\/2021\/01\/cuentos-300x193.jpg 300w\" sizes=\"auto, (max-width: 700px) 100vw, 700px\" \/><\/p>\n<p style=\"text-align: justify\">A continuaci\u00f3n os proponemos varias p\u00e1ginas y algunas aplicaciones gratuitas para escuchar historias.<\/p>\n<p style=\"text-align: justify\"><b>1.- Discover. Acento castellano.<\/b>\u00a0Cuentos, historias y leyendas para todos y todas.<\/p>\n<p style=\"text-align: justify\"><a href=\"https:\/\/stories.audible.com\/discovery\/enterprise-discovery-21161278011?ref=adbl_ent_anon_ds_ds_dccs_sbtp-0-1\">https:\/\/stories.audible.com\/discovery\/enterprise-discovery-21161278011?ref=adbl_ent_anon_ds_ds_dccs_sbtp-0-1<\/a><\/p>\n<p style=\"text-align: justify\"><b>2.- Mundo primaria<\/b>. Cuentos infantiles para ni\u00f1os.<\/p>\n<p style=\"text-align: justify\"><a href=\"https:\/\/www.mundoprimaria.com\/cuentos-infantiles-cortos\/audiocuentos-infantiles\">https:\/\/www.mundoprimaria.com\/cuentos-infantiles-cortos\/audiocuentos-infantiles<\/a><\/p>\n<p style=\"text-align: justify\"><b>3.- Audiocuentos<\/b>. Cuentop\u00eda. Cuentos diversos, hay tambi\u00e9n viedocuentos.<\/p>\n<p style=\"text-align: justify\"><a href=\"https:\/\/cuentosparadormir.com\/audiocuentos\">https:\/\/cuentosparadormir.com\/audiocuentos<\/a><\/p>\n<p><b>4.- Cuentos infantiles antes de dormir<\/b>. P\u00e1gina con cuentos cl\u00e1sicos, ilustrados, audiolibros, etc.<\/p>\n<p><a href=\"http:\/\/www.cuentosinfantilesadormir.com\/audiocuentosinfantiles.htm\">http:\/\/www.cuentosinfantilesadormir.com\/audiocuentosinfantiles.htm<\/a><\/p>\n<p><img loading=\"lazy\" decoding=\"async\" class=\"alignnone wp-image-352 size-large\" src=\"http:\/\/edublog.educastur.es\/espaolparatodosytodas\/files\/2021\/01\/cuentos-1024x454.png\" alt=\"\" width=\"629\" height=\"279\" srcset=\"https:\/\/edublog.educastur.es\/espaolparatodosytodas\/files\/2021\/01\/cuentos-1024x454.png 1024w, https:\/\/edublog.educastur.es\/espaolparatodosytodas\/files\/2021\/01\/cuentos-300x133.png 300w, https:\/\/edublog.educastur.es\/espaolparatodosytodas\/files\/2021\/01\/cuentos-768x341.png 768w, https:\/\/edublog.educastur.es\/espaolparatodosytodas\/files\/2021\/01\/cuentos-900x399.png 900w, https:\/\/edublog.educastur.es\/espaolparatodosytodas\/files\/2021\/01\/cuentos.png 1263w\" sizes=\"auto, (max-width: 629px) 100vw, 629px\" \/><\/p>\n<p style=\"text-align: justify\"><b>5.- Escucha cuentos infantiles. Podcast<\/b>. Recopilaci\u00f3n de los mejores cuentos infantiles.<\/p>\n<p style=\"text-align: justify\"><a href=\"https:\/\/www.ivoox.com\/podcast-cuentos-infantiles_sq_f1793_1.html\">https:\/\/www.ivoox.com\/podcast-cuentos-infantiles_sq_f1793_1.html<\/a><\/p>\n<p style=\"text-align: justify\"><b>6.- Audiolibros de Audible.<\/b>\u00a0Apps de Google play con libros y referencias. Supervisi\u00f3n de adultos si lo escuchan menores.<\/p>\n<p><img loading=\"lazy\" decoding=\"async\" class=\"alignnone wp-image-353 size-large\" src=\"http:\/\/edublog.educastur.es\/espaolparatodosytodas\/files\/2021\/01\/au-1024x536.jpg\" alt=\"\" width=\"629\" height=\"329\" srcset=\"https:\/\/edublog.educastur.es\/espaolparatodosytodas\/files\/2021\/01\/au-1024x536.jpg 1024w, https:\/\/edublog.educastur.es\/espaolparatodosytodas\/files\/2021\/01\/au-300x157.jpg 300w, https:\/\/edublog.educastur.es\/espaolparatodosytodas\/files\/2021\/01\/au-768x402.jpg 768w, https:\/\/edublog.educastur.es\/espaolparatodosytodas\/files\/2021\/01\/au-900x471.jpg 900w, https:\/\/edublog.educastur.es\/espaolparatodosytodas\/files\/2021\/01\/au.jpg 1268w\" sizes=\"auto, (max-width: 629px) 100vw, 629px\" \/><\/p>\n<p style=\"text-align: justify\"><b>7.- Sonolibro<\/b>. Audiolibros en espa\u00f1ol\u00a0interpretadas por actores de doblaje, con efectos de sonido y m\u00fasica, una nueva manera de acercarte a la literatura para disfrutar en cualquier momento y lugar.<\/p>\n<p style=\"text-align: justify\"><a href=\"https:\/\/www.sonolibro.com\/\">https:\/\/www.sonolibro.com\/<\/a><\/p>\n<p style=\"text-align: justify\"><b>8.- AudioLibros LibriVox.<\/b>\u00a0Apps (Apple Store) M\u00e1s de 3.000 libros para escuchar en espa\u00f1ol en tu m\u00f3vil.<\/p>\n<p><img loading=\"lazy\" decoding=\"async\" class=\"alignnone wp-image-354 size-medium\" src=\"http:\/\/edublog.educastur.es\/espaolparatodosytodas\/files\/2021\/01\/libri-300x300.png\" alt=\"\" width=\"300\" height=\"300\" srcset=\"https:\/\/edublog.educastur.es\/espaolparatodosytodas\/files\/2021\/01\/libri-300x300.png 300w, https:\/\/edublog.educastur.es\/espaolparatodosytodas\/files\/2021\/01\/libri-150x150.png 150w, https:\/\/edublog.educastur.es\/espaolparatodosytodas\/files\/2021\/01\/libri-88x88.png 88w, https:\/\/edublog.educastur.es\/espaolparatodosytodas\/files\/2021\/01\/libri.png 512w\" sizes=\"auto, (max-width: 300px) 100vw, 300px\" \/><\/p>\n<p><b>\u00a09.- Loyal Books<\/b>. P\u00e1gina con audiolibros para todas las edades y en diferentes idiomas.<\/p>\n<p><a href=\"http:\/\/www.loyalbooks.com\/language\/Spanish\">http:\/\/www.loyalbooks.com\/language\/Spanish<\/a><\/p>\n<p><b>10.- Audiomol.<\/b>\u00a0Libros de diferentes g\u00e9nero y tem\u00e1ticas en formato Mp3.<\/p>\n<p><a href=\"https:\/\/www.audiomol.com\/\">https:\/\/www.audiomol.com\/<\/a><\/p>\n<p>Ya no hay excusas para disfrutar de una buena historia.<\/p>\n<p><img loading=\"lazy\" decoding=\"async\" class=\"aligncenter wp-image-355 size-large\" src=\"http:\/\/edublog.educastur.es\/espaolparatodosytodas\/files\/2021\/01\/leer-1024x454.png\" alt=\"\" width=\"629\" height=\"279\" srcset=\"https:\/\/edublog.educastur.es\/espaolparatodosytodas\/files\/2021\/01\/leer-1024x454.png 1024w, https:\/\/edublog.educastur.es\/espaolparatodosytodas\/files\/2021\/01\/leer-300x133.png 300w, https:\/\/edublog.educastur.es\/espaolparatodosytodas\/files\/2021\/01\/leer-768x341.png 768w, https:\/\/edublog.educastur.es\/espaolparatodosytodas\/files\/2021\/01\/leer-900x399.png 900w, https:\/\/edublog.educastur.es\/espaolparatodosytodas\/files\/2021\/01\/leer.png 1263w\" sizes=\"auto, (max-width: 629px) 100vw, 629px\" \/><\/p>\n","protected":false},"excerpt":{"rendered":"<p>Los audio-cuentos son una forma muy interesante y pedag\u00f3gica de aprender la fon\u00e9tica de una idioma. Adem\u00e1s nos ayuda a comprender una historia, a imaginarla, a sentirla de una manera distinta. \u00bfPor qu\u00e9 nos parece interesante y necesario que se escuchen cuentos? Introduce al lector en un mundo fant\u00e1stico, ideado o imaginado a medida que [&hellip;]<\/p>\n","protected":false},"author":36,"featured_media":0,"parent":0,"menu_order":0,"comment_status":"closed","ping_status":"closed","template":"","meta":{"footnotes":""},"class_list":["post-134","page","type-page","status-publish","hentry"],"_links":{"self":[{"href":"https:\/\/edublog.educastur.es\/espaolparatodosytodas\/wp-json\/wp\/v2\/pages\/134","targetHints":{"allow":["GET"]}}],"collection":[{"href":"https:\/\/edublog.educastur.es\/espaolparatodosytodas\/wp-json\/wp\/v2\/pages"}],"about":[{"href":"https:\/\/edublog.educastur.es\/espaolparatodosytodas\/wp-json\/wp\/v2\/types\/page"}],"author":[{"embeddable":true,"href":"https:\/\/edublog.educastur.es\/espaolparatodosytodas\/wp-json\/wp\/v2\/users\/36"}],"replies":[{"embeddable":true,"href":"https:\/\/edublog.educastur.es\/espaolparatodosytodas\/wp-json\/wp\/v2\/comments?post=134"}],"version-history":[{"count":3,"href":"https:\/\/edublog.educastur.es\/espaolparatodosytodas\/wp-json\/wp\/v2\/pages\/134\/revisions"}],"predecessor-version":[{"id":356,"href":"https:\/\/edublog.educastur.es\/espaolparatodosytodas\/wp-json\/wp\/v2\/pages\/134\/revisions\/356"}],"wp:attachment":[{"href":"https:\/\/edublog.educastur.es\/espaolparatodosytodas\/wp-json\/wp\/v2\/media?parent=134"}],"curies":[{"name":"wp","href":"https:\/\/api.w.org\/{rel}","templated":true}]}}