{"id":141,"date":"2020-06-30T19:19:00","date_gmt":"2020-06-30T19:19:00","guid":{"rendered":"https:\/\/edublog.educastur.es\/espaolparatodosytodas\/?page_id=141"},"modified":"2021-01-31T17:23:24","modified_gmt":"2021-01-31T17:23:24","slug":"expresiones-y-modismos","status":"publish","type":"page","link":"https:\/\/edublog.educastur.es\/espaolparatodosytodas\/expresiones-y-modismos\/","title":{"rendered":"Expresiones y modismos"},"content":{"rendered":"<p style=\"text-align: justify\">A la hora de expresarnos oralmente en muchas ocasiones solemos utilizar expresiones hechas o modismos, pero \u00bfqu\u00e9 son? \u00bfPor qu\u00e9 los utilizamos?<\/p>\n<p style=\"text-align: justify\">Un modismo es una expresi\u00f3n caracter\u00edstica de una lengua, formada por un conjunto de palabras con una estructura fija y con un significado que no se puede deducir del significado de las palabras que lo forman.<\/p>\n<p style=\"text-align: justify\"><b><i>Ejemplo: En un abrir y cerrar de ojos<\/i><\/b>. Significa algo que pasa r\u00e1pidamente como un parpadeo o que lleva muy poco tiempo hacerlo.<\/p>\n<p><img loading=\"lazy\" decoding=\"async\" class=\"alignnone wp-image-406 size-medium\" src=\"http:\/\/edublog.educastur.es\/espaolparatodosytodas\/files\/2021\/01\/ojo-300x300.jpg\" alt=\"\" width=\"300\" height=\"300\" srcset=\"https:\/\/edublog.educastur.es\/espaolparatodosytodas\/files\/2021\/01\/ojo-300x300.jpg 300w, https:\/\/edublog.educastur.es\/espaolparatodosytodas\/files\/2021\/01\/ojo-150x150.jpg 150w, https:\/\/edublog.educastur.es\/espaolparatodosytodas\/files\/2021\/01\/ojo-768x768.jpg 768w, https:\/\/edublog.educastur.es\/espaolparatodosytodas\/files\/2021\/01\/ojo-88x88.jpg 88w, https:\/\/edublog.educastur.es\/espaolparatodosytodas\/files\/2021\/01\/ojo-900x900.jpg 900w, https:\/\/edublog.educastur.es\/espaolparatodosytodas\/files\/2021\/01\/ojo.jpg 1000w\" sizes=\"auto, (max-width: 300px) 100vw, 300px\" \/><\/p>\n<p style=\"text-align: justify\">Aqu\u00ed os dejamos un v\u00eddeo realizado por el Instituto Cervantes de Lyon sobre expresiones en espa\u00f1ol donde explican diferentes modismos y su significado.<\/p>\n<p style=\"text-align: justify\"><a href=\"https:\/\/www.youtube.com\/watch?v=lWcU2vQtNAE\">https:\/\/www.youtube.com\/watch?v=lWcU2vQtNAE<\/a><\/p>\n<p style=\"text-align: justify\"><b>Otros modismos conocidos y bastante utilizados son los siguientes<\/b>:<\/p>\n<p style=\"text-align: justify\"><b>&#8211; Irse por las ramas<\/b>: Se emplea cuando una persona cambia de tema o se desv\u00eda en una conversaci\u00f3n.<\/p>\n<p style=\"text-align: justify\"><i>Ejemplo: Siempre que le pregunto algo importante se va por las ramas<\/i>.<\/p>\n<p style=\"text-align: justify\"><b>&#8211; Es pan comido<\/b>: Se usa cuando realizamos algo de forma sencilla y f\u00e1cil.<\/p>\n<p style=\"text-align: justify\"><i>Ejemplo: Este crucigrama es pan comido<\/i>.<\/p>\n<p style=\"text-align: justify\"><b>&#8211; La gota que colm\u00f3 el vaso<\/b>: En algunos momentos se producen inconvenientes y problemas que no podemos solucionar y se le suma otro m\u00e1s lo que complica la situaci\u00f3n.<\/p>\n<p><b>&#8211; Ser la oveja negra<\/b>:\u00a0 se suele emplear cuando se conocen a personas diferentes al resto.<\/p>\n<p><i>Ejemplo: Es la oveja negra de su familia<\/i>.<\/p>\n<p><b>&#8211; Estar en la luna<\/b>. Cuando una persona est\u00e1 distra\u00edda, despistada, y pensando en otra cosa.<\/p>\n<p><i>Ejemplo: Mar\u00eda siempre est\u00e1 en la luna<\/i>.<\/p>\n<p style=\"text-align: justify\"><b>&#8211; Tirar la toalla<\/b>. Se suele emplear cuando alguien no lucha por lo que desea y se da por vencido.<\/p>\n<p style=\"text-align: justify\"><i>Ejemplo: No me sale el problema de matem\u00e1ticas, tiro la toalla<\/i>.<\/p>\n<p style=\"text-align: justify\"><b>&#8211; El horno no est\u00e1 para bollos<\/b>. Este modismo o expresi\u00f3n hecha que se suele utilizar cuando una persona est\u00e1 enfadada o muy molesta y no desee que le digan nada pues la situaci\u00f3n puede empeorar.<\/p>\n<p style=\"text-align: justify\"><i>Ejemplo: Est\u00e1 enfadado, as\u00ed que no molestes que no est\u00e1 el horno para bollos<\/i>.<\/p>\n<p><img loading=\"lazy\" decoding=\"async\" class=\"alignnone size-full wp-image-408\" src=\"http:\/\/edublog.educastur.es\/espaolparatodosytodas\/files\/2021\/01\/oveja-negara.jpeg\" alt=\"\" width=\"246\" height=\"205\" \/><\/p>\n","protected":false},"excerpt":{"rendered":"<p>A la hora de expresarnos oralmente en muchas ocasiones solemos utilizar expresiones hechas o modismos, pero \u00bfqu\u00e9 son? \u00bfPor qu\u00e9 los utilizamos? Un modismo es una expresi\u00f3n caracter\u00edstica de una lengua, formada por un conjunto de palabras con una estructura fija y con un significado que no se puede deducir del significado de las palabras [&hellip;]<\/p>\n","protected":false},"author":36,"featured_media":0,"parent":0,"menu_order":0,"comment_status":"closed","ping_status":"closed","template":"","meta":{"footnotes":""},"class_list":["post-141","page","type-page","status-publish","hentry"],"_links":{"self":[{"href":"https:\/\/edublog.educastur.es\/espaolparatodosytodas\/wp-json\/wp\/v2\/pages\/141","targetHints":{"allow":["GET"]}}],"collection":[{"href":"https:\/\/edublog.educastur.es\/espaolparatodosytodas\/wp-json\/wp\/v2\/pages"}],"about":[{"href":"https:\/\/edublog.educastur.es\/espaolparatodosytodas\/wp-json\/wp\/v2\/types\/page"}],"author":[{"embeddable":true,"href":"https:\/\/edublog.educastur.es\/espaolparatodosytodas\/wp-json\/wp\/v2\/users\/36"}],"replies":[{"embeddable":true,"href":"https:\/\/edublog.educastur.es\/espaolparatodosytodas\/wp-json\/wp\/v2\/comments?post=141"}],"version-history":[{"count":3,"href":"https:\/\/edublog.educastur.es\/espaolparatodosytodas\/wp-json\/wp\/v2\/pages\/141\/revisions"}],"predecessor-version":[{"id":409,"href":"https:\/\/edublog.educastur.es\/espaolparatodosytodas\/wp-json\/wp\/v2\/pages\/141\/revisions\/409"}],"wp:attachment":[{"href":"https:\/\/edublog.educastur.es\/espaolparatodosytodas\/wp-json\/wp\/v2\/media?parent=141"}],"curies":[{"name":"wp","href":"https:\/\/api.w.org\/{rel}","templated":true}]}}