{"id":144,"date":"2020-06-30T19:21:55","date_gmt":"2020-06-30T19:21:55","guid":{"rendered":"https:\/\/edublog.educastur.es\/espaolparatodosytodas\/?page_id=144"},"modified":"2021-01-30T09:44:43","modified_gmt":"2021-01-30T09:44:43","slug":"28-de-mayo-dia-internacional-del-juego","status":"publish","type":"page","link":"https:\/\/edublog.educastur.es\/espaolparatodosytodas\/28-de-mayo-dia-internacional-del-juego\/","title":{"rendered":"28 de mayo, D\u00eda Internacional del Juego"},"content":{"rendered":"<p><img loading=\"lazy\" decoding=\"async\" class=\"aligncenter wp-image-244 size-full\" src=\"http:\/\/edublog.educastur.es\/espaolparatodosytodas\/files\/2021\/01\/jugar.jpg\" alt=\"\" width=\"600\" height=\"600\" srcset=\"https:\/\/edublog.educastur.es\/espaolparatodosytodas\/files\/2021\/01\/jugar.jpg 600w, https:\/\/edublog.educastur.es\/espaolparatodosytodas\/files\/2021\/01\/jugar-300x300.jpg 300w, https:\/\/edublog.educastur.es\/espaolparatodosytodas\/files\/2021\/01\/jugar-150x150.jpg 150w, https:\/\/edublog.educastur.es\/espaolparatodosytodas\/files\/2021\/01\/jugar-88x88.jpg 88w\" sizes=\"auto, (max-width: 600px) 100vw, 600px\" \/><\/p>\n<p style=\"text-align: justify\"><b>\u00bfPor qu\u00e9 es importante jugar?<\/b><\/p>\n<p style=\"text-align: justify\"><b>Jugar<\/b>\u00a0es una actividad universal. Jugar nos permite ser espont\u00e1neos, podemos aprender haciendo, experimentamos en el margen de error, estimula nuestras emociones, nos permite interrelacionarnos y much\u00edsimos beneficios m\u00e1s que tenemos que tener siempre presentes. Tambi\u00e9n es una actitud existencial, una manera particular de abordar la vida, una manera de utilizar nuestra mente, un invernadero en el cual se combinan pensamiento, lenguaje y fantas\u00eda.<img loading=\"lazy\" decoding=\"async\" class=\"aligncenter wp-image-246 size-large\" src=\"http:\/\/edublog.educastur.es\/espaolparatodosytodas\/files\/2021\/01\/jugar-1-1024x536.jpg\" alt=\"\" width=\"629\" height=\"329\" srcset=\"https:\/\/edublog.educastur.es\/espaolparatodosytodas\/files\/2021\/01\/jugar-1-1024x536.jpg 1024w, https:\/\/edublog.educastur.es\/espaolparatodosytodas\/files\/2021\/01\/jugar-1-300x157.jpg 300w, https:\/\/edublog.educastur.es\/espaolparatodosytodas\/files\/2021\/01\/jugar-1-768x402.jpg 768w, https:\/\/edublog.educastur.es\/espaolparatodosytodas\/files\/2021\/01\/jugar-1-900x471.jpg 900w, https:\/\/edublog.educastur.es\/espaolparatodosytodas\/files\/2021\/01\/jugar-1.jpg 1200w\" sizes=\"auto, (max-width: 629px) 100vw, 629px\" \/><\/p>\n<p><b>\u00bfJugar es un derecho?<\/b><\/p>\n<p style=\"text-align: justify\">Y jugar es un\u00a0<b>derecho<\/b>.\u00a0El art\u00edculo 31 de la\u00a0<b>Convenci\u00f3n sobre los Derechos del Ni\u00f1o<\/b>\u00a0as\u00ed se expresa \u00abel derecho del ni\u00f1o al descanso y al esparcimiento, al juego y a las actividades recreativas propias de su edad y a participar libremente en la vida cultural y en las artes\u00bb.<\/p>\n<p><b>\u00bfPor qu\u00e9 surge?<\/b><\/p>\n<p style=\"text-align: justify\">La iniciativa del\u00a0<b>D\u00eda Internacional del juego<\/b>\u00a0naci\u00f3 desde la Asociaci\u00f3n Internacional de\u00a0Ludoteques\u00a0(ITLA)\u00a0en 1999. La Fundadora de este d\u00eda es la Dra. Fr\u00eda Kim, desde hace ya 18 a\u00f1os, este es un d\u00eda que se celebra en 40 pa\u00edses alrededor del mundo y cada vez se suman m\u00e1s. Adem\u00e1s es el\u00a0<b>28 de mayo<\/b>\u00a0porque este d\u00eda se constituy\u00f3 formalmente con acta constitutiva la\u00a0ITLA, el que hace que la fiesta tenga antecedentes e historia.<\/p>\n<p><img loading=\"lazy\" decoding=\"async\" class=\"alignnone size-full wp-image-247\" src=\"http:\/\/edublog.educastur.es\/espaolparatodosytodas\/files\/2021\/01\/juego.jpg\" alt=\"\" width=\"512\" height=\"160\" srcset=\"https:\/\/edublog.educastur.es\/espaolparatodosytodas\/files\/2021\/01\/juego.jpg 512w, https:\/\/edublog.educastur.es\/espaolparatodosytodas\/files\/2021\/01\/juego-300x94.jpg 300w\" sizes=\"auto, (max-width: 512px) 100vw, 512px\" \/><\/p>\n<p style=\"text-align: justify\"><b>El juego es una actividad fundamental en la vida para cualquier persona<\/b>, nos da beneficios a todas las edades y nos ayuda a hacer que nuestro crecimiento sea m\u00e1s equilibrado. Y por todos estos motivos celebramos el d\u00eda 28 de Mayo el D\u00cdA DEL JUEGO.<\/p>\n<p><img loading=\"lazy\" decoding=\"async\" class=\"alignnone wp-image-248 size-medium\" src=\"http:\/\/edublog.educastur.es\/espaolparatodosytodas\/files\/2021\/01\/juego-1-300x200.jpg\" alt=\"\" width=\"300\" height=\"200\" srcset=\"https:\/\/edublog.educastur.es\/espaolparatodosytodas\/files\/2021\/01\/juego-1-300x200.jpg 300w, https:\/\/edublog.educastur.es\/espaolparatodosytodas\/files\/2021\/01\/juego-1.jpg 480w\" sizes=\"auto, (max-width: 300px) 100vw, 300px\" \/><\/p>\n<p><a href=\"https:\/\/jugaresunderecho.org\/es\">https:\/\/jugaresunderecho.org\/es<\/a><\/p>\n<p>Juegos para divertirse:<\/p>\n<ul>\n<li>J<a href=\"https:\/\/familiados.com\/blog\/12-juegos-con-globos-agua\/\">uegos con globos de agua<\/a><\/li>\n<li>Guerra de agua: con pistolas de agua, con cubos\u2026 \u00a1con lo que sea!<\/li>\n<li>Carrera con vasos de agua.<\/li>\n<li>Pi\u00f1atas de globos sorpresa en los que algunos contengan agua.<\/li>\n<li>Juego de relevos con botellas de agua.<\/li>\n<li>Pintar con hielo de colores (para ello basta con usar colorante alimentario).<\/li>\n<li>Tobog\u00e1n deslizante: una superficie lisa de pl\u00e1stico duro, agua y jab\u00f3n. \u00a1Y a disfrutar!<\/li>\n<\/ul>\n<p><img loading=\"lazy\" decoding=\"async\" class=\"alignleft wp-image-249 size-medium\" src=\"http:\/\/edublog.educastur.es\/espaolparatodosytodas\/files\/2021\/01\/juegoagua-300x199.jpg\" alt=\"\" width=\"300\" height=\"199\" srcset=\"https:\/\/edublog.educastur.es\/espaolparatodosytodas\/files\/2021\/01\/juegoagua-300x199.jpg 300w, https:\/\/edublog.educastur.es\/espaolparatodosytodas\/files\/2021\/01\/juegoagua.jpg 600w\" sizes=\"auto, (max-width: 300px) 100vw, 300px\" \/><\/p>\n<ul>\n<li style=\"text-align: justify\">El\u00a0<b>juego de la ara\u00f1a:\u00a0<\/b>Uno de los ni\u00f1os toma el papel de la ara\u00f1a y debe atrapar a los dem\u00e1s ni\u00f1os, que simulan ser moscas.\u00a0Este juego se realiza al aire libre en un espacio delimitado, de forma que las moscas no puedan moverse de ah\u00ed. Si son atrapadas, entonces forman parte de la ara\u00f1a, que desde el centro tiene que seguir atrapando a todas las moscas.<\/li>\n<li style=\"text-align: justify\"><b>Adivina a qu\u00e9 planta corresponde el olor<\/b>:\u00a0hay que organizar equipos por parejas que, adem\u00e1s, uno de ellos tendr\u00e1 que vendarse los ojos. Su pareja le llevar\u00e1 hasta una planta, la cual tendr\u00e1 que adivinar vali\u00e9ndose \u00fanicamente de su olfato. Tras acabar, pasar\u00e1 el turno a su pareja, intercambi\u00e1ndose los roles. As\u00ed pues, el que antes era gu\u00eda ahora pasar\u00e1 a tener los ojos vendados.<\/li>\n<li style=\"text-align: justify\"><b>El pilla pilla<\/b>: Uno de los participantes debe contar hasta diez en su base mientras el resto se alejan. Una vez terminada la cuenta atr\u00e1s, debe intentar atraparlos mientras se escapan. \u00a1Pero cuidado! Si alg\u00fan participante logra llegar a la base, se salvar\u00e1 autom\u00e1ticamente. Y si, por el contrario, es tocado, queda eliminado hasta acabar el juego.<\/li>\n<\/ul>\n<p><img loading=\"lazy\" decoding=\"async\" class=\"aligncenter wp-image-250 size-full\" src=\"http:\/\/edublog.educastur.es\/espaolparatodosytodas\/files\/2021\/01\/pilla-pilla.jpg\" alt=\"\" width=\"625\" height=\"250\" srcset=\"https:\/\/edublog.educastur.es\/espaolparatodosytodas\/files\/2021\/01\/pilla-pilla.jpg 625w, https:\/\/edublog.educastur.es\/espaolparatodosytodas\/files\/2021\/01\/pilla-pilla-300x120.jpg 300w\" sizes=\"auto, (max-width: 625px) 100vw, 625px\" \/><\/p>\n<ul>\n<li style=\"text-align: justify\"><b>Escondite ingl\u00e9s<\/b>: Uno de los ni\u00f1os debe ponerse de espaldas al resto, al tiempo que en voz alta debe decir la frase \u00abUn, dos, tres, al escondite ingl\u00e9s, sin mover las manos ni los pies\u00bb. Mientras la dice, el resto de ni\u00f1os tienen que moverse todo lo r\u00e1pido que puedan hacia \u00e9l, teniendo que quedarse totalmente quietos antes de que se gire hacia ellos al terminar la frase. Si en ese instante el ni\u00f1o todav\u00eda se est\u00e1 moviendo, queda eliminado. Y, en el caso de que alguien consiga llegar hasta el ni\u00f1o que est\u00e1 de espaldas, gana y toma su posici\u00f3n. A este juego se le conoce por diferentes nombres: \u00abUn, dos, tres, palomita blanca es&#8230;\u00bb<\/li>\n<\/ul>\n<p><img loading=\"lazy\" decoding=\"async\" class=\"alignnone size-full wp-image-251\" src=\"http:\/\/edublog.educastur.es\/espaolparatodosytodas\/files\/2021\/01\/juego.jpeg\" alt=\"\" width=\"300\" height=\"168\" \/><\/p>\n<ul>\n<li style=\"text-align: justify\"><b>Dramatizar representando\u00a0situaciones<\/b>:\u00a0Hacemos un safari por la selva, debemos representarlo con gestos y movimientos.\u00a0Nos comemos un pescado. Y representamos que nos lo comemos. Estoy lleno. Habr\u00eda que representar que no podemos comer m\u00e1s. Veo algo a lo lejos. Simulamos que hay algo a lo lejos, ponemos la mano haciendo de visera y agudizamos la vista.<\/li>\n<\/ul>\n<p><img loading=\"lazy\" decoding=\"async\" class=\"aligncenter wp-image-252 size-full\" src=\"http:\/\/edublog.educastur.es\/espaolparatodosytodas\/files\/2021\/01\/juego-2.jpg\" alt=\"\" width=\"512\" height=\"288\" srcset=\"https:\/\/edublog.educastur.es\/espaolparatodosytodas\/files\/2021\/01\/juego-2.jpg 512w, https:\/\/edublog.educastur.es\/espaolparatodosytodas\/files\/2021\/01\/juego-2-300x169.jpg 300w\" sizes=\"auto, (max-width: 512px) 100vw, 512px\" \/><\/p>\n","protected":false},"excerpt":{"rendered":"<p>\u00bfPor qu\u00e9 es importante jugar? Jugar\u00a0es una actividad universal. Jugar nos permite ser espont\u00e1neos, podemos aprender haciendo, experimentamos en el margen de error, estimula nuestras emociones, nos permite interrelacionarnos y much\u00edsimos beneficios m\u00e1s que tenemos que tener siempre presentes. Tambi\u00e9n es una actitud existencial, una manera particular de abordar la vida, una manera de utilizar [&hellip;]<\/p>\n","protected":false},"author":36,"featured_media":0,"parent":0,"menu_order":0,"comment_status":"closed","ping_status":"closed","template":"","meta":{"footnotes":""},"class_list":["post-144","page","type-page","status-publish","hentry"],"_links":{"self":[{"href":"https:\/\/edublog.educastur.es\/espaolparatodosytodas\/wp-json\/wp\/v2\/pages\/144","targetHints":{"allow":["GET"]}}],"collection":[{"href":"https:\/\/edublog.educastur.es\/espaolparatodosytodas\/wp-json\/wp\/v2\/pages"}],"about":[{"href":"https:\/\/edublog.educastur.es\/espaolparatodosytodas\/wp-json\/wp\/v2\/types\/page"}],"author":[{"embeddable":true,"href":"https:\/\/edublog.educastur.es\/espaolparatodosytodas\/wp-json\/wp\/v2\/users\/36"}],"replies":[{"embeddable":true,"href":"https:\/\/edublog.educastur.es\/espaolparatodosytodas\/wp-json\/wp\/v2\/comments?post=144"}],"version-history":[{"count":3,"href":"https:\/\/edublog.educastur.es\/espaolparatodosytodas\/wp-json\/wp\/v2\/pages\/144\/revisions"}],"predecessor-version":[{"id":253,"href":"https:\/\/edublog.educastur.es\/espaolparatodosytodas\/wp-json\/wp\/v2\/pages\/144\/revisions\/253"}],"wp:attachment":[{"href":"https:\/\/edublog.educastur.es\/espaolparatodosytodas\/wp-json\/wp\/v2\/media?parent=144"}],"curies":[{"name":"wp","href":"https:\/\/api.w.org\/{rel}","templated":true}]}}