{"id":147,"date":"2020-06-30T20:05:06","date_gmt":"2020-06-30T20:05:06","guid":{"rendered":"https:\/\/edublog.educastur.es\/espaolparatodosytodas\/?page_id=147"},"modified":"2021-01-30T10:48:12","modified_gmt":"2021-01-30T10:48:12","slug":"comidas-del-mundo","status":"publish","type":"page","link":"https:\/\/edublog.educastur.es\/espaolparatodosytodas\/comidas-del-mundo\/","title":{"rendered":"Comidas del mundo"},"content":{"rendered":"<p style=\"text-align: justify\">A todos nos gusta comer. En todas las partes del mundo existe una cultura culinaria. Vamos a descubrir algunos de los platos m\u00e1s t\u00edpicos de&#8230; an\u00edmate a seguir leyendo y descubrirlo.<\/p>\n<p><img loading=\"lazy\" decoding=\"async\" class=\"aligncenter wp-image-292 size-full\" src=\"http:\/\/edublog.educastur.es\/espaolparatodosytodas\/files\/2021\/01\/cocinar.jpg\" alt=\"\" width=\"512\" height=\"384\" srcset=\"https:\/\/edublog.educastur.es\/espaolparatodosytodas\/files\/2021\/01\/cocinar.jpg 512w, https:\/\/edublog.educastur.es\/espaolparatodosytodas\/files\/2021\/01\/cocinar-300x225.jpg 300w\" sizes=\"auto, (max-width: 512px) 100vw, 512px\" \/><\/p>\n<p style=\"text-align: justify\"><b>1.- Feijoada (Frijolada), Brasil.<\/b>\u00a0Es un plato t\u00edpico de la cocina brasile\u00f1a. Las legumbres predominan en su cocci\u00f3n. Es la comida m\u00e1s representativa del pa\u00eds, aunque tambi\u00e9n se consume en el norte de Portugal. Sus ingredientes principales son los frijoles (negros en Brasil y blancos o colorados en Portugal) y la carne de cerdo, que se prepara en salaz\u00f3n. Se acompa\u00f1a de arroz y naranjas, y el principal ingrediente externo es la farofa, una especie de harina mandioca.<\/p>\n<p><img loading=\"lazy\" decoding=\"async\" class=\"alignnone size-full wp-image-293\" src=\"http:\/\/edublog.educastur.es\/espaolparatodosytodas\/files\/2021\/01\/frijolada.jpg\" alt=\"\" width=\"768\" height=\"512\" srcset=\"https:\/\/edublog.educastur.es\/espaolparatodosytodas\/files\/2021\/01\/frijolada.jpg 768w, https:\/\/edublog.educastur.es\/espaolparatodosytodas\/files\/2021\/01\/frijolada-300x200.jpg 300w\" sizes=\"auto, (max-width: 768px) 100vw, 768px\" \/><\/p>\n<p style=\"text-align: justify\"><b>2.-\u00a0 Tacos mexicanos<\/b>.\u00a0El nacimiento del taco proviene de las tortillas con molli prehisp\u00e1nicas, que eran preparadas sobre piedras calientes y decoradas con cochinilla, algunas de ellas acompa\u00f1adas de frijol y chile, ingredientes que todav\u00eda constituyen la base alimenticia del pueblo mexicano. La comida mexicana se basaba en el guajolote\u00a0(como se llama al pavo en el Centro de M\u00e9xico), ya que era la \u00fanica ave domesticada.<\/p>\n<p><img loading=\"lazy\" decoding=\"async\" class=\"alignnone wp-image-294 size-large\" src=\"http:\/\/edublog.educastur.es\/espaolparatodosytodas\/files\/2021\/01\/tacos-1024x739.jpg\" alt=\"\" width=\"629\" height=\"454\" srcset=\"https:\/\/edublog.educastur.es\/espaolparatodosytodas\/files\/2021\/01\/tacos-1024x739.jpg 1024w, https:\/\/edublog.educastur.es\/espaolparatodosytodas\/files\/2021\/01\/tacos-300x217.jpg 300w, https:\/\/edublog.educastur.es\/espaolparatodosytodas\/files\/2021\/01\/tacos-768x554.jpg 768w, https:\/\/edublog.educastur.es\/espaolparatodosytodas\/files\/2021\/01\/tacos-900x650.jpg 900w, https:\/\/edublog.educastur.es\/espaolparatodosytodas\/files\/2021\/01\/tacos.jpg 1200w\" sizes=\"auto, (max-width: 629px) 100vw, 629px\" \/><\/p>\n<p style=\"text-align: justify\"><b>3.-\u00a0<\/b><b>Pescado y patatas, Reino Unido<\/b>.\u00a0Es un plato emblem\u00e1tico de la gastronom\u00eda brit\u00e1nica desde hace ya muchos a\u00f1os. Est\u00e1 hecho de pescado y patatas, en ingl\u00e9s\u00a0<i>fish and chips.<\/i>\u00a0Se puede acompa\u00f1ar con salsa t\u00e1rtara, vinagre de malta o salsa de tomate caliente.<\/p>\n<p><img loading=\"lazy\" decoding=\"async\" class=\"alignnone wp-image-295 size-full\" src=\"http:\/\/edublog.educastur.es\/espaolparatodosytodas\/files\/2021\/01\/fish.jpg\" alt=\"\" width=\"640\" height=\"409\" srcset=\"https:\/\/edublog.educastur.es\/espaolparatodosytodas\/files\/2021\/01\/fish.jpg 640w, https:\/\/edublog.educastur.es\/espaolparatodosytodas\/files\/2021\/01\/fish-300x192.jpg 300w\" sizes=\"auto, (max-width: 640px) 100vw, 640px\" \/><\/p>\n<p style=\"text-align: justify\"><b>4.-\u00a0 Pollo Tandoori, India.\u00a0<\/b>Se trata de un pollo sazonado con especies, luego se marina con yogurt y se cocina a temperaturas muy elevadas en el\u00a0<i>tandur<\/i>, que es un horno de barro en el que se emplea carb\u00f3n vegetal.<\/p>\n<p><img loading=\"lazy\" decoding=\"async\" class=\"alignnone size-full wp-image-296\" src=\"http:\/\/edublog.educastur.es\/espaolparatodosytodas\/files\/2021\/01\/pollo.jpg\" alt=\"\" width=\"655\" height=\"368\" srcset=\"https:\/\/edublog.educastur.es\/espaolparatodosytodas\/files\/2021\/01\/pollo.jpg 655w, https:\/\/edublog.educastur.es\/espaolparatodosytodas\/files\/2021\/01\/pollo-300x169.jpg 300w\" sizes=\"auto, (max-width: 655px) 100vw, 655px\" \/><\/p>\n<p style=\"text-align: justify\"><b>5.-Pizza italiana<\/b>.\u00a0Aunque es un plato muy conocido y se encuentra en muchos otros pa\u00edses del mundo, como all\u00ed \u00a1en ning\u00fan sitio!\u00a0La pizza m\u00e1s conocida es la Margarita. Fue creada por un pizzero napolitano para la reina en 1889 y lleva tomate, mozzarella y albahaca, los colores que representan la bandera del pa\u00eds.\u00a0La pizza es una masa elaborada con harina poco tamizada, agua, levadura y sal. Sobre \u00e9sta puedes poner queso, tomates, hongos, hojas verdes&#8230;<\/p>\n<p><img loading=\"lazy\" decoding=\"async\" class=\"alignnone wp-image-297 size-large\" src=\"http:\/\/edublog.educastur.es\/espaolparatodosytodas\/files\/2021\/01\/pizza-1024x683.jpg\" alt=\"\" width=\"629\" height=\"420\" srcset=\"https:\/\/edublog.educastur.es\/espaolparatodosytodas\/files\/2021\/01\/pizza-1024x683.jpg 1024w, https:\/\/edublog.educastur.es\/espaolparatodosytodas\/files\/2021\/01\/pizza-300x200.jpg 300w, https:\/\/edublog.educastur.es\/espaolparatodosytodas\/files\/2021\/01\/pizza-768x512.jpg 768w, https:\/\/edublog.educastur.es\/espaolparatodosytodas\/files\/2021\/01\/pizza-900x600.jpg 900w, https:\/\/edublog.educastur.es\/espaolparatodosytodas\/files\/2021\/01\/pizza-1280x853.jpg 1280w, https:\/\/edublog.educastur.es\/espaolparatodosytodas\/files\/2021\/01\/pizza.jpg 1449w\" sizes=\"auto, (max-width: 629px) 100vw, 629px\" \/><\/p>\n<p style=\"text-align: justify\"><b>6.- Ceviche, Per\u00fa<\/b>.\u00a0Es un plato de pescados o mariscos cortados en trozos, condimentado con jugo de lim\u00f3n, aj\u00ed, sal y cebolla picada. Dependiendo del lugar, va presentado con diferentes acompa\u00f1amientos.\u00a0Desde 2004 es Patrimonio Cultural, gracias al Instituto Nacional de Cultura y todos los 28 de junio se celebra el D\u00eda del ceviche.<\/p>\n<p><img loading=\"lazy\" decoding=\"async\" class=\"alignnone wp-image-298 size-full\" src=\"http:\/\/edublog.educastur.es\/espaolparatodosytodas\/files\/2021\/01\/ceviche.jpg\" alt=\"\" width=\"650\" height=\"700\" srcset=\"https:\/\/edublog.educastur.es\/espaolparatodosytodas\/files\/2021\/01\/ceviche.jpg 650w, https:\/\/edublog.educastur.es\/espaolparatodosytodas\/files\/2021\/01\/ceviche-279x300.jpg 279w\" sizes=\"auto, (max-width: 650px) 100vw, 650px\" \/><\/p>\n<p style=\"text-align: justify\"><b>7.- Moules et frites, Francia<\/b>.\u00a0Es un plato compuesto por mejillones hechos al vapor y patatas fritas. Se come mucho en B\u00e9lgica y en el norte de Francia, donde se acompa\u00f1a con cerveza y abundante salsa de queso y cebolla.<\/p>\n<p><img loading=\"lazy\" decoding=\"async\" class=\"alignnone wp-image-299 size-full\" src=\"http:\/\/edublog.educastur.es\/espaolparatodosytodas\/files\/2021\/01\/moules.jpg\" alt=\"\" width=\"500\" height=\"675\" srcset=\"https:\/\/edublog.educastur.es\/espaolparatodosytodas\/files\/2021\/01\/moules.jpg 500w, https:\/\/edublog.educastur.es\/espaolparatodosytodas\/files\/2021\/01\/moules-222x300.jpg 222w\" sizes=\"auto, (max-width: 500px) 100vw, 500px\" \/><\/p>\n<p style=\"text-align: justify\"><b>8.- Pelmeni, Rusia<\/b>.\u00a0Es un plato tradicional ruso, que consiste en un relleno de carne de cerdo, cordero o res, condimentado con distintas especias (pimienta, sal, ajo y cebolla) que va cubierto por una masa de harina, huevo y leche.\u00a0Generalmente se sirve con crema agria, mantequilla y otras salsas. Antes de ser cocinado, se conserva congelado.<\/p>\n<p><img loading=\"lazy\" decoding=\"async\" class=\"alignnone wp-image-300 size-full\" src=\"http:\/\/edublog.educastur.es\/espaolparatodosytodas\/files\/2021\/01\/pelmeni.jpg\" alt=\"\" width=\"705\" height=\"396\" srcset=\"https:\/\/edublog.educastur.es\/espaolparatodosytodas\/files\/2021\/01\/pelmeni.jpg 705w, https:\/\/edublog.educastur.es\/espaolparatodosytodas\/files\/2021\/01\/pelmeni-300x169.jpg 300w\" sizes=\"auto, (max-width: 705px) 100vw, 705px\" \/><\/p>\n<p style=\"text-align: justify\"><b>9.- Salm\u00f3n, Noruega<\/b>. La cocina noruega se caracteriza por emplear mucho pescado, de ellos la estrella es el salm\u00f3n. Este se puede comer fresco para platos de pasta y papillotes, o ahumado en ensaladas, canap\u00e9s y pinchos. En la variedad est\u00e1 el gusto.<\/p>\n<p><img loading=\"lazy\" decoding=\"async\" class=\"alignnone size-full wp-image-301\" src=\"http:\/\/edublog.educastur.es\/espaolparatodosytodas\/files\/2021\/01\/salmo\u0301n.jpg\" alt=\"\" width=\"745\" height=\"745\" srcset=\"https:\/\/edublog.educastur.es\/espaolparatodosytodas\/files\/2021\/01\/salmo\u0301n.jpg 745w, https:\/\/edublog.educastur.es\/espaolparatodosytodas\/files\/2021\/01\/salmo\u0301n-300x300.jpg 300w, https:\/\/edublog.educastur.es\/espaolparatodosytodas\/files\/2021\/01\/salmo\u0301n-150x150.jpg 150w, https:\/\/edublog.educastur.es\/espaolparatodosytodas\/files\/2021\/01\/salmo\u0301n-88x88.jpg 88w\" sizes=\"auto, (max-width: 745px) 100vw, 745px\" \/><\/p>\n<p style=\"text-align: justify\"><b>10.- Musaka, Grecia<\/b>.\u00a0Es una comida a base de berenjenas muy parecida a la lasa\u00f1a, a diferencia de que la musaka lleva capas de carne de cordero y tomates, acompa\u00f1ado de salsa blanca.<\/p>\n<p><img loading=\"lazy\" decoding=\"async\" class=\"alignnone size-full wp-image-302\" src=\"http:\/\/edublog.educastur.es\/espaolparatodosytodas\/files\/2021\/01\/musaka.png\" alt=\"\" width=\"920\" height=\"520\" srcset=\"https:\/\/edublog.educastur.es\/espaolparatodosytodas\/files\/2021\/01\/musaka.png 920w, https:\/\/edublog.educastur.es\/espaolparatodosytodas\/files\/2021\/01\/musaka-300x170.png 300w, https:\/\/edublog.educastur.es\/espaolparatodosytodas\/files\/2021\/01\/musaka-768x434.png 768w, https:\/\/edublog.educastur.es\/espaolparatodosytodas\/files\/2021\/01\/musaka-900x509.png 900w\" sizes=\"auto, (max-width: 920px) 100vw, 920px\" \/><\/p>\n<p>Si te han gustado estos platos, busca sus recetas y an\u00edmate a cocinar.<\/p>\n<p><img loading=\"lazy\" decoding=\"async\" class=\"size-full wp-image-303\" src=\"http:\/\/edublog.educastur.es\/espaolparatodosytodas\/files\/2021\/01\/collage.jpg\" alt=\"\" width=\"750\" height=\"230\" srcset=\"https:\/\/edublog.educastur.es\/espaolparatodosytodas\/files\/2021\/01\/collage.jpg 750w, https:\/\/edublog.educastur.es\/espaolparatodosytodas\/files\/2021\/01\/collage-300x92.jpg 300w\" sizes=\"auto, (max-width: 750px) 100vw, 750px\" \/><\/p>\n","protected":false},"excerpt":{"rendered":"<p>A todos nos gusta comer. En todas las partes del mundo existe una cultura culinaria. Vamos a descubrir algunos de los platos m\u00e1s t\u00edpicos de&#8230; an\u00edmate a seguir leyendo y descubrirlo. 1.- Feijoada (Frijolada), Brasil.\u00a0Es un plato t\u00edpico de la cocina brasile\u00f1a. Las legumbres predominan en su cocci\u00f3n. Es la comida m\u00e1s representativa del pa\u00eds, [&hellip;]<\/p>\n","protected":false},"author":36,"featured_media":0,"parent":0,"menu_order":0,"comment_status":"closed","ping_status":"closed","template":"","meta":{"footnotes":""},"class_list":["post-147","page","type-page","status-publish","hentry"],"_links":{"self":[{"href":"https:\/\/edublog.educastur.es\/espaolparatodosytodas\/wp-json\/wp\/v2\/pages\/147","targetHints":{"allow":["GET"]}}],"collection":[{"href":"https:\/\/edublog.educastur.es\/espaolparatodosytodas\/wp-json\/wp\/v2\/pages"}],"about":[{"href":"https:\/\/edublog.educastur.es\/espaolparatodosytodas\/wp-json\/wp\/v2\/types\/page"}],"author":[{"embeddable":true,"href":"https:\/\/edublog.educastur.es\/espaolparatodosytodas\/wp-json\/wp\/v2\/users\/36"}],"replies":[{"embeddable":true,"href":"https:\/\/edublog.educastur.es\/espaolparatodosytodas\/wp-json\/wp\/v2\/comments?post=147"}],"version-history":[{"count":3,"href":"https:\/\/edublog.educastur.es\/espaolparatodosytodas\/wp-json\/wp\/v2\/pages\/147\/revisions"}],"predecessor-version":[{"id":291,"href":"https:\/\/edublog.educastur.es\/espaolparatodosytodas\/wp-json\/wp\/v2\/pages\/147\/revisions\/291"}],"wp:attachment":[{"href":"https:\/\/edublog.educastur.es\/espaolparatodosytodas\/wp-json\/wp\/v2\/media?parent=147"}],"curies":[{"name":"wp","href":"https:\/\/api.w.org\/{rel}","templated":true}]}}