{"id":158,"date":"2020-06-30T20:14:24","date_gmt":"2020-06-30T20:14:24","guid":{"rendered":"https:\/\/edublog.educastur.es\/espaolparatodosytodas\/?page_id=158"},"modified":"2021-01-31T16:56:57","modified_gmt":"2021-01-31T16:56:57","slug":"flores-del-mundo-y-sus-significados","status":"publish","type":"page","link":"https:\/\/edublog.educastur.es\/espaolparatodosytodas\/flores-del-mundo-y-sus-significados\/","title":{"rendered":"Flores del mundo y sus significados"},"content":{"rendered":"<p style=\"text-align: justify\">El d\u00eda 5 de junio celebr\u00e1bamos el\u00a0<i>D\u00eda Mundial del Medioambiente<\/i>\u00a0y el 8 de junio el\u00a0<i>D\u00eda Mundial de los Oc\u00e9anos<\/i>, ante tantas bellezas que nos ofrece la naturaleza no podemos dejar de rendirnos ante una que nos parece interesante y poco conocida: la flor.<\/p>\n<p style=\"text-align: justify\">Hoy hablamos de las flores del mundo y de sus significados.<\/p>\n<p><img loading=\"lazy\" decoding=\"async\" class=\"alignnone wp-image-375 size-medium\" src=\"http:\/\/edublog.educastur.es\/espaolparatodosytodas\/files\/2021\/01\/flores-300x181.jpg\" alt=\"\" width=\"300\" height=\"181\" srcset=\"https:\/\/edublog.educastur.es\/espaolparatodosytodas\/files\/2021\/01\/flores-300x181.jpg 300w, https:\/\/edublog.educastur.es\/espaolparatodosytodas\/files\/2021\/01\/flores-768x464.jpg 768w, https:\/\/edublog.educastur.es\/espaolparatodosytodas\/files\/2021\/01\/flores-900x544.jpg 900w, https:\/\/edublog.educastur.es\/espaolparatodosytodas\/files\/2021\/01\/flores.jpg 960w\" sizes=\"auto, (max-width: 300px) 100vw, 300px\" \/><\/p>\n<p style=\"text-align: justify\"><b>1.- Dalia, M\u00e9xico.\u00a0<\/b>Tiene su\u00a0origen en Centroam\u00e9rica.\u00a0Era empleada por los aztecas para decorar las fiestas en la antig\u00fcedad.\u00a0Esta flor recibe este nombre en honor al bot\u00e1nico sueco Anders Dahl.\u00a0Se trata de una flor con gran valor para fines decorativos\u00a0y desde el punto de vista de su significado representa la pasi\u00f3n y el impulso, aunque tambi\u00e9n puede hacer referencia la desorden.<\/p>\n<p><img loading=\"lazy\" decoding=\"async\" class=\"alignnone wp-image-376 size-medium\" src=\"http:\/\/edublog.educastur.es\/espaolparatodosytodas\/files\/2021\/01\/dalias-de-diferentes-colores-300x200.jpg\" alt=\"\" width=\"300\" height=\"200\" srcset=\"https:\/\/edublog.educastur.es\/espaolparatodosytodas\/files\/2021\/01\/dalias-de-diferentes-colores-300x200.jpg 300w, https:\/\/edublog.educastur.es\/espaolparatodosytodas\/files\/2021\/01\/dalias-de-diferentes-colores-1024x682.jpg 1024w, https:\/\/edublog.educastur.es\/espaolparatodosytodas\/files\/2021\/01\/dalias-de-diferentes-colores-768x511.jpg 768w, https:\/\/edublog.educastur.es\/espaolparatodosytodas\/files\/2021\/01\/dalias-de-diferentes-colores-900x599.jpg 900w, https:\/\/edublog.educastur.es\/espaolparatodosytodas\/files\/2021\/01\/dalias-de-diferentes-colores.jpg 1200w\" sizes=\"auto, (max-width: 300px) 100vw, 300px\" \/><\/p>\n<p style=\"text-align: justify\"><b>2.- Orqu\u00eddea, e<\/b><b>ntre los pa\u00edses que tienen una mayor presencia de esta flor, de forma natural o cultivo, se encuentran el sur del Himalaya, la India, China y Madagascar<\/b>.\u00a0Se hallan ausentes solamente en los desiertos verdaderos y en los polos.\u00a0Fueron conocidas y apreciadas por los seres humanos desde la Antig\u00fcedad. Existen escritos\u00a0chinos\u00a0de 1500\u00a0a\u00f1os de antig\u00fcedad donde se hace referencia al cultivo de las orqu\u00eddeas y en la antigua Grecia\u00a0se le atribu\u00edan propiedades curativas y afrodis\u00edacas.\u200b Los aztecas la\u00a0utilizaban para enriquecer una bebida espesa hecha a base de\u00a0cacao, destinada a los nobles y a los guerreros y era conocida con el nombre de\u00a0<i>xocoatl.\u00a0<\/i>En cuanto a su significado se relaciona la pasi\u00f3n, la seducci\u00f3n y la sensualidad.<\/p>\n<p><img loading=\"lazy\" decoding=\"async\" class=\"alignnone wp-image-377 size-medium\" src=\"http:\/\/edublog.educastur.es\/espaolparatodosytodas\/files\/2021\/01\/orqui\u0301dea-300x154.jpg\" alt=\"\" width=\"300\" height=\"154\" srcset=\"https:\/\/edublog.educastur.es\/espaolparatodosytodas\/files\/2021\/01\/orqui\u0301dea-300x154.jpg 300w, https:\/\/edublog.educastur.es\/espaolparatodosytodas\/files\/2021\/01\/orqui\u0301dea-768x394.jpg 768w, https:\/\/edublog.educastur.es\/espaolparatodosytodas\/files\/2021\/01\/orqui\u0301dea.jpg 800w\" sizes=\"auto, (max-width: 300px) 100vw, 300px\" \/><\/p>\n<p style=\"text-align: justify\"><b>3.- Tulip\u00e1n, Holanda<\/b>.\u00a0Es una flor que goza de mucha fama y se ha convertido en un\u00a0s\u00edmbolo de los Pa\u00edses Bajos, pero esconde un peque\u00f1o secreto, los famosos tulipanes son\u00a0originarios de Turqu\u00eda.\u00a0Fue en 1593, cuando el bot\u00e1nico Carolus Clusius traslad\u00f3 tulipanes desde Estambul a la Universidad de Leiden, en Holanda, para realizar investigaciones m\u00e9dicas.\u00a0Cada a\u00f1o se producen alrededor de\u00a0tres mil millones.\u00a0Su significado, al igual que la rosa, depende del color, por ejemplo los rojos hacen referencia al amor, los amarillos a la amistad y los blancos a la paz.<\/p>\n<p><img loading=\"lazy\" decoding=\"async\" class=\"alignnone wp-image-378 size-medium\" src=\"http:\/\/edublog.educastur.es\/espaolparatodosytodas\/files\/2021\/01\/tulipan-300x225.jpg\" alt=\"\" width=\"300\" height=\"225\" srcset=\"https:\/\/edublog.educastur.es\/espaolparatodosytodas\/files\/2021\/01\/tulipan-300x225.jpg 300w, https:\/\/edublog.educastur.es\/espaolparatodosytodas\/files\/2021\/01\/tulipan-768x576.jpg 768w, https:\/\/edublog.educastur.es\/espaolparatodosytodas\/files\/2021\/01\/tulipan-900x675.jpg 900w, https:\/\/edublog.educastur.es\/espaolparatodosytodas\/files\/2021\/01\/tulipan.jpg 928w\" sizes=\"auto, (max-width: 300px) 100vw, 300px\" \/><\/p>\n<p style=\"text-align: justify\"><b>4.-\u00a0 Hortensia, Jap\u00f3n<\/b>. Nativas del sur de Asia, se encuentran en China, Corea, Himalaya e Indonesia.\u00a0La hortensia se cultiva desde tiempos remotos como planta ornamental\u00a0en Jap\u00f3n, y desde mediados del siglo XIX\u00a0tambi\u00e9n de forma extensiva en otras \u00e1reas del mundo con climas templados. Es una planta\u00a0muy popular por sus enormes cabezas florales. En cuanto a su significado suele hacer referencia a la sabidur\u00eda y a la feminidad.<\/p>\n<p><img loading=\"lazy\" decoding=\"async\" class=\"alignnone wp-image-379 size-medium\" src=\"http:\/\/edublog.educastur.es\/espaolparatodosytodas\/files\/2021\/01\/hortensia-300x200.jpg\" alt=\"\" width=\"300\" height=\"200\" srcset=\"https:\/\/edublog.educastur.es\/espaolparatodosytodas\/files\/2021\/01\/hortensia-300x200.jpg 300w, https:\/\/edublog.educastur.es\/espaolparatodosytodas\/files\/2021\/01\/hortensia.jpg 480w\" sizes=\"auto, (max-width: 300px) 100vw, 300px\" \/><\/p>\n<p style=\"text-align: justify\"><b>5.- Lirio, vocablo de origen griego.<\/b>\u00a0En Egipto se los conoce con el nombre de azucena.\u00a0Los lirios no solo son diversos en cuanto a color, forma y tama\u00f1o, sino que tambi\u00e9n lo son en cuanto a su lugar de origen. Se pueden encontrar lirios salvajes en Korea, Jap\u00f3n y ciertas partes de Rusia, pero tambi\u00e9n cerca de Ecuador o de India. En Europa, el lirio crece en zonas del Ca\u00facaso, los Balcanes, Grecia, Polonia, los Alples o los Pirineos. Tambi\u00e9n se pueden encontrar en gran parte de Estados Unidos, a excepci\u00f3n de la zona del sudoeste. Se trata, verdaderamente, de una flor de mundo.\u00a0Los significados que se le atribuyen son: Feminidad para griegos y romanos que entregaban coronas de lirios a las mujeres con intenci\u00f3n de desearles una vida larga y fruct\u00edfera; amor en la \u00e9poca victoriana y pureza en ritos de las bodas.<\/p>\n<p><a title=\"lirio.jpg\" href=\"http:\/\/blog.educastur.es\/aulainmersion2020\/2020\/06\/09\/flores-del-mundo-y-sus-significados\/343\/\" rel=\"attachment wp-att-343\"><img loading=\"lazy\" decoding=\"async\" class=\"alignnone wp-image-380 size-medium\" src=\"http:\/\/edublog.educastur.es\/espaolparatodosytodas\/files\/2021\/01\/lirios-300x171.jpg\" alt=\"\" width=\"300\" height=\"171\" srcset=\"https:\/\/edublog.educastur.es\/espaolparatodosytodas\/files\/2021\/01\/lirios-300x171.jpg 300w, https:\/\/edublog.educastur.es\/espaolparatodosytodas\/files\/2021\/01\/lirios.jpg 700w\" sizes=\"auto, (max-width: 300px) 100vw, 300px\" \/><\/a><\/p>\n<p style=\"text-align: justify\"><b>6.- Margaritas, Europa<\/b>. Son originarias de las praderas europeas, se la considera una flor bonita y hermosa.\u00a0\u00a0Para los romanos, el origen de las margaritas se deb\u00eda a la transformaci\u00f3n que vivi\u00f3 la ninfa\u00a0<i>\u00a0Belides<\/i>, bajo su propio consentimiento, para esconderse del dios de los jardines y los pastores\u00a0<i>Vertumnus<\/i>, para as\u00ed poder conservar su inocencia y pureza.\u00a0De ah\u00ed que se la considere s\u00edmbolo de la inocencia.<\/p>\n<p><img loading=\"lazy\" decoding=\"async\" class=\"alignnone wp-image-381 size-medium\" src=\"http:\/\/edublog.educastur.es\/espaolparatodosytodas\/files\/2021\/01\/margaritas-300x225.jpg\" alt=\"\" width=\"300\" height=\"225\" srcset=\"https:\/\/edublog.educastur.es\/espaolparatodosytodas\/files\/2021\/01\/margaritas-300x225.jpg 300w, https:\/\/edublog.educastur.es\/espaolparatodosytodas\/files\/2021\/01\/margaritas-768x576.jpg 768w, https:\/\/edublog.educastur.es\/espaolparatodosytodas\/files\/2021\/01\/margaritas.jpg 800w\" sizes=\"auto, (max-width: 300px) 100vw, 300px\" \/><\/p>\n<p style=\"text-align: justify\"><b>7.- Girasol, es originaria de Per\u00fa y M\u00e9xico<\/b>. Tambi\u00e9n su origen se sit\u00faa en\u00a0Am\u00e9rica del Norte, donde la utilizaban los pueblos nativos como una planta sagrada por su capacidad de girar su orientaci\u00f3n hacia el sol durante el d\u00eda. Ha sido protagonista de uno de los cuadros m\u00e1s caros de la historia de la pintura:\u00a0<i>Los Girasoles<\/i>, de Vicent Van Gogh. En cuanto a sus\u00a0significados\u00a0denotan vitalidad, energ\u00eda y alegr\u00eda, las cualidades que atribuimos al sol.<\/p>\n<p><img loading=\"lazy\" decoding=\"async\" class=\"alignnone size-full wp-image-382\" src=\"http:\/\/edublog.educastur.es\/espaolparatodosytodas\/files\/2021\/01\/girasol.jpg\" alt=\"\" width=\"512\" height=\"217\" srcset=\"https:\/\/edublog.educastur.es\/espaolparatodosytodas\/files\/2021\/01\/girasol.jpg 512w, https:\/\/edublog.educastur.es\/espaolparatodosytodas\/files\/2021\/01\/girasol-300x127.jpg 300w\" sizes=\"auto, (max-width: 512px) 100vw, 512px\" \/><\/p>\n<p style=\"text-align: justify\"><b>8.- Jengibre de la colmena\u00a0o\u00a0flor\u00a0de maraca<\/b>\u00a0es una planta originaria del\u00a0<b>sudeste asi\u00e1tico<\/b>\u00a0y pertenece a la misma familia que el\u00a0<b>jengibre<\/b>\u00a0o la c\u00farcuma.\u00a0Es original de climas tropicales o subtropicales, con m\u00ednimas entorno a los 15-18 grados y necesita suelos h\u00famedos, bien drenados y sin encharcamientos. Crece bien en sitios luminosos y con sombra parcial. No soporta las heladas. Su nombre cient\u00edfico es Zingiber y proviene de una palabra en s\u00e1crito que significa \u00aben forma de cuerno\u00bb.<\/p>\n<p><img loading=\"lazy\" decoding=\"async\" class=\"alignnone wp-image-383 size-medium\" src=\"http:\/\/edublog.educastur.es\/espaolparatodosytodas\/files\/2021\/01\/jengibre-225x300.jpg\" alt=\"\" width=\"225\" height=\"300\" srcset=\"https:\/\/edublog.educastur.es\/espaolparatodosytodas\/files\/2021\/01\/jengibre-225x300.jpg 225w, https:\/\/edublog.educastur.es\/espaolparatodosytodas\/files\/2021\/01\/jengibre.jpg 768w\" sizes=\"auto, (max-width: 225px) 100vw, 225px\" \/><\/p>\n<p style=\"text-align: justify\"><b>9.- Hakea laurina, Australia<\/b>.\u00a0\u00a0Lleva ese nombre en honor al cient\u00edfico alem\u00e1n que la descubri\u00f3, Christian Ludwing von Hake,\u00a0especie se desarrolla en llanuras arenosas de la costa del suroeste de\u00a0Australia, el rango m\u00e1s septentrional es Narrogin y se extiende al este hasta Esperance. Destaca su aroma penetrante y puede llegar a medir m\u00e1s de 6 metros de altura.<\/p>\n<p><img loading=\"lazy\" decoding=\"async\" class=\"alignnone size-full wp-image-385\" src=\"http:\/\/edublog.educastur.es\/espaolparatodosytodas\/files\/2021\/01\/hakea-1.jpg\" alt=\"\" width=\"830\" height=\"574\" srcset=\"https:\/\/edublog.educastur.es\/espaolparatodosytodas\/files\/2021\/01\/hakea-1.jpg 830w, https:\/\/edublog.educastur.es\/espaolparatodosytodas\/files\/2021\/01\/hakea-1-300x207.jpg 300w, https:\/\/edublog.educastur.es\/espaolparatodosytodas\/files\/2021\/01\/hakea-1-768x531.jpg 768w\" sizes=\"auto, (max-width: 830px) 100vw, 830px\" \/><\/p>\n","protected":false},"excerpt":{"rendered":"<p>El d\u00eda 5 de junio celebr\u00e1bamos el\u00a0D\u00eda Mundial del Medioambiente\u00a0y el 8 de junio el\u00a0D\u00eda Mundial de los Oc\u00e9anos, ante tantas bellezas que nos ofrece la naturaleza no podemos dejar de rendirnos ante una que nos parece interesante y poco conocida: la flor. Hoy hablamos de las flores del mundo y de sus significados. 1.- [&hellip;]<\/p>\n","protected":false},"author":36,"featured_media":0,"parent":0,"menu_order":0,"comment_status":"closed","ping_status":"closed","template":"","meta":{"footnotes":""},"class_list":["post-158","page","type-page","status-publish","hentry"],"_links":{"self":[{"href":"https:\/\/edublog.educastur.es\/espaolparatodosytodas\/wp-json\/wp\/v2\/pages\/158","targetHints":{"allow":["GET"]}}],"collection":[{"href":"https:\/\/edublog.educastur.es\/espaolparatodosytodas\/wp-json\/wp\/v2\/pages"}],"about":[{"href":"https:\/\/edublog.educastur.es\/espaolparatodosytodas\/wp-json\/wp\/v2\/types\/page"}],"author":[{"embeddable":true,"href":"https:\/\/edublog.educastur.es\/espaolparatodosytodas\/wp-json\/wp\/v2\/users\/36"}],"replies":[{"embeddable":true,"href":"https:\/\/edublog.educastur.es\/espaolparatodosytodas\/wp-json\/wp\/v2\/comments?post=158"}],"version-history":[{"count":3,"href":"https:\/\/edublog.educastur.es\/espaolparatodosytodas\/wp-json\/wp\/v2\/pages\/158\/revisions"}],"predecessor-version":[{"id":386,"href":"https:\/\/edublog.educastur.es\/espaolparatodosytodas\/wp-json\/wp\/v2\/pages\/158\/revisions\/386"}],"wp:attachment":[{"href":"https:\/\/edublog.educastur.es\/espaolparatodosytodas\/wp-json\/wp\/v2\/media?parent=158"}],"curies":[{"name":"wp","href":"https:\/\/api.w.org\/{rel}","templated":true}]}}