{"id":166,"date":"2020-08-31T14:56:13","date_gmt":"2020-08-31T14:56:13","guid":{"rendered":"https:\/\/edublog.educastur.es\/espaolparatodosytodas\/?page_id=166"},"modified":"2021-01-30T15:34:54","modified_gmt":"2021-01-30T15:34:54","slug":"enlaces","status":"publish","type":"page","link":"https:\/\/edublog.educastur.es\/espaolparatodosytodas\/enlaces\/","title":{"rendered":"Enlaces"},"content":{"rendered":"<p>Aprende y practica espa\u00f1ol (gram\u00e1tica, morfolog\u00eda, lecturas, etc.) con las siguientes p\u00e1ginas:<\/p>\n<ul>\n<li>Aprende con <a href=\"https:\/\/espanol.lingolia.com\/es\/\">Lingolia<\/a> los aspectos fundamentales de la gram\u00e1tica del espa\u00f1ol, ampl\u00eda vocabulario y comprensi\u00f3n lectora y oral. Los numerosos ejemplos que acompa\u00f1an las explicaciones cuentan con una traducci\u00f3n al espa\u00f1ol, lo que facilita el aprendizaje y el asentamiento de las reglas gramaticales.<\/li>\n<li><a href=\"https:\/\/aprenderespanol.org\/\">Ejercicios de espa\u00f1ol. Ejercicios y recursos ele.<\/a><\/li>\n<li><a href=\"http:\/\/castellano2lengua.blogspot.com\/\">Espa\u00f1ola mi nueva casa. Aula de Inmersi\u00f3n Ling\u00fc\u00edstica Cuenca del Nal\u00f3n y del Caudal.<\/a><\/li>\n<li><a href=\"https:\/\/ave.icervantes.org\/\">AVE<\/a> global Instituto Cervantes.<\/li>\n<li><a href=\"https:\/\/www.wdl.org\/es\/\">Biblioteca<\/a> Digital Mundial.<\/li>\n<li>Clases de espa\u00f1ol en G\u00e9nova. ELE. <a href=\"https:\/\/profevio.wordpress.com\/tag\/a1\/\">ProfeVio<\/a>.<\/li>\n<li><a href=\"https:\/\/profesoresdeele.org\/blogs-ele\/\">Ense\u00f1ar espa\u00f1ol<\/a> como lengua extranjera.<\/li>\n<li>Ejercicios de <a href=\"https:\/\/www.mamutmatematicas.com\/ejercicios\/grado_1.php\">matem\u00e1ticas<\/a>.<\/li>\n<li><a href=\"http:\/\/www.xtec.cat\/~jgenover\/entrada.htm\">Ejercicios interactivos<\/a> de Lengua Castellana.<\/li>\n<li>Contenidos educativos digitales <a href=\"https:\/\/conteni2.educarex.es\/?a=16\">Junta de Extremadura<\/a>. Recursos, actividades y ejercicios de Infantil, Primaria y Secundaria.<\/li>\n<li>Ejercicios y actividades de ELE. <a href=\"https:\/\/www.lapizdeele.com\/\">L\u00e1piz de ele<\/a>.<\/li>\n<li>Colectivo para la mejora de la educaci\u00f3n. Actividades y recursos de Lecto-Escritura, Secundaria, Matem\u00e1ticas, Educaci\u00f3n de Adultos. <a href=\"https:\/\/www.meduco.org\/index.htm\">MEduCo<\/a>.<\/li>\n<li>Metodolog\u00edas para aprender espa\u00f1ol. <a href=\"http:\/\/www.todoele.net\/\">Todoele<\/a>.<\/li>\n<li>Juegos y recursos did\u00e1cticos de primaria. <a href=\"https:\/\/www.mundoprimaria.com\/\">Mundo Primaria<\/a>.<\/li>\n<li>Practica espa\u00f1ol. <a href=\"https:\/\/www.practicaespanol.com\/\">EFE<\/a>.<\/li>\n<li>Profe de espa\u00f1ol. <a href=\"https:\/\/www.profe-de-espanol.de\/ele-para-ninos\/\">ELE<\/a> para ni\u00f1os.<\/li>\n<li>Quedarte con <a href=\"https:\/\/quedaarteconamal.blogspot.com\/\">Amal<\/a>.<\/li>\n<li>Webs, blogs y recursos de espa\u00f1ol. <a href=\"http:\/\/www.rutaele.es\/webs-blogs-recusos-ele\/\">Ense\u00f1anza ELE<\/a>.<\/li>\n<li><a href=\"https:\/\/www.aplicaciones.info\/redaccion\/redaccion.htm\">Redacci\u00f3n interactiva<\/a>. Redacci\u00f3n de Aplicaciones Did\u00e1cticas.<\/li>\n<li>Cursos gratuitos de espa\u00f1ol. <a href=\"https:\/\/superespanol.com\/\">Super Espa\u00f1ol<\/a>.<\/li>\n<li><a href=\"https:\/\/www.youtube.com\/channel\/UCTyCyyV0eKfEoMWI_V11z6A\">Tu escuela de espa\u00f1ol<\/a>. YouTube. Vocabulario, gram\u00e1tica, ortograf\u00eda, verbos, pronunciaci\u00f3n.<\/li>\n<\/ul>\n<p><img loading=\"lazy\" decoding=\"async\" class=\"alignnone size-full wp-image-169 aligncenter\" src=\"http:\/\/edublog.educastur.es\/espaolparatodosytodas\/files\/2020\/08\/espan\u0303ol.png\" alt=\"\" width=\"300\" height=\"200\" \/><\/p>\n<p>&nbsp;<\/p>\n","protected":false},"excerpt":{"rendered":"<p>Aprende y practica espa\u00f1ol (gram\u00e1tica, morfolog\u00eda, lecturas, etc.) con las siguientes p\u00e1ginas: Aprende con Lingolia los aspectos fundamentales de la gram\u00e1tica del espa\u00f1ol, ampl\u00eda vocabulario y comprensi\u00f3n lectora y oral. Los numerosos ejemplos que acompa\u00f1an las explicaciones cuentan con una traducci\u00f3n al espa\u00f1ol, lo que facilita el aprendizaje y el asentamiento de las reglas gramaticales. [&hellip;]<\/p>\n","protected":false},"author":36,"featured_media":0,"parent":0,"menu_order":0,"comment_status":"closed","ping_status":"closed","template":"","meta":{"footnotes":""},"class_list":["post-166","page","type-page","status-publish","hentry"],"_links":{"self":[{"href":"https:\/\/edublog.educastur.es\/espaolparatodosytodas\/wp-json\/wp\/v2\/pages\/166","targetHints":{"allow":["GET"]}}],"collection":[{"href":"https:\/\/edublog.educastur.es\/espaolparatodosytodas\/wp-json\/wp\/v2\/pages"}],"about":[{"href":"https:\/\/edublog.educastur.es\/espaolparatodosytodas\/wp-json\/wp\/v2\/types\/page"}],"author":[{"embeddable":true,"href":"https:\/\/edublog.educastur.es\/espaolparatodosytodas\/wp-json\/wp\/v2\/users\/36"}],"replies":[{"embeddable":true,"href":"https:\/\/edublog.educastur.es\/espaolparatodosytodas\/wp-json\/wp\/v2\/comments?post=166"}],"version-history":[{"count":4,"href":"https:\/\/edublog.educastur.es\/espaolparatodosytodas\/wp-json\/wp\/v2\/pages\/166\/revisions"}],"predecessor-version":[{"id":337,"href":"https:\/\/edublog.educastur.es\/espaolparatodosytodas\/wp-json\/wp\/v2\/pages\/166\/revisions\/337"}],"wp:attachment":[{"href":"https:\/\/edublog.educastur.es\/espaolparatodosytodas\/wp-json\/wp\/v2\/media?parent=166"}],"curies":[{"name":"wp","href":"https:\/\/api.w.org\/{rel}","templated":true}]}}