{"id":32,"date":"2020-06-30T10:38:09","date_gmt":"2020-06-30T10:38:09","guid":{"rendered":"https:\/\/edublog.educastur.es\/espaolparatodosytodas\/?page_id=32"},"modified":"2021-03-07T17:52:35","modified_gmt":"2021-03-07T17:52:35","slug":"saludar","status":"publish","type":"page","link":"https:\/\/edublog.educastur.es\/espaolparatodosytodas\/saludar\/","title":{"rendered":"Saludar"},"content":{"rendered":"<p style=\"text-align: justify\"><b>Saludar es<\/b>\u00a0una acci\u00f3n\u00a0que consiste en dirigirse a alguien, al encontrarlo o despedirse de \u00e9l, con palabras amables, interes\u00e1ndonos por su salud o dese\u00e1ndola mediante unas oraciones formularias.<\/p>\n<p><iframe class=\"wp-embedded-content\" sandbox=\"allow-scripts\" security=\"restricted\" title=\"Saludos\" frameborder='0' width='1200' height='675' src='https:\/\/view.genially.com\/6045005de2838f0da0475b53#?secret=6ufy6Mawpe' data-secret='6ufy6Mawpe' scrolling='yes'><\/iframe><\/p>\n<p style=\"text-align: justify\">Existen varias f\u00f3rmulas para saludarnos dependiendo del contexto o de la situaci\u00f3n. Destacamos los saludos informales, los saludos formales y las respuesta de cortes\u00eda.<\/p>\n<p style=\"text-align: justify\"><b><i>Saludo informal<\/i><\/b>: se refiere a situaciones en las que nos encontramos con amigos, familiares, conocidos, etc.<\/p>\n<p><img loading=\"lazy\" decoding=\"async\" class=\"alignnone size-full wp-image-494\" src=\"http:\/\/edublog.educastur.es\/espaolparatodosytodas\/files\/2021\/03\/saludo-informal.jpg\" alt=\"\" width=\"800\" height=\"534\" srcset=\"https:\/\/edublog.educastur.es\/espaolparatodosytodas\/files\/2021\/03\/saludo-informal.jpg 800w, https:\/\/edublog.educastur.es\/espaolparatodosytodas\/files\/2021\/03\/saludo-informal-300x200.jpg 300w, https:\/\/edublog.educastur.es\/espaolparatodosytodas\/files\/2021\/03\/saludo-informal-768x513.jpg 768w\" sizes=\"auto, (max-width: 800px) 100vw, 800px\" \/><\/p>\n<p><b><i>Saludo formal<\/i><\/b>: se produce en contextos con personas de elevado rango o que desempe\u00f1an una profesi\u00f3n o trabajo importante, como jefes, o personas mayores, etc.<\/p>\n<p><img loading=\"lazy\" decoding=\"async\" class=\"alignnone size-full wp-image-493\" src=\"http:\/\/edublog.educastur.es\/espaolparatodosytodas\/files\/2021\/03\/saludo-formal.jpg\" alt=\"\" width=\"626\" height=\"417\" srcset=\"https:\/\/edublog.educastur.es\/espaolparatodosytodas\/files\/2021\/03\/saludo-formal.jpg 626w, https:\/\/edublog.educastur.es\/espaolparatodosytodas\/files\/2021\/03\/saludo-formal-300x200.jpg 300w\" sizes=\"auto, (max-width: 626px) 100vw, 626px\" \/><\/p>\n<p><b><i>Respuestas de cortes\u00eda<\/i><\/b>: por favor, muchas gracias, de nada, perd\u00f3n, lo siento&#8230;<\/p>\n<p><img loading=\"lazy\" decoding=\"async\" class=\"alignnone size-full wp-image-495\" src=\"http:\/\/edublog.educastur.es\/espaolparatodosytodas\/files\/2021\/03\/gracias.jpeg\" alt=\"\" width=\"311\" height=\"162\" srcset=\"https:\/\/edublog.educastur.es\/espaolparatodosytodas\/files\/2021\/03\/gracias.jpeg 311w, https:\/\/edublog.educastur.es\/espaolparatodosytodas\/files\/2021\/03\/gracias-300x156.jpeg 300w\" sizes=\"auto, (max-width: 311px) 100vw, 311px\" \/><\/p>\n<p><b>FORMAS DE SALUDAR<\/b><\/p>\n<p style=\"text-align: justify\">Saludar es algo que hacemos todos los d\u00edas, y la misma rutina hace que no nos demos cuenta de que encierra todo un ritual cultural que trasciende en el tiempo. Vamos a conocer 15 formas curiosas de saludarse en diferentes partes del mundo.<\/p>\n<p style=\"text-align: justify\"><b>1.- Religi\u00f3n drusa<\/b>: Minor\u00eda religiosa que se ubican en el L\u00edbano, Siria, Jordania e Israel; se desconocen muchos de sus ritos, pero se sabe que se saludan besando sus manos mutuamente.<\/p>\n<p style=\"text-align: justify\"><b>2.- T\u00edbet<\/b>: Las personas del T\u00edbet sacan su lengua para mostrar que no son la reencarnaci\u00f3n de un tirano rey tibetano que vivi\u00f3 en el siglo IX y ten\u00eda la lengua negra.<\/p>\n<p style=\"text-align: justify\"><b>3.- Tailandia<\/b>: las personas se saludan haciendo un gesto de oraci\u00f3n y una peque\u00f1a inclinaci\u00f3n de la cabeza.<\/p>\n<p style=\"text-align: justify\"><b>4.- Francia<\/b>: al igual que en varios pa\u00edses europeos as\u00ed como en Latinoam\u00e9rica se acostumbra a saludar con un beso en la mejilla.<\/p>\n<p style=\"text-align: justify\"><b>5.- Arabia Saud\u00ed<\/b>: los hombres de Arabia suelen darse la mano y pronunciar: \u201cAs- salamu alaikum\u201d, que significa \u201cla paz est\u00e9 contigo\u201d, luego posicionan su mano en el hombro de otro, seguido de un beso en la nariz.<\/p>\n<p style=\"text-align: justify\"><b>6.- Polinesia<\/b>: Conocido como \u201chongi\u201d, es un saludo tradicional de la tribu Maor\u00ed,\u00a0 en el que ambas personas presionan su nariz y su frente al mismo tiempo.<\/p>\n<p style=\"text-align: justify\"><b>7.- Grecia<\/b>: darse una palmada en el hombro.<\/p>\n<p style=\"text-align: justify\"><b>8.- Yoruba<\/b>: las personas que viven en Yoruba, \u00c1frica, suelen saludar a sus padres o a los ancianos postr\u00e1ndose en el piso como muestra de respeto.<\/p>\n<p style=\"text-align: justify\"><b>9.- Mongolia<\/b>: si te invitan a una casa en Mongolia, recibir\u00e1s una mascada como regalo, que debes tomar con las manos mientras haces una reverencia.<\/p>\n<p style=\"text-align: justify\"><b>10.- Malasia<\/b>: el saludo se realiza tocando los dedos mutuamente con las dos manos.<\/p>\n<p style=\"text-align: justify\"><b>11.- Kenia<\/b>: los guerreros de la tribu \u201cMasai\u201d dan la bienvenida a los nuevos integrantes mediante una ceremonia en la que se ponen en c\u00edrculo y compiten para ver quien salto lo m\u00e1s alto posible.<\/p>\n<p style=\"text-align: justify\"><b>12.- Jap\u00f3n<\/b>: los japoneses se saludan mediante una reverencia, la cual es m\u00e1s duradera y con mayor \u00e1ngulo de inclinaci\u00f3n si la persona a la que se saluda es de mayor autoridad o de m\u00e1s edad, esto es un s\u00edmbolo de respeto.<\/p>\n<p style=\"text-align: justify\"><b>13.- India<\/b>: las personas en la India ponen sus manos en un gesto de plegaria y dicen: \u201cnamaste\u201d (Me inclino ante ti).<\/p>\n<p style=\"text-align: justify\"><b>14.- Filipinas<\/b>: los filipinos j\u00f3venes toman las manos de los mayores y la presionan contra su frente como se\u00f1al de estima y honor.<\/p>\n<p style=\"text-align: justify\"><b>15.- Botswana<\/b>: para saludar alarga tu brazo derecho mientras pones tu mano izquierda en su hombro derecho, da la mano a la otra persona usando primero tu pulgar y luego tu palma, enseguida vuelve a la posici\u00f3n original.<\/p>\n<p>&nbsp;<\/p>\n","protected":false},"excerpt":{"rendered":"<p>Saludar es\u00a0una acci\u00f3n\u00a0que consiste en dirigirse a alguien, al encontrarlo o despedirse de \u00e9l, con palabras amables, interes\u00e1ndonos por su salud o dese\u00e1ndola mediante unas oraciones formularias. Existen varias f\u00f3rmulas para saludarnos dependiendo del contexto o de la situaci\u00f3n. Destacamos los saludos informales, los saludos formales y las respuesta de cortes\u00eda. Saludo informal: se refiere [&hellip;]<\/p>\n","protected":false},"author":36,"featured_media":0,"parent":0,"menu_order":0,"comment_status":"closed","ping_status":"closed","template":"","meta":{"footnotes":""},"class_list":["post-32","page","type-page","status-publish","hentry"],"_links":{"self":[{"href":"https:\/\/edublog.educastur.es\/espaolparatodosytodas\/wp-json\/wp\/v2\/pages\/32","targetHints":{"allow":["GET"]}}],"collection":[{"href":"https:\/\/edublog.educastur.es\/espaolparatodosytodas\/wp-json\/wp\/v2\/pages"}],"about":[{"href":"https:\/\/edublog.educastur.es\/espaolparatodosytodas\/wp-json\/wp\/v2\/types\/page"}],"author":[{"embeddable":true,"href":"https:\/\/edublog.educastur.es\/espaolparatodosytodas\/wp-json\/wp\/v2\/users\/36"}],"replies":[{"embeddable":true,"href":"https:\/\/edublog.educastur.es\/espaolparatodosytodas\/wp-json\/wp\/v2\/comments?post=32"}],"version-history":[{"count":3,"href":"https:\/\/edublog.educastur.es\/espaolparatodosytodas\/wp-json\/wp\/v2\/pages\/32\/revisions"}],"predecessor-version":[{"id":496,"href":"https:\/\/edublog.educastur.es\/espaolparatodosytodas\/wp-json\/wp\/v2\/pages\/32\/revisions\/496"}],"wp:attachment":[{"href":"https:\/\/edublog.educastur.es\/espaolparatodosytodas\/wp-json\/wp\/v2\/media?parent=32"}],"curies":[{"name":"wp","href":"https:\/\/api.w.org\/{rel}","templated":true}]}}