{"id":35,"date":"2020-06-30T10:51:30","date_gmt":"2020-06-30T10:51:30","guid":{"rendered":"https:\/\/edublog.educastur.es\/espaolparatodosytodas\/?page_id=35"},"modified":"2021-01-30T09:32:20","modified_gmt":"2021-01-30T09:32:20","slug":"te-cuento-un-cuento","status":"publish","type":"page","link":"https:\/\/edublog.educastur.es\/espaolparatodosytodas\/te-cuento-un-cuento\/","title":{"rendered":"\u00bfTe cuento un cuento?"},"content":{"rendered":"<p><img loading=\"lazy\" decoding=\"async\" class=\"aligncenter wp-image-239 size-large\" src=\"http:\/\/edublog.educastur.es\/espaolparatodosytodas\/files\/2021\/01\/leer1-1024x576.jpg\" alt=\"\" width=\"629\" height=\"354\" srcset=\"https:\/\/edublog.educastur.es\/espaolparatodosytodas\/files\/2021\/01\/leer1-1024x576.jpg 1024w, https:\/\/edublog.educastur.es\/espaolparatodosytodas\/files\/2021\/01\/leer1-300x169.jpg 300w, https:\/\/edublog.educastur.es\/espaolparatodosytodas\/files\/2021\/01\/leer1-768x432.jpg 768w, https:\/\/edublog.educastur.es\/espaolparatodosytodas\/files\/2021\/01\/leer1-1536x864.jpg 1536w, https:\/\/edublog.educastur.es\/espaolparatodosytodas\/files\/2021\/01\/leer1-900x506.jpg 900w, https:\/\/edublog.educastur.es\/espaolparatodosytodas\/files\/2021\/01\/leer1-1280x720.jpg 1280w, https:\/\/edublog.educastur.es\/espaolparatodosytodas\/files\/2021\/01\/leer1.jpg 1920w\" sizes=\"auto, (max-width: 629px) 100vw, 629px\" \/><\/p>\n<p style=\"text-align: justify\">Los cuentos forman parte de la cultura. El idioma es fundamental para su transmisi\u00f3n. A continuaci\u00f3n os recomendamos algunas lecturas y algunos v\u00eddeos donde podr\u00e9is ver y escuchar diferentes narraciones orales.<\/p>\n<p style=\"text-align: justify\">Puedes leer y escuchar tanto cuentos tradicionales o cl\u00e1sicos como cuentos contempor\u00e1neos o de todas las culturas del mundo.<\/p>\n<p style=\"text-align: justify\">Lo importante es aprender.<\/p>\n<p><img loading=\"lazy\" decoding=\"async\" class=\"alignnone size-full wp-image-241\" src=\"http:\/\/edublog.educastur.es\/espaolparatodosytodas\/files\/2021\/01\/leer1-1.jpg\" alt=\"\" width=\"370\" height=\"247\" srcset=\"https:\/\/edublog.educastur.es\/espaolparatodosytodas\/files\/2021\/01\/leer1-1.jpg 370w, https:\/\/edublog.educastur.es\/espaolparatodosytodas\/files\/2021\/01\/leer1-1-300x200.jpg 300w\" sizes=\"auto, (max-width: 370px) 100vw, 370px\" \/><\/p>\n<p>&#8211;\u00a0<i>El patito feo\u00a0<\/i>escrito por Hans Christian Andersen<span style=\"color: #222222;font-family: arial, sans-serif\">.\u00a0<a href=\"https:\/\/www.youtube.com\/watch?v=_lDMRcmPEKE\">https:\/\/www.youtube.com\/watch?v=_lDMRcmPEKE<\/a><\/span><\/p>\n<p>Os dejamos tambi\u00e9n la versi\u00f3n cl\u00e1sica del cuento:\u00a0<a href=\"https:\/\/www.youtube.com\/watch?v=PfolS1bnOpk\">https:\/\/www.youtube.com\/watch?v=PfolS1bnOpk<\/a><\/p>\n<p>&#8211;\u00a0<i>Aladino y la l\u00e1mpara maravillosa<\/i>\u00a0es uno de los cuentos recogidos en las\u00a0<i>Mil y una noches<\/i>, libro de la cultura oriental.<\/p>\n<p>&#8211;\u00a0<i>Rat\u00f3n de campo y rat\u00f3n de ciudad<\/i>\u00a0es una f\u00e1bula atribuida al escritor griego Esopo.<a href=\"https:\/\/www.youtube.com\/watch?v=n07GyKYBxgI\">\u00a0[youtube]oWEMJt8e_2E[\/youtube]<\/a><\/p>\n<p style=\"text-align: justify\">&#8211; Otros cuentos cl\u00e1sicos que se pueden leer son:\u00a0<i>Los tres cerditos,\u00a0<\/i><i>Peter Pan,\u00a0Bambi,\u00a0Caperucita Roja,\u00a0Pinocho,\u00a0Pulgarcito,\u00a0<\/i><i>El gato con botas, Las siete cabritillas y el Lobo, El sastrecillo valiente, Hansel y Gretel&#8230;<\/i>\u00a0Todos ellos se pueden ver y escuchar en canales como youtube, tambi\u00e9n existen pel\u00edculas&#8230;<\/p>\n<p>&#8211;\u00a0<i>Rosa Caramelo<\/i> de Adela Tur\u00edn. Cuentacuentos de Beatriz Montero.\u00a0<a href=\"https:\/\/www.youtube.com\/watch?v=NO3pwZMcV10\">https:\/\/www.youtube.com\/watch?v=NO3pwZMcV10<\/a><\/p>\n<p>&#8211; S\u00edgueme (una historia de amor que no tiene nada de raro) de Jos\u00e9 Campari y Roger Olmos.<\/p>\n<p>Cuentacuentos de Jos\u00e9 Campari.\u00a0<a href=\"https:\/\/www.youtube.com\/watch?v=Hy3ox0ptTf4\">https:\/\/www.youtube.com\/watch?v=Hy3ox0ptTf4<\/a><\/p>\n<p>&#8211;\u00a0<i>Arturo y Clementina<\/i> de Adela Tur\u00edn. Cuentacuentos de Beatriz Montero.\u00a0<a href=\"https:\/\/www.youtube.com\/watch?v=3pHIAdW-PHs\">https:\/\/www.youtube.com\/watch?v=3pHIAdW-PHs<\/a><\/p>\n<p>Tambi\u00e9n pod\u00e9is disfrutarla en versi\u00f3n audiolibro.\u00a0<a href=\"https:\/\/www.youtube.com\/watch?v=BN3u4DGMA-c\">https:\/\/www.youtube.com\/watch?v=BN3u4DGMA-c<\/a><\/p>\n<p>&#8211;\u00a0<i>Las princesas tambi\u00e9n se tiran pedos<\/i> de\u00a0 Ilan Brenman. Cuentacuentos de Beatriz Montero.\u00a0<a href=\"https:\/\/www.youtube.com\/watch?v=C1Bm7PJsE-4\">https:\/\/www.youtube.com\/watch?v=C1Bm7PJsE-4<\/a><\/p>\n<p>&#8211;\u00a0<i>In\u00e9s del Rev\u00e9s<\/i> de Anita Jeram. Cuentacuentos de Beatriz Montero. <a href=\"https:\/\/www.youtube.com\/watch?v=jXN9on7TxRg\">https:\/\/www.youtube.com\/watch?v=jXN9on7TxRg<\/a><\/p>\n<p>&#8211;\u00a0<i>El Principito<\/i> de Antonie de Saint-Exup\u00e8ry. Audiolibro.\u00a0<a href=\"https:\/\/www.youtube.com\/watch?v=_LyQH01rfo8\">https:\/\/www.youtube.com\/watch?v=_LyQH01rfo8<\/a><\/p>\n<p>&#8211; Los cuentos de Dionisio por Denis Rafter.\u00a0<a href=\"https:\/\/www.youtube.com\/watch?v=tbIg83IBTc8\">https:\/\/www.youtube.com\/watch?v=tbIg83IBTc8<\/a><\/p>\n<p>Y ahora a&#8230; LEER&#8230; ESCUCHAR&#8230; VER&#8230; Y DISFRUTAR&#8230;<\/p>\n<p><img loading=\"lazy\" decoding=\"async\" class=\"aligncenter wp-image-242 size-full\" src=\"http:\/\/edublog.educastur.es\/espaolparatodosytodas\/files\/2021\/01\/leer1-2.jpg\" alt=\"\" width=\"1000\" height=\"642\" srcset=\"https:\/\/edublog.educastur.es\/espaolparatodosytodas\/files\/2021\/01\/leer1-2.jpg 1000w, https:\/\/edublog.educastur.es\/espaolparatodosytodas\/files\/2021\/01\/leer1-2-300x193.jpg 300w, https:\/\/edublog.educastur.es\/espaolparatodosytodas\/files\/2021\/01\/leer1-2-768x493.jpg 768w, https:\/\/edublog.educastur.es\/espaolparatodosytodas\/files\/2021\/01\/leer1-2-900x578.jpg 900w\" sizes=\"auto, (max-width: 1000px) 100vw, 1000px\" \/><\/p>\n","protected":false},"excerpt":{"rendered":"<p>Los cuentos forman parte de la cultura. El idioma es fundamental para su transmisi\u00f3n. A continuaci\u00f3n os recomendamos algunas lecturas y algunos v\u00eddeos donde podr\u00e9is ver y escuchar diferentes narraciones orales. Puedes leer y escuchar tanto cuentos tradicionales o cl\u00e1sicos como cuentos contempor\u00e1neos o de todas las culturas del mundo. Lo importante es aprender. &#8211;\u00a0El [&hellip;]<\/p>\n","protected":false},"author":36,"featured_media":0,"parent":0,"menu_order":0,"comment_status":"closed","ping_status":"closed","template":"","meta":{"footnotes":""},"class_list":["post-35","page","type-page","status-publish","hentry"],"_links":{"self":[{"href":"https:\/\/edublog.educastur.es\/espaolparatodosytodas\/wp-json\/wp\/v2\/pages\/35","targetHints":{"allow":["GET"]}}],"collection":[{"href":"https:\/\/edublog.educastur.es\/espaolparatodosytodas\/wp-json\/wp\/v2\/pages"}],"about":[{"href":"https:\/\/edublog.educastur.es\/espaolparatodosytodas\/wp-json\/wp\/v2\/types\/page"}],"author":[{"embeddable":true,"href":"https:\/\/edublog.educastur.es\/espaolparatodosytodas\/wp-json\/wp\/v2\/users\/36"}],"replies":[{"embeddable":true,"href":"https:\/\/edublog.educastur.es\/espaolparatodosytodas\/wp-json\/wp\/v2\/comments?post=35"}],"version-history":[{"count":7,"href":"https:\/\/edublog.educastur.es\/espaolparatodosytodas\/wp-json\/wp\/v2\/pages\/35\/revisions"}],"predecessor-version":[{"id":243,"href":"https:\/\/edublog.educastur.es\/espaolparatodosytodas\/wp-json\/wp\/v2\/pages\/35\/revisions\/243"}],"wp:attachment":[{"href":"https:\/\/edublog.educastur.es\/espaolparatodosytodas\/wp-json\/wp\/v2\/media?parent=35"}],"curies":[{"name":"wp","href":"https:\/\/api.w.org\/{rel}","templated":true}]}}