{"id":433,"date":"2021-02-06T10:40:56","date_gmt":"2021-02-06T10:40:56","guid":{"rendered":"https:\/\/edublog.educastur.es\/espaolparatodosytodas\/?page_id=433"},"modified":"2021-02-23T19:38:28","modified_gmt":"2021-02-23T19:38:28","slug":"los-colores","status":"publish","type":"page","link":"https:\/\/edublog.educastur.es\/espaolparatodosytodas\/","title":{"rendered":"Vocabulario"},"content":{"rendered":"<p style=\"text-align: center\"><em><strong>LOS COLORES<\/strong><\/em><\/p>\n<p><img loading=\"lazy\" decoding=\"async\" class=\"alignnone size-full wp-image-438\" src=\"http:\/\/edublog.educastur.es\/espaolparatodosytodas\/files\/2021\/02\/arcoiris.jpeg\" alt=\"\" width=\"314\" height=\"160\" srcset=\"https:\/\/edublog.educastur.es\/espaolparatodosytodas\/files\/2021\/02\/arcoiris.jpeg 314w, https:\/\/edublog.educastur.es\/espaolparatodosytodas\/files\/2021\/02\/arcoiris-300x153.jpeg 300w\" sizes=\"auto, (max-width: 314px) 100vw, 314px\" \/><\/p>\n<p>Os mostramos un v\u00eddeo, nivel A1 de espa\u00f1ol, para conocer los colores.<\/p>\n<p>Esperamos que os sea de utilidad. Tambi\u00e9n os incluimos un p\u00f3ster y algunas actividades para trabajar los colores.<\/p>\n<p><iframe loading=\"lazy\" class=\"wp-embedded-content\" sandbox=\"allow-scripts\" security=\"restricted\" title=\"LOS COLORES\" src=\"https:\/\/express.adobe.com\/video\/lKB90s7hjIU0J\/embed#?secret=j3ShvmsIM0\" data-secret=\"j3ShvmsIM0\" width=\"1280\" height=\"720\" frameborder=\"0\"><\/iframe><\/p>\n<p><img loading=\"lazy\" decoding=\"async\" class=\"aligncenter wp-image-440 size-large\" src=\"http:\/\/edublog.educastur.es\/espaolparatodosytodas\/files\/2021\/02\/colores-683x1024.jpg\" alt=\"\" width=\"629\" height=\"943\" srcset=\"https:\/\/edublog.educastur.es\/espaolparatodosytodas\/files\/2021\/02\/colores-683x1024.jpg 683w, https:\/\/edublog.educastur.es\/espaolparatodosytodas\/files\/2021\/02\/colores-200x300.jpg 200w, https:\/\/edublog.educastur.es\/espaolparatodosytodas\/files\/2021\/02\/colores.jpg 735w\" sizes=\"auto, (max-width: 629px) 100vw, 629px\" \/><\/p>\n<p><iframe class=\"wp-embedded-content\" sandbox=\"allow-scripts\" security=\"restricted\" title=\"colores ele espa\u00f1ol\" frameborder='0' width='682' height='357' src='https:\/\/view.genially.com\/602031f15115d20cf91cdf93#?secret=bgqg5ZuicF' data-secret='bgqg5ZuicF' scrolling='yes'><\/iframe><\/p>\n<p><strong>ACTIVIDADES DE REPASO<\/strong>:<br \/>\n<iframe class=\"wp-embedded-content\" sandbox=\"allow-scripts\" security=\"restricted\" title=\"colores ele\" frameborder='0' width='1200' height='675' src='https:\/\/view.genially.com\/601fc56a4acd220d26674b4b#?secret=WHLsg82pJs' data-secret='WHLsg82pJs' scrolling='yes'><\/iframe><br \/>\n<iframe class=\"wp-embedded-content\" sandbox=\"allow-scripts\" security=\"restricted\" title=\"colores ele A1\" frameborder='0' width='576' height='375' src='https:\/\/view.genially.com\/601fdc3f3668350d00143558#?secret=gSKf2wOuwh' data-secret='gSKf2wOuwh' scrolling='yes'><\/iframe><\/p>\n","protected":false},"excerpt":{"rendered":"<p>LOS COLORES Os mostramos un v\u00eddeo, nivel A1 de espa\u00f1ol, para conocer los colores. Esperamos que os sea de utilidad. Tambi\u00e9n os incluimos un p\u00f3ster y algunas actividades para trabajar los colores. ACTIVIDADES DE REPASO:<\/p>\n","protected":false},"author":36,"featured_media":0,"parent":0,"menu_order":0,"comment_status":"closed","ping_status":"closed","template":"","meta":{"footnotes":""},"class_list":["post-433","page","type-page","status-publish","hentry"],"_links":{"self":[{"href":"https:\/\/edublog.educastur.es\/espaolparatodosytodas\/wp-json\/wp\/v2\/pages\/433","targetHints":{"allow":["GET"]}}],"collection":[{"href":"https:\/\/edublog.educastur.es\/espaolparatodosytodas\/wp-json\/wp\/v2\/pages"}],"about":[{"href":"https:\/\/edublog.educastur.es\/espaolparatodosytodas\/wp-json\/wp\/v2\/types\/page"}],"author":[{"embeddable":true,"href":"https:\/\/edublog.educastur.es\/espaolparatodosytodas\/wp-json\/wp\/v2\/users\/36"}],"replies":[{"embeddable":true,"href":"https:\/\/edublog.educastur.es\/espaolparatodosytodas\/wp-json\/wp\/v2\/comments?post=433"}],"version-history":[{"count":9,"href":"https:\/\/edublog.educastur.es\/espaolparatodosytodas\/wp-json\/wp\/v2\/pages\/433\/revisions"}],"predecessor-version":[{"id":473,"href":"https:\/\/edublog.educastur.es\/espaolparatodosytodas\/wp-json\/wp\/v2\/pages\/433\/revisions\/473"}],"wp:attachment":[{"href":"https:\/\/edublog.educastur.es\/espaolparatodosytodas\/wp-json\/wp\/v2\/media?parent=433"}],"curies":[{"name":"wp","href":"https:\/\/api.w.org\/{rel}","templated":true}]}}