{"id":456,"date":"2021-02-23T18:22:03","date_gmt":"2021-02-23T18:22:03","guid":{"rendered":"https:\/\/edublog.educastur.es\/espaolparatodosytodas\/?page_id=456"},"modified":"2021-03-16T16:48:36","modified_gmt":"2021-03-16T16:48:36","slug":"interrogativos-y-preguntas-basicas-en-espanol","status":"publish","type":"page","link":"https:\/\/edublog.educastur.es\/espaolparatodosytodas\/interrogativos-y-preguntas-basicas-en-espanol\/","title":{"rendered":"INTERROGATIVOS Y PREGUNTAS B\u00c1SICAS EN ESPA\u00d1OL"},"content":{"rendered":"<p>Para repasar los interrogativos y lo aprendido los primeros d\u00edas de la clase ELE: datos personales, n\u00fameros, d\u00edas, etc.<br \/>\n<iframe class=\"wp-embedded-content\" sandbox=\"allow-scripts\" security=\"restricted\" title=\"Responde 1\" frameborder='0' width='1200' height='1200' src='https:\/\/view.genially.com\/6033dabf10abd40d0f712106#?secret=W67bBSwItd' data-secret='W67bBSwItd' scrolling='yes'><\/iframe><\/p>\n<p><iframe class=\"wp-embedded-content\" sandbox=\"allow-scripts\" security=\"restricted\" title=\"Repaso A1 Preguntas b\u00e1sicas ELE\" frameborder='0' width='1200' height='675' src='https:\/\/view.genially.com\/603b6ec206cc940cfac3a393#?secret=srylnzKN7Z' data-secret='srylnzKN7Z' scrolling='yes'><\/iframe><\/p>\n<p><iframe class=\"wp-embedded-content\" sandbox=\"allow-scripts\" security=\"restricted\" title=\"Interrogativos A1 repaso\" frameborder='0' width='1200' height='675' src='https:\/\/view.genially.com\/603b72f106cc940cfac3a434#?secret=pjEYd2kl06' data-secret='pjEYd2kl06' scrolling='yes'><\/iframe><\/p>\n<p><iframe class=\"wp-embedded-content\" sandbox=\"allow-scripts\" security=\"restricted\" title=\"Juego repaso A1 ELE\" frameborder='0' width='1200' height='675' src='https:\/\/view.genially.com\/604fb30b7555eb134635ae58#?secret=a8h0uCH59C' data-secret='a8h0uCH59C' scrolling='yes'><\/iframe><\/p>\n","protected":false},"excerpt":{"rendered":"<p>Para repasar los interrogativos y lo aprendido los primeros d\u00edas de la clase ELE: datos personales, n\u00fameros, d\u00edas, etc.<\/p>\n","protected":false},"author":36,"featured_media":0,"parent":0,"menu_order":0,"comment_status":"closed","ping_status":"closed","template":"","meta":{"footnotes":""},"class_list":["post-456","page","type-page","status-publish","hentry"],"_links":{"self":[{"href":"https:\/\/edublog.educastur.es\/espaolparatodosytodas\/wp-json\/wp\/v2\/pages\/456","targetHints":{"allow":["GET"]}}],"collection":[{"href":"https:\/\/edublog.educastur.es\/espaolparatodosytodas\/wp-json\/wp\/v2\/pages"}],"about":[{"href":"https:\/\/edublog.educastur.es\/espaolparatodosytodas\/wp-json\/wp\/v2\/types\/page"}],"author":[{"embeddable":true,"href":"https:\/\/edublog.educastur.es\/espaolparatodosytodas\/wp-json\/wp\/v2\/users\/36"}],"replies":[{"embeddable":true,"href":"https:\/\/edublog.educastur.es\/espaolparatodosytodas\/wp-json\/wp\/v2\/comments?post=456"}],"version-history":[{"count":7,"href":"https:\/\/edublog.educastur.es\/espaolparatodosytodas\/wp-json\/wp\/v2\/pages\/456\/revisions"}],"predecessor-version":[{"id":523,"href":"https:\/\/edublog.educastur.es\/espaolparatodosytodas\/wp-json\/wp\/v2\/pages\/456\/revisions\/523"}],"wp:attachment":[{"href":"https:\/\/edublog.educastur.es\/espaolparatodosytodas\/wp-json\/wp\/v2\/media?parent=456"}],"curies":[{"name":"wp","href":"https:\/\/api.w.org\/{rel}","templated":true}]}}