{"id":460,"date":"2021-02-23T18:25:16","date_gmt":"2021-02-23T18:25:16","guid":{"rendered":"https:\/\/edublog.educastur.es\/espaolparatodosytodas\/?page_id=460"},"modified":"2021-02-23T18:25:16","modified_gmt":"2021-02-23T18:25:16","slug":"rutina-diaria","status":"publish","type":"page","link":"https:\/\/edublog.educastur.es\/espaolparatodosytodas\/rutina-diaria\/","title":{"rendered":"Rutina diaria"},"content":{"rendered":"<p>\u00bfQu\u00e9 hacemos diariamente?<br \/>\nAqu\u00ed os dejamos una peque\u00f1a muestra con un v\u00eddeo y con una presentaci\u00f3n.<br \/>\n<iframe loading=\"lazy\" class=\"wp-embedded-content\" sandbox=\"allow-scripts\" security=\"restricted\" title=\"MI RUTINA DIARIA\" src=\"https:\/\/express.adobe.com\/video\/Mx8mizeyTwVbM\/embed#?secret=t7Yy7jPWMi\" data-secret=\"t7Yy7jPWMi\" width=\"1280\" height=\"720\" frameborder=\"0\"><\/iframe><br \/>\nPresentaci\u00f3n:<br \/>\n<iframe class=\"wp-embedded-content\" sandbox=\"allow-scripts\" security=\"restricted\" title=\"Mi rutina diaria\" frameborder='0' width='1200' height='675' src='https:\/\/view.genially.com\/602e7d7cd5a1a70d78342d31#?secret=aMz7YQyADp' data-secret='aMz7YQyADp' scrolling='yes'><\/iframe><br \/>\nFicha interactiva para practicar.<br \/>\n<iframe class=\"wp-embedded-content\" sandbox=\"allow-scripts\" security=\"restricted\" title=\"Rutina diaria\" frameborder='0' width='720' height='413' src='https:\/\/view.genially.com\/602e86c8d5a1a70d78342eb2#?secret=V7f0nlb4XY' data-secret='V7f0nlb4XY' scrolling='yes'><\/iframe><\/p>\n","protected":false},"excerpt":{"rendered":"<p>\u00bfQu\u00e9 hacemos diariamente? Aqu\u00ed os dejamos una peque\u00f1a muestra con un v\u00eddeo y con una presentaci\u00f3n. Presentaci\u00f3n: Ficha interactiva para practicar.<\/p>\n","protected":false},"author":36,"featured_media":0,"parent":0,"menu_order":0,"comment_status":"closed","ping_status":"closed","template":"","meta":{"footnotes":""},"class_list":["post-460","page","type-page","status-publish","hentry"],"_links":{"self":[{"href":"https:\/\/edublog.educastur.es\/espaolparatodosytodas\/wp-json\/wp\/v2\/pages\/460","targetHints":{"allow":["GET"]}}],"collection":[{"href":"https:\/\/edublog.educastur.es\/espaolparatodosytodas\/wp-json\/wp\/v2\/pages"}],"about":[{"href":"https:\/\/edublog.educastur.es\/espaolparatodosytodas\/wp-json\/wp\/v2\/types\/page"}],"author":[{"embeddable":true,"href":"https:\/\/edublog.educastur.es\/espaolparatodosytodas\/wp-json\/wp\/v2\/users\/36"}],"replies":[{"embeddable":true,"href":"https:\/\/edublog.educastur.es\/espaolparatodosytodas\/wp-json\/wp\/v2\/comments?post=460"}],"version-history":[{"count":1,"href":"https:\/\/edublog.educastur.es\/espaolparatodosytodas\/wp-json\/wp\/v2\/pages\/460\/revisions"}],"predecessor-version":[{"id":461,"href":"https:\/\/edublog.educastur.es\/espaolparatodosytodas\/wp-json\/wp\/v2\/pages\/460\/revisions\/461"}],"wp:attachment":[{"href":"https:\/\/edublog.educastur.es\/espaolparatodosytodas\/wp-json\/wp\/v2\/media?parent=460"}],"curies":[{"name":"wp","href":"https:\/\/api.w.org\/{rel}","templated":true}]}}