{"id":48,"date":"2020-06-30T10:58:35","date_gmt":"2020-06-30T10:58:35","guid":{"rendered":"https:\/\/edublog.educastur.es\/espaolparatodosytodas\/?page_id=48"},"modified":"2021-01-30T15:34:17","modified_gmt":"2021-01-30T15:34:17","slug":"el-articulo","status":"publish","type":"page","link":"https:\/\/edublog.educastur.es\/espaolparatodosytodas\/el-articulo\/","title":{"rendered":"El art\u00edculo"},"content":{"rendered":"<p style=\"text-align: justify\">Los art\u00edculos\u00a0acompa\u00f1an siempre a un\u00a0sustantivo o un nombre. Concuerdan en\u00a0g\u00e9nero<span style=\"color: #000000\">\u00a0(masculino,\u00a0femenino) y n\u00famero<\/span>\u00a0(singular,\u00a0plural).<\/p>\n<p style=\"text-align: justify\">Aqu\u00ed ten\u00e9is un v\u00eddeo explicativo:<\/p>\n<p style=\"text-align: justify\"><a href=\"https:\/\/happylearning.tv\/los-determinantes-articulos-y-demostrativos\/\">https:\/\/happylearning.tv\/los-determinantes-articulos-y-demostrativos\/<\/a><\/p>\n<p style=\"text-align: justify\">En espa\u00f1ol, existen dos tipos de art\u00edculos: los\u00a0art\u00edculos determinados\u00a0<i>(el\/los, la\/las, lo)\u00a0<\/i>y los\u00a0art\u00edculos indeterminados\u00a0<i>(un, una, unos, unas).<\/i><\/p>\n<p><b>1.- ART\u00cdCULO DETERMINADO<\/b>:<\/p>\n<p><img loading=\"lazy\" decoding=\"async\" class=\"alignnone size-full wp-image-333\" src=\"http:\/\/edublog.educastur.es\/espaolparatodosytodas\/files\/2021\/01\/articulos-determinado.jpg\" alt=\"\" width=\"720\" height=\"540\" srcset=\"https:\/\/edublog.educastur.es\/espaolparatodosytodas\/files\/2021\/01\/articulos-determinado.jpg 720w, https:\/\/edublog.educastur.es\/espaolparatodosytodas\/files\/2021\/01\/articulos-determinado-300x225.jpg 300w\" sizes=\"auto, (max-width: 720px) 100vw, 720px\" \/><\/p>\n<p><i>Ejemplos:\u00a0<u>El<\/u>\u00a0libro.\u00a0<u>La<\/u>\u00a0cama.\u00a0<u>Lo<\/u>\u00a0importante.\u00a0<u>Los<\/u>\u00a0libros.\u00a0<u>Las<\/u>\u00a0camas<\/i>.<\/p>\n<p style=\"text-align: justify\">El art\u00edculo determinado acompa\u00f1a al sustantivo o al nombre.\u00a0<i>Ejemplo<\/i>: Iremos al cine\u00a0<i>el<\/i>\u00a0s\u00e1bado.<\/p>\n<p style=\"text-align: justify\"><b>Preposici\u00f3n + art\u00edculo:\u00a0<\/b>Las preposiciones\u00a0<i>a<\/i>\u00a0y\u00a0<i>de<\/i>\u00a0y el art\u00edculo determinado masculino singular deben contraerse y formar una sola palabra. Contracciones del art\u00edculo determinado:<\/p>\n<p style=\"text-align: justify\">&#8211;\u00a0\u00a0\u00a0\u00a0\u00a0\u00a0\u00a0<b>De+el= del<\/b>. Ejemplo:\u00a0<i>El libro\u00a0<b>del<\/b>\u00a0profesor est\u00e1 aqu\u00ed<\/i>.<\/p>\n<p style=\"text-align: justify\">&#8211;\u00a0\u00a0\u00a0\u00a0\u00a0\u00a0\u00a0<b>A+el= al<\/b>. Ejemplo:\u00a0\u00a0<i>Las chicas van\u00a0<b>al<\/b>\u00a0colegio.<\/i><\/p>\n<p style=\"text-align: justify\"><b>EJERCICIO: Clasifica los siguientes nombres en la tabla seg\u00fan corresponda<\/b>:<\/p>\n<table border=\"1\" cellspacing=\"0\" cellpadding=\"0\">\n<tbody>\n<tr>\n<td colspan=\"2\" valign=\"top\" width=\"432\">cama, casa, ciudad, cuaderno, cumplea\u00f1os, d\u00eda, expresi\u00f3n, foto, hotel, libro, pegamento, problema, ventana, radio, televisi\u00f3n, viernes, universidad, p\u00e1gina, m\u00f3vil, teatro, cine\u2026<\/td>\n<\/tr>\n<tr>\n<td valign=\"top\" width=\"216\">\n<p align=\"center\"><b>EL<\/b><\/p>\n<p>el cine\u2026<\/td>\n<td valign=\"top\" width=\"216\">\n<p align=\"center\"><b>LA<\/b><\/p>\n<p>la cama\u2026<\/td>\n<\/tr>\n<\/tbody>\n<\/table>\n<p><b>EJERCICIO: Escribe el art\u00edculo y el sustantivo en plural<\/b>.<\/p>\n<p>1.- mujer: las mujeres.<\/p>\n<p>2.- pez:<\/p>\n<p>3.- autob\u00fas:<\/p>\n<p>4.- actor:<\/p>\n<p>5.- jueves:<\/p>\n<p>6.- clase:<\/p>\n<p>7.- leopardo:<\/p>\n<p>8.- ni\u00f1o:<\/p>\n<p>9.- habitaci\u00f3n:<\/p>\n<p>10.- mesa:<\/p>\n<p>2<b>.- ART\u00cdCULO INDETERMINADO<\/b>:<\/p>\n<p><img loading=\"lazy\" decoding=\"async\" class=\"alignnone wp-image-334 size-full\" src=\"http:\/\/edublog.educastur.es\/espaolparatodosytodas\/files\/2021\/01\/articulos-indeterminado.jpg\" alt=\"\" width=\"720\" height=\"540\" srcset=\"https:\/\/edublog.educastur.es\/espaolparatodosytodas\/files\/2021\/01\/articulos-indeterminado.jpg 720w, https:\/\/edublog.educastur.es\/espaolparatodosytodas\/files\/2021\/01\/articulos-indeterminado-300x225.jpg 300w\" sizes=\"auto, (max-width: 720px) 100vw, 720px\" \/><\/p>\n<p style=\"text-align: justify\">Se usa para identificar algo o alguien como parte de una clase o grupo.\u00a0<i>Ejemplo<\/i>:\u00a0<i>Manu Carrasco es\u00a0<u>un<\/u>\u00a0cantante<\/i>.<\/p>\n<p style=\"text-align: justify\">Se emplea tambi\u00e9n para indicar una cantidad.\u00a0<i>Ejemplo: Necesito\u00a0<u>un<\/u>\u00a0bol\u00edgrafo<\/i>.<\/p>\n<p style=\"text-align: justify\">En el caso de los art\u00edculos indeterminados unos y unas su uso se centra en las formas de plural y en los nombres contables en plural.\u00a0<i>Ejemplo: Me compr\u00e9\u00a0<u>unos<\/u>\u00a0vaqueros y\u00a0<u>unos<\/u>\u00a0libros.<\/i><\/p>\n<p><b>EJERCICIOS:<\/b><\/p>\n<p><b>1.- Completa las palabras del cuadro con un, una, unos, unas.<\/b><\/p>\n<table border=\"1\" cellspacing=\"0\" cellpadding=\"0\">\n<tbody>\n<tr>\n<td valign=\"top\" width=\"108\">\n<p align=\"center\"><b>Una<\/b>\u00a0flor<\/p>\n<\/td>\n<td valign=\"top\" width=\"108\">\n<p align=\"right\">cine<\/p>\n<\/td>\n<td valign=\"top\" width=\"108\">\n<p align=\"right\">aulas<\/p>\n<\/td>\n<td valign=\"top\" width=\"108\">\n<p align=\"right\">tijeras<\/p>\n<\/td>\n<\/tr>\n<tr>\n<td valign=\"top\" width=\"108\">\n<p align=\"right\">sillas<\/p>\n<\/td>\n<td valign=\"top\" width=\"108\">\n<p align=\"right\">habitaci\u00f3n<\/p>\n<\/td>\n<td valign=\"top\" width=\"108\">\n<p align=\"right\">estuche<\/p>\n<\/td>\n<td valign=\"top\" width=\"108\">\n<p align=\"right\">vaqueros<\/p>\n<\/td>\n<\/tr>\n<tr>\n<td valign=\"top\" width=\"108\">\n<p align=\"right\">relojes<\/p>\n<\/td>\n<td valign=\"top\" width=\"108\">\n<p align=\"right\">camarero<\/p>\n<\/td>\n<td valign=\"top\" width=\"108\">\n<p align=\"right\">l\u00e1pices<\/p>\n<\/td>\n<td valign=\"top\" width=\"108\">\n<p align=\"right\">flores<\/p>\n<\/td>\n<\/tr>\n<tr>\n<td valign=\"top\" width=\"108\">\n<p align=\"right\">alumno<\/p>\n<\/td>\n<td valign=\"top\" width=\"108\">\n<p align=\"right\">pantalones<\/p>\n<\/td>\n<td valign=\"top\" width=\"108\">\n<p align=\"right\">canguro<\/p>\n<\/td>\n<td valign=\"top\" width=\"108\">\n<p align=\"right\">m\u00f3viles<\/p>\n<\/td>\n<\/tr>\n<tr>\n<td valign=\"top\" width=\"108\">\n<p align=\"right\">libreta<\/p>\n<\/td>\n<td valign=\"top\" width=\"108\">\n<p align=\"right\">profesor<\/p>\n<\/td>\n<td valign=\"top\" width=\"108\">\n<p align=\"right\">ciudad<\/p>\n<\/td>\n<td valign=\"top\" width=\"108\">\n<p align=\"right\">chaqueta<\/p>\n<\/td>\n<\/tr>\n<\/tbody>\n<\/table>\n<p><b>2.- Completa las respuestas utilizando un, una, unos, unas.<\/b><\/p>\n<p>&#8211; \u00bfQu\u00e9 es el balonmano? Es\u00a0<i>un<\/i>\u00a0deporte.<\/p>\n<p>&#8211; \u00bfQu\u00e9 es Sevilla? Es ________ ciudad.<\/p>\n<p>&#8211; \u00bfQu\u00e9 es la rosa? Es ________ flor.<\/p>\n<p>&#8211; \u00bfQu\u00e9 es el mango? Es ________ fruta.<\/p>\n<p>&#8211; \u00bfQui\u00e9n es Ronaldo? Es _______ futbolista.<\/p>\n<p>&#8211; \u00bfQui\u00e9n es Isabel Allende? Es _______ escritora.<\/p>\n<p>&#8211; \u00bfQui\u00e9n es Frida Kahlo? Es _______ pintora.<\/p>\n<p>&#8211; \u00bfQui\u00e9n es Alejandro Amen\u00e1bar? Es _______ director de cine.<\/p>\n<p><b>3.- Completa las frases con un, una, unos, unas<\/b>.<\/p>\n<p>1.- ________ sand\u00eda, por favor.<\/p>\n<p>2.- El Orinoco es _______ r\u00edo.<\/p>\n<p>3.- Quiero _________ vaqueros.<\/p>\n<p>4.- Es __________ televisi\u00f3n.<\/p>\n<p>5.- Mar\u00eda Luisa tiene ________ hija.<\/p>\n<p>6.- Necesitamos _________ tijeras.<\/p>\n<p>7.- Me compr\u00e9 ________ zapatos muy c\u00f3modos.<\/p>\n<p>8.- Alquil\u00e9 _________ casa en la playa.<\/p>\n<p><img loading=\"lazy\" decoding=\"async\" class=\"alignnone wp-image-335 size-large\" src=\"http:\/\/edublog.educastur.es\/espaolparatodosytodas\/files\/2021\/01\/playa-1024x366.jpg\" alt=\"\" width=\"629\" height=\"225\" srcset=\"https:\/\/edublog.educastur.es\/espaolparatodosytodas\/files\/2021\/01\/playa-1024x366.jpg 1024w, https:\/\/edublog.educastur.es\/espaolparatodosytodas\/files\/2021\/01\/playa-300x107.jpg 300w, https:\/\/edublog.educastur.es\/espaolparatodosytodas\/files\/2021\/01\/playa-768x274.jpg 768w, https:\/\/edublog.educastur.es\/espaolparatodosytodas\/files\/2021\/01\/playa-900x321.jpg 900w, https:\/\/edublog.educastur.es\/espaolparatodosytodas\/files\/2021\/01\/playa-1280x457.jpg 1280w, https:\/\/edublog.educastur.es\/espaolparatodosytodas\/files\/2021\/01\/playa.jpg 1400w\" sizes=\"auto, (max-width: 629px) 100vw, 629px\" \/><\/p>\n","protected":false},"excerpt":{"rendered":"<p>Los art\u00edculos\u00a0acompa\u00f1an siempre a un\u00a0sustantivo o un nombre. Concuerdan en\u00a0g\u00e9nero\u00a0(masculino,\u00a0femenino) y n\u00famero\u00a0(singular,\u00a0plural). Aqu\u00ed ten\u00e9is un v\u00eddeo explicativo: https:\/\/happylearning.tv\/los-determinantes-articulos-y-demostrativos\/ En espa\u00f1ol, existen dos tipos de art\u00edculos: los\u00a0art\u00edculos determinados\u00a0(el\/los, la\/las, lo)\u00a0y los\u00a0art\u00edculos indeterminados\u00a0(un, una, unos, unas). 1.- ART\u00cdCULO DETERMINADO: Ejemplos:\u00a0El\u00a0libro.\u00a0La\u00a0cama.\u00a0Lo\u00a0importante.\u00a0Los\u00a0libros.\u00a0Las\u00a0camas. El art\u00edculo determinado acompa\u00f1a al sustantivo o al nombre.\u00a0Ejemplo: Iremos al cine\u00a0el\u00a0s\u00e1bado. Preposici\u00f3n + art\u00edculo:\u00a0Las preposiciones\u00a0a\u00a0y\u00a0de\u00a0y el [&hellip;]<\/p>\n","protected":false},"author":36,"featured_media":0,"parent":0,"menu_order":0,"comment_status":"closed","ping_status":"closed","template":"","meta":{"footnotes":""},"class_list":["post-48","page","type-page","status-publish","hentry"],"_links":{"self":[{"href":"https:\/\/edublog.educastur.es\/espaolparatodosytodas\/wp-json\/wp\/v2\/pages\/48","targetHints":{"allow":["GET"]}}],"collection":[{"href":"https:\/\/edublog.educastur.es\/espaolparatodosytodas\/wp-json\/wp\/v2\/pages"}],"about":[{"href":"https:\/\/edublog.educastur.es\/espaolparatodosytodas\/wp-json\/wp\/v2\/types\/page"}],"author":[{"embeddable":true,"href":"https:\/\/edublog.educastur.es\/espaolparatodosytodas\/wp-json\/wp\/v2\/users\/36"}],"replies":[{"embeddable":true,"href":"https:\/\/edublog.educastur.es\/espaolparatodosytodas\/wp-json\/wp\/v2\/comments?post=48"}],"version-history":[{"count":3,"href":"https:\/\/edublog.educastur.es\/espaolparatodosytodas\/wp-json\/wp\/v2\/pages\/48\/revisions"}],"predecessor-version":[{"id":336,"href":"https:\/\/edublog.educastur.es\/espaolparatodosytodas\/wp-json\/wp\/v2\/pages\/48\/revisions\/336"}],"wp:attachment":[{"href":"https:\/\/edublog.educastur.es\/espaolparatodosytodas\/wp-json\/wp\/v2\/media?parent=48"}],"curies":[{"name":"wp","href":"https:\/\/api.w.org\/{rel}","templated":true}]}}