{"id":505,"date":"2021-03-13T19:00:34","date_gmt":"2021-03-13T19:00:34","guid":{"rendered":"https:\/\/edublog.educastur.es\/espaolparatodosytodas\/?page_id=505"},"modified":"2021-03-13T19:01:56","modified_gmt":"2021-03-13T19:01:56","slug":"la-familia-miembros","status":"publish","type":"page","link":"https:\/\/edublog.educastur.es\/espaolparatodosytodas\/la-familia-miembros\/","title":{"rendered":"La familia: miembros."},"content":{"rendered":"<p>Actualmente existen muchos tipos de familias, aqu\u00ed os dejamos una peque\u00f1a muestra para trabajar el vocabulario b\u00e1sico.<\/p>\n<p>&nbsp;<\/p>\n<p><iframe class=\"wp-embedded-content\" sandbox=\"allow-scripts\" security=\"restricted\" title=\"LA FAMILIA\" frameborder='0' width='1200' height='675' src='https:\/\/view.genially.com\/6048e8d0f7c5bd0d75e649cd#?secret=hOG9y2gx6E' data-secret='hOG9y2gx6E' scrolling='yes'><\/iframe><\/p>\n<p><iframe class=\"wp-embedded-content\" sandbox=\"allow-scripts\" security=\"restricted\" title=\"\u00e1rbol familia\" frameborder='0' width='1200' height='675' src='https:\/\/view.genially.com\/60493a367cead90da490c0b6#?secret=BnXQjRm3fI' data-secret='BnXQjRm3fI' scrolling='yes'><\/iframe><\/p>\n","protected":false},"excerpt":{"rendered":"<p>Actualmente existen muchos tipos de familias, aqu\u00ed os dejamos una peque\u00f1a muestra para trabajar el vocabulario b\u00e1sico. &nbsp;<\/p>\n","protected":false},"author":36,"featured_media":0,"parent":0,"menu_order":0,"comment_status":"closed","ping_status":"closed","template":"","meta":{"footnotes":""},"class_list":["post-505","page","type-page","status-publish","hentry"],"_links":{"self":[{"href":"https:\/\/edublog.educastur.es\/espaolparatodosytodas\/wp-json\/wp\/v2\/pages\/505","targetHints":{"allow":["GET"]}}],"collection":[{"href":"https:\/\/edublog.educastur.es\/espaolparatodosytodas\/wp-json\/wp\/v2\/pages"}],"about":[{"href":"https:\/\/edublog.educastur.es\/espaolparatodosytodas\/wp-json\/wp\/v2\/types\/page"}],"author":[{"embeddable":true,"href":"https:\/\/edublog.educastur.es\/espaolparatodosytodas\/wp-json\/wp\/v2\/users\/36"}],"replies":[{"embeddable":true,"href":"https:\/\/edublog.educastur.es\/espaolparatodosytodas\/wp-json\/wp\/v2\/comments?post=505"}],"version-history":[{"count":3,"href":"https:\/\/edublog.educastur.es\/espaolparatodosytodas\/wp-json\/wp\/v2\/pages\/505\/revisions"}],"predecessor-version":[{"id":510,"href":"https:\/\/edublog.educastur.es\/espaolparatodosytodas\/wp-json\/wp\/v2\/pages\/505\/revisions\/510"}],"wp:attachment":[{"href":"https:\/\/edublog.educastur.es\/espaolparatodosytodas\/wp-json\/wp\/v2\/media?parent=505"}],"curies":[{"name":"wp","href":"https:\/\/api.w.org\/{rel}","templated":true}]}}