{"id":519,"date":"2021-03-15T19:58:02","date_gmt":"2021-03-15T19:58:02","guid":{"rendered":"https:\/\/edublog.educastur.es\/espaolparatodosytodas\/?page_id=519"},"modified":"2021-03-16T16:22:07","modified_gmt":"2021-03-16T16:22:07","slug":"rosco-palabras","status":"publish","type":"page","link":"https:\/\/edublog.educastur.es\/espaolparatodosytodas\/rosco-palabras\/","title":{"rendered":"ROSCO PALABRAS"},"content":{"rendered":"<p>Encuentra la profesi\u00f3n o el animal que se esconde tras la definici\u00f3n. Ten en cuenta por qu\u00e9 letra empieza, termina o qu\u00e9 letra contiene. \u00a1An\u00edmate a jugar!<\/p>\n<p><iframe class=\"wp-embedded-content\" sandbox=\"allow-scripts\" security=\"restricted\" title=\"REPASO rosco\" frameborder='0' width='1200' height='675' src='https:\/\/view.genially.com\/604fb3ffbde3430d89980fc8#?secret=Z0japaI1UO' data-secret='Z0japaI1UO' scrolling='yes'><\/iframe><\/p>\n","protected":false},"excerpt":{"rendered":"<p>Encuentra la profesi\u00f3n o el animal que se esconde tras la definici\u00f3n. Ten en cuenta por qu\u00e9 letra empieza, termina o qu\u00e9 letra contiene. \u00a1An\u00edmate a jugar!<\/p>\n","protected":false},"author":36,"featured_media":0,"parent":0,"menu_order":0,"comment_status":"closed","ping_status":"closed","template":"","meta":{"footnotes":""},"class_list":["post-519","page","type-page","status-publish","hentry"],"_links":{"self":[{"href":"https:\/\/edublog.educastur.es\/espaolparatodosytodas\/wp-json\/wp\/v2\/pages\/519","targetHints":{"allow":["GET"]}}],"collection":[{"href":"https:\/\/edublog.educastur.es\/espaolparatodosytodas\/wp-json\/wp\/v2\/pages"}],"about":[{"href":"https:\/\/edublog.educastur.es\/espaolparatodosytodas\/wp-json\/wp\/v2\/types\/page"}],"author":[{"embeddable":true,"href":"https:\/\/edublog.educastur.es\/espaolparatodosytodas\/wp-json\/wp\/v2\/users\/36"}],"replies":[{"embeddable":true,"href":"https:\/\/edublog.educastur.es\/espaolparatodosytodas\/wp-json\/wp\/v2\/comments?post=519"}],"version-history":[{"count":2,"href":"https:\/\/edublog.educastur.es\/espaolparatodosytodas\/wp-json\/wp\/v2\/pages\/519\/revisions"}],"predecessor-version":[{"id":522,"href":"https:\/\/edublog.educastur.es\/espaolparatodosytodas\/wp-json\/wp\/v2\/pages\/519\/revisions\/522"}],"wp:attachment":[{"href":"https:\/\/edublog.educastur.es\/espaolparatodosytodas\/wp-json\/wp\/v2\/media?parent=519"}],"curies":[{"name":"wp","href":"https:\/\/api.w.org\/{rel}","templated":true}]}}