{"id":532,"date":"2021-03-22T16:01:19","date_gmt":"2021-03-22T16:01:19","guid":{"rendered":"https:\/\/edublog.educastur.es\/espaolparatodosytodas\/?page_id=532"},"modified":"2021-03-22T16:01:19","modified_gmt":"2021-03-22T16:01:19","slug":"repaso-del-espanol","status":"publish","type":"page","link":"https:\/\/edublog.educastur.es\/espaolparatodosytodas\/repaso-del-espanol\/","title":{"rendered":"Repaso del espa\u00f1ol"},"content":{"rendered":"<p>Viajemos juntos por el idioma espa\u00f1ol. A ver qu\u00e9 has aprendido en estos meses&#8230;<br \/>\n<iframe class=\"wp-embedded-content\" sandbox=\"allow-scripts\" security=\"restricted\" title=\"Espa\u00f1ol repaso\" frameborder='0' width='1200' height='675' src='https:\/\/view.genially.com\/6057379874f2b00d2260fe71#?secret=SfPB9hjeqF' data-secret='SfPB9hjeqF' scrolling='yes'><\/iframe><\/p>\n","protected":false},"excerpt":{"rendered":"<p>Viajemos juntos por el idioma espa\u00f1ol. A ver qu\u00e9 has aprendido en estos meses&#8230;<\/p>\n","protected":false},"author":36,"featured_media":0,"parent":0,"menu_order":0,"comment_status":"closed","ping_status":"closed","template":"","meta":{"footnotes":""},"class_list":["post-532","page","type-page","status-publish","hentry"],"_links":{"self":[{"href":"https:\/\/edublog.educastur.es\/espaolparatodosytodas\/wp-json\/wp\/v2\/pages\/532","targetHints":{"allow":["GET"]}}],"collection":[{"href":"https:\/\/edublog.educastur.es\/espaolparatodosytodas\/wp-json\/wp\/v2\/pages"}],"about":[{"href":"https:\/\/edublog.educastur.es\/espaolparatodosytodas\/wp-json\/wp\/v2\/types\/page"}],"author":[{"embeddable":true,"href":"https:\/\/edublog.educastur.es\/espaolparatodosytodas\/wp-json\/wp\/v2\/users\/36"}],"replies":[{"embeddable":true,"href":"https:\/\/edublog.educastur.es\/espaolparatodosytodas\/wp-json\/wp\/v2\/comments?post=532"}],"version-history":[{"count":1,"href":"https:\/\/edublog.educastur.es\/espaolparatodosytodas\/wp-json\/wp\/v2\/pages\/532\/revisions"}],"predecessor-version":[{"id":533,"href":"https:\/\/edublog.educastur.es\/espaolparatodosytodas\/wp-json\/wp\/v2\/pages\/532\/revisions\/533"}],"wp:attachment":[{"href":"https:\/\/edublog.educastur.es\/espaolparatodosytodas\/wp-json\/wp\/v2\/media?parent=532"}],"curies":[{"name":"wp","href":"https:\/\/api.w.org\/{rel}","templated":true}]}}