{"id":543,"date":"2021-09-20T16:51:36","date_gmt":"2021-09-20T16:51:36","guid":{"rendered":"https:\/\/edublog.educastur.es\/espaolparatodosytodas\/?page_id=543"},"modified":"2021-09-20T16:51:36","modified_gmt":"2021-09-20T16:51:36","slug":"matematicas-1","status":"publish","type":"page","link":"https:\/\/edublog.educastur.es\/espaolparatodosytodas\/matematicas-1\/","title":{"rendered":"Matem\u00e1ticas 1"},"content":{"rendered":"<p>Divertidas preguntas con f\u00e1ciles respuestas para repasar matem\u00e1ticas (Nivel A1 de espa\u00f1ol)<\/p>\n<p><iframe class=\"wp-embedded-content\" sandbox=\"allow-scripts\" security=\"restricted\" title=\"MATEM\u00c1TICAS 1\" frameborder='0' width='1200' height='675' src='https:\/\/view.genially.com\/6148b290ae15210de93c58ef#?secret=I0ACimX2Qq' data-secret='I0ACimX2Qq' scrolling='yes'><\/iframe><\/p>\n<p>&nbsp;<\/p>\n","protected":false},"excerpt":{"rendered":"<p>Divertidas preguntas con f\u00e1ciles respuestas para repasar matem\u00e1ticas (Nivel A1 de espa\u00f1ol) &nbsp;<\/p>\n","protected":false},"author":36,"featured_media":0,"parent":0,"menu_order":0,"comment_status":"closed","ping_status":"closed","template":"","meta":{"footnotes":""},"class_list":["post-543","page","type-page","status-publish","hentry"],"_links":{"self":[{"href":"https:\/\/edublog.educastur.es\/espaolparatodosytodas\/wp-json\/wp\/v2\/pages\/543","targetHints":{"allow":["GET"]}}],"collection":[{"href":"https:\/\/edublog.educastur.es\/espaolparatodosytodas\/wp-json\/wp\/v2\/pages"}],"about":[{"href":"https:\/\/edublog.educastur.es\/espaolparatodosytodas\/wp-json\/wp\/v2\/types\/page"}],"author":[{"embeddable":true,"href":"https:\/\/edublog.educastur.es\/espaolparatodosytodas\/wp-json\/wp\/v2\/users\/36"}],"replies":[{"embeddable":true,"href":"https:\/\/edublog.educastur.es\/espaolparatodosytodas\/wp-json\/wp\/v2\/comments?post=543"}],"version-history":[{"count":5,"href":"https:\/\/edublog.educastur.es\/espaolparatodosytodas\/wp-json\/wp\/v2\/pages\/543\/revisions"}],"predecessor-version":[{"id":548,"href":"https:\/\/edublog.educastur.es\/espaolparatodosytodas\/wp-json\/wp\/v2\/pages\/543\/revisions\/548"}],"wp:attachment":[{"href":"https:\/\/edublog.educastur.es\/espaolparatodosytodas\/wp-json\/wp\/v2\/media?parent=543"}],"curies":[{"name":"wp","href":"https:\/\/api.w.org\/{rel}","templated":true}]}}