{"id":556,"date":"2022-02-13T11:14:56","date_gmt":"2022-02-13T11:14:56","guid":{"rendered":"https:\/\/edublog.educastur.es\/espaolparatodosytodas\/?page_id=556"},"modified":"2022-02-13T11:14:56","modified_gmt":"2022-02-13T11:14:56","slug":"espana","status":"publish","type":"page","link":"https:\/\/edublog.educastur.es\/espaolparatodosytodas\/espana\/","title":{"rendered":"ESPA\u00d1A"},"content":{"rendered":"<p>A continuaci\u00f3n os proponemos varias actividades para conocer el mapa pol\u00edtico espa\u00f1ol y su geograf\u00eda.<\/p>\n<p><strong>Identifica el nombre de las 17 Comunidades Aut\u00f3nomas<\/strong>.<\/p>\n\n<!-- iframe plugin v.6.0 wordpress.org\/plugins\/iframe\/ -->\n<iframe loading=\"lazy\" width=\"100%\" height=\"400\" src=\"https:\/\/learningapps.org\/watch?v=phj0kb05n22\" style=\"border:0px;width:100%;height:500px\" scrolling=\"yes\" class=\"iframe-class\" frameborder=\"0\"><\/iframe>\n\n<p><strong>Identifica el nombre de los r\u00edos m\u00e1s importantes y conocidos de Espa\u00f1a<\/strong>.<\/p>\n\n<!-- iframe plugin v.6.0 wordpress.org\/plugins\/iframe\/ -->\n<iframe loading=\"lazy\" width=\"100%\" height=\"400\" src=\"https:\/\/learningapps.org\/watch?v=pwbgku7sc22\" scrolling=\"yes\" class=\"iframe-class\" frameborder=\"0\"><\/iframe>\n\n","protected":false},"excerpt":{"rendered":"<p>A continuaci\u00f3n os proponemos varias actividades para conocer el mapa pol\u00edtico espa\u00f1ol y su geograf\u00eda. Identifica el nombre de las 17 Comunidades Aut\u00f3nomas. Identifica el nombre de los r\u00edos m\u00e1s importantes y conocidos de Espa\u00f1a.<\/p>\n","protected":false},"author":36,"featured_media":0,"parent":0,"menu_order":0,"comment_status":"closed","ping_status":"closed","template":"","meta":{"footnotes":""},"class_list":["post-556","page","type-page","status-publish","hentry"],"_links":{"self":[{"href":"https:\/\/edublog.educastur.es\/espaolparatodosytodas\/wp-json\/wp\/v2\/pages\/556","targetHints":{"allow":["GET"]}}],"collection":[{"href":"https:\/\/edublog.educastur.es\/espaolparatodosytodas\/wp-json\/wp\/v2\/pages"}],"about":[{"href":"https:\/\/edublog.educastur.es\/espaolparatodosytodas\/wp-json\/wp\/v2\/types\/page"}],"author":[{"embeddable":true,"href":"https:\/\/edublog.educastur.es\/espaolparatodosytodas\/wp-json\/wp\/v2\/users\/36"}],"replies":[{"embeddable":true,"href":"https:\/\/edublog.educastur.es\/espaolparatodosytodas\/wp-json\/wp\/v2\/comments?post=556"}],"version-history":[{"count":4,"href":"https:\/\/edublog.educastur.es\/espaolparatodosytodas\/wp-json\/wp\/v2\/pages\/556\/revisions"}],"predecessor-version":[{"id":560,"href":"https:\/\/edublog.educastur.es\/espaolparatodosytodas\/wp-json\/wp\/v2\/pages\/556\/revisions\/560"}],"wp:attachment":[{"href":"https:\/\/edublog.educastur.es\/espaolparatodosytodas\/wp-json\/wp\/v2\/media?parent=556"}],"curies":[{"name":"wp","href":"https:\/\/api.w.org\/{rel}","templated":true}]}}