{"id":61,"date":"2020-06-30T11:08:26","date_gmt":"2020-06-30T11:08:26","guid":{"rendered":"https:\/\/edublog.educastur.es\/espaolparatodosytodas\/?page_id=61"},"modified":"2020-06-30T11:08:26","modified_gmt":"2020-06-30T11:08:26","slug":"recursos-interactivos","status":"publish","type":"page","link":"https:\/\/edublog.educastur.es\/espaolparatodosytodas\/recursos-interactivos\/","title":{"rendered":"Recursos interactivos"},"content":{"rendered":"<p style=\"text-align: justify\">Los recursos interactivos son una herramienta muy \u00fatil para el aprendizaje a trav\u00e9s de los dispositivos electr\u00f3nicos.<\/p>\n<p style=\"text-align: justify\">Podemos aprender a trav\u00e9s del m\u00f3vil, de la tablet, del ordenador, etc.\u00a0A continuaci\u00f3n os informamos de algunas p\u00e1ginas para que investigu\u00e9is.<\/p>\n<p style=\"text-align: justify\">a) Esta p\u00e1gina del Instituto Cervantes es ideal para los que se acaban de iniciar en el estudio del espa\u00f1ol.<\/p>\n<p style=\"text-align: justify\"><a href=\"https:\/\/cvc.cervantes.es\/ensenanza\/mimundo\/default.htm\">https:\/\/cvc.cervantes.es\/ensenanza\/mimundo\/default.htm<\/a><\/p>\n<p><img decoding=\"async\" src=\"https:\/\/cvc.cervantes.es\/img\/mimundo\/port1.gif\" alt=\"Ni\u00f1os saludando\" \/><\/p>\n<p style=\"text-align: justify\">b) Para los que ya se han iniciado proponemos ver v\u00eddeos y realizar actividades online que se pueden autocorregir. Existen dos modalidades nivel A1 y A2.<\/p>\n<p style=\"text-align: justify\"><a href=\"https:\/\/videoele.com\/menu-A1.html\">https:\/\/videoele.com\/menu-A1.html<\/a><\/p>\n<p style=\"text-align: justify\"><a href=\"https:\/\/videoele.com\/menu-A2.html\">https:\/\/videoele.com\/menu-A2.html<\/a><\/p>\n<p style=\"text-align: justify\">c) Para aprender vocabulario es muy interesante esta p\u00e1gina:<\/p>\n<p style=\"text-align: justify\"><a href=\"http:\/\/www.ver-taal.com\/vocabulario.htm\">http:\/\/www.ver-taal.com\/vocabulario.htm<\/a><\/p>\n<p><a title=\"vocabulario.jpeg\" href=\"http:\/\/blog.educastur.es\/aulainmersion2020\/recursos-interactivos\/15\/\" rel=\"attachment wp-att-15\"><img decoding=\"async\" src=\"http:\/\/blog.educastur.es\/aulainmersion2020\/files\/2020\/03\/vocabulario.jpeg\" alt=\"vocabulario.jpeg\" \/><\/a><\/p>\n<p style=\"text-align: justify\">d) La gram\u00e1tica, a veces, puede resultar un poco dif\u00edcil, pero con esta p\u00e1gina todo va ser m\u00e1s f\u00e1cil. Al mismo tiempo que aprendemos gram\u00e1tica, practicamos la expresi\u00f3n oral.<\/p>\n<p style=\"text-align: justify\"><a href=\"http:\/\/www.ver-taal.com\/gramatica.htm\">http:\/\/www.ver-taal.com\/gramatica.htm<\/a><\/p>\n<p><a title=\"gramatica.jpeg\" href=\"http:\/\/blog.educastur.es\/aulainmersion2020\/recursos-interactivos\/48\/\" rel=\"attachment wp-att-48\"><img decoding=\"async\" src=\"http:\/\/blog.educastur.es\/aulainmersion2020\/files\/2020\/03\/gramatica.jpeg\" alt=\"gramatica.jpeg\" \/><\/a><\/p>\n<p style=\"text-align: justify\">e) El mundo es muy grande y su cultura es muy diversa, en este enlace pod\u00e9is viajar haciendo un \u00abclick\u00bb.<\/p>\n<p style=\"text-align: justify\"><a href=\"http:\/\/www.ver-taal.com\/cultura.htm\">http:\/\/www.ver-taal.com\/cultura.htm<\/a><\/p>\n<p style=\"text-align: justify\"><a href=\"https:\/\/hablacultura.com\/cultura-textos-aprender-espanol\/ele-jovenes\/\">https:\/\/hablacultura.com\/cultura-textos-aprender-espanol\/ele-jovenes\/<\/a><\/p>\n<p><a title=\"mundo.jpg\" href=\"http:\/\/blog.educastur.es\/aulainmersion2020\/recursos-interactivos\/17\/\" rel=\"attachment wp-att-17\"><img decoding=\"async\" src=\"http:\/\/blog.educastur.es\/aulainmersion2020\/files\/2020\/03\/mundo.thumbnail.jpg\" alt=\"mundo.jpg\" \/><\/a><\/p>\n<p style=\"text-align: justify\">f) Recursos de Ense\u00f1anza Secundaria Obligatoria del Ministerio de Educaci\u00f3n, Cultura y Deporte.<\/p>\n<p style=\"text-align: justify\"><a href=\"http:\/\/recursostic.educacion.es\/multidisciplinar\/wikididactica\/index.php\/Categor%C3%ADas_de_la_ESO\">http:\/\/recursostic.educacion.es\/multidisciplinar\/wikididactica\/index.php\/Categor%C3%ADas_de_la_ESO<\/a><\/p>\n","protected":false},"excerpt":{"rendered":"<p>Los recursos interactivos son una herramienta muy \u00fatil para el aprendizaje a trav\u00e9s de los dispositivos electr\u00f3nicos. Podemos aprender a trav\u00e9s del m\u00f3vil, de la tablet, del ordenador, etc.\u00a0A continuaci\u00f3n os informamos de algunas p\u00e1ginas para que investigu\u00e9is. a) Esta p\u00e1gina del Instituto Cervantes es ideal para los que se acaban de iniciar en el [&hellip;]<\/p>\n","protected":false},"author":36,"featured_media":0,"parent":0,"menu_order":0,"comment_status":"closed","ping_status":"closed","template":"","meta":{"footnotes":""},"class_list":["post-61","page","type-page","status-publish","hentry"],"_links":{"self":[{"href":"https:\/\/edublog.educastur.es\/espaolparatodosytodas\/wp-json\/wp\/v2\/pages\/61","targetHints":{"allow":["GET"]}}],"collection":[{"href":"https:\/\/edublog.educastur.es\/espaolparatodosytodas\/wp-json\/wp\/v2\/pages"}],"about":[{"href":"https:\/\/edublog.educastur.es\/espaolparatodosytodas\/wp-json\/wp\/v2\/types\/page"}],"author":[{"embeddable":true,"href":"https:\/\/edublog.educastur.es\/espaolparatodosytodas\/wp-json\/wp\/v2\/users\/36"}],"replies":[{"embeddable":true,"href":"https:\/\/edublog.educastur.es\/espaolparatodosytodas\/wp-json\/wp\/v2\/comments?post=61"}],"version-history":[{"count":1,"href":"https:\/\/edublog.educastur.es\/espaolparatodosytodas\/wp-json\/wp\/v2\/pages\/61\/revisions"}],"predecessor-version":[{"id":62,"href":"https:\/\/edublog.educastur.es\/espaolparatodosytodas\/wp-json\/wp\/v2\/pages\/61\/revisions\/62"}],"wp:attachment":[{"href":"https:\/\/edublog.educastur.es\/espaolparatodosytodas\/wp-json\/wp\/v2\/media?parent=61"}],"curies":[{"name":"wp","href":"https:\/\/api.w.org\/{rel}","templated":true}]}}