{"id":76,"date":"2020-06-30T11:33:17","date_gmt":"2020-06-30T11:33:17","guid":{"rendered":"https:\/\/edublog.educastur.es\/espaolparatodosytodas\/?page_id=76"},"modified":"2020-06-30T11:33:17","modified_gmt":"2020-06-30T11:33:17","slug":"peliculas-para-aprender-espanol","status":"publish","type":"page","link":"https:\/\/edublog.educastur.es\/espaolparatodosytodas\/peliculas-para-aprender-espanol\/","title":{"rendered":"Pel\u00edculas para aprender espa\u00f1ol"},"content":{"rendered":"<p style=\"text-align: justify\">En este apartado denominado\u00a0<b><i>Pel\u00edculas para aprender espa\u00f1ol<\/i><\/b>\u00a0no s\u00f3lo vamos a incluir producciones cinematogr\u00e1ficas espa\u00f1olas sino tambi\u00e9n extranjeras. Las tem\u00e1ticas ser\u00e1n variadas, de tal modo, que os proponemos desde pel\u00edculas de dibujos animados, a obras c\u00f3micas, tr\u00e1gicas, dram\u00e1ticas, de humor, de aventuras, rom\u00e1nticas&#8230; No importa el tema sino el aprendizaje de un idioma.<\/p>\n<p style=\"text-align: justify\">Aqu\u00ed sugerimos, vosotros luego pod\u00e9is decidir qu\u00e9 ver y c\u00f3mo&#8230;\u00a0<img decoding=\"async\" src=\"http:\/\/blog.educastur.es\/aulainmersion2020\/wp-includes\/js\/tinymce\/plugins\/emotions\/images\/smiley-laughing.gif\" alt=\"Riendo\" border=\"0\" \/><\/p>\n<p><a title=\"collage.jpg\" href=\"http:\/\/blog.educastur.es\/aulainmersion2020\/2020\/03\/23\/peliculas-para-aprender-espanol\/72\/\" rel=\"attachment wp-att-72\"><img decoding=\"async\" src=\"http:\/\/blog.educastur.es\/aulainmersion2020\/files\/2020\/03\/collage.jpg\" alt=\"collage.jpg\" \/><\/a><\/p>\n<p style=\"text-align: justify\">Las pel\u00edculas se pueden ver de diferentes maneras:<\/p>\n<p style=\"text-align: justify\">&#8211; En versi\u00f3n original si son espa\u00f1olas.<\/p>\n<p style=\"text-align: justify\">&#8211; Dobladas al espa\u00f1ol en el caso de que sean de otras lenguas (ingl\u00e9s, franc\u00e9s, sueco, holand\u00e9s&#8230;) Por ejemplo:\u00a0<i>Les choristes,<\/i>\u00a0es una pel\u00edcula francesa que se tradujo al espa\u00f1ol como\u00a0<i>Los chicos del coro<\/i>, podemos verla doblada al espa\u00f1ol o en versi\u00f3n original (si sabemos franc\u00e9s) y con subt\u00edtulos en castellano.<\/p>\n<p style=\"text-align: justify\">&#8211; En versi\u00f3n original y con subt\u00edtulos. Pel\u00edculas espa\u00f1olas con subt\u00edtulos en espa\u00f1ol donde podremos observar como a veces el subt\u00edtulo no se corresponde al cien por cien con lo que expresa oralmente, pues hay que adaptarse al espacio y tiempo del subt\u00edtulo.<\/p>\n<p style=\"text-align: justify\">Combina las formas y podr\u00e1s ver pel\u00edculas mientras aprendes un idioma.\u00a0<img decoding=\"async\" src=\"http:\/\/blog.educastur.es\/aulainmersion2020\/wp-includes\/js\/tinymce\/plugins\/emotions\/images\/smiley-wink.gif\" alt=\"Gui\u00f1o\" border=\"0\" \/><\/p>\n<p><b>PEL\u00cdCULAS ESPA\u00d1OLAS RECOMENDADAS\u00a0<\/b><\/p>\n<p style=\"text-align: justify\">&#8211;\u00a0<b><i>Campeones<\/i><\/b>, es una comedia dram\u00e1tica estrenada en 2018 y dirigida por Javier Fesser.<\/p>\n<p style=\"text-align: justify\"><i>Argumento<\/i>: Marco es un entrenador profesional de baloncesto. En medio de una crisis personal entrena a un equipo de baloncesto compuesto por personas con discapacidad intelectual. Lo que comienza como un problema se acaba convirtiendo en una lecci\u00f3n de vida.<\/p>\n<p><i>Trailer<\/i>:\u00a0<a href=\"https:\/\/www.youtube.com\/watch?v=AwVOa8RRNQg\">https:\/\/www.youtube.com\/watch?v=AwVOa8RRNQg<\/a><\/p>\n<p style=\"text-align: justify\">&#8211;\u00a0<i><b>Superl\u00f3pez<\/b><\/i>, es una comedia de superh\u00e9roes basada en un c\u00f3mic espa\u00f1ol hom\u00f3nimo creado en 1973 por el dibujante espa\u00f1ol \u00abJan\u00bb, seud\u00f3nimo de Juan L\u00f3pez Fern\u00e1ndez. La pel\u00edcula se estren\u00f3 en 2018 y la dirigi\u00f3 Javier Ruiz Caldera.<\/p>\n<p style=\"text-align: justify\"><i>Argumento<\/i>:\u00a0Desde su llegada a la Tierra procedente del planeta Chit\u00f3n, la vida de Juan L\u00f3pez no ha sido f\u00e1cil. Con superpoderes es dif\u00edcil no destacar. Poder volar, leer la mente, tener supervisi\u00f3n o detener un convoy del metro para que no descarrile\u2026 y regresar luego a la oficina, esforz\u00e1ndose en ser un tipo normal. Algo est\u00e1 a punto de cambiar. La aparici\u00f3n de Luisa, un antiguo amor de instituto, va a causar estragos. Ya no es momento de pasar inadvertido. A pesar de que con ello pueda llamar la atenci\u00f3n del malvado Skorba y de su sibilina hija, \u00c1gata, y poner en peligro la supervivencia de su planeta de origen.<\/p>\n<p style=\"text-align: justify\"><i>Trailer<\/i>:\u00a0<a href=\"https:\/\/www.youtube.com\/watch?v=FRNdK2zdVT4\">https:\/\/www.youtube.com\/watch?v=FRNdK2zdVT4<\/a><\/p>\n<p style=\"text-align: justify\">&#8211;\u00a0<b><i>Durante la tormenta<\/i><\/b>, es un thriller con ciencia ficci\u00f3n, estrenado en el a\u00f1o 2018 y dirigido por Oriol Paulo.<\/p>\n<p style=\"text-align: justify\"><i>Argumento<\/i>:\u00a0Una misteriosa interferencia entre dos tiempos provoca que Vera, una madre felizmente casada, salve la vida de un ni\u00f1o que vivi\u00f3 en su casa 25 a\u00f1os antes. Pero las consecuencias de su buena acci\u00f3n provocan una reacci\u00f3n en cadena que hace que despierte en una nueva realidad donde su hija nunca ha nacido&#8230;<\/p>\n<p style=\"text-align: justify\"><i>Trailer<\/i>:\u00a0\u00a0<a href=\"https:\/\/www.youtube.com\/watch?v=8Io2LclNoHw\">https:\/\/www.youtube.com\/watch?v=8Io2LclNoHw<\/a><\/p>\n<p style=\"text-align: justify\">&#8211;\u00a0<b><i>La lengua de las mariposas<\/i><\/b>, es un drama estrenado en 1999 y dirigido por Jos\u00e9 Luis Cuerda.<\/p>\n<p style=\"text-align: justify\"><i>Argumento<\/i>:\u00a0Situada en 1936, Don Gregorio ense\u00f1ar\u00e1 a Moncho, el hijo del sastre, con dedicaci\u00f3n y paciencia toda su sabidur\u00eda en cuanto a los conocimientos, la literatura, la naturaleza, y hasta las mujeres. Pero el trasfondo de la amenaza pol\u00edtica subsistir\u00e1 siempre, especialmente cuando Don Gregorio es atacado por ser considerado un enemigo del r\u00e9gimen fascista. As\u00ed se ir\u00e1 abriendo entre estos dos amigos una brecha, tra\u00edda por la fuerza del contexto que los rodea.<\/p>\n<p style=\"text-align: justify\"><i>Trailer<\/i>:\u00a0<a href=\"https:\/\/www.youtube.com\/watch?v=JSgUBrnRpAk\">https:\/\/www.youtube.com\/watch?v=JSgUBrnRpAk<\/a><\/p>\n<p style=\"text-align: justify\">&#8211;\u00a0<b><i>El mejor verano de mi vida<\/i><\/b>, es una comedia estrenada en el 2018 y dirigida por Dani de la Orden.<\/p>\n<p style=\"text-align: justify\"><i>Argumento<\/i>:\u00a0Curro es un fantasioso vendedor de robots de cocina que sue\u00f1a con un trabajo en el mundo financiero. En plena crisis de pareja, y con fuertes deudas, hace una promesa que no puede cumplir: si su hijo Nico, de 9 a\u00f1os, saca todo sobresalientes, le llevar\u00e1 a unas vacaciones de verano inolvidables. El ni\u00f1o lo consigue y padre e hijo emprenden un viaje que les llevar\u00e1 a conocer gente y vivir situaciones que jam\u00e1s hubiesen imaginado.<\/p>\n<p style=\"text-align: justify\"><i>Trailer<\/i>:\u00a0<a href=\"https:\/\/www.youtube.com\/watch?v=ouIQBGALgg4\">https:\/\/www.youtube.com\/watch?v=ouIQBGALgg4<\/a><\/p>\n<p style=\"text-align: justify\">&#8211;\u00a0<b><i>Perfectos desconocidos<\/i><\/b>, es una comedia estrenada en el a\u00f1o 2017 y dirigida por \u00c1lex de la Iglesia.<\/p>\n<p style=\"text-align: justify\">Argumento:\u00a0En una cena entre cuatro parejas, que se conocen de toda la vida, se propone un juego que pondr\u00e1 sobre la mesa sus peores secretos: leer en voz alta los mensajes, y atender p\u00fablicamente las llamadas, que reciban en sus m\u00f3viles durante la cena. Remake del exitoso film italiano \u00abPerfetti sconosciuti\u00bb (2016), de Paolo Genovese.<\/p>\n<p style=\"text-align: justify\">Trailer:\u00a0<a href=\"https:\/\/www.youtube.com\/watch?v=kAtJwo0rdpU\">https:\/\/www.youtube.com\/watch?v=kAtJwo0rdpU<\/a><\/p>\n<p style=\"text-align: justify\">&#8211;\u00a0<b><i>Las aventuras de Tadeo Jones<\/i><\/b>, es una pel\u00edcula de animaci\u00f3n llena de aventuras, estrenada en 2012 y dirigida por Enrique Gato.\u00a0Adaptaci\u00f3n del corto que gan\u00f3 un Goya en 2004.<\/p>\n<p style=\"text-align: justify\"><i>Argumento<\/i>:\u00a0Debido a un malentendido, a Tadeo, un alba\u00f1il so\u00f1ador, lo confunden con un famoso arque\u00f3logo y lo env\u00edan en una expedici\u00f3n al Per\u00fa. Con la ayuda de su fiel perro Jeff, una intr\u00e9pida profesora, un loro mudo y un buscavidas, intentar\u00e1 salvar la m\u00edtica ciudad perdida de los Incas de una malvada empresa de cazatesoros.<\/p>\n<p style=\"text-align: justify\"><i>Trailer<\/i>:\u00a0\u00a0<a href=\"https:\/\/www.youtube.com\/watch?v=6Dbo7y1ZOTY\">https:\/\/www.youtube.com\/watch?v=6Dbo7y1ZOTY<\/a><\/p>\n<p style=\"text-align: justify\">&#8211;\u00a0<b><i>Ocho apellidos vascos<\/i><\/b>, es una comedia rom\u00e1ntica estrenada en 2014 y dirigida por Emilio Mart\u00ednez-L\u00e1zaro.<\/p>\n<p style=\"text-align: justify\"><i>Argumento<\/i>:\u00a0Rafa es un joven se\u00f1orito andaluz que no ha tenido que salir jam\u00e1s de su Sevilla natal para conseguir lo \u00fanico que le importa en la vida: el fino, la gomina, el Betis y las mujeres. Todo cambia cuando conoce una mujer que se resiste a sus encantos: es Amaia, una chica vasca. Decidido a conquistarla, se traslada a un pueblo de las Vascongadas, donde se hace pasar por vasco para vencer su resistencia. Adopta el nombre de Antxon y varios apellidos vascos: Argui\u00f1ano, Igartiburu, Erentxun, Gabilondo, Urdangar\u00edn, Otegi, Zubizarreta&#8230; y Clemente.<\/p>\n<p style=\"text-align: justify\"><i>Trailer<\/i>:\u00a0<a href=\"https:\/\/www.youtube.com\/watch?v=CMJrcLg-f_c\">https:\/\/www.youtube.com\/watch?v=CMJrcLg-f_c<\/a><\/p>\n<p style=\"text-align: justify\">&#8211;\u00a0<b><i>Padre no hay m\u00e1s que uno<\/i><\/b>, es una comedia familiar dirigida por Santiago Segura y estrenada en el a\u00f1o 2019.<\/p>\n<p style=\"text-align: justify\"><i>Argumento<\/i>:\u00a0Javier tendr\u00e1 que enfrentarse a la realidad que supone bregar con cinco hijos (de entre cuatro y doce a\u00f1os) cuando su mujer decide irse de viaje y dejarle solo con ellos. La ca\u00f3tica situaci\u00f3n que se provoca en casa evolucionar\u00e1 de forma progresivamente c\u00f3mica hasta el desastre m\u00e1s absoluto, pero a la vez les dar\u00e1 la oportunidad a padre e hijos de conocerse y disfrutarse por primera vez. Una experiencia que cambiar\u00e1 sus vidas para siempre.<\/p>\n<p style=\"text-align: justify\"><i>Trailer<\/i>:\u00a0<a href=\"https:\/\/www.youtube.com\/watch?v=SSlMEREVRcs\">https:\/\/www.youtube.com\/watch?v=SSlMEREVRcs<\/a><\/p>\n<p style=\"text-align: justify\"><b>PEL\u00cdCULAS RECOMENDADAS EN OTROS IDIOMAS.<\/b><\/p>\n<p style=\"text-align: justify\">&#8211;\u00a0<b><i>Los Croods<\/i><\/b>, es una comedia de aventuras contextualizada en la prehistoria. Se estren\u00f3 en el a\u00f1o 2013 y fue dirigida por Kirk De Micco y Chris Sanders.<\/p>\n<p style=\"text-align: justify\"><i>Argumento<\/i>:\u00a0Tras la destrucci\u00f3n de su hogar por un gran terremoto, Grug se ve obligado a emigrar con su familia. Mientras avanzan por un mundo desconocido y aterrador, se encuentran con un n\u00f3mada de mente abierta que los deja a todos fascinados, sobre todo a la hija de Grug.<\/p>\n<p style=\"text-align: justify\"><i>Trailer<\/i>:\u00a0<a href=\"https:\/\/www.youtube.com\/watch?v=h-woGn1FCM0\">https:\/\/www.youtube.com\/watch?v=h-woGn1FCM0<\/a><\/p>\n<p style=\"text-align: justify\">&#8211;\u00a0<b><i>Los chicos del coro<\/i><\/b>, es una comedia dram\u00e1tica francesa, estrenada en 2004\u00a0 y dirigida por Christophe Barratier.<\/p>\n<p style=\"text-align: justify\"><i>Argumento<\/i>:\u00a0En 1948 Cl\u00e9ment Mathieu, profesor de m\u00fasica desempleado, acepta un puesto como profesor vigilante en un internado de reeducaci\u00f3n de menores. El sistema represivo aplicado por el director conmociona a Mathieu. Ense\u00f1\u00e1ndoles m\u00fasica y canto coral a estos ni\u00f1os tan dif\u00edciles, Mathieu transformar\u00e1 sus vidas cotidianas.<\/p>\n<p style=\"text-align: justify\"><i>Trailer<\/i>:\u00a0<a href=\"https:\/\/www.youtube.com\/watch?v=OVBgzo5tGp4\">https:\/\/www.youtube.com\/watch?v=OVBgzo5tGp4<\/a><\/p>\n<p style=\"text-align: justify\">&#8211;\u00a0<b><i>Coco<\/i><\/b>, es una pel\u00edcula de animaci\u00f3n en la que se mezcla el humor y la comedia con el drama. Se estren\u00f3 en el a\u00f1o 2017 y fue dirigida por Lee Unkrich y Adri\u00e1n Molina.<\/p>\n<p style=\"text-align: justify\"><i>Argumento<\/i>:\u00a0Miguel es un joven con el sue\u00f1o de convertirse en leyenda de la m\u00fasica a pesar de la prohibici\u00f3n de su familia. Su pasi\u00f3n le llevar\u00e1 a adentrarse en la \u00abTierra de los Muertos\u00bb para conocer su verdadero legado familiar.<\/p>\n<p style=\"text-align: justify\"><i>Trailer<\/i>:\u00a0<a href=\"https:\/\/www.youtube.com\/watch?v=htwlR51npL4\">https:\/\/www.youtube.com\/watch?v=htwlR51npL4<\/a><\/p>\n<p style=\"text-align: justify\">&#8211;\u00a0<b><i>Intocable<\/i><\/b>, es una comedia dram\u00e1tica francesa, estrenada en el a\u00f1o 2011 y dirigida por Olivier Nakache y Eric Toledano.<\/p>\n<p style=\"text-align: justify\"><i>Argumento<\/i>:\u00a0Philippe, un arist\u00f3crata millonario que se ha quedado tetrapl\u00e9jico a causa de un accidente de parapente, contrata como cuidador a domicilio a Driss, un inmigrante de un barrio marginal reci\u00e9n salido de la c\u00e1rcel. Aunque, a primera vista, no parece la persona m\u00e1s indicada, los dos acaban logrando que convivan Vivaldi y Earth Wind and Fire, la elocuencia y la hilaridad, los trajes de etiqueta y el ch\u00e1ndal.\u00a0Dos mundos enfrentados que, poco a poco, congenian hasta&#8230;<\/p>\n<p style=\"text-align: justify\"><i>Trailer<\/i>:\u00a0<a href=\"https:\/\/www.youtube.com\/watch?v=aYCSrM8mmmo\">https:\/\/www.youtube.com\/watch?v=aYCSrM8mmmo<\/a><\/p>\n<p style=\"text-align: justify\">&#8211;\u00a0<b><i>Harry Potter y la piedra filosofal<\/i><\/b>, es una pel\u00edcula que combina las aventuras con la magia, est\u00e1 basada en los libros de la escritora inglesa J. K. Rowling. Se estren\u00f3 en el 2001 y fue dirigida por Chris Columbus.<\/p>\n<p style=\"text-align: justify\"><i>Argumento<\/i>:\u00a0El d\u00eda en que cumple once a\u00f1os, Harry Potter se entera de que es hijo de dos destacados hechiceros, de los que ha heredado poderes m\u00e1gicos. En la escuela Hogwarts de Magia y Hechicer\u00eda, donde se educa con otros ni\u00f1os que tambi\u00e9n tienen poderes especiales, aprender\u00e1 todo lo necesario para ser mago.<\/p>\n<p style=\"text-align: justify\"><i>Trailer<\/i>:\u00a0<a href=\"https:\/\/www.youtube.com\/watch?v=WE4AJuIvG1Y\">https:\/\/www.youtube.com\/watch?v=WE4AJuIvG1Y<\/a><\/p>\n<p style=\"text-align: justify\">&#8211;\u00a0<i><b>Billy Elliot<\/b><\/i>, es una comedia dram\u00e1tica estrenada en el a\u00f1o 2000, dirigida por Stephen Daldry.<\/p>\n<p style=\"text-align: justify\"><i>Argumento<\/i>:\u00a0En 1984, durante una huelga de mineros en el condado de Durham, se suceden los enfrentamientos entre piquetes y polic\u00eda. Entre los mineros m\u00e1s exaltados est\u00e1n Tony y su padre. \u00c9ste se ha empe\u00f1ado en que Billy, su hijo peque\u00f1o, reciba clases de boxeo. Pero, aunque el chico tiene un buen juego de piernas, carece por completo de pegada. Un d\u00eda, en el gimnasio, Billy observa la clase de ballet de la se\u00f1ora Wilkinson, una mujer de car\u00e1cter severo que lo anima a participar. A partir de ese momento, Billy se dedicar\u00e1 apasionadamente a la danza.<\/p>\n<p style=\"text-align: justify\"><i>Trailer<\/i>:\u00a0<a href=\"https:\/\/www.youtube.com\/watch?v=ScWt2ksQdV0\">https:\/\/www.youtube.com\/watch?v=ScWt2ksQdV0<\/a><\/p>\n","protected":false},"excerpt":{"rendered":"<p>En este apartado denominado\u00a0Pel\u00edculas para aprender espa\u00f1ol\u00a0no s\u00f3lo vamos a incluir producciones cinematogr\u00e1ficas espa\u00f1olas sino tambi\u00e9n extranjeras. Las tem\u00e1ticas ser\u00e1n variadas, de tal modo, que os proponemos desde pel\u00edculas de dibujos animados, a obras c\u00f3micas, tr\u00e1gicas, dram\u00e1ticas, de humor, de aventuras, rom\u00e1nticas&#8230; No importa el tema sino el aprendizaje de un idioma. Aqu\u00ed sugerimos, vosotros [&hellip;]<\/p>\n","protected":false},"author":36,"featured_media":0,"parent":0,"menu_order":0,"comment_status":"closed","ping_status":"closed","template":"","meta":{"footnotes":""},"class_list":["post-76","page","type-page","status-publish","hentry"],"_links":{"self":[{"href":"https:\/\/edublog.educastur.es\/espaolparatodosytodas\/wp-json\/wp\/v2\/pages\/76","targetHints":{"allow":["GET"]}}],"collection":[{"href":"https:\/\/edublog.educastur.es\/espaolparatodosytodas\/wp-json\/wp\/v2\/pages"}],"about":[{"href":"https:\/\/edublog.educastur.es\/espaolparatodosytodas\/wp-json\/wp\/v2\/types\/page"}],"author":[{"embeddable":true,"href":"https:\/\/edublog.educastur.es\/espaolparatodosytodas\/wp-json\/wp\/v2\/users\/36"}],"replies":[{"embeddable":true,"href":"https:\/\/edublog.educastur.es\/espaolparatodosytodas\/wp-json\/wp\/v2\/comments?post=76"}],"version-history":[{"count":3,"href":"https:\/\/edublog.educastur.es\/espaolparatodosytodas\/wp-json\/wp\/v2\/pages\/76\/revisions"}],"predecessor-version":[{"id":79,"href":"https:\/\/edublog.educastur.es\/espaolparatodosytodas\/wp-json\/wp\/v2\/pages\/76\/revisions\/79"}],"wp:attachment":[{"href":"https:\/\/edublog.educastur.es\/espaolparatodosytodas\/wp-json\/wp\/v2\/media?parent=76"}],"curies":[{"name":"wp","href":"https:\/\/api.w.org\/{rel}","templated":true}]}}