{"id":87,"date":"2020-06-30T11:52:04","date_gmt":"2020-06-30T11:52:04","guid":{"rendered":"https:\/\/edublog.educastur.es\/espaolparatodosytodas\/?page_id=87"},"modified":"2021-01-30T09:49:34","modified_gmt":"2021-01-30T09:49:34","slug":"adivinanzas","status":"publish","type":"page","link":"https:\/\/edublog.educastur.es\/espaolparatodosytodas\/adivinanzas\/","title":{"rendered":"Adivinanzas"},"content":{"rendered":"<p style=\"text-align: justify\">Las adivinanzas<b>\u00a0sirven para<\/b>\u00a0descubrir\u00a0lo\u00a0oculto, lo que no aparece a simple vista. Son enigmas que hay que acertar, con ellos se descubre qu\u00e9 est\u00e1 oculto o qu\u00e9 ignoramos o no sabemos.<\/p>\n<p style=\"text-align: justify\">Retan a nuestro cerebro y nos sirven como gimnasia mental. \u00bfJugamos?<\/p>\n<p style=\"text-align: justify\">Podemos hacerlo de varias maneras:<\/p>\n<p style=\"text-align: justify\">1.- Leyendo el enigma y resolvi\u00e9ndolo.<\/p>\n<p style=\"text-align: justify\">2.- Escuchando el sonido y averiguar qu\u00e9 se esconde tras \u00e9l.<\/p>\n<p><img loading=\"lazy\" decoding=\"async\" class=\"alignnone size-full wp-image-256\" src=\"http:\/\/edublog.educastur.es\/espaolparatodosytodas\/files\/2021\/01\/enigma.jpg\" alt=\"\" width=\"1345\" height=\"897\" srcset=\"https:\/\/edublog.educastur.es\/espaolparatodosytodas\/files\/2021\/01\/enigma.jpg 1345w, https:\/\/edublog.educastur.es\/espaolparatodosytodas\/files\/2021\/01\/enigma-300x200.jpg 300w, https:\/\/edublog.educastur.es\/espaolparatodosytodas\/files\/2021\/01\/enigma-1024x683.jpg 1024w, https:\/\/edublog.educastur.es\/espaolparatodosytodas\/files\/2021\/01\/enigma-768x512.jpg 768w, https:\/\/edublog.educastur.es\/espaolparatodosytodas\/files\/2021\/01\/enigma-900x600.jpg 900w, https:\/\/edublog.educastur.es\/espaolparatodosytodas\/files\/2021\/01\/enigma-1280x854.jpg 1280w\" sizes=\"auto, (max-width: 1345px) 100vw, 1345px\" \/><\/p>\n<p style=\"text-align: justify\"><b>1.- Acertijos y Adivinanzas escritos.<\/b><\/p>\n<p style=\"text-align: justify\">1. Hay una casa a la que uno entra ciego y sale viendo \u00bfqu\u00e9 es?<\/p>\n<p style=\"text-align: justify\">2. En Melilla hay tres, en Madrid ninguna, en Castilla dos y en Galicia una.<\/p>\n<p style=\"text-align: justify\">3. La mam\u00e1 de Beth tiene tres hijas, una se llama Lara y la otra Sara \u00bfc\u00f3mo se llama la tercera hija?<\/p>\n<p style=\"text-align: justify\">4. Soy bonito por delante, algo feo por detr\u00e1s; me transformo a cada instante ya que imito a los dem\u00e1s.<\/p>\n<p style=\"text-align: justify\">5.- Oro parece, plata no es.<\/p>\n<p style=\"text-align: justify\">6.- Por un caminito, va caminando un bichito. El nombre del bicho ya te lo he dicho.<\/p>\n<p style=\"text-align: justify\"><i>Respuestas: 1. La escuela. 2. La letra L. 3. Beth. 4. El espejo. 5.- Pl\u00e1tano. 6.- Vaca<\/i>.<\/p>\n<p style=\"text-align: justify\">Abajo tienes algunos ejemplos m\u00e1s, son sencillos.<\/p>\n<p><img loading=\"lazy\" decoding=\"async\" class=\"wp-image-257 size-medium alignnone\" src=\"http:\/\/edublog.educastur.es\/espaolparatodosytodas\/files\/2021\/01\/risa-300x169.jpg\" alt=\"\" width=\"300\" height=\"169\" srcset=\"https:\/\/edublog.educastur.es\/espaolparatodosytodas\/files\/2021\/01\/risa-300x169.jpg 300w, https:\/\/edublog.educastur.es\/espaolparatodosytodas\/files\/2021\/01\/risa-1024x576.jpg 1024w, https:\/\/edublog.educastur.es\/espaolparatodosytodas\/files\/2021\/01\/risa-768x432.jpg 768w, https:\/\/edublog.educastur.es\/espaolparatodosytodas\/files\/2021\/01\/risa-1536x864.jpg 1536w, https:\/\/edublog.educastur.es\/espaolparatodosytodas\/files\/2021\/01\/risa-900x506.jpg 900w, https:\/\/edublog.educastur.es\/espaolparatodosytodas\/files\/2021\/01\/risa-1280x720.jpg 1280w, https:\/\/edublog.educastur.es\/espaolparatodosytodas\/files\/2021\/01\/risa.jpg 1920w\" sizes=\"auto, (max-width: 300px) 100vw, 300px\" \/><\/p>\n<p>En esta p\u00e1gina web de\u00a0<i>Mundo Primaria<\/i>\u00a0pod\u00e9is encontrar muchas m\u00e1s.<\/p>\n<p><a href=\"https:\/\/www.mundoprimaria.com\/adivinanzas-infantiles-cortas\">https:\/\/www.mundoprimaria.com\/adivinanzas-infantiles-cortas<\/a><\/p>\n<p><b>2.- Los sonidos tambi\u00e9n nos sirven para jugar a las adivinanzas, aqu\u00ed ten\u00e9is alg\u00fan algunos ejemplos. \u00bfJug\u00e1is?<\/b><\/p>\n<p><i>a) Partes del cuerpo<\/i>. <a href=\"https:\/\/www.youtube.com\/watch?v=REw3qW8C4rM\">https:\/\/www.youtube.com\/watch?v=REw3qW8C4rM<\/a><\/p>\n<p><i>b) Los animales. <\/i><a href=\"https:\/\/www.youtube.com\/watch?v=8sb2QTew-bA\">https:\/\/www.youtube.com\/watch?v=8sb2QTew-bA<\/a><\/p>\n<p><i>c) Sonidos en casa<\/i>. <a href=\"https:\/\/www.youtube.com\/watch?v=hnyywsUbWOE\">https:\/\/www.youtube.com\/watch?v=hnyywsUbWOE<\/a><\/p>\n<p><i>d) Sonidos en la ciudad<\/i>.\u00a0<a href=\"https:\/\/www.youtube.com\/watch?v=9I07C5_MJY4\">https:\/\/www.youtube.com\/watch?v=9I07C5_MJY4<\/a><\/p>\n<p><i>e) Sonidos de medios de transporte<\/i>.\u00a0<a href=\"https:\/\/www.youtube.com\/watch?v=6pyt5hCu-Rs\">https:\/\/www.youtube.com\/watch?v=6pyt5hCu-Rs<\/a><\/p>\n<p><i>f) Sonidos de instrumentos musicales<\/i>.\u00a0<a href=\"https:\/\/www.youtube.com\/watch?v=to73mH1MTwc\">https:\/\/www.youtube.com\/watch?v=to73mH1MTwc<\/a><\/p>\n<p><img loading=\"lazy\" decoding=\"async\" class=\"aligncenter wp-image-258 size-medium\" src=\"http:\/\/edublog.educastur.es\/espaolparatodosytodas\/files\/2021\/01\/enigma-300x300.png\" alt=\"\" width=\"300\" height=\"300\" srcset=\"https:\/\/edublog.educastur.es\/espaolparatodosytodas\/files\/2021\/01\/enigma-300x300.png 300w, https:\/\/edublog.educastur.es\/espaolparatodosytodas\/files\/2021\/01\/enigma-150x150.png 150w, https:\/\/edublog.educastur.es\/espaolparatodosytodas\/files\/2021\/01\/enigma-88x88.png 88w, https:\/\/edublog.educastur.es\/espaolparatodosytodas\/files\/2021\/01\/enigma.png 512w\" sizes=\"auto, (max-width: 300px) 100vw, 300px\" \/><\/p>\n","protected":false},"excerpt":{"rendered":"<p>Las adivinanzas\u00a0sirven para\u00a0descubrir\u00a0lo\u00a0oculto, lo que no aparece a simple vista. Son enigmas que hay que acertar, con ellos se descubre qu\u00e9 est\u00e1 oculto o qu\u00e9 ignoramos o no sabemos. Retan a nuestro cerebro y nos sirven como gimnasia mental. \u00bfJugamos? Podemos hacerlo de varias maneras: 1.- Leyendo el enigma y resolvi\u00e9ndolo. 2.- Escuchando el sonido [&hellip;]<\/p>\n","protected":false},"author":36,"featured_media":0,"parent":0,"menu_order":0,"comment_status":"closed","ping_status":"closed","template":"","meta":{"footnotes":""},"class_list":["post-87","page","type-page","status-publish","hentry"],"_links":{"self":[{"href":"https:\/\/edublog.educastur.es\/espaolparatodosytodas\/wp-json\/wp\/v2\/pages\/87","targetHints":{"allow":["GET"]}}],"collection":[{"href":"https:\/\/edublog.educastur.es\/espaolparatodosytodas\/wp-json\/wp\/v2\/pages"}],"about":[{"href":"https:\/\/edublog.educastur.es\/espaolparatodosytodas\/wp-json\/wp\/v2\/types\/page"}],"author":[{"embeddable":true,"href":"https:\/\/edublog.educastur.es\/espaolparatodosytodas\/wp-json\/wp\/v2\/users\/36"}],"replies":[{"embeddable":true,"href":"https:\/\/edublog.educastur.es\/espaolparatodosytodas\/wp-json\/wp\/v2\/comments?post=87"}],"version-history":[{"count":5,"href":"https:\/\/edublog.educastur.es\/espaolparatodosytodas\/wp-json\/wp\/v2\/pages\/87\/revisions"}],"predecessor-version":[{"id":259,"href":"https:\/\/edublog.educastur.es\/espaolparatodosytodas\/wp-json\/wp\/v2\/pages\/87\/revisions\/259"}],"wp:attachment":[{"href":"https:\/\/edublog.educastur.es\/espaolparatodosytodas\/wp-json\/wp\/v2\/media?parent=87"}],"curies":[{"name":"wp","href":"https:\/\/api.w.org\/{rel}","templated":true}]}}