{"id":98,"date":"2020-06-30T12:00:43","date_gmt":"2020-06-30T12:00:43","guid":{"rendered":"https:\/\/edublog.educastur.es\/espaolparatodosytodas\/?page_id=98"},"modified":"2021-01-30T10:28:14","modified_gmt":"2021-01-30T10:28:14","slug":"aplicaciones-apps-para-aprender-espanol","status":"publish","type":"page","link":"https:\/\/edublog.educastur.es\/espaolparatodosytodas\/aplicaciones-apps-para-aprender-espanol\/","title":{"rendered":"Aplicaciones (apps) para aprender espa\u00f1ol"},"content":{"rendered":"<p style=\"text-align: justify\">El m\u00f3vil actualmente es una de las herramientas m\u00e1s utilizadas para aprender espa\u00f1ol. A veces resulta complicado poner en pr\u00e1ctica todo lo que se aprende en las clases de espa\u00f1ol por falta de tiempo o porque no tenemos con quien practicar. Ahora es el momento de sacar partido al m\u00f3vil para que se convierta en una fuente de aprendizaje muy \u00fatil.<\/p>\n<p><img loading=\"lazy\" decoding=\"async\" class=\"size-full wp-image-272\" src=\"http:\/\/edublog.educastur.es\/espaolparatodosytodas\/files\/2021\/01\/movil.jpg\" alt=\"\" width=\"479\" height=\"359\" srcset=\"https:\/\/edublog.educastur.es\/espaolparatodosytodas\/files\/2021\/01\/movil.jpg 479w, https:\/\/edublog.educastur.es\/espaolparatodosytodas\/files\/2021\/01\/movil-300x225.jpg 300w\" sizes=\"auto, (max-width: 479px) 100vw, 479px\" \/><\/p>\n<p>&nbsp;<\/p>\n<p style=\"text-align: justify\">A continuaci\u00f3n te recomendamos varias apps para poder ampliar tu vocabulario, mejorar tu pronunciaci\u00f3n y practicar la gram\u00e1tica de manera f\u00e1cil y sencilla. \u00a1An\u00edmate y practica!<\/p>\n<p style=\"text-align: justify\"><b>1.- DUOLINGO<\/b>.\u00a0<a href=\"https:\/\/es.duolingo.com\/\">https:\/\/es.duolingo.com\/<\/a><\/p>\n<p style=\"text-align: justify\">Es gratuita. En ella las lecciones se dividen en unidades y cada lecci\u00f3n es un juego. Es intuitiva, f\u00e1cil de utilizar y se pueden practicar destrezas como la expresi\u00f3n oral, la escrita, la comprensi\u00f3n lectora y auditiva, gram\u00e1tica, etc.<\/p>\n<p><img loading=\"lazy\" decoding=\"async\" class=\"aligncenter wp-image-273 size-large\" src=\"http:\/\/edublog.educastur.es\/espaolparatodosytodas\/files\/2021\/01\/duolingo-compressor-1280x720-1-1024x576.jpg\" alt=\"\" width=\"629\" height=\"354\" srcset=\"https:\/\/edublog.educastur.es\/espaolparatodosytodas\/files\/2021\/01\/duolingo-compressor-1280x720-1-1024x576.jpg 1024w, https:\/\/edublog.educastur.es\/espaolparatodosytodas\/files\/2021\/01\/duolingo-compressor-1280x720-1-300x169.jpg 300w, https:\/\/edublog.educastur.es\/espaolparatodosytodas\/files\/2021\/01\/duolingo-compressor-1280x720-1-768x432.jpg 768w, https:\/\/edublog.educastur.es\/espaolparatodosytodas\/files\/2021\/01\/duolingo-compressor-1280x720-1-900x506.jpg 900w, https:\/\/edublog.educastur.es\/espaolparatodosytodas\/files\/2021\/01\/duolingo-compressor-1280x720-1.jpg 1280w\" sizes=\"auto, (max-width: 629px) 100vw, 629px\" \/><\/p>\n<p style=\"text-align: justify\"><b>2.- TINYCARDS<\/b>.\u00a0<a href=\"https:\/\/tinycards.duolingo.com\/\">https:\/\/tinycards.duolingo.com\/<\/a><\/p>\n<p style=\"text-align: justify\">Es gratuita. Fuel lanzada por DUOLINGO y con ella se pueden aprender conceptos, vocabulario a trav\u00e9s de la memorizaci\u00f3n de tarjetas. Se utiliza la memoria visual para recordar palabras.<\/p>\n<p><img loading=\"lazy\" decoding=\"async\" class=\"wp-image-274 size-full aligncenter\" src=\"http:\/\/edublog.educastur.es\/espaolparatodosytodas\/files\/2021\/01\/TinycardsTNW.jpg\" alt=\"\" width=\"676\" height=\"414\" srcset=\"https:\/\/edublog.educastur.es\/espaolparatodosytodas\/files\/2021\/01\/TinycardsTNW.jpg 676w, https:\/\/edublog.educastur.es\/espaolparatodosytodas\/files\/2021\/01\/TinycardsTNW-300x184.jpg 300w\" sizes=\"auto, (max-width: 676px) 100vw, 676px\" \/><\/p>\n<p style=\"text-align: justify\"><b>3.- BABEL<\/b>.\u00a0<a href=\"https:\/\/es.babbel.com\/\">https:\/\/es.babbel.com\/<\/a><\/p>\n<p style=\"text-align: justify\">Es una aplicaci\u00f3n simple e intuitiva. Hay que elegir qu\u00e9 idioma hablas, qu\u00e9 quieres aprender, edad&#8230; Las clases tienen una duraci\u00f3n de unos 15 minutos.<\/p>\n<p><img loading=\"lazy\" decoding=\"async\" class=\"alignnone size-full wp-image-276\" src=\"http:\/\/edublog.educastur.es\/espaolparatodosytodas\/files\/2021\/01\/babel.png\" alt=\"\" width=\"1200\" height=\"630\" srcset=\"https:\/\/edublog.educastur.es\/espaolparatodosytodas\/files\/2021\/01\/babel.png 1200w, https:\/\/edublog.educastur.es\/espaolparatodosytodas\/files\/2021\/01\/babel-300x158.png 300w, https:\/\/edublog.educastur.es\/espaolparatodosytodas\/files\/2021\/01\/babel-1024x538.png 1024w, https:\/\/edublog.educastur.es\/espaolparatodosytodas\/files\/2021\/01\/babel-768x403.png 768w, https:\/\/edublog.educastur.es\/espaolparatodosytodas\/files\/2021\/01\/babel-900x473.png 900w\" sizes=\"auto, (max-width: 1200px) 100vw, 1200px\" \/><\/p>\n<p style=\"text-align: justify\"><b>4.- BUSUU<\/b>.\u00a0\u00a0<a href=\"https:\/\/www.busuu.com\/es\">https:\/\/www.busuu.com\/es<\/a><\/p>\n<p style=\"text-align: justify\">Es una aplicaci\u00f3n gratuita (si quieres un certificado tiene una versi\u00f3n \u00abpremium\u00bb). Puedes aprender y desarrollar conceptos claves de gram\u00e1tica, practicar audiciones, hacer ejercicios, etc. Tambi\u00e9n puedes ayudar a otras personas que est\u00e9n aprendiendo el idioma que t\u00fa hablas.<\/p>\n<p><img loading=\"lazy\" decoding=\"async\" class=\"alignnone size-full wp-image-277\" src=\"http:\/\/edublog.educastur.es\/espaolparatodosytodas\/files\/2021\/01\/busuu.jpg\" alt=\"\" width=\"512\" height=\"250\" srcset=\"https:\/\/edublog.educastur.es\/espaolparatodosytodas\/files\/2021\/01\/busuu.jpg 512w, https:\/\/edublog.educastur.es\/espaolparatodosytodas\/files\/2021\/01\/busuu-300x146.jpg 300w\" sizes=\"auto, (max-width: 512px) 100vw, 512px\" \/><\/p>\n<p style=\"text-align: justify\"><b>5.- 94 SEGUNDOS.\u00a0<\/b><a href=\"http:\/\/es.94segundos.com\/\">http:\/\/es.94segundos.com\/<\/a><\/p>\n<p style=\"text-align: justify\">Juego para que demuestres tus conocimientos y as\u00ed practiques la velocidad mental. Puedes elegir temas entre diferentes categor\u00edas: frutas, deportes&#8230;<\/p>\n<p><img loading=\"lazy\" decoding=\"async\" class=\"alignnone size-full wp-image-278\" src=\"http:\/\/edublog.educastur.es\/espaolparatodosytodas\/files\/2021\/01\/segundos.png\" alt=\"\" width=\"512\" height=\"250\" srcset=\"https:\/\/edublog.educastur.es\/espaolparatodosytodas\/files\/2021\/01\/segundos.png 512w, https:\/\/edublog.educastur.es\/espaolparatodosytodas\/files\/2021\/01\/segundos-300x146.png 300w\" sizes=\"auto, (max-width: 512px) 100vw, 512px\" \/><\/p>\n<p style=\"text-align: justify\"><b>6.- TANDEM.<\/b>\u00a0<a href=\"https:\/\/www.tandem.net\/es\">https:\/\/www.tandem.net\/es<\/a><\/p>\n<p style=\"text-align: justify\">Es gratuita y puedes aprender espa\u00f1ol con una persona nativa. Fundamentalmente se trabaja la expresi\u00f3n oral.<\/p>\n<p><img loading=\"lazy\" decoding=\"async\" class=\"aligncenter wp-image-279 size-medium\" src=\"http:\/\/edublog.educastur.es\/espaolparatodosytodas\/files\/2021\/01\/tandem-300x300.png\" alt=\"\" width=\"300\" height=\"300\" srcset=\"https:\/\/edublog.educastur.es\/espaolparatodosytodas\/files\/2021\/01\/tandem-300x300.png 300w, https:\/\/edublog.educastur.es\/espaolparatodosytodas\/files\/2021\/01\/tandem-1024x1024.png 1024w, https:\/\/edublog.educastur.es\/espaolparatodosytodas\/files\/2021\/01\/tandem-150x150.png 150w, https:\/\/edublog.educastur.es\/espaolparatodosytodas\/files\/2021\/01\/tandem-768x768.png 768w, https:\/\/edublog.educastur.es\/espaolparatodosytodas\/files\/2021\/01\/tandem-88x88.png 88w, https:\/\/edublog.educastur.es\/espaolparatodosytodas\/files\/2021\/01\/tandem-900x900.png 900w, https:\/\/edublog.educastur.es\/espaolparatodosytodas\/files\/2021\/01\/tandem.png 1100w\" sizes=\"auto, (max-width: 300px) 100vw, 300px\" \/><\/p>\n<p style=\"text-align: justify\"><b>7.- MEMRISE<\/b>.\u00a0\u00a0<a href=\"https:\/\/www.memrise.com\/es\/\">https:\/\/www.memrise.com\/es\/<\/a><\/p>\n<p style=\"text-align: justify\">Aplicaci\u00f3n gratuita en la que se aprende el idioma con hablantes nativos. Posee variedad t\u00e9cnica y es entretenida.<\/p>\n<p><img loading=\"lazy\" decoding=\"async\" class=\"alignnone size-full wp-image-280\" src=\"http:\/\/edublog.educastur.es\/espaolparatodosytodas\/files\/2021\/01\/men.jpg\" alt=\"\" width=\"1280\" height=\"720\" srcset=\"https:\/\/edublog.educastur.es\/espaolparatodosytodas\/files\/2021\/01\/men.jpg 1280w, https:\/\/edublog.educastur.es\/espaolparatodosytodas\/files\/2021\/01\/men-300x169.jpg 300w, https:\/\/edublog.educastur.es\/espaolparatodosytodas\/files\/2021\/01\/men-1024x576.jpg 1024w, https:\/\/edublog.educastur.es\/espaolparatodosytodas\/files\/2021\/01\/men-768x432.jpg 768w, https:\/\/edublog.educastur.es\/espaolparatodosytodas\/files\/2021\/01\/men-900x506.jpg 900w\" sizes=\"auto, (max-width: 1280px) 100vw, 1280px\" \/><\/p>\n<p style=\"text-align: justify\"><b>8.- HiNative<\/b>.\u00a0<a href=\"https:\/\/hinative.com\/es-MX\">https:\/\/hinative.com\/es-MX<\/a><\/p>\n<p style=\"text-align: justify\">Puedes comunicarte con nativos y hacerles preguntas sobre su idioma. Tienes la posibilidad de responder en tu idioma o en el que desees aprender. Se pueden compartir conocimientos.<\/p>\n<p><img loading=\"lazy\" decoding=\"async\" class=\"alignnone wp-image-281 size-medium\" src=\"http:\/\/edublog.educastur.es\/espaolparatodosytodas\/files\/2021\/01\/hinative-300x300.png\" alt=\"\" width=\"300\" height=\"300\" srcset=\"https:\/\/edublog.educastur.es\/espaolparatodosytodas\/files\/2021\/01\/hinative-300x300.png 300w, https:\/\/edublog.educastur.es\/espaolparatodosytodas\/files\/2021\/01\/hinative-150x150.png 150w, https:\/\/edublog.educastur.es\/espaolparatodosytodas\/files\/2021\/01\/hinative-88x88.png 88w, https:\/\/edublog.educastur.es\/espaolparatodosytodas\/files\/2021\/01\/hinative.png 512w\" sizes=\"auto, (max-width: 300px) 100vw, 300px\" \/><\/p>\n<p style=\"text-align: justify\"><b>9.- MOSALINGUA<\/b>.\u00a0<a href=\"https:\/\/www.mosalingua.com\/es\/\">https:\/\/www.mosalingua.com\/es\/<\/a><\/p>\n<p style=\"text-align: justify\">Se trata de aprender otro idioma mediante la repetici\u00f3n para poder mejorar la memorizaci\u00f3n. Se adapta a lo que quieras aprender.<\/p>\n<p><img loading=\"lazy\" decoding=\"async\" class=\"alignnone wp-image-282 size-medium\" src=\"http:\/\/edublog.educastur.es\/espaolparatodosytodas\/files\/2021\/01\/mosalin-300x300.png\" alt=\"\" width=\"300\" height=\"300\" srcset=\"https:\/\/edublog.educastur.es\/espaolparatodosytodas\/files\/2021\/01\/mosalin-300x300.png 300w, https:\/\/edublog.educastur.es\/espaolparatodosytodas\/files\/2021\/01\/mosalin-150x150.png 150w, https:\/\/edublog.educastur.es\/espaolparatodosytodas\/files\/2021\/01\/mosalin-768x768.png 768w, https:\/\/edublog.educastur.es\/espaolparatodosytodas\/files\/2021\/01\/mosalin-88x88.png 88w, https:\/\/edublog.educastur.es\/espaolparatodosytodas\/files\/2021\/01\/mosalin-900x900.png 900w, https:\/\/edublog.educastur.es\/espaolparatodosytodas\/files\/2021\/01\/mosalin.png 1024w\" sizes=\"auto, (max-width: 300px) 100vw, 300px\" \/><\/p>\n<p style=\"text-align: justify\"><b>10.- GOOGLE TRANSLATE<\/b>.\u00a0<a href=\"https:\/\/translate.google.es\/\">https:\/\/translate.google.es\/<\/a><\/p>\n<p style=\"text-align: justify\">Nos permite traducir m\u00e1s de 90 idiomas, adem\u00e1s posee diferentes funciones que te ayudar\u00e1n al aprendizaje del espa\u00f1ol.<\/p>\n<p><img loading=\"lazy\" decoding=\"async\" class=\"alignnone size-full wp-image-283\" src=\"http:\/\/edublog.educastur.es\/espaolparatodosytodas\/files\/2021\/01\/google.jpeg\" alt=\"\" width=\"449\" height=\"220\" srcset=\"https:\/\/edublog.educastur.es\/espaolparatodosytodas\/files\/2021\/01\/google.jpeg 449w, https:\/\/edublog.educastur.es\/espaolparatodosytodas\/files\/2021\/01\/google-300x147.jpeg 300w\" sizes=\"auto, (max-width: 449px) 100vw, 449px\" \/><\/p>\n<p style=\"text-align: justify\">Tambi\u00e9n puedes explorar otras como:<\/p>\n<p style=\"text-align: justify\">&#8211; Hello Talk.\u00a0<a href=\"https:\/\/www.hellotalk.com\/?lang=es\">https:\/\/www.hellotalk.com\/?lang=es<\/a><\/p>\n<p style=\"text-align: justify\">&#8211; Bravolol.\u00a0\u00a0<a href=\"https:\/\/bravolol.com\/learn-spanish-phrasebook\/\">https:\/\/bravolol.com\/learn-spanish-phrasebook\/<\/a><\/p>\n<p style=\"text-align: justify\">&#8211; MindSnacks.\u00a0<a href=\"https:\/\/www.mindsnacks.com\/\">https:\/\/www.mindsnacks.com\/<\/a><\/p>\n<p style=\"text-align: justify\">&#8211; Speaktribe.\u00a0<a href=\"https:\/\/www.speaktribe.com\/\">https:\/\/www.speaktribe.com\/<\/a><\/p>\n<p style=\"text-align: justify\">&#8211; Espa\u00f1ol para los m\u00e1s peque\u00f1os.\u00a0<a href=\"https:\/\/tlcdenia.es\/apps-para-aprender-espanol-para-ninos\/\">https:\/\/tlcdenia.es\/apps-para-aprender-espanol-para-ninos\/<\/a><\/p>\n<p style=\"text-align: justify\">&#8211; Aprender espa\u00f1ol de forma r\u00e1pida y a trav\u00e9s de juegos.\u00a0\u00a0<a href=\"https:\/\/es.funeasylearn.com\/aprender-espa%C3%B1ol\">https:\/\/es.funeasylearn.com\/aprender-espa%C3%B1ol<\/a><\/p>\n<p style=\"text-align: justify\">Espero que estas aplicaciones te resulten \u00fatiles en tu aprendizaje y perfeccionamiento del espa\u00f1ol.<\/p>\n<p><img loading=\"lazy\" decoding=\"async\" class=\"alignleft wp-image-285 size-medium\" src=\"http:\/\/edublog.educastur.es\/espaolparatodosytodas\/files\/2021\/01\/espan\u0303ol-300x300.jpg\" alt=\"\" width=\"300\" height=\"300\" srcset=\"https:\/\/edublog.educastur.es\/espaolparatodosytodas\/files\/2021\/01\/espan\u0303ol-300x300.jpg 300w, https:\/\/edublog.educastur.es\/espaolparatodosytodas\/files\/2021\/01\/espan\u0303ol-150x150.jpg 150w, https:\/\/edublog.educastur.es\/espaolparatodosytodas\/files\/2021\/01\/espan\u0303ol-88x88.jpg 88w, https:\/\/edublog.educastur.es\/espaolparatodosytodas\/files\/2021\/01\/espan\u0303ol.jpg 350w\" sizes=\"auto, (max-width: 300px) 100vw, 300px\" \/><\/p>\n<p><img loading=\"lazy\" decoding=\"async\" class=\"alignnone wp-image-284 size-full\" src=\"http:\/\/edublog.educastur.es\/espaolparatodosytodas\/files\/2021\/01\/esn\u0303ol.png\" alt=\"\" width=\"224\" height=\"224\" srcset=\"https:\/\/edublog.educastur.es\/espaolparatodosytodas\/files\/2021\/01\/esn\u0303ol.png 224w, https:\/\/edublog.educastur.es\/espaolparatodosytodas\/files\/2021\/01\/esn\u0303ol-150x150.png 150w, https:\/\/edublog.educastur.es\/espaolparatodosytodas\/files\/2021\/01\/esn\u0303ol-88x88.png 88w\" sizes=\"auto, (max-width: 224px) 100vw, 224px\" \/><\/p>\n<p>&nbsp;<\/p>\n","protected":false},"excerpt":{"rendered":"<p>El m\u00f3vil actualmente es una de las herramientas m\u00e1s utilizadas para aprender espa\u00f1ol. A veces resulta complicado poner en pr\u00e1ctica todo lo que se aprende en las clases de espa\u00f1ol por falta de tiempo o porque no tenemos con quien practicar. Ahora es el momento de sacar partido al m\u00f3vil para que se convierta en [&hellip;]<\/p>\n","protected":false},"author":36,"featured_media":0,"parent":0,"menu_order":0,"comment_status":"closed","ping_status":"closed","template":"","meta":{"footnotes":""},"class_list":["post-98","page","type-page","status-publish","hentry"],"_links":{"self":[{"href":"https:\/\/edublog.educastur.es\/espaolparatodosytodas\/wp-json\/wp\/v2\/pages\/98","targetHints":{"allow":["GET"]}}],"collection":[{"href":"https:\/\/edublog.educastur.es\/espaolparatodosytodas\/wp-json\/wp\/v2\/pages"}],"about":[{"href":"https:\/\/edublog.educastur.es\/espaolparatodosytodas\/wp-json\/wp\/v2\/types\/page"}],"author":[{"embeddable":true,"href":"https:\/\/edublog.educastur.es\/espaolparatodosytodas\/wp-json\/wp\/v2\/users\/36"}],"replies":[{"embeddable":true,"href":"https:\/\/edublog.educastur.es\/espaolparatodosytodas\/wp-json\/wp\/v2\/comments?post=98"}],"version-history":[{"count":5,"href":"https:\/\/edublog.educastur.es\/espaolparatodosytodas\/wp-json\/wp\/v2\/pages\/98\/revisions"}],"predecessor-version":[{"id":286,"href":"https:\/\/edublog.educastur.es\/espaolparatodosytodas\/wp-json\/wp\/v2\/pages\/98\/revisions\/286"}],"wp:attachment":[{"href":"https:\/\/edublog.educastur.es\/espaolparatodosytodas\/wp-json\/wp\/v2\/media?parent=98"}],"curies":[{"name":"wp","href":"https:\/\/api.w.org\/{rel}","templated":true}]}}