{"id":32,"date":"2021-01-26T17:08:15","date_gmt":"2021-01-26T17:08:15","guid":{"rendered":"https:\/\/edublog.educastur.es\/estrehistoria\/?page_id=32"},"modified":"2021-01-30T09:44:16","modified_gmt":"2021-01-30T09:44:16","slug":"medieval","status":"publish","type":"page","link":"https:\/\/edublog.educastur.es\/estrehistoria\/medieval\/","title":{"rendered":"Medieval"},"content":{"rendered":"<p><a href=\"https:\/\/web.microsoftstream.com\/video\/0a0772da-993c-465f-88cc-b7e80b542bb5\">Enlace al video del Imperio<\/a> Bizantino<\/p>\n<p>En este v\u00eddeo pod\u00e9is ver como fue la expansi\u00f3n y las etapas del Imperio Bizantino<\/p>\n\n<!-- iframe plugin v.6.0 wordpress.org\/plugins\/iframe\/ -->\n<iframe loading=\"lazy\" width=\"100%\" height=\"400\" src=\"https:\/\/web.microsoftstream.com\/embed\/video\/0a0772da-993c-465f-88cc-b7e80b542bb5\" scrolling=\"yes\" class=\"iframe-class\" frameborder=\"0\"><\/iframe>\n\n","protected":false},"excerpt":{"rendered":"<p>Enlace al video del Imperio Bizantino En este v\u00eddeo pod\u00e9is ver como fue la expansi\u00f3n y las etapas del Imperio Bizantino<\/p>\n","protected":false},"author":430,"featured_media":0,"parent":0,"menu_order":0,"comment_status":"closed","ping_status":"closed","template":"","meta":{"footnotes":""},"class_list":["post-32","page","type-page","status-publish","hentry"],"_links":{"self":[{"href":"https:\/\/edublog.educastur.es\/estrehistoria\/wp-json\/wp\/v2\/pages\/32","targetHints":{"allow":["GET"]}}],"collection":[{"href":"https:\/\/edublog.educastur.es\/estrehistoria\/wp-json\/wp\/v2\/pages"}],"about":[{"href":"https:\/\/edublog.educastur.es\/estrehistoria\/wp-json\/wp\/v2\/types\/page"}],"author":[{"embeddable":true,"href":"https:\/\/edublog.educastur.es\/estrehistoria\/wp-json\/wp\/v2\/users\/430"}],"replies":[{"embeddable":true,"href":"https:\/\/edublog.educastur.es\/estrehistoria\/wp-json\/wp\/v2\/comments?post=32"}],"version-history":[{"count":8,"href":"https:\/\/edublog.educastur.es\/estrehistoria\/wp-json\/wp\/v2\/pages\/32\/revisions"}],"predecessor-version":[{"id":55,"href":"https:\/\/edublog.educastur.es\/estrehistoria\/wp-json\/wp\/v2\/pages\/32\/revisions\/55"}],"wp:attachment":[{"href":"https:\/\/edublog.educastur.es\/estrehistoria\/wp-json\/wp\/v2\/media?parent=32"}],"curies":[{"name":"wp","href":"https:\/\/api.w.org\/{rel}","templated":true}]}}