{"id":141,"date":"2023-10-13T15:14:47","date_gmt":"2023-10-13T15:14:47","guid":{"rendered":"https:\/\/edublog.educastur.es\/fmecanica\/?page_id=141"},"modified":"2023-10-13T15:16:40","modified_gmt":"2023-10-13T15:16:40","slug":"formacion-para-el-empleo","status":"publish","type":"page","link":"https:\/\/edublog.educastur.es\/fmecanica\/formacion-para-el-empleo\/","title":{"rendered":"Formaci\u00f3n para el empleo"},"content":{"rendered":"<div class=\"fusion-text\">\n<h3 data-fontsize=\"20\" data-lineheight=\"30\">Certificados de Profesionalidad<\/h3>\n<p style=\"text-align: justify\">Son el instrumento de acreditaci\u00f3n oficial de las <span style=\"color: #0000ff\">cualificaciones profesionales<\/span> en el \u00e1mbito de la administraci\u00f3n laboral. Estos certificados, tienen car\u00e1cter oficial.\u00a0 Acreditan el conjunto de <span style=\"color: #0000ff\">competencias profesionales<\/span> que capacitan para el desarrollo de una actividad laboral.<\/p>\n<\/div>\n<div class=\"fusion-text\">\n<h3 data-fontsize=\"20\" data-lineheight=\"30\">\u00bfEn qu\u00e9 son equivalentes con la Formaci\u00f3n Profesional?<\/h3>\n<p style=\"text-align: justify\">Los <span style=\"color: #0000ff\">Certificados de Profesionalidad<\/span> est\u00e1n organizados por bloques, llamados <span style=\"color: #0000ff\">m\u00f3dulos formativos<\/span>, lo que posibilita establecer un itinerario personalizado de cualificaci\u00f3n y permite a la Administraci\u00f3n educativa <span style=\"color: #0000ff\">convalidar las unidades de competencia que coincidan con los t\u00edtulos de Formaci\u00f3n Profesional,<\/span> de esta\u00a0 manera\u00a0 se facilita la consecuci\u00f3n de un t\u00edtulo reglado FP. Estas equivalencias y acreditaciones est\u00e1n reguladas mediante el Cat\u00e1logo Nacional de Cualificaciones (CNCP).<\/p>\n<p><img loading=\"lazy\" decoding=\"async\" class=\"wp-image-142 size-large aligncenter\" src=\"http:\/\/edublog.educastur.es\/fmecanica\/files\/2023\/10\/cncualificaciones-1024x654.jpg\" alt=\"\" width=\"676\" height=\"432\" srcset=\"https:\/\/edublog.educastur.es\/fmecanica\/files\/2023\/10\/cncualificaciones-1024x654.jpg 1024w, https:\/\/edublog.educastur.es\/fmecanica\/files\/2023\/10\/cncualificaciones-300x192.jpg 300w, https:\/\/edublog.educastur.es\/fmecanica\/files\/2023\/10\/cncualificaciones-768x491.jpg 768w, https:\/\/edublog.educastur.es\/fmecanica\/files\/2023\/10\/cncualificaciones-676x432.jpg 676w, https:\/\/edublog.educastur.es\/fmecanica\/files\/2023\/10\/cncualificaciones.jpg 1113w\" sizes=\"auto, (max-width: 676px) 100vw, 676px\" \/><\/p>\n<\/div>\n","protected":false},"excerpt":{"rendered":"<p>Certificados de Profesionalidad Son el instrumento de acreditaci\u00f3n oficial de las cualificaciones profesionales en el \u00e1mbito de la administraci\u00f3n laboral. Estos certificados, tienen car\u00e1cter oficial.\u00a0 Acreditan el conjunto de competencias profesionales que capacitan para el desarrollo de una actividad laboral. \u00bfEn qu\u00e9 son equivalentes con la Formaci\u00f3n Profesional? Los Certificados de Profesionalidad est\u00e1n organizados por [&hellip;]<\/p>\n","protected":false},"author":134,"featured_media":0,"parent":0,"menu_order":0,"comment_status":"closed","ping_status":"closed","template":"","meta":{"footnotes":""},"class_list":["post-141","page","type-page","status-publish","hentry","post-preview"],"_links":{"self":[{"href":"https:\/\/edublog.educastur.es\/fmecanica\/wp-json\/wp\/v2\/pages\/141","targetHints":{"allow":["GET"]}}],"collection":[{"href":"https:\/\/edublog.educastur.es\/fmecanica\/wp-json\/wp\/v2\/pages"}],"about":[{"href":"https:\/\/edublog.educastur.es\/fmecanica\/wp-json\/wp\/v2\/types\/page"}],"author":[{"embeddable":true,"href":"https:\/\/edublog.educastur.es\/fmecanica\/wp-json\/wp\/v2\/users\/134"}],"replies":[{"embeddable":true,"href":"https:\/\/edublog.educastur.es\/fmecanica\/wp-json\/wp\/v2\/comments?post=141"}],"version-history":[{"count":2,"href":"https:\/\/edublog.educastur.es\/fmecanica\/wp-json\/wp\/v2\/pages\/141\/revisions"}],"predecessor-version":[{"id":145,"href":"https:\/\/edublog.educastur.es\/fmecanica\/wp-json\/wp\/v2\/pages\/141\/revisions\/145"}],"wp:attachment":[{"href":"https:\/\/edublog.educastur.es\/fmecanica\/wp-json\/wp\/v2\/media?parent=141"}],"curies":[{"name":"wp","href":"https:\/\/api.w.org\/{rel}","templated":true}]}}