{"id":20,"date":"2022-04-04T16:27:49","date_gmt":"2022-04-04T16:27:49","guid":{"rendered":"https:\/\/edublog.educastur.es\/franceseria\/?page_id=20"},"modified":"2022-04-04T17:48:00","modified_gmt":"2022-04-04T17:48:00","slug":"20-2","status":"publish","type":"page","link":"https:\/\/edublog.educastur.es\/franceseria\/20-2\/","title":{"rendered":"Le blog de Fran\u00e7ais"},"content":{"rendered":"<p>Dans ce blog vous trouverez <strong><em>des activit\u00e9s<\/em><\/strong> faites par les \u00e9l\u00e8ves de Fran\u00e7ais du lyc\u00e9e La Er\u00eda \u00e0 Oviedo.<\/p>\n<p>&nbsp;<\/p>\n","protected":false},"excerpt":{"rendered":"<p>Dans ce blog vous trouverez des activit\u00e9s faites par les \u00e9l\u00e8ves de Fran\u00e7ais du lyc\u00e9e La Er\u00eda \u00e0 Oviedo. &nbsp;<\/p>\n","protected":false},"author":1548,"featured_media":0,"parent":0,"menu_order":0,"comment_status":"closed","ping_status":"closed","template":"","meta":{"footnotes":""},"class_list":["post-20","page","type-page","status-publish","hentry","post-preview"],"_links":{"self":[{"href":"https:\/\/edublog.educastur.es\/franceseria\/wp-json\/wp\/v2\/pages\/20","targetHints":{"allow":["GET"]}}],"collection":[{"href":"https:\/\/edublog.educastur.es\/franceseria\/wp-json\/wp\/v2\/pages"}],"about":[{"href":"https:\/\/edublog.educastur.es\/franceseria\/wp-json\/wp\/v2\/types\/page"}],"author":[{"embeddable":true,"href":"https:\/\/edublog.educastur.es\/franceseria\/wp-json\/wp\/v2\/users\/1548"}],"replies":[{"embeddable":true,"href":"https:\/\/edublog.educastur.es\/franceseria\/wp-json\/wp\/v2\/comments?post=20"}],"version-history":[{"count":4,"href":"https:\/\/edublog.educastur.es\/franceseria\/wp-json\/wp\/v2\/pages\/20\/revisions"}],"predecessor-version":[{"id":56,"href":"https:\/\/edublog.educastur.es\/franceseria\/wp-json\/wp\/v2\/pages\/20\/revisions\/56"}],"wp:attachment":[{"href":"https:\/\/edublog.educastur.es\/franceseria\/wp-json\/wp\/v2\/media?parent=20"}],"curies":[{"name":"wp","href":"https:\/\/api.w.org\/{rel}","templated":true}]}}