{"id":12,"date":"2024-03-11T16:37:49","date_gmt":"2024-03-11T15:37:49","guid":{"rendered":"https:\/\/edublog.educastur.es\/gamifyenglisherasmusproyect\/?page_id=12"},"modified":"2024-03-11T16:37:49","modified_gmt":"2024-03-11T15:37:49","slug":"about-us","status":"publish","type":"page","link":"https:\/\/edublog.educastur.es\/gamifyenglisherasmusproject\/about-us\/","title":{"rendered":"About us&#8230;"},"content":{"rendered":"<p>We are 3 english teacher who are working together in\u00a0 a gamify proyect. We are form 3 diferents countries: Turkey, Poland and Spain.<\/p>\n<p>Turkey:<\/p>\n<p><img loading=\"lazy\" decoding=\"async\" class=\"alignnone size-medium wp-image-38\" src=\"http:\/\/edublog.educastur.es\/gamifyenglisherasmusproject\/files\/2024\/03\/denizli-300x223.jpg\" alt=\"\" width=\"300\" height=\"223\" srcset=\"https:\/\/edublog.educastur.es\/gamifyenglisherasmusproject\/files\/2024\/03\/denizli-300x223.jpg 300w, https:\/\/edublog.educastur.es\/gamifyenglisherasmusproject\/files\/2024\/03\/denizli-768x571.jpg 768w, https:\/\/edublog.educastur.es\/gamifyenglisherasmusproject\/files\/2024\/03\/denizli.jpg 897w\" sizes=\"auto, (max-width: 300px) 100vw, 300px\" \/><\/p>\n<p><a href=\"https:\/\/denizlibilsem.meb.k12.tr\/tema\/index.php\"><span style=\"font-size: 12pt\">Nezihe &#8211; Derya Baltal\u0131 Bilim ve Sanat Merkezi<\/span><\/a><\/p>\n<p>Poland:<\/p>\n<p><img decoding=\"async\" src=\"https:\/\/www.ciechocin.pl\/grafika,miniatura,8519,sp-swietoslaw.png\" alt=\"SP \u015awi\u0119tos\u0142aw\" \/><\/p>\n<p><a href=\"http:\/\/spswietoslaw.c0.pl\/\">Szko\u0142a Podstawowa im. Bohater\u00f3w Wrze\u015bnia 1939 roku w \u015awi\u0119tos\u0142awiu<\/a><\/p>\n<p>Spain:<\/p>\n<p><img loading=\"lazy\" decoding=\"async\" class=\"alignnone size-medium wp-image-37\" src=\"http:\/\/edublog.educastur.es\/gamifyenglisherasmusproject\/files\/2024\/03\/Primaria-300x169.jpg\" alt=\"\" width=\"300\" height=\"169\" srcset=\"https:\/\/edublog.educastur.es\/gamifyenglisherasmusproject\/files\/2024\/03\/Primaria-300x169.jpg 300w, https:\/\/edublog.educastur.es\/gamifyenglisherasmusproject\/files\/2024\/03\/Primaria-1024x575.jpg 1024w, https:\/\/edublog.educastur.es\/gamifyenglisherasmusproject\/files\/2024\/03\/Primaria-768x431.jpg 768w, https:\/\/edublog.educastur.es\/gamifyenglisherasmusproject\/files\/2024\/03\/Primaria.jpg 1200w\" sizes=\"auto, (max-width: 300px) 100vw, 300px\" \/><\/p>\n<p><a href=\"https:\/\/alojaweb.educastur.es\/web\/carmenruiztilve\">C.P. Carmen Ruiz-Tilve<\/a><\/p>\n","protected":false},"excerpt":{"rendered":"<p>We are 3 english teacher who are working together in\u00a0 a gamify proyect. We are form 3 diferents countries: Turkey, Poland and Spain. Turkey: Nezihe &#8211; Derya Baltal\u0131 Bilim ve Sanat Merkezi Poland: Szko\u0142a Podstawowa im. Bohater\u00f3w Wrze\u015bnia 1939 roku [&hellip;]<\/p>\n","protected":false},"author":1467,"featured_media":0,"parent":0,"menu_order":0,"comment_status":"closed","ping_status":"closed","template":"","meta":{"footnotes":""},"class_list":["post-12","page","type-page","status-publish","hentry"],"_links":{"self":[{"href":"https:\/\/edublog.educastur.es\/gamifyenglisherasmusproject\/wp-json\/wp\/v2\/pages\/12","targetHints":{"allow":["GET"]}}],"collection":[{"href":"https:\/\/edublog.educastur.es\/gamifyenglisherasmusproject\/wp-json\/wp\/v2\/pages"}],"about":[{"href":"https:\/\/edublog.educastur.es\/gamifyenglisherasmusproject\/wp-json\/wp\/v2\/types\/page"}],"author":[{"embeddable":true,"href":"https:\/\/edublog.educastur.es\/gamifyenglisherasmusproject\/wp-json\/wp\/v2\/users\/1467"}],"replies":[{"embeddable":true,"href":"https:\/\/edublog.educastur.es\/gamifyenglisherasmusproject\/wp-json\/wp\/v2\/comments?post=12"}],"version-history":[{"count":0,"href":"https:\/\/edublog.educastur.es\/gamifyenglisherasmusproject\/wp-json\/wp\/v2\/pages\/12\/revisions"}],"wp:attachment":[{"href":"https:\/\/edublog.educastur.es\/gamifyenglisherasmusproject\/wp-json\/wp\/v2\/media?parent=12"}],"curies":[{"name":"wp","href":"https:\/\/api.w.org\/{rel}","templated":true}]}}