{"id":35,"date":"2020-11-24T11:47:16","date_gmt":"2020-11-24T11:47:16","guid":{"rendered":"https:\/\/edublog.educastur.es\/gasa\/?page_id=35"},"modified":"2020-11-24T11:47:16","modified_gmt":"2020-11-24T11:47:16","slug":"cfgs-ganaderia-y-asistencia-en-sanidad-animal","status":"publish","type":"page","link":"https:\/\/edublog.educastur.es\/gasa\/cfgs-ganaderia-y-asistencia-en-sanidad-animal\/","title":{"rendered":"CFGS Ganader\u00eda y Asistencia en Sanidad Animal"},"content":{"rendered":"<p>&nbsp;<\/p>\n<p><img loading=\"lazy\" decoding=\"async\" class=\"alignnone size-medium wp-image-36 aligncenter\" src=\"http:\/\/edublog.educastur.es\/gasa\/files\/2020\/11\/novillas-2_bis-300x166.jpg\" alt=\"\" width=\"300\" height=\"166\" srcset=\"https:\/\/edublog.educastur.es\/gasa\/files\/2020\/11\/novillas-2_bis-300x166.jpg 300w, https:\/\/edublog.educastur.es\/gasa\/files\/2020\/11\/novillas-2_bis-1024x568.jpg 1024w, https:\/\/edublog.educastur.es\/gasa\/files\/2020\/11\/novillas-2_bis-768x426.jpg 768w, https:\/\/edublog.educastur.es\/gasa\/files\/2020\/11\/novillas-2_bis-1536x852.jpg 1536w, https:\/\/edublog.educastur.es\/gasa\/files\/2020\/11\/novillas-2_bis-600x333.jpg 600w, https:\/\/edublog.educastur.es\/gasa\/files\/2020\/11\/novillas-2_bis-945x524.jpg 945w, https:\/\/edublog.educastur.es\/gasa\/files\/2020\/11\/novillas-2_bis.jpg 1898w\" sizes=\"auto, (max-width: 300px) 100vw, 300px\" \/><\/p>\n<p>Ciclo Formativo de grado superior de 2000 horas de duraci\u00f3n divididas en dos cursos acad\u00e9micos.<\/p>\n<p style=\"padding-left: 40px\"><span style=\"font-size: 10pt\"><strong>PRIMER CURSO.<\/strong><\/span><\/p>\n<p style=\"padding-left: 80px\"><span style=\"font-size: 10pt\">Organizaci\u00f3n y control de la reproducci\u00f3n y cr\u00eda<\/span><\/p>\n<p style=\"padding-left: 80px\"><span style=\"font-size: 10pt\">Gesti\u00f3n de la producci\u00f3n animal<\/span><\/p>\n<p style=\"padding-left: 80px\"><span style=\"font-size: 10pt\">Gesti\u00f3n de la recr\u00eda de caballos\u00a0<\/span><\/p>\n<p style=\"padding-left: 80px\"><span style=\"font-size: 10pt\">Maquinaria e instalaciones ganaderas<\/span><\/p>\n<p style=\"padding-left: 80px\"><span style=\"font-size: 10pt\">Bioseguridad\u00a0<\/span><\/p>\n<p style=\"padding-left: 80px\"><span style=\"font-size: 10pt\">Formaci\u00f3n y orientaci\u00f3n laboral<\/span><\/p>\n<p style=\"padding-left: 80px\"><span style=\"font-size: 10pt\">Ingl\u00e9s t\u00e9cnico\u00a0<\/span><\/p>\n<p style=\"padding-left: 40px\"><span style=\"font-size: 10pt\"><strong>SEGUNDO\u00a0CURSO.<\/strong><\/span><\/p>\n<p style=\"padding-left: 80px\"><span style=\"font-size: 10pt\"><strong>\u00a0<\/strong>Organizaci\u00f3n y supervisi\u00f3n de la doma y manejo de \u00e9quidos\u00a0<\/span><\/p>\n<p style=\"padding-left: 80px\"><span style=\"font-size: 10pt\">Saneamiento ganadero\u00a0<\/span><\/p>\n<p style=\"padding-left: 80px\"><span style=\"font-size: 10pt\">Asistencia a la atenci\u00f3n veterinaria\u00a0<\/span><\/p>\n<p style=\"padding-left: 80px\"><span style=\"font-size: 10pt\">Gesti\u00f3n de centros veterinarios\u00a0<\/span><\/p>\n<p style=\"padding-left: 80px\"><span style=\"font-size: 10pt\">Empresa e iniciativa emprendedora\u00a0<\/span><\/p>\n<p style=\"padding-left: 80px\"><span style=\"font-size: 10pt\">Proyecto de ganader\u00eda y asistencia en sanidad animal\u00a0<\/span><\/p>\n<p style=\"padding-left: 80px\"><span lang=\"es\" style=\"font-size: 10pt\">Formaci\u00f3n en centros de trabajo (Tercer trimestre<strong>)<\/strong><\/span><\/p>\n<p>La formaci\u00f3n es presencial.<\/p>\n<p><strong>Entorno Profesional<\/strong><\/p>\n<p style=\"padding-left: 40px\">Las personas que obtienen este t\u00edtulo ejercen su actividad tanto en el \u00e1rea de producci\u00f3n ganadera, sea convencional o ecol\u00f3gica, en grandes, medianas y peque\u00f1as empresas, p\u00fablicas o privadas, como en empresas relacionadas con la cr\u00eda, el adiestramiento, la monta y la exhibici\u00f3n de ganado equino, por cuenta propia o ajena, siguiendo, en su caso, instrucciones del responsable de la producci\u00f3n o bajo la supervisi\u00f3n, en ciertos casos, de un facultativo veterinario, y pudiendo tener a su cargo personal de nivel inferior.<\/p>\n<p style=\"padding-left: 40px\">Asimismo, desarrolla su actividad por cuenta ajena en instituciones u organismos p\u00fablicos o privados que realizan actividades de gesti\u00f3n y control sanitario de animales, entre otros, en: equipos veterinarios, explotaciones ganaderas, n\u00facleos zool\u00f3gicos, asociaciones de productores, agrupaciones de defensa sanitaria, empresas del sector agroalimentario, empresas de servicio a la ganader\u00eda y centros de investigaci\u00f3n, dependiendo de un superior responsable.<\/p>\n<p><strong>\u00c1reas profesionales y entornos de trabajo<\/strong><\/p>\n<p style=\"padding-left: 40px\">&#8211; Encargado de explotaci\u00f3n ganadera, en general.<\/p>\n<p style=\"padding-left: 40px\">&#8211; Responsable de la producci\u00f3n en cooperativas, en sociedades agrarias de transformaci\u00f3n u otras asociaciones de ganaderos.<\/p>\n<p style=\"padding-left: 40px\">&#8211; Responsable de la producci\u00f3n en explotaciones o empresas ganaderas.<\/p>\n<p style=\"padding-left: 40px\">&#8211; Responsable en empresas de servicios relacionados con la producci\u00f3n ganadera.<\/p>\n<p style=\"padding-left: 40px\">&#8211; Responsable de inseminaci\u00f3n artificial en explotaciones ganaderas o en centros de recogida de semen.<\/p>\n<p style=\"padding-left: 40px\">&#8211; Encargado de m\u00e1quinas y equipos ganaderos.<\/p>\n<p style=\"padding-left: 40px\">&#8211; Responsable\/gestor de ganader\u00edas equinas.<\/p>\n<p style=\"padding-left: 40px\">&#8211; Asesor y supervisor para la planificaci\u00f3n, montaje y funcionamiento de empresas y entidades asociadas a eventos, espect\u00e1culos, demostraciones ecuestres, actividades recreativas, deportivas y terap\u00e9uticas (hipoterapia).<\/p>\n<p style=\"padding-left: 40px\">&#8211; Responsable del manejo y de los cuidados del ganado y de las instalaciones en centros de adiestramiento, doma y entrenamiento de ganado equino.<\/p>\n<p style=\"padding-left: 40px\">&#8211; Responsable del manejo y de los cuidados del ganado y de las instalaciones en escuelas y clubes de equitaci\u00f3n.<\/p>\n<p style=\"padding-left: 40px\">&#8211; Responsable del manejo, de los cuidados y de la administraci\u00f3n de terapias en centros de pupilaje, descanso y recuperaci\u00f3n de ganado equino.<\/p>\n<p style=\"padding-left: 40px\">&#8211; Integrante en comisiones de valoraci\u00f3n, selecci\u00f3n y compra de ganado equino.<\/p>\n<p style=\"padding-left: 40px\">&#8211; Responsable de empresas de servicio relacionadas con el sector equino.<\/p>\n<p style=\"padding-left: 40px\">&#8211; Ayudante de veterinaria en facultades y centros de investigaci\u00f3n animal.<\/p>\n<p style=\"padding-left: 40px\">&#8211; Visitador de productos de veterinaria.<\/p>\n<p style=\"padding-left: 40px\">&#8211; Ayudante de veterinaria en equipos veterinarios especializados en animales de granja y producci\u00f3n.<\/p>\n<p style=\"padding-left: 40px\">&#8211; Ayudante de veterinaria en explotaciones ganaderas.<\/p>\n<p style=\"padding-left: 40px\">&#8211; Ayudante de veterinaria en agrupaciones de defensa sanitaria.<\/p>\n<p style=\"padding-left: 40px\">&#8211; Ayudante de veterinaria en asociaciones de productores.<\/p>\n<p style=\"padding-left: 40px\">&#8211; Ayudante de veterinaria en empresas del sector agroalimentario y empresas de servicios a la ganader\u00eda.<\/p>\n","protected":false},"excerpt":{"rendered":"<p>&nbsp; Ciclo Formativo de grado superior de 2000 horas de duraci\u00f3n divididas en dos cursos acad\u00e9micos. PRIMER CURSO. Organizaci\u00f3n y control de la reproducci\u00f3n y cr\u00eda Gesti\u00f3n de la producci\u00f3n animal Gesti\u00f3n de la recr\u00eda de caballos\u00a0 Maquinaria e instalaciones&#8230; <a class=\"more-link\" href=\"https:\/\/edublog.educastur.es\/gasa\/cfgs-ganaderia-y-asistencia-en-sanidad-animal\/\">Seguir leyendo &rarr;<\/a><\/p>\n","protected":false},"author":638,"featured_media":0,"parent":0,"menu_order":0,"comment_status":"closed","ping_status":"closed","template":"","meta":{"footnotes":""},"class_list":["post-35","page","type-page","status-publish","hentry"],"_links":{"self":[{"href":"https:\/\/edublog.educastur.es\/gasa\/wp-json\/wp\/v2\/pages\/35","targetHints":{"allow":["GET"]}}],"collection":[{"href":"https:\/\/edublog.educastur.es\/gasa\/wp-json\/wp\/v2\/pages"}],"about":[{"href":"https:\/\/edublog.educastur.es\/gasa\/wp-json\/wp\/v2\/types\/page"}],"author":[{"embeddable":true,"href":"https:\/\/edublog.educastur.es\/gasa\/wp-json\/wp\/v2\/users\/638"}],"replies":[{"embeddable":true,"href":"https:\/\/edublog.educastur.es\/gasa\/wp-json\/wp\/v2\/comments?post=35"}],"version-history":[{"count":1,"href":"https:\/\/edublog.educastur.es\/gasa\/wp-json\/wp\/v2\/pages\/35\/revisions"}],"predecessor-version":[{"id":37,"href":"https:\/\/edublog.educastur.es\/gasa\/wp-json\/wp\/v2\/pages\/35\/revisions\/37"}],"wp:attachment":[{"href":"https:\/\/edublog.educastur.es\/gasa\/wp-json\/wp\/v2\/media?parent=35"}],"curies":[{"name":"wp","href":"https:\/\/api.w.org\/{rel}","templated":true}]}}