{"id":38,"date":"2020-11-15T07:59:38","date_gmt":"2020-11-15T07:59:38","guid":{"rendered":"https:\/\/edublog.educastur.es\/igualmente\/?page_id=38"},"modified":"2021-03-09T18:28:32","modified_gmt":"2021-03-09T18:28:32","slug":"nuestro-objetivo","status":"publish","type":"page","link":"https:\/\/edublog.educastur.es\/igualmente\/","title":{"rendered":"NUESTRO OBJETIVO"},"content":{"rendered":"<p>Este blog tiene por objeto presentar las propuestas que desde el CIFP de hosteler\u00eda y turismo se est\u00e1n llevando a cabo en materia de igualdad y, en especial, en la prevenci\u00f3n de violencia de g\u00e9nero.<\/p>\n<p>Por otro lado, pretende ser un elemento de trabajo que sirva para el tratamiento de la perspectiva de g\u00e9nero desde cualquiera de las disciplinas que aqu\u00ed se imparten, constituyendo una herramienta \u00fatil que invite a la sensibilizaci\u00f3n de toda la comunidad educativa con esta tem\u00e1tica<\/p>\n<p>Adem\u00e1s, nuestro centro, tanto interna como externamente est\u00e1 comprometido con las pol\u00edticas que fomenten la igualdad efectiva de oportunidades entre hombres y mujeres y\u00a0 el acceso a una formaci\u00f3n que\u00a0 permita todo tipo de opciones profesionales en el sector de la hosteler\u00eda y el turismo as\u00ed como en el ejercicio de las mismas, tal y como\u00a0 recoge nuestra legislaci\u00f3n.<\/p>\n<p>Para ello, entre otras, nos centraremos estas vertientes:<\/p>\n<p>1-\u00a0\u00a0\u00a0\u00a0\u00a0\u00a0Igualdad de oportunidades para el acceso al empleo<\/p>\n<p>2-\u00a0\u00a0\u00a0\u00a0\u00a0\u00a0Prevenci\u00f3n de violencia de genero<\/p>\n<p>3-\u00a0 \u00a0 \u00a0 Sociedad e igualdad de g\u00e9nero<\/p>\n","protected":false},"excerpt":{"rendered":"<p>Este blog tiene por objeto presentar las propuestas que desde el CIFP de hosteler\u00eda y turismo se est\u00e1n llevando a cabo en materia de igualdad y, en especial, en la prevenci\u00f3n de violencia de g\u00e9nero. Por otro lado, pretende ser un elemento de trabajo que sirva para el tratamiento de la perspectiva de g\u00e9nero desde [&hellip;]<\/p>\n","protected":false},"author":514,"featured_media":0,"parent":0,"menu_order":0,"comment_status":"closed","ping_status":"closed","template":"templates\/template-cover.php","meta":{"footnotes":""},"class_list":["post-38","page","type-page","status-publish","hentry","post-preview"],"_links":{"self":[{"href":"https:\/\/edublog.educastur.es\/igualmente\/wp-json\/wp\/v2\/pages\/38","targetHints":{"allow":["GET"]}}],"collection":[{"href":"https:\/\/edublog.educastur.es\/igualmente\/wp-json\/wp\/v2\/pages"}],"about":[{"href":"https:\/\/edublog.educastur.es\/igualmente\/wp-json\/wp\/v2\/types\/page"}],"author":[{"embeddable":true,"href":"https:\/\/edublog.educastur.es\/igualmente\/wp-json\/wp\/v2\/users\/514"}],"replies":[{"embeddable":true,"href":"https:\/\/edublog.educastur.es\/igualmente\/wp-json\/wp\/v2\/comments?post=38"}],"version-history":[{"count":6,"href":"https:\/\/edublog.educastur.es\/igualmente\/wp-json\/wp\/v2\/pages\/38\/revisions"}],"predecessor-version":[{"id":248,"href":"https:\/\/edublog.educastur.es\/igualmente\/wp-json\/wp\/v2\/pages\/38\/revisions\/248"}],"wp:attachment":[{"href":"https:\/\/edublog.educastur.es\/igualmente\/wp-json\/wp\/v2\/media?parent=38"}],"curies":[{"name":"wp","href":"https:\/\/api.w.org\/{rel}","templated":true}]}}