{"id":162,"date":"2021-01-23T12:37:39","date_gmt":"2021-01-23T12:37:39","guid":{"rendered":"https:\/\/edublog.educastur.es\/inglesenaviles\/?page_id=162"},"modified":"2023-04-23T16:29:23","modified_gmt":"2023-04-23T16:29:23","slug":"mediation-b2","status":"publish","type":"page","link":"https:\/\/edublog.educastur.es\/inglesenaviles\/mediation-b2\/","title":{"rendered":"MEDIATE  B2"},"content":{"rendered":"<p style=\"text-align: center\"><img loading=\"lazy\" decoding=\"async\" class=\"alignnone wp-image-17\" src=\"http:\/\/edublog.educastur.es\/inglesenaviles\/files\/2021\/01\/mediation_violet-300x272.png\" alt=\"\" width=\"192\" height=\"174\" srcset=\"https:\/\/edublog.educastur.es\/inglesenaviles\/files\/2021\/01\/mediation_violet-300x272.png 300w, https:\/\/edublog.educastur.es\/inglesenaviles\/files\/2021\/01\/mediation_violet-66x60.png 66w, https:\/\/edublog.educastur.es\/inglesenaviles\/files\/2021\/01\/mediation_violet.png 320w\" sizes=\"auto, (max-width: 192px) 100vw, 192px\" \/><\/p>\n<p style=\"text-align: center\">Watch the presentation below to know what to do in mediation tests.\n<!-- iframe plugin v.6.0 wordpress.org\/plugins\/iframe\/ -->\n<iframe loading=\"lazy\" width=\"1200\" height=\"400\" src=\"https:\/\/view.genial.ly\/5dbc44ad09bac10fdf0cd28d\" scrolling=\"yes\" class=\"iframe-class\" frameborder=\"0\"><\/iframe>\n<\/p>\n<p>1. Personal identification<\/p>\n<ul>\n<li><a href=\"http:\/\/www.eoiaviles.org\/repositorio\/mjose\/B2\/mediation\/personal_identification\/M_amenazas_tribus_amazonas.pdf\" target=\"_blank\" rel=\"noopener\">Amenazas y problemas a los que se enfrentan las tribus del Amazonas<\/a><\/li>\n<li><a href=\"http:\/\/www.eoiaviles.org\/repositorio\/mjose\/B2\/mediation\/personal_identification\/M_caracter%C3%ADsticas_pueblos_indigenas.pdf\" target=\"_blank\" rel=\"noopener\">Caracter\u00edsticas comunes de los pueblos ind\u00edgenas<\/a><\/li>\n<\/ul>\n<p>2. Culture and traditions<\/p>\n<ul>\n<li><a href=\"http:\/\/www.eoiaviles.org\/repositorio\/mjose\/B2\/mediation\/culture_traditions\/M_fiesta_vaqueira.pdf\" target=\"_blank\" rel=\"noopener\">La fiesta vaqueira de Arist\u00e9bano<\/a><\/li>\n<li><a href=\"http:\/\/www.eoiaviles.org\/repositorio\/mjose\/B2\/mediation\/culture_traditions\/M_descarga_cangas.pdf\" target=\"_blank\" rel=\"noopener\">La descarga de Cangas de On\u00eds<\/a><\/li>\n<li><a href=\"http:\/\/www.eoiaviles.org\/repositorio\/mjose\/B2\/mediation\/culture_traditions\/tomatina.mp4\" target=\"_blank\" rel=\"noopener\">La tomatina video<\/a> + <a href=\"http:\/\/www.eoiaviles.org\/repositorio\/mjose\/B2\/mediation\/culture_traditions\/ME_tomatina.pdf\" target=\"_blank\" rel=\"noopener\">la tomatina exercise<\/a><\/li>\n<\/ul>\n<p>3. Language &amp; literature<\/p>\n<ul>\n<li><a href=\"http:\/\/www.eoiaviles.org\/repositorio\/mjose\/B2\/mediation\/language_communication\/M_razones_aprender_idiomas.pdf\" target=\"_blank\" rel=\"noopener\">8 razones por las que debes aprender idiomas<\/a><\/li>\n<li><a href=\"http:\/\/www.eoiaviles.org\/repositorio\/mjose\/B2\/mediation\/language_communication\/M_trucos_aprender_idiomas.pdf\" target=\"_blank\" rel=\"noopener\">7 trucos para aprender un idioma<\/a><\/li>\n<\/ul>\n<p>4. Success &amp; fame<\/p>\n<p>5. City living: goods &amp; services<\/p>\n<p>6. Housing and home environment<\/p>\n<p>7. Science &amp; technology<\/p>\n<p>8. Daily life activities, free time &amp; entertainment<\/p>\n<p>9. Crime &amp; justice<\/p>\n<ul>\n<li><span style=\"color: #0000ff\">Robo obras de arte<\/span>. Mira el video haciendo click <a href=\"http:\/\/www.eoiaviles.org\/repositorio\/mjose\/B2\/mediation\/law_order\/robo_arte.mp4\" target=\"_blank\" rel=\"noopener\">AQU\u00cd<\/a> y toma notas para dar toda la informaci\u00f3n sobre el robo a un compa\u00f1ero de piso que vino a hacer un Erasmus desde Escocia .<\/li>\n<\/ul>\n<p>10. Geography, Climate, Weather &amp; Environment<\/p>\n<ul>\n<li><a href=\"http:\/\/www.eoiaviles.org\/repositorio\/mjose\/B2\/mediation\/environment\/M_animales_extincion.pdf\" target=\"_blank\" rel=\"noopener\">Animales en peligro de extinci\u00f3n<\/a><\/li>\n<\/ul>\n<p>11. Work<\/p>\n<p>12. Education<\/p>\n<p>13. Travelling.<\/p>\n<ul>\n<li><a href=\"http:\/\/www.eoiaviles.org\/repositorio\/mjose\/B2\/mediation\/travelling\/M_viajar_tren.pdf\" target=\"_blank\" rel=\"noopener\">Viajar en tren<\/a><\/li>\n<\/ul>\n<p>14. Health an&amp; wellbeing<\/p>\n<ul>\n<li><a href=\"http:\/\/www.eoiaviles.org\/repositorio\/mjose\/B2\/mediation\/health\/M_gripe.pdf\" target=\"_blank\" rel=\"noopener\">Remedios caseros y sencillos para luchar contra la gripe<\/a><\/li>\n<\/ul>\n<p>15. Food &amp; nourishment.<\/p>\n<ul>\n<li><a href=\"http:\/\/www.eoiaviles.org\/repositorio\/mjose\/B2\/mediation\/food_nourishment\/M_slow_food.pdf\" target=\"_blank\" rel=\"noopener\">Slow food<\/a><\/li>\n<\/ul>\n<p>16. Shopping &amp; trade<\/p>\n<p>17. Relationships<\/p>\n<ul>\n<li><a href=\"http:\/\/www.eoiaviles.org\/repositorio\/mjose\/B2\/mediation\/relationships\/M_tipos_familias.pdf\" target=\"_blank\" rel=\"noopener\">Tipos de familias<\/a><\/li>\n<\/ul>\n<ul>\n<li><a href=\"http:\/\/www.eoiaviles.org\/repositorio\/mjose\/B2\/mediation\/relationships\/M_entre_amigos.pdf\" target=\"_blank\" rel=\"noopener\">Entre amigos<\/a><\/li>\n<\/ul>\n<p>18. Information &amp; communication<\/p>\n","protected":false},"excerpt":{"rendered":"<p>Watch the presentation below to know what to do in mediation tests. 1. Personal identification Amenazas y problemas a los que se enfrentan las tribus del Amazonas Caracter\u00edsticas comunes de los pueblos ind\u00edgenas 2. Culture and traditions La fiesta vaqueira de Arist\u00e9bano La descarga de Cangas de On\u00eds La tomatina video + la tomatina exercise &hellip; <a href=\"https:\/\/edublog.educastur.es\/inglesenaviles\/mediation-b2\/\" class=\"more-link\">Seguir leyendo <span class=\"screen-reader-text\">MEDIATE  B2<\/span><\/a><\/p>\n","protected":false},"author":686,"featured_media":0,"parent":0,"menu_order":0,"comment_status":"closed","ping_status":"closed","template":"","meta":{"footnotes":""},"class_list":["post-162","page","type-page","status-publish","hentry"],"_links":{"self":[{"href":"https:\/\/edublog.educastur.es\/inglesenaviles\/wp-json\/wp\/v2\/pages\/162","targetHints":{"allow":["GET"]}}],"collection":[{"href":"https:\/\/edublog.educastur.es\/inglesenaviles\/wp-json\/wp\/v2\/pages"}],"about":[{"href":"https:\/\/edublog.educastur.es\/inglesenaviles\/wp-json\/wp\/v2\/types\/page"}],"author":[{"embeddable":true,"href":"https:\/\/edublog.educastur.es\/inglesenaviles\/wp-json\/wp\/v2\/users\/686"}],"replies":[{"embeddable":true,"href":"https:\/\/edublog.educastur.es\/inglesenaviles\/wp-json\/wp\/v2\/comments?post=162"}],"version-history":[{"count":32,"href":"https:\/\/edublog.educastur.es\/inglesenaviles\/wp-json\/wp\/v2\/pages\/162\/revisions"}],"predecessor-version":[{"id":174,"href":"https:\/\/edublog.educastur.es\/inglesenaviles\/wp-json\/wp\/v2\/pages\/162\/revisions\/174"}],"wp:attachment":[{"href":"https:\/\/edublog.educastur.es\/inglesenaviles\/wp-json\/wp\/v2\/media?parent=162"}],"curies":[{"name":"wp","href":"https:\/\/api.w.org\/{rel}","templated":true}]}}