{"id":296,"date":"2021-02-05T23:15:57","date_gmt":"2021-02-05T23:15:57","guid":{"rendered":"https:\/\/edublog.educastur.es\/inglesenaviles\/?page_id=296"},"modified":"2022-02-07T15:31:24","modified_gmt":"2022-02-07T15:31:24","slug":"mediation-c1","status":"publish","type":"page","link":"https:\/\/edublog.educastur.es\/inglesenaviles\/mediation-c1\/","title":{"rendered":"MEDIATE C1"},"content":{"rendered":"<p style=\"text-align: center\"><img loading=\"lazy\" decoding=\"async\" class=\"alignnone wp-image-368\" src=\"http:\/\/edublog.educastur.es\/inglesenaviles\/files\/2021\/02\/mediation_red-300x240.jpg\" alt=\"\" width=\"212\" height=\"169\" srcset=\"https:\/\/edublog.educastur.es\/inglesenaviles\/files\/2021\/02\/mediation_red-300x240.jpg 300w, https:\/\/edublog.educastur.es\/inglesenaviles\/files\/2021\/02\/mediation_red.jpg 320w\" sizes=\"auto, (max-width: 212px) 100vw, 212px\" \/><\/p>\n<p style=\"text-align: center\">Watch the presentation below to know what you have to do in mediation tests.\n<!-- iframe plugin v.6.0 wordpress.org\/plugins\/iframe\/ -->\n<iframe loading=\"lazy\" 0=\"frameborder=width=&quot;1200&quot;\" height=\"400\" src=\"https:\/\/view.genial.ly\/5c8c2ae66f346c722633d11c\" width=\"100%\" scrolling=\"yes\" class=\"iframe-class\" frameborder=\"0\"><\/iframe>\n<\/p>\n<p>Although the activities shown below have been used in the classroom for either spoken or written mediation, they can all be used for both spoken and written practice.<\/p>\n<p>&nbsp;<\/p>\n<p>1.\u00a0 Urban life: goods &amp; services<\/p>\n<ul>\n<li><a href=\"http:\/\/www.eoiaviles.org\/repositorio\/mjose\/C1\/mediation\/goods_services\/M_imports_student_A.pdf\" target=\"_blank\" rel=\"noopener\">Imports (student A)<\/a><\/li>\n<li><a href=\"http:\/\/www.eoiaviles.org\/repositorio\/mjose\/C1\/mediation\/goods_services\/M_exports_student_B.pdf\" target=\"_blank\" rel=\"noopener\">Exports (student B)<\/a><\/li>\n<\/ul>\n<p>2. Housing &amp; Home Environment<\/p>\n<ul>\n<li><a href=\"http:\/\/www.eoiaviles.org\/repositorio\/mjose\/C1\/mediation\/housing\/MO_cohousing.pdf\" target=\"_blank\" rel=\"noopener\">Spoken mediation: cohousing<\/a><\/li>\n<li><a href=\"http:\/\/www.eoiaviles.org\/repositorio\/mjose\/C1\/mediation\/housing\/M_gentrificacion.pdf\" target=\"_blank\" rel=\"noopener\">Gentrificaci\u00f3n<\/a><\/li>\n<li><a href=\"http:\/\/www.eoiaviles.org\/repositorio\/mjose\/C1\/mediation\/housing\/M_ley_vivienda.pdf\" target=\"_blank\" rel=\"noopener\">Las claves de la nueva ley de vivienda en Espa\u00f1a<\/a><\/li>\n<\/ul>\n<p>3. Personal identification<\/p>\n<p>4. Social and human relations<\/p>\n<p>5. Culture and traditions<\/p>\n<p>6. Politics &amp; Society<\/p>\n<ul>\n<li><a href=\"http:\/\/www.eoiaviles.org\/repositorio\/mjose\/C1\/mediation\/politics\/MO_elecciones_generales.pdf\" target=\"_blank\" rel=\"noopener\">Spoken mediation: Pedro S\u00e1nchez convoca elecciones generales<\/a><\/li>\n<li><a href=\"http:\/\/www.eoiaviles.org\/repositorio\/mjose\/C1\/mediation\/politics\/ME_censo_electoral.pdf\" target=\"_blank\" rel=\"noopener\">Written mediation: formaci\u00f3n del censo electoral para extranjeros residentes en Espa\u00f1a<\/a><\/li>\n<\/ul>\n<p>7. Travelling<\/p>\n<ul>\n<li><a href=\"http:\/\/www.eoiaviles.org\/repositorio\/mjose\/C1\/mediation\/travelling\/MO_importancia_turismo.pdf\" target=\"_blank\" rel=\"noopener\">Spoken mediation: importancia del turismo\u00a0<\/a><\/li>\n<li><a href=\"http:\/\/www.eoiaviles.org\/repositorio\/mjose\/C1\/mediation\/travelling\/MO_patinetes_electricos.pdf\" target=\"_blank\" rel=\"noopener\">Spoken mediation: regulaci\u00f3n de patinetes el\u00e9ctricos<\/a><\/li>\n<\/ul>\n<p>8. Language &amp; Literature<\/p>\n<p>9. Science &amp; Technology<\/p>\n<ul>\n<li>Digital dementia:\u00a0<a href=\"http:\/\/www.eoiaviles.org\/repositorio\/mjose\/C1\/mediation\/science_technology\/digital_dementia\/M_digital_dementia.mp3\" target=\"_blank\" rel=\"noopener\">digital dementia podcast<\/a>\u00a0+\u00a0<a href=\"http:\/\/www.eoiaviles.org\/repositorio\/mjose\/C1\/mediation\/science_technology\/digital_dementia\/M_digital_dementia.pdf\" target=\"_blank\" rel=\"noopener\">digital dementia pdf\u00a0<\/a><\/li>\n<li>Mobiles and children:\u00a0<a href=\"http:\/\/www.eoiaviles.org\/repositorio\/mjose\/C1\/mediation\/science_technology\/mobiles_children\/M_mobile_yes_no.mp3\" target=\"_blank\" rel=\"noopener\">mobiles and children podcast<\/a>\u00a0+\u00a0<a href=\"http:\/\/www.eoiaviles.org\/repositorio\/mjose\/C1\/mediation\/science_technology\/mobiles_children\/M_mobile_yes_no.pdf\" target=\"_blank\" rel=\"noopener\">mobiles and children pdf<\/a><\/li>\n<li><a href=\"http:\/\/www.eoiaviles.org\/repositorio\/mjose\/C1\/mediation\/MO\/MO_obsolete_technology.pdf\" target=\"_blank\" rel=\"noopener\">Spoken mediation: tecnolog\u00edas obsoletas\u00a0<\/a><\/li>\n<li><a href=\"http:\/\/www.eoiaviles.org\/repositorio\/mjose\/C1\/mediation\/ME\/ME_buying_online.pdf\" target=\"_blank\" rel=\"noopener\">Written mediation: compras online<\/a><\/li>\n<\/ul>\n<p>10. Geography, Climate, Weather &amp; Environment<\/p>\n<ul>\n<li><a href=\"http:\/\/www.eoiaviles.org\/repositorio\/mjose\/C1\/mediation\/MO\/MO_9_gestos_vida_sostenible.pdf\" target=\"_blank\" rel=\"noopener\">Spoken mediation: nueve gestos para tener una vida m\u00e1s sostenible<\/a><\/li>\n<\/ul>\n<p>11. Work<\/p>\n<ul>\n<li><a href=\"http:\/\/www.eoiaviles.org\/repositorio\/mjose\/C1\/mediation\/work\/ME_mercado_laboral.pdf\" target=\"_blank\" rel=\"noopener\">Written mediation: tendencias del mercado laboral en Espa\u00f1a<\/a><\/li>\n<\/ul>\n<p>12. Health &amp; Wellbeing<\/p>\n<ul>\n<li><a href=\"http:\/\/www.eoiaviles.org\/repositorio\/mjose\/C1\/mediation\/health\/MO_paises_mas_saludables.pdf\" target=\"_blank\" rel=\"noopener\">Spoken mediation: Espa\u00f1a es el pa\u00eds m\u00e1s saludable del mundo<\/a><\/li>\n<li><a href=\"http:\/\/www.eoiaviles.org\/repositorio\/mjose\/C1\/mediation\/MO\/MO_vacuna_fiebre_amarilla.pdf\" target=\"_blank\" rel=\"noopener\">Spoken mediation: vacunaciones en viajes al extranjero<\/a><\/li>\n<li><a href=\"http:\/\/www.eoiaviles.org\/repositorio\/mjose\/C1\/mediation\/ME\/ME_conciliar_sue%C3%B1o.pdf\" target=\"_blank\" rel=\"noopener\">Written mediation: consejos para dormir mejor<\/a><\/li>\n<\/ul>\n<p>13. Food &amp; Nourishment<\/p>\n<ul>\n<li><a href=\"http:\/\/www.eoiaviles.org\/repositorio\/mjose\/C1\/mediation\/MO\/MO_food.pdf\" target=\"_blank\" rel=\"noopener\">Spoken mediation: recomendaciones sobre venta de comida a domicilio<\/a><\/li>\n<\/ul>\n<p>14. Daily Life Activities, Free Time and Entertainment<\/p>\n<p>15. Information &amp; Means of Communication, ITC<\/p>\n<ul>\n<li><a href=\"http:\/\/www.eoiaviles.org\/repositorio\/mjose\/C1\/mediation\/media\/fake_news.pdf\" target=\"_blank\" rel=\"noopener\">Fake news<\/a><\/li>\n<\/ul>\n<p>16. Business and economics<\/p>\n<p>17. Education<\/p>\n<ul>\n<li><a href=\"http:\/\/www.eoiaviles.org\/repositorio\/mjose\/C1\/mediation\/education\/ME_evaluacion_docente.pdf\" target=\"_blank\" rel=\"noopener\">Written mediation: evaluaci\u00f3n docente\u00a0<\/a><\/li>\n<li><a href=\"http:\/\/www.eoiaviles.org\/repositorio\/mjose\/C1\/mediation\/MO\/MO_educacion_canada.pdf\" target=\"_blank\" rel=\"noopener\">Spoken mediation: sistema educativo en Canad\u00e1<\/a><\/li>\n<\/ul>\n<p>18. Art\u00a0 &amp; Culture<\/p>\n<ul>\n<li><a href=\"http:\/\/www.eoiaviles.org\/repositorio\/mjose\/C1\/mediation\/art_culture\/M_art_banksy_coronavirus.pdf\" target=\"_blank\" rel=\"noopener\">Banksy en la era del coronavirus<\/a><\/li>\n<\/ul>\n<p>19. Shopping &amp; Trade<\/p>\n<ul>\n<li><a href=\"http:\/\/www.eoiaviles.org\/repositorio\/mjose\/C1\/mediation\/MO\/MO_shopping.pdf\" target=\"_blank\" rel=\"noopener\">Spoken mediation: de compras por Oviedo<\/a><\/li>\n<li><a href=\"http:\/\/www.eoiaviles.org\/repositorio\/mjose\/C1\/mediation\/ME\/ME_fashion.pdf\" target=\"_blank\" rel=\"noopener\">Written mediation: modas extra\u00f1as\u00a0<\/a><\/li>\n<\/ul>\n<p>20. Administration\u00a0 &amp; Law<\/p>\n<ul>\n<li><a href=\"http:\/\/www.eoiaviles.org\/repositorio\/mjose\/C1\/mediation\/administration_law\/M_judge_calatayud.pdf\" target=\"_blank\" rel=\"noopener\">Mediaci\u00f3n escrita: delincuencia juvenil<\/a><\/li>\n<\/ul>\n<p>21. Religion and Philosophy<\/p>\n","protected":false},"excerpt":{"rendered":"<p>Watch the presentation below to know what you have to do in mediation tests. Although the activities shown below have been used in the classroom for either spoken or written mediation, they can all be used for both spoken and written practice. &nbsp; 1.\u00a0 Urban life: goods &amp; services Imports (student A) Exports (student B) &hellip; <a href=\"https:\/\/edublog.educastur.es\/inglesenaviles\/mediation-c1\/\" class=\"more-link\">Seguir leyendo <span class=\"screen-reader-text\">MEDIATE C1<\/span><\/a><\/p>\n","protected":false},"author":686,"featured_media":0,"parent":0,"menu_order":0,"comment_status":"closed","ping_status":"closed","template":"","meta":{"footnotes":""},"class_list":["post-296","page","type-page","status-publish","hentry"],"_links":{"self":[{"href":"https:\/\/edublog.educastur.es\/inglesenaviles\/wp-json\/wp\/v2\/pages\/296","targetHints":{"allow":["GET"]}}],"collection":[{"href":"https:\/\/edublog.educastur.es\/inglesenaviles\/wp-json\/wp\/v2\/pages"}],"about":[{"href":"https:\/\/edublog.educastur.es\/inglesenaviles\/wp-json\/wp\/v2\/types\/page"}],"author":[{"embeddable":true,"href":"https:\/\/edublog.educastur.es\/inglesenaviles\/wp-json\/wp\/v2\/users\/686"}],"replies":[{"embeddable":true,"href":"https:\/\/edublog.educastur.es\/inglesenaviles\/wp-json\/wp\/v2\/comments?post=296"}],"version-history":[{"count":12,"href":"https:\/\/edublog.educastur.es\/inglesenaviles\/wp-json\/wp\/v2\/pages\/296\/revisions"}],"predecessor-version":[{"id":642,"href":"https:\/\/edublog.educastur.es\/inglesenaviles\/wp-json\/wp\/v2\/pages\/296\/revisions\/642"}],"wp:attachment":[{"href":"https:\/\/edublog.educastur.es\/inglesenaviles\/wp-json\/wp\/v2\/media?parent=296"}],"curies":[{"name":"wp","href":"https:\/\/api.w.org\/{rel}","templated":true}]}}