{"id":2,"date":"2020-07-02T20:34:05","date_gmt":"2020-07-02T20:34:05","guid":{"rendered":"https:\/\/edublog.educastur.es\/isalobo\/?page_id=2"},"modified":"2020-07-03T13:44:11","modified_gmt":"2020-07-03T13:44:11","slug":"sobre-mi","status":"publish","type":"page","link":"https:\/\/edublog.educastur.es\/isalobo\/sobre-mi\/","title":{"rendered":"Sobre mi"},"content":{"rendered":"<p align=\"left\"><img loading=\"lazy\" decoding=\"async\" src=\"https:\/\/imgbox.es\/images\/2020\/04\/10\/contacta015bb08c4b09512e.jpg\" width=\"139\" height=\"40\" \/><\/p>\n<p align=\"left\">\u00a0<img loading=\"lazy\" decoding=\"async\" src=\"https:\/\/imgbox.es\/images\/2020\/05\/24\/ISA606fe0f04ece34cc.jpg\" width=\"460\" height=\"345\" border=\"1\" \/><\/p>\n<p align=\"left\"><i><span style=\"font-family: trebuchet ms, geneva, sans-serif;font-size: 12pt\"><span style=\"color: #800080\">Maestra d\u00b4Infantil<\/span> dende payares de 2004.<\/span><br \/>\n<span style=\"font-family: trebuchet ms, geneva, sans-serif;font-size: 12pt\"><span style=\"color: #800080\">Maestra d\u00b4Primaria<\/span> dende setiembre de 2016.<\/span><br \/>\n<span style=\"font-family: trebuchet ms, geneva, sans-serif;font-size: 12pt\"><span style=\"color: #800080\">Maestra de Llingua A.<\/span> dende setiembre de 2018.<\/span><br \/>\n<b><br \/>\n<\/b><span style=\"color: #333399;font-family: trebuchet ms, geneva, sans-serif;font-size: 12pt\">Nel Colexu <u>Carmen Ruiz-Tilve<\/u> dende 2015&#8230;<\/span><\/i><\/p>\n<p align=\"left\"><span style=\"font-family: trebuchet ms, geneva, sans-serif;font-size: 12pt\">\u00a0<img loading=\"lazy\" decoding=\"async\" src=\"https:\/\/imgbox.es\/images\/2020\/03\/23\/separadora4a37c028d732afc.jpg\" width=\"161\" height=\"13\" border=\"0\" \/><\/span><\/p>\n<p align=\"left\"><span style=\"font-family: trebuchet ms, geneva, sans-serif;font-size: 12pt\"><i>F\u00eda de maestra de pueblu, crec\u00ed ente llibros y fueyes anque\u00b4l dibuxu ye la xera pendiente na mio vida. Apasionada de las TIC\u00b4s desque les conoc\u00ed&#8230; <\/i><\/span><\/p>\n<p align=\"left\"><span style=\"font-family: trebuchet ms, geneva, sans-serif;font-size: 12pt\"><i>El mio primer trabayu foi de <u>correctora d&#8217;estilu <\/u>en <u>La Nueva Espa\u00f1a<\/u>, fui <u>comercial<\/u> d&#8217;editorial <u>Everest<\/u> y dende 1997 hasta 2002 tuvi la mio <u>propia empresa de fotograf\u00eda<\/u> <span style=\"color: #333399\">\u00abILFO Fotograf\u00eda\u00bb.<\/span><\/i><\/span><\/p>\n<p><span style=\"font-family: trebuchet ms, geneva, sans-serif;font-size: 12pt\"><i><span style=\"color: #333399\">Siempres me gust\u00f3 la fotograf\u00eda, tar detras de la c\u00e1mara y ver el mundu con otros g\u00fceyos&#8230;<\/span><\/i><\/span><\/p>\n<p><span style=\"font-family: trebuchet ms, geneva, sans-serif;font-size: 12pt\"><i>En 2004 torne a les aules y empec\u00e9 a preparar les oposiciones, que aprob\u00e9 en 2007. Tener plaza permitiome siguir estudiando y form\u00e1ndome n&#8217;otres materies que de moza me foi imposible.<\/i><\/span><\/p>\n<p><span style=\"font-family: trebuchet ms, geneva, sans-serif;font-size: 12pt\"><i> <\/i><i>Equ\u00ed sigo, trabayando con vocaci\u00f3n ya ilusi\u00f3n nel meyor trabayu qu&#8217;una puede tener:<br \/>\n<span style=\"color: #333399\">ense\u00f1ar y aprender d\u00eda a d\u00eda, ente ne\u00f1os: xuvent\u00fa,\u00a0 curiosid\u00e1 y vitalid\u00e1.<\/span><\/i><\/span><\/p>\n<p align=\"left\"><span style=\"font-family: trebuchet ms, geneva, sans-serif;font-size: 12pt\">\u00a0<img loading=\"lazy\" decoding=\"async\" src=\"https:\/\/imgbox.es\/images\/2020\/03\/23\/separadora4a37c028d732afc.jpg\" width=\"161\" height=\"13\" border=\"0\" \/><\/span><\/p>\n<p align=\"left\"><span style=\"font-family: trebuchet ms, geneva, sans-serif;font-size: 12pt\"><img loading=\"lazy\" decoding=\"async\" src=\"https:\/\/imgbox.es\/images\/2020\/04\/08\/email_ISAd6ef186845740bb6.jpg\" width=\"194\" height=\"59\" \/><\/span><\/p>\n<p align=\"left\"><span style=\"font-family: trebuchet ms, geneva, sans-serif;font-size: 12pt\">\u00a0<img loading=\"lazy\" decoding=\"async\" src=\"https:\/\/imgbox.es\/images\/2020\/03\/23\/separadora4a37c028d732afc.jpg\" width=\"161\" height=\"13\" border=\"0\" \/><\/span><\/p>\n<p><span style=\"font-family: trebuchet ms, geneva, sans-serif;font-size: 12pt\"><i><span style=\"color: #800080\">S\u00edguime en Twitter:<\/span><\/i><\/span><\/p>\n<p><span style=\"font-family: trebuchet ms, geneva, sans-serif;font-size: 12pt\"><a href=\"https:\/\/twitter.com\/isalobohuerta\" target=\"_blank\" rel=\"noopener noreferrer\"><img loading=\"lazy\" decoding=\"async\" src=\"https:\/\/imgbox.es\/images\/2020\/04\/04\/twitterebe3c56577b857d8.jpg\" width=\"194\" height=\"59\" \/><\/a><\/span><\/p>\n<p><span style=\"font-family: trebuchet ms, geneva, sans-serif;font-size: 12pt\"><i><span style=\"color: #800000\"><a href=\"https:\/\/twitter.com\/isalobohuerta\" target=\"_blank\" rel=\"noopener noreferrer\">https:\/\/twitter.com\/isalobohuerta<\/a><\/span><\/i><\/span><\/p>\n<p><span style=\"font-family: trebuchet ms, geneva, sans-serif;font-size: 12pt\"><img loading=\"lazy\" decoding=\"async\" src=\"https:\/\/imgbox.es\/images\/2020\/03\/23\/separadora4a37c028d732afc.jpg\" width=\"161\" height=\"13\" border=\"0\" \/><\/span><\/p>\n<p><span style=\"font-family: trebuchet ms, geneva, sans-serif;font-size: 12pt\"><i><span style=\"color: #800080\">S\u00edguime en Facebook:<\/span><\/i><\/span><\/p>\n<p><span style=\"font-family: trebuchet ms, geneva, sans-serif;font-size: 12pt\"><a href=\"https:\/\/www.facebook.com\/isa.lobo.35\" target=\"_blank\" rel=\"noopener noreferrer\"><img loading=\"lazy\" decoding=\"async\" src=\"https:\/\/imgbox.es\/images\/2020\/04\/04\/face0c348e9d8147575f.jpg\" width=\"194\" height=\"59\" \/><\/a><\/span><\/p>\n<p><span style=\"font-family: trebuchet ms, geneva, sans-serif;font-size: 12pt\"><i><a href=\"https:\/\/www.facebook.com\/isa.lobo.35\" target=\"_blank\" rel=\"noopener noreferrer\">https:\/\/www.facebook.com\/isa.lobo.35<\/a><\/i><\/span><\/p>\n<p><span style=\"font-family: trebuchet ms, geneva, sans-serif;font-size: 12pt\"><img loading=\"lazy\" decoding=\"async\" src=\"https:\/\/imgbox.es\/images\/2020\/03\/23\/separadora4a37c028d732afc.jpg\" width=\"161\" height=\"13\" border=\"0\" \/><\/span><\/p>\n<p><span style=\"font-family: trebuchet ms, geneva, sans-serif;font-size: 12pt\"><img loading=\"lazy\" decoding=\"async\" src=\"https:\/\/lh5.googleusercontent.com\/-EagfeOZlyrA\/UxWwyYG_ENI\/AAAAAAAAAOY\/czSLXNnWRI4\/s313-no\/530e61a8bdf7aa05468ca1aa23a29f00.png\" width=\"140\" height=\"140\" \/><\/span><\/p>\n<p><span style=\"font-family: trebuchet ms, geneva, sans-serif;font-size: 12pt\"><img loading=\"lazy\" decoding=\"async\" src=\"https:\/\/imgbox.es\/images\/2020\/03\/23\/separadora4a37c028d732afc.jpg\" width=\"161\" height=\"13\" border=\"0\" \/><\/span><\/p>\n<p><span style=\"color: #800080;font-family: trebuchet ms, geneva, sans-serif;font-size: 12pt\"><i>Coache educativo dende 2017 <\/i><\/span><\/p>\n<p><span style=\"color: #800000;font-family: trebuchet ms, geneva, sans-serif;font-size: 12pt\"><i><a href=\"https:\/\/www.facebook.com\/EmocionenAccionaac\" target=\"_blank\" rel=\"noopener noreferrer\">https:\/\/www.facebook.com\/EmocionenAccionaac<\/a><\/i><\/span><\/p>\n<p><span style=\"font-family: trebuchet ms, geneva, sans-serif;font-size: 12pt\"><img loading=\"lazy\" decoding=\"async\" src=\"https:\/\/imgbox.es\/images\/2020\/03\/23\/separadora4a37c028d732afc.jpg\" width=\"161\" height=\"13\" border=\"0\" \/><\/span><\/p>\n<p><span style=\"color: #800080;font-family: trebuchet ms, geneva, sans-serif;font-size: 12pt\"><i>\u00abLo qu&#8217;importa, mientres tamos equ\u00ed, ye la vida, la xente. Abrazar a los amigos, vivir feliz. Camudar el mundu. Y nam\u00e1s\u00bb. <\/i><span style=\"color: #000000\">(Oscar Niemeyer)<\/span><\/span><\/p>\n<p><span style=\"font-family: trebuchet ms, geneva, sans-serif;font-size: 12pt\"><img loading=\"lazy\" decoding=\"async\" src=\"https:\/\/imgbox.es\/images\/2020\/03\/23\/separadora4a37c028d732afc.jpg\" width=\"161\" height=\"13\" border=\"0\" \/><\/span><\/p>\n<p><span style=\"font-family: trebuchet ms, geneva, sans-serif;font-size: 12pt\"><span style=\"color: #800080\"><i>\u00abEl profesor tendr\u00eda d&#8217;aspirar a convertise en referente na tema sobro&#8217;l qu&#8217;imparte clase, y que esa capacid\u00e1 de referencia tuviera un escaparate na web social\u00bb. <\/i><\/span>(Enrique Dans)<\/span><\/p>\n<p><span style=\"font-family: trebuchet ms, geneva, sans-serif;font-size: 12pt\"><img loading=\"lazy\" decoding=\"async\" src=\"https:\/\/imgbox.es\/images\/2020\/03\/23\/separadora4a37c028d732afc.jpg\" width=\"161\" height=\"13\" border=\"0\" \/><\/span><\/p>\n<p><span style=\"font-family: trebuchet ms, geneva, sans-serif;font-size: 12pt\"><span style=\"color: #800080\"><i>\u00abLa tecnolox\u00eda camud\u00f3 la m\u00fasica, la fotograf\u00eda, la edici\u00f3n de llibros; camudaron los medios, o la manufactura d&#8217;industries como l&#8217;aceru, y agora ll\u00e9ga-y el vez a la educaci\u00f3n!\u00a0\u00a0\u00a0 <\/i><\/span>(Israel Ruiz)<\/span><\/p>\n<p><span style=\"font-family: trebuchet ms, geneva, sans-serif;font-size: 12pt\"><img loading=\"lazy\" decoding=\"async\" src=\"https:\/\/imgbox.es\/images\/2020\/03\/23\/separadora4a37c028d732afc.jpg\" width=\"161\" height=\"13\" border=\"0\" \/><\/span><br \/>\n<span style=\"font-family: trebuchet ms, geneva, sans-serif;font-size: 12pt\"><span style=\"color: #800080\"><i>\u00abTratar d&#8217;abrir les ventanes del mundu del aprendizaxe, ensin llendes, pero con respetu, ensin dolor, pero con esfuerzu, ensin traxedies, pero con MAXA\u00bb.\u00a0 <\/i><\/span>(\u00ab<i>L&#8217;universu de les palabres<\/i>\u00bb Mar Romera,Olga Mart\u00ednez<\/span>).<\/p>\n","protected":false},"excerpt":{"rendered":"<p>\u00a0 Maestra d\u00b4Infantil dende payares de 2004. Maestra d\u00b4Primaria dende setiembre de 2016. Maestra de Llingua A. dende setiembre de 2018. Nel Colexu Carmen Ruiz-Tilve dende 2015&#8230; \u00a0 F\u00eda de maestra de pueblu, crec\u00ed ente llibros y fueyes anque\u00b4l dibuxu ye la xera pendiente na mio vida. Apasionada de las TIC\u00b4s desque les conoc\u00ed&#8230; El mio primer trabayu foi de correctora d&#8217;estilu en La Nueva Espa\u00f1a, fui comercial d&#8217;editorial Everest y dende 1997 hasta 2002 tuvi la mio propia empresa de fotograf\u00eda \u00abILFO Fotograf\u00eda\u00bb. Siempres me gust\u00f3 la fotograf\u00eda, tar detras de la c\u00e1mara y ver el mundu con otros &hellip; <a href=\"https:\/\/edublog.educastur.es\/isalobo\/sobre-mi\/\" class=\"more-link\">Contin\u00faa leyendo <span class=\"screen-reader-text\">Sobre mi<\/span><\/a><\/p>\n","protected":false},"author":117,"featured_media":0,"parent":0,"menu_order":0,"comment_status":"closed","ping_status":"open","template":"","meta":{"footnotes":""},"class_list":["post-2","page","type-page","status-publish","hentry"],"_links":{"self":[{"href":"https:\/\/edublog.educastur.es\/isalobo\/wp-json\/wp\/v2\/pages\/2","targetHints":{"allow":["GET"]}}],"collection":[{"href":"https:\/\/edublog.educastur.es\/isalobo\/wp-json\/wp\/v2\/pages"}],"about":[{"href":"https:\/\/edublog.educastur.es\/isalobo\/wp-json\/wp\/v2\/types\/page"}],"author":[{"embeddable":true,"href":"https:\/\/edublog.educastur.es\/isalobo\/wp-json\/wp\/v2\/users\/117"}],"replies":[{"embeddable":true,"href":"https:\/\/edublog.educastur.es\/isalobo\/wp-json\/wp\/v2\/comments?post=2"}],"version-history":[{"count":3,"href":"https:\/\/edublog.educastur.es\/isalobo\/wp-json\/wp\/v2\/pages\/2\/revisions"}],"predecessor-version":[{"id":6,"href":"https:\/\/edublog.educastur.es\/isalobo\/wp-json\/wp\/v2\/pages\/2\/revisions\/6"}],"wp:attachment":[{"href":"https:\/\/edublog.educastur.es\/isalobo\/wp-json\/wp\/v2\/media?parent=2"}],"curies":[{"name":"wp","href":"https:\/\/api.w.org\/{rel}","templated":true}]}}