{"id":1053,"date":"2020-09-26T11:56:15","date_gmt":"2020-09-26T09:56:15","guid":{"rendered":"https:\/\/edublog.educastur.es\/ixuxu\/?page_id=1053"},"modified":"2021-01-06T21:55:20","modified_gmt":"2021-01-06T19:55:20","slug":"la-mio-palabra-asturiana","status":"publish","type":"page","link":"https:\/\/edublog.educastur.es\/ixuxu\/asturiano\/facebook\/la-mio-palabra-asturiana\/","title":{"rendered":"La mio palabra asturiana"},"content":{"rendered":"<p><a href=\"https:\/\/www.facebook.com\/groups\/553069654753848\"><span style=\"font-family: tahoma, arial, helvetica, sans-serif;color: #008080\">Grupu de Facebook: <span style=\"font-size: 24px\">\u00abLa mio palabra asturiana\u00bb<\/span><\/span><\/a><\/p>\n<div class=\"\" dir=\"auto\">\n<div id=\"jsc_c_9k\" class=\"ecm0bbzt hv4rvrfc ihqw7lf3 dati1w0a\" data-ad-comet-preview=\"message\" data-ad-preview=\"message\">\n<div class=\"j83agx80 cbu4d94t ew0dbk1b irj2b8pg\">\n<div class=\"qzhwtbm6 knvmm38d\">\n<div class=\"kvgmc6g5 cxmmr5t8 oygrvhab hcukyx3x c1et5uql ii04i59q\">\n<div dir=\"auto\"><em><span style=\"text-decoration: underline\">DEC\u00c1LOGU D\u2019USU DEL GRUPU<\/span><\/em><\/div>\n<div dir=\"auto\"><\/div>\n<div dir=\"auto\">AVISU: Enriba a la esquierda hai un llente que sirve pa buscar les pallabres que y\u00e1 tan puestes. Enantes de poner la vuesa, mir\u00e1ilo primero, fac\u00e9i el favor, y asina queda too m\u00e1s curioso.<\/div>\n<div dir=\"auto\"><\/div>\n<div dir=\"auto\"><strong><span style=\"color: #003366\">1. LES PALABRES.<\/span><\/strong> Esti grupu ta fechu pa que compartas una palabra o una frase fecha asturiana, la que m\u00e1s te guste o la que m\u00e1s te preste, col so signific\u00e1u.<\/div>\n<div dir=\"auto\"><\/div>\n<div dir=\"auto\"><span style=\"color: #003366\"><strong>2. FORMATU.<\/strong><\/span> Si nun ta nel diccionariu normativu (si ye una frase puedes buscala na entrada de les palabres qu&#8217;incluya), has poner el sitiu onde la oyisti; conceyu y llugar. Tolesentraes que se pongan ensin datos, esplicaciones nin signific\u00e1u van borrase.<\/div>\n<div dir=\"auto\"><\/div>\n<div dir=\"auto\"><span style=\"color: #003366\"><strong>3. CANTID\u00c1<\/strong><\/span>. Pa nun saturar el grupu nun pongas m\u00e1s de 3 al d\u00eda (toes elles siempre col so signific\u00e1u) y comenta nam\u00e1s una palabra, coles sos variantes, por filu.<\/div>\n<div dir=\"auto\"><\/div>\n<div dir=\"auto\"><span style=\"color: #003366\"><strong>4. OXETIVOS<\/strong><\/span>. LMPA tien dos oxetivos; esparder el nuestru vocabulariu y aclarar duldes sobre les distintes acepciones o variantes propies de cada zona d\u2019Asturies.<\/div>\n<div dir=\"auto\"><\/div>\n<div dir=\"auto\"><span style=\"color: #003366\">5. PROPAGANDA<\/span>. Nun s\u2019almite nel grupu propaganda comercial, pol\u00edtica, relixosa\u2026 nin ataques contra persones o entidaes.<\/div>\n<div dir=\"auto\"><\/div>\n<div dir=\"auto\"><span style=\"color: #003366\"><strong>6. ESTILU<\/strong><\/span>. Primero d\u2019escribir nada, has echa-y una g\u00fceyada al estilu del grupu y fai por siguilu. Vamos facer por construyir un grupu que s\u2019autoregule y nel que podamos tescribir y deprender a gustu.<\/div>\n<div dir=\"auto\"><\/div>\n<div dir=\"auto\"><span style=\"color: #003366\"><strong>7.SEMEYES.<\/strong><\/span> Nun ataques l\u2019album de semeyes con im\u00e1xenes irrelevantes o innecesaries, anque s\u00ed pues incluyir una semeya nun post cuando aporte daqu\u00e9.<\/div>\n<div dir=\"auto\"><\/div>\n<div dir=\"auto\"><span style=\"color: #003366\"><strong>8. POL\u00c9MIQUES.<\/strong><\/span> Fuxi de lluches, pol\u00e9miques o debates sobre la llingua asturiana, la so normalizaci\u00f3n o la so normativa: pa eso hai otros espacios y grupos. Tampoco entres n\u2019engarradielles con otros miembros del grupu nos filos que s\u2019abran.<\/div>\n<div dir=\"auto\"><\/div>\n<div dir=\"auto\"><strong><span style=\"color: #003366\">9.CONFIGURACI\u00d3N.<\/span><\/strong> Si nun quies recibir munchos avisos, cuando teas dientro del grupu, mira arriba na derecha y cambia l\u2019est\u00e1u pa nun recibir avisos. Nel mesmu sitiu tienes un buscador.<\/div>\n<div dir=\"auto\"><\/div>\n<div dir=\"auto\"><span style=\"color: #003366\"><strong>10. FONTES.<\/strong> <\/span>Pa saber si la to palabra ye normativa pues consultar: <a class=\"oajrlxb2 g5ia77u1 qu0x051f esr5mh6w e9989ue4 r7d6kgcz rq0escxv nhd2j8a9 nc684nl6 p7hjln8o kvgmc6g5 cxmmr5t8 oygrvhab hcukyx3x jb3vyjys rz4wbd8a qt6c0cv9 a8nywdso i1ao9s8h esuyzwwr f1sip0of lzcic4wl py34i1dx gpro0wi8\" role=\"link\" href=\"https:\/\/l.facebook.com\/l.php?u=http%3A%2F%2Fwww.academiadelallingua.com%2Fdiccionariu%2F%3Ffbclid%3DIwAR1AzaU1l4i9Gx1-58gWP0Um08k2k9Ixhn8aHQYuKyV1kEywAoskXqUN-Os&amp;h=AT1nAPQOtTpJaAKWWu-usbSqpopdTnVZCE1oLJzz3KZuy1pGPsD4GnBWMeZ1MB7QfDA2UrRdPkPUEXw602qgMgL8wxgffEiedxoB_JXbOY1YtWJC1j-g6MaQbqu61YhcZg&amp;__tn__=-UK-R&amp;c[0]=AT2-B5XnkQ0-u562jJ2eOGLrd7uVPL8-7BqS6dXsoKM_R1J8QzIT0uvAsPulfnw_ryvfYlPtjjIYjdRlj4hx-P1oaW3VBgnxAGmfcVbS9t8qgoJupTjT_5za1m7ExLudojuHm898fd0cSNgokgvbQ2G1TbjWeTSOdw\" target=\"_blank\" rel=\"nofollow noopener noreferrer\">www.academiadelallingua.com\/diccionariu\/<\/a>. Tami\u00e9n hai na rede otros diccionarios non normativos de consulta <a class=\"oajrlxb2 g5ia77u1 qu0x051f esr5mh6w e9989ue4 r7d6kgcz rq0escxv nhd2j8a9 nc684nl6 p7hjln8o kvgmc6g5 cxmmr5t8 oygrvhab hcukyx3x jb3vyjys rz4wbd8a qt6c0cv9 a8nywdso i1ao9s8h esuyzwwr f1sip0of lzcic4wl py34i1dx gpro0wi8\" role=\"link\" href=\"http:\/\/mas.lne.es\/diccionario?fbclid=IwAR0okXQ811eILVclal8qBYXsMmVY-PEtxP_GS_9yIwVSj9DlK2-edjelywM\" target=\"_blank\" rel=\"nofollow noopener noreferrer\">http:\/\/mas.lne.es\/diccionario<\/a> y <a class=\"oajrlxb2 g5ia77u1 qu0x051f esr5mh6w e9989ue4 r7d6kgcz rq0escxv nhd2j8a9 nc684nl6 p7hjln8o kvgmc6g5 cxmmr5t8 oygrvhab hcukyx3x jb3vyjys rz4wbd8a qt6c0cv9 a8nywdso i1ao9s8h esuyzwwr f1sip0of lzcic4wl py34i1dx gpro0wi8\" role=\"link\" href=\"https:\/\/l.facebook.com\/l.php?u=http%3A%2F%2Fcanales.elcomercio.es%2F%3Ffbclid%3DIwAR0_qbZQN2WtO0X-ZEeOLRUiMmBzW2UoSPLs-zpQBxOqQNRpZCqu3zaD6Hc&amp;h=AT3AXbXML-x4DrEeKT8N46Pcc8O25wZU5mpyj1DI0zpAq5NR7IQ-qYQ18-yNbXpD04DYdBroZg5oFmrtrwf1X5FNjMCGFrO5xc5ghrPVeTUkdjTsyB1dHrP26NNAKX24kg&amp;__tn__=-UK-R&amp;c[0]=AT2-B5XnkQ0-u562jJ2eOGLrd7uVPL8-7BqS6dXsoKM_R1J8QzIT0uvAsPulfnw_ryvfYlPtjjIYjdRlj4hx-P1oaW3VBgnxAGmfcVbS9t8qgoJupTjT_5za1m7ExLudojuHm898fd0cSNgokgvbQ2G1TbjWeTSOdw\" target=\"_blank\" rel=\"nofollow noopener noreferrer\">http:\/\/canales.elcomercio.es\/<\/a>\u2026\/di\u2026\/diccionariu-asturiano.htm<\/div>\n<\/div>\n<\/div>\n<\/div>\n<\/div>\n<\/div>\n","protected":false},"excerpt":{"rendered":"<p>Grupu de Facebook: \u00abLa mio palabra asturiana\u00bb DEC\u00c1LOGU D\u2019USU DEL GRUPU AVISU: Enriba a la esquierda hai un llente que sirve pa buscar les pallabres que y\u00e1 tan puestes. Enantes de poner la vuesa, mir\u00e1ilo primero, fac\u00e9i el favor, y asina queda too m\u00e1s curioso. 1. LES PALABRES. Esti grupu ta fechu pa que compartas [&hellip;]<\/p>\n","protected":false},"author":117,"featured_media":0,"parent":1051,"menu_order":0,"comment_status":"closed","ping_status":"closed","template":"","meta":{"footnotes":""},"class_list":["post-1053","page","type-page","status-publish","hentry"],"_links":{"self":[{"href":"https:\/\/edublog.educastur.es\/ixuxu\/wp-json\/wp\/v2\/pages\/1053","targetHints":{"allow":["GET"]}}],"collection":[{"href":"https:\/\/edublog.educastur.es\/ixuxu\/wp-json\/wp\/v2\/pages"}],"about":[{"href":"https:\/\/edublog.educastur.es\/ixuxu\/wp-json\/wp\/v2\/types\/page"}],"author":[{"embeddable":true,"href":"https:\/\/edublog.educastur.es\/ixuxu\/wp-json\/wp\/v2\/users\/117"}],"replies":[{"embeddable":true,"href":"https:\/\/edublog.educastur.es\/ixuxu\/wp-json\/wp\/v2\/comments?post=1053"}],"version-history":[{"count":3,"href":"https:\/\/edublog.educastur.es\/ixuxu\/wp-json\/wp\/v2\/pages\/1053\/revisions"}],"predecessor-version":[{"id":2803,"href":"https:\/\/edublog.educastur.es\/ixuxu\/wp-json\/wp\/v2\/pages\/1053\/revisions\/2803"}],"up":[{"embeddable":true,"href":"https:\/\/edublog.educastur.es\/ixuxu\/wp-json\/wp\/v2\/pages\/1051"}],"wp:attachment":[{"href":"https:\/\/edublog.educastur.es\/ixuxu\/wp-json\/wp\/v2\/media?parent=1053"}],"curies":[{"name":"wp","href":"https:\/\/api.w.org\/{rel}","templated":true}]}}