{"id":1075,"date":"2020-09-28T20:28:23","date_gmt":"2020-09-28T18:28:23","guid":{"rendered":"https:\/\/edublog.educastur.es\/ixuxu\/?page_id=1075"},"modified":"2020-09-28T20:28:23","modified_gmt":"2020-09-28T18:28:23","slug":"vision-sorprendente","status":"publish","type":"page","link":"https:\/\/edublog.educastur.es\/ixuxu\/comics\/vinetes-defren-dandres\/vision-sorprendente\/","title":{"rendered":"Visi\u00f3n sorprendente"},"content":{"rendered":"<div class=\"views-field views-field-title\"><span class=\"field-content\" style=\"color: #008080;font-family: tahoma, arial, helvetica, sans-serif\">Visi\u00f3n sorprendente <\/span><span class=\"views-field views-field-name\"> <span class=\"field-content\"><a href=\"http:\/\/efrendibuxos2.blogspot.com.es\/\">Efr\u00e9n d&#8217;Andr\u00e9s<\/a><\/span> <\/span> <span class=\"views-field views-field-created\"> <span class=\"field-content\">27 Setiembre, 2020<\/span> <\/span><\/div>\n<div><\/div>\n<div><a href=\"https:\/\/asturies.com\/sites\/default\/files\/styles\/large\/public\/208_vision_sorprendente_27_de_setiembre_del_2020.jpg?itok=P1yP08Q8\"><img loading=\"lazy\" decoding=\"async\" class=\"alignnone size-full\" src=\"https:\/\/asturies.com\/sites\/default\/files\/styles\/large\/public\/208_vision_sorprendente_27_de_setiembre_del_2020.jpg?itok=P1yP08Q8\" width=\"458\" height=\"305\" \/><\/a><\/div>\n<div><\/div>\n<div><\/div>\n","protected":false},"excerpt":{"rendered":"<p>Visi\u00f3n sorprendente Efr\u00e9n d&#8217;Andr\u00e9s 27 Setiembre, 2020<\/p>\n","protected":false},"author":117,"featured_media":0,"parent":319,"menu_order":0,"comment_status":"closed","ping_status":"closed","template":"","meta":{"footnotes":""},"class_list":["post-1075","page","type-page","status-publish","hentry"],"_links":{"self":[{"href":"https:\/\/edublog.educastur.es\/ixuxu\/wp-json\/wp\/v2\/pages\/1075","targetHints":{"allow":["GET"]}}],"collection":[{"href":"https:\/\/edublog.educastur.es\/ixuxu\/wp-json\/wp\/v2\/pages"}],"about":[{"href":"https:\/\/edublog.educastur.es\/ixuxu\/wp-json\/wp\/v2\/types\/page"}],"author":[{"embeddable":true,"href":"https:\/\/edublog.educastur.es\/ixuxu\/wp-json\/wp\/v2\/users\/117"}],"replies":[{"embeddable":true,"href":"https:\/\/edublog.educastur.es\/ixuxu\/wp-json\/wp\/v2\/comments?post=1075"}],"version-history":[{"count":1,"href":"https:\/\/edublog.educastur.es\/ixuxu\/wp-json\/wp\/v2\/pages\/1075\/revisions"}],"predecessor-version":[{"id":1076,"href":"https:\/\/edublog.educastur.es\/ixuxu\/wp-json\/wp\/v2\/pages\/1075\/revisions\/1076"}],"up":[{"embeddable":true,"href":"https:\/\/edublog.educastur.es\/ixuxu\/wp-json\/wp\/v2\/pages\/319"}],"wp:attachment":[{"href":"https:\/\/edublog.educastur.es\/ixuxu\/wp-json\/wp\/v2\/media?parent=1075"}],"curies":[{"name":"wp","href":"https:\/\/api.w.org\/{rel}","templated":true}]}}