{"id":1260,"date":"2020-11-06T00:26:15","date_gmt":"2020-11-05T22:26:15","guid":{"rendered":"https:\/\/edublog.educastur.es\/ixuxu\/?page_id=1260"},"modified":"2025-07-25T12:42:02","modified_gmt":"2025-07-25T10:42:02","slug":"palabreros","status":"publish","type":"page","link":"https:\/\/edublog.educastur.es\/ixuxu\/pallabreros\/palabreros\/","title":{"rendered":"&#8230; deportes"},"content":{"rendered":"<p><a href=\"https:\/\/www.gijon.es\/ast\/publicaciones?t=Folletos&amp;b=2&amp;etiquetas=LLingua,Pallabrero&amp;m=f\"><span style=\"font-size: 20px\"><em><strong><span style=\"font-size: 24px\">Edita: Ayto. de Xix\u00f3n<\/span><\/strong><\/em><\/span><\/a><\/p>\n<ul>\n<li><span style=\"font-size: 24px\"><em><a href=\"https:\/\/www.gijon.es\/ast\/publicaciones\/el-pallabreru-de-la-natacion\">El pallabreru de la nataci\u00f3n <\/a><\/em><\/span><\/li>\n<li><span style=\"font-size: 24px\"><em><a href=\"https:\/\/www.gijon.es\/ast\/publicaciones\/el-pallabreru-de-los-bolos-de-xixon\">El pallabreru de los bolos de Xix\u00f3n <\/a><\/em><\/span><\/li>\n<li><span style=\"font-size: 24px\"><em><a href=\"https:\/\/www.gijon.es\/ast\/publicaciones\/el-pallabreru-del-atletismu\">El pallabreru del Atletismu<\/a><\/em><\/span><\/li>\n<li><span style=\"font-size: 24px\"><em><a href=\"https:\/\/www.gijon.es\/ast\/publicaciones\/el-pallabreru-del-baloncestu\">El pallabreru del baloncestu <\/a><\/em><\/span><\/li>\n<li><span style=\"font-size: 24px\"><em><a href=\"https:\/\/www.gijon.es\/ast\/publicaciones\/el-pallabreru-del-balonmano\">El pallabreru del balonmano <\/a><\/em><\/span><\/li>\n<li><span style=\"font-size: 24px\"><em><a href=\"https:\/\/www.gijon.es\/ast\/publicaciones\/el-pallabreru-del-ciclismu\">El pallabreru del ciclismu <\/a><\/em><\/span><\/li>\n<li><span style=\"font-size: 24px\"><em><a href=\"https:\/\/www.gijon.es\/ast\/publicaciones\/el-pallabreru-del-futbol\">El pallabreru del f\u00fatbol <\/a><\/em><\/span><\/li>\n<li><span style=\"font-size: 24px\"><em><a href=\"https:\/\/www.gijon.es\/ast\/publicaciones\/el-pallabreru-del-monte-y-la-escalada\">El pallabreru del monte y la escalada <\/a><\/em><\/span><\/li>\n<li><span style=\"font-size: 24px\"><em><a href=\"https:\/\/www.gijon.es\/ast\/publicaciones\/el-pallabreru-del-skate\">El Pallabreru del skate<\/a><\/em><\/span><\/li>\n<li><span style=\"font-size: 24px\"><a href=\"https:\/\/www.gijon.es\/ast\/publicaciones\/el-pallabreru-del-surf\"><em>El pallabreru del Surf <\/em><\/a><\/span><\/li>\n<li><a href=\"https:\/\/drive.google.com\/file\/d\/1oCdAyWSc6iNOMVCvln5AXNETPKUUp-m4\/view\"><em><span style=\"font-size: 24px\">El pallabreru del Voleibol<\/span><\/em><\/a><\/li>\n<li><a href=\"https:\/\/drive.google.com\/file\/d\/1xm5iOnbJIEfSsf30Agow9h8SGoNWXzDH\/view\"><em><span style=\"font-size: 24px\">El pallabreru de la H\u00edpica<\/span><\/em><\/a><\/li>\n<li><a href=\"https:\/\/drive.google.com\/file\/d\/1reE_BJA6QaZ9X4Mo4OrUWQC94RenDK4C\/view\"><span style=\"font-size: 24px\"><em>El pallabreru del Hoquei patinos<\/em><\/span><\/a><\/li>\n<li><a href=\"https:\/\/drive.google.com\/file\/d\/1058GUz9POq0zru9dAGbL5r7Xijkkum30\"><span style=\"font-size: 24px\"><em>El pallabreru del Axedrez<\/em><\/span><\/a><\/li>\n<\/ul>\n<p>&nbsp;<\/p>\n<p><img loading=\"lazy\" decoding=\"async\" class=\"alignnone \" src=\"https:\/\/drupal.gijon.es\/sites\/default\/files\/2019-05\/EL%20PALLABRERU%20DE%20LA%20NATACION.PNG\" width=\"168\" height=\"115\" \/> \u00a0\u00a0 <img loading=\"lazy\" decoding=\"async\" class=\"alignnone \" src=\"https:\/\/drupal.gijon.es\/sites\/default\/files\/2019-05\/PortadaPallabreruBolosa250.jpg\" width=\"153\" height=\"107\" \/> \u00a0\u00a0 <img loading=\"lazy\" decoding=\"async\" class=\"alignnone \" src=\"https:\/\/drupal.gijon.es\/sites\/default\/files\/2019-05\/EL%20PALLABRERU%20DEL%20ATLETISMU.PNG\" width=\"248\" height=\"100\" \/> \u00a0\u00a0 <img loading=\"lazy\" decoding=\"async\" class=\"alignnone \" src=\"https:\/\/drupal.gijon.es\/sites\/default\/files\/2019-05\/PortadaPallabrerubaloncestua300.jpg\" width=\"142\" height=\"100\" \/> \u00a0\u00a0 <img loading=\"lazy\" decoding=\"async\" class=\"alignnone \" src=\"https:\/\/drupal.gijon.es\/sites\/default\/files\/2019-05\/EL%20PALLABRERU%20DEL%20BALONMANO.PNG\" width=\"209\" height=\"104\" \/> \u00a0 <img loading=\"lazy\" decoding=\"async\" class=\"alignnone \" src=\"https:\/\/drupal.gijon.es\/sites\/default\/files\/2019-05\/Portadapallabreruciclismua300.jpg\" width=\"139\" height=\"98\" \/> \u00a0\u00a0 <img loading=\"lazy\" decoding=\"async\" class=\"alignnone \" src=\"https:\/\/drupal.gijon.es\/sites\/default\/files\/2019-05\/EL%20PALLABRERU%20DEL%20FUTBOL.PNG\" width=\"96\" height=\"94\" \/> <img loading=\"lazy\" decoding=\"async\" class=\"alignnone \" src=\"https:\/\/drupal.gijon.es\/sites\/default\/files\/2019-05\/PALLABRERU%20DEL%20MONTE%20Y%20LA%20%20ESCALADA.PNG\" width=\"177\" height=\"99\" \/> \u00a0 <img loading=\"lazy\" decoding=\"async\" class=\"alignnone \" src=\"https:\/\/drupal.gijon.es\/sites\/default\/files\/2020-09\/pallabreru.png\" width=\"156\" height=\"94\" \/> \u00a0 <img loading=\"lazy\" decoding=\"async\" class=\"alignnone \" src=\"https:\/\/drupal.gijon.es\/sites\/default\/files\/2019-05\/Pallabrero%20%20del%20SURF.PNG\" width=\"178\" height=\"100\" \/><\/p>\n<hr \/>\n<p style=\"text-align: center\"><span style=\"color: #008080;font-size: 20px\"><strong><em>F\u00fatbol<\/em><\/strong><\/span><\/p>\n<p style=\"text-align: center\">\n<!-- iframe plugin v.6.0 wordpress.org\/plugins\/iframe\/ -->\n<iframe loading=\"lazy\" src=\"https:\/\/drive.google.com\/file\/d\/1uBSjF4axNMVqYhgkCsqjUFLzGJz2F3h6\/preview\" width=\"704\" height=\"500\" 0=\"\/iframe\" scrolling=\"yes\" class=\"iframe-class\" frameborder=\"0\"><\/iframe>\n<\/p>\n<p style=\"text-align: center\">\n<!-- iframe plugin v.6.0 wordpress.org\/plugins\/iframe\/ -->\n<iframe loading=\"lazy\" src=\"https:\/\/drive.google.com\/file\/d\/1njUtAKZsFWOeceISQJxBy32VMR3WlmZt\/preview\" width=\"640\" height=\"900\" allow=\"autoplay\" 0=\"\/iframe\" scrolling=\"yes\" class=\"iframe-class\" frameborder=\"0\"><\/iframe>\n<\/p>\n<hr \/>\n<p style=\"text-align: center\"><span style=\"color: #008080;font-size: 20px\"><strong><em>Voleibol<\/em><\/strong><\/span><\/p>\n\n<!-- iframe plugin v.6.0 wordpress.org\/plugins\/iframe\/ -->\n<iframe loading=\"lazy\" src=\"https:\/\/drive.google.com\/file\/d\/1oCdAyWSc6iNOMVCvln5AXNETPKUUp-m4\/preview\" width=\"704\" height=\"500\" 0=\"\/iframe\" scrolling=\"yes\" class=\"iframe-class\" frameborder=\"0\"><\/iframe>\n\n<hr \/>\n<p style=\"text-align: center\"><span style=\"color: #008080;font-size: 20px\"><strong><em>Atletismu<\/em><\/strong><\/span><\/p>\n\n<!-- iframe plugin v.6.0 wordpress.org\/plugins\/iframe\/ -->\n<iframe loading=\"lazy\" src=\"https:\/\/drive.google.com\/file\/d\/1M427rBhjJUP2ofkynZvYlJrGDLmAGrIA\/preview\" width=\"704\" height=\"500\" 0=\"\/iframe\" scrolling=\"yes\" class=\"iframe-class\" frameborder=\"0\"><\/iframe>\n\n<hr \/>\n<p style=\"text-align: center\"><span style=\"color: #008080;font-size: 20px\"><strong><em>Surf<\/em><\/strong><\/span><\/p>\n\n<!-- iframe plugin v.6.0 wordpress.org\/plugins\/iframe\/ -->\n<iframe loading=\"lazy\" src=\"https:\/\/drive.google.com\/file\/d\/1xejUarGSsTOUDwWB1xwnbyk44yZdwt9z\/preview\" width=\"704\" height=\"500\" 0=\"\/iframe\" scrolling=\"yes\" class=\"iframe-class\" frameborder=\"0\"><\/iframe>\n\n<hr \/>\n<p style=\"text-align: center\"><span style=\"color: #008080;font-size: 20px\"><strong><em>Balonmano<\/em><\/strong><\/span><\/p>\n\n<!-- iframe plugin v.6.0 wordpress.org\/plugins\/iframe\/ -->\n<iframe loading=\"lazy\" src=\"https:\/\/drive.google.com\/file\/d\/1lJJUjZumtmofeZzpewAPE1xgqEd6hLkx\/preview\" width=\"704\" height=\"500\" 0=\"\/iframe\" scrolling=\"yes\" class=\"iframe-class\" frameborder=\"0\"><\/iframe>\n\n<hr \/>\n<p style=\"text-align: center\"><span style=\"color: #008080;font-size: 20px\"><strong><em>Nataci\u00f3n<\/em><\/strong><\/span><\/p>\n\n<!-- iframe plugin v.6.0 wordpress.org\/plugins\/iframe\/ -->\n<iframe loading=\"lazy\" src=\"https:\/\/drive.google.com\/file\/d\/11eC3DBFoAYtZSZSYVbWexyPFCyyqEiQQ\/preview\" width=\"704\" height=\"500\" 0=\"\/iframe\" scrolling=\"yes\" class=\"iframe-class\" frameborder=\"0\"><\/iframe>\n\n<hr \/>\n<p style=\"text-align: center\"><span style=\"color: #008080;font-size: 20px\"><strong><em>Ciclismu<\/em><\/strong><\/span><\/p>\n\n<!-- iframe plugin v.6.0 wordpress.org\/plugins\/iframe\/ -->\n<iframe loading=\"lazy\" src=\"https:\/\/drive.google.com\/file\/d\/1FzMbnZzGdto6HKqvumGW1SuYWbBc802p\/preview\" width=\"704\" height=\"500\" 0=\"\/iframe\" scrolling=\"yes\" class=\"iframe-class\" frameborder=\"0\"><\/iframe>\n\n<hr \/>\n<p style=\"text-align: center\"><span style=\"color: #008080;font-size: 20px\"><strong><em>H\u00edpica<\/em><\/strong><\/span><\/p>\n\n<!-- iframe plugin v.6.0 wordpress.org\/plugins\/iframe\/ -->\n<iframe loading=\"lazy\" src=\"https:\/\/drive.google.com\/file\/d\/1xm5iOnbJIEfSsf30Agow9h8SGoNWXzDH\/preview\" width=\"704\" height=\"500\" 0=\"\/iframe\" scrolling=\"yes\" class=\"iframe-class\" frameborder=\"0\"><\/iframe>\n\n<hr \/>\n<p style=\"text-align: center\"><span style=\"color: #008080\"><strong><em><span style=\"font-size: 20px\">Monte y escalada<\/span><br \/>\n<\/em><\/strong><\/span><\/p>\n\n<!-- iframe plugin v.6.0 wordpress.org\/plugins\/iframe\/ -->\n<iframe loading=\"lazy\" src=\"https:\/\/drive.google.com\/file\/d\/1zYbmsUVpyt6AjkyvoyJL3A95S9ljrZO0\/preview\" width=\"704\" height=\"500\" 0=\"\/iframe\" scrolling=\"yes\" class=\"iframe-class\" frameborder=\"0\"><\/iframe>\n\n<hr \/>\n<p style=\"text-align: center\"><span style=\"color: #008080;font-size: 20px\"><strong><em>Baloncestu<\/em><\/strong><\/span><\/p>\n\n<!-- iframe plugin v.6.0 wordpress.org\/plugins\/iframe\/ -->\n<iframe loading=\"lazy\" src=\"https:\/\/drive.google.com\/file\/d\/1zrY88hu2iITlyThEdT22YWBytCpkUulK\/preview\" width=\"704\" height=\"500\" 0=\"\/iframe\" scrolling=\"yes\" class=\"iframe-class\" frameborder=\"0\"><\/iframe>\n\n<hr \/>\n<p style=\"text-align: center\"><span style=\"color: #008080;font-size: 20px\"><strong><em>Skate<\/em><\/strong><\/span><\/p>\n\n<!-- iframe plugin v.6.0 wordpress.org\/plugins\/iframe\/ -->\n<iframe loading=\"lazy\" src=\"https:\/\/drive.google.com\/file\/d\/1hKTjGrr27v67nNNJM-K-cg-_o3hcDDbm\/preview\" width=\"704\" height=\"500\" 0=\"\/iframe\" scrolling=\"yes\" class=\"iframe-class\" frameborder=\"0\"><\/iframe>\n\n<hr \/>\n<p style=\"text-align: center\"><span style=\"color: #008080;font-size: 20px\"><em><strong>Voleibol<\/strong><\/em><\/span><\/p>\n\n<!-- iframe plugin v.6.0 wordpress.org\/plugins\/iframe\/ -->\n<iframe loading=\"lazy\" src=\"https:\/\/drive.google.com\/file\/d\/1xs39b3QnmE1sQ1DlVcmTHZ9_Zi55Q3kH\/preview\" width=\"704\" height=\"500\" allow=\"autoplay\" 0=\"\/iframe\" scrolling=\"yes\" class=\"iframe-class\" frameborder=\"0\"><\/iframe>\n\n<hr \/>\n<p style=\"text-align: center\"><span style=\"font-size: 20px\"><strong><em><span style=\"color: #008080\">H\u00edpica<\/span><\/em><\/strong><\/span><\/p>\n\n<!-- iframe plugin v.6.0 wordpress.org\/plugins\/iframe\/ -->\n<iframe loading=\"lazy\" src=\"https:\/\/drive.google.com\/file\/d\/1xm5iOnbJIEfSsf30Agow9h8SGoNWXzDH\/preview\" width=\"704\" height=\"500\" allow=\"autoplay\" 0=\"\/iframe\" scrolling=\"yes\" class=\"iframe-class\" frameborder=\"0\"><\/iframe>\n\n<hr \/>\n<p style=\"text-align: center\"><span style=\"font-size: 20px\"><em><strong><span style=\"color: #008080\">H.oquei\u00a0 patinos<\/span><\/strong><\/em><\/span><\/p>\n\n<!-- iframe plugin v.6.0 wordpress.org\/plugins\/iframe\/ -->\n<iframe loading=\"lazy\" src=\"https:\/\/drive.google.com\/file\/d\/1reE_BJA6QaZ9X4Mo4OrUWQC94RenDK4C\/preview\" width=\"704\" height=\"500\" allow=\"autoplay\" 0=\"\/iframe\" scrolling=\"yes\" class=\"iframe-class\" frameborder=\"0\"><\/iframe>\n\n<hr \/>\n<p style=\"text-align: center\"><span style=\"color: #008080\"><strong><span style=\"font-size: 20px\">Escalada deportiva<\/span><\/strong><\/span><\/p>\n<p style=\"text-align: center\">\n<!-- iframe plugin v.6.0 wordpress.org\/plugins\/iframe\/ -->\n<iframe loading=\"lazy\" src=\"https:\/\/drive.google.com\/file\/d\/1zYbmsUVpyt6AjkyvoyJL3A95S9ljrZO0\/preview\" width=\"704\" height=\"500\" allow=\"autoplay\" 0=\"\/iframe\" scrolling=\"yes\" class=\"iframe-class\" frameborder=\"0\"><\/iframe>\n<\/p>\n<hr \/>\n<p style=\"text-align: center\"><span style=\"color: #008080\"><strong><span style=\"font-size: 20px\">Axedrez<\/span><\/strong><\/span><\/p>\n\n<!-- iframe plugin v.6.0 wordpress.org\/plugins\/iframe\/ -->\n<iframe loading=\"lazy\" src=\"https:\/\/drive.google.com\/file\/d\/1058GUz9POq0zru9dAGbL5r7Xijkkum30\/preview\" width=\"640\" height=\"480\" allow=\"autoplay\" 0=\"\/iframe\" scrolling=\"yes\" class=\"iframe-class\" frameborder=\"0\"><\/iframe>\n\n","protected":false},"excerpt":{"rendered":"<p>Edita: Ayto. de Xix\u00f3n El pallabreru de la nataci\u00f3n El pallabreru de los bolos de Xix\u00f3n El pallabreru del Atletismu El pallabreru del baloncestu El pallabreru del balonmano El pallabreru del ciclismu El pallabreru del f\u00fatbol El pallabreru del monte y la escalada El Pallabreru del skate El pallabreru del Surf El pallabreru del Voleibol [&hellip;]<\/p>\n","protected":false},"author":117,"featured_media":0,"parent":2118,"menu_order":0,"comment_status":"closed","ping_status":"closed","template":"","meta":{"footnotes":""},"class_list":["post-1260","page","type-page","status-publish","hentry"],"_links":{"self":[{"href":"https:\/\/edublog.educastur.es\/ixuxu\/wp-json\/wp\/v2\/pages\/1260","targetHints":{"allow":["GET"]}}],"collection":[{"href":"https:\/\/edublog.educastur.es\/ixuxu\/wp-json\/wp\/v2\/pages"}],"about":[{"href":"https:\/\/edublog.educastur.es\/ixuxu\/wp-json\/wp\/v2\/types\/page"}],"author":[{"embeddable":true,"href":"https:\/\/edublog.educastur.es\/ixuxu\/wp-json\/wp\/v2\/users\/117"}],"replies":[{"embeddable":true,"href":"https:\/\/edublog.educastur.es\/ixuxu\/wp-json\/wp\/v2\/comments?post=1260"}],"version-history":[{"count":19,"href":"https:\/\/edublog.educastur.es\/ixuxu\/wp-json\/wp\/v2\/pages\/1260\/revisions"}],"predecessor-version":[{"id":12609,"href":"https:\/\/edublog.educastur.es\/ixuxu\/wp-json\/wp\/v2\/pages\/1260\/revisions\/12609"}],"up":[{"embeddable":true,"href":"https:\/\/edublog.educastur.es\/ixuxu\/wp-json\/wp\/v2\/pages\/2118"}],"wp:attachment":[{"href":"https:\/\/edublog.educastur.es\/ixuxu\/wp-json\/wp\/v2\/media?parent=1260"}],"curies":[{"name":"wp","href":"https:\/\/api.w.org\/{rel}","templated":true}]}}